{"id":14321,"date":"2024-04-02T10:54:47","date_gmt":"2024-04-02T03:54:47","guid":{"rendered":"https:\/\/b2c.fairs.vn\/?post_type=product&#038;p=14321"},"modified":"2024-04-02T10:54:48","modified_gmt":"2024-04-02T03:54:48","slug":"vien-ngam-ho-thong-phe-hadiphar-hop-25-vy","status":"publish","type":"product","link":"https:\/\/b2c.fairs.vn\/en\/product\/vien-ngam-ho-thong-phe-hadiphar-hop-25-vy\/","title":{"rendered":"Vi\u00ean ng\u1eadm ho th\u00f4ng ph\u1ebf Hadiphar (H\u1ed9p 25 v\u1ef7)"},"content":{"rendered":"<p><strong>1. TH\u00c0NH PH\u1ea6N C\u1ea4U T\u1ea0O:<\/strong><\/p>\n<p>M\u1ed7i vi\u00ean n\u00e9n ng\u1eadm ch\u1ee9a:<\/p>\n<p>Nguy\u00ean li\u1ec7u: 500 mg cao \u0111\u1eb7c chi\u1ebft xu\u1ea5t t\u1eeb: B\u1ecd m\u1eafm 200 mg, B\u00e1ch b\u1ed9 150 mg, \u0110\u1ea3ng s\u00e2m nam 120 mg, M\u1ea1ch m\u00f4n 120 mg, X\u1ea1 can 150 mg, V\u1ecf qu\u00fdt 80 mg, Tang b\u1ea1ch b\u00ec 100 mg, M\u01a1 mu\u1ed1i 80 mg, T\u1ef3 b\u00e0 di\u1ec7p 80 mg, B\u1ea1c h\u00e0 16 mg, Khuynh di\u1ec7p 8 mg, C\u00e1t c\u00e1nh 120 mg, Cam th\u1ea3o nam 60 mg.<\/p>\n<p>Ph\u1ee5 li\u1ec7u: Saccharose tinh luy\u1ec7n, Povidon, Lactose, Magnesi stearat, Talc, Magnesi \u00a0carbonat.<\/p>\n<p><strong>2. C\u00d4NG D\u1ee4NG:<\/strong><\/p>\n<ul>\n<li>Gi\u00fap b\u1ed5 ph\u1ebf, gi\u1ea3m ho, l\u00e0m \u1ea5m \u0111\u01b0\u1eddng h\u00f4 h\u1ea5p.<\/li>\n<\/ul>\n<p><strong>3. C\u00c1CH D\u00d9NG:<\/strong><\/p>\n<ul>\n<li>Ng\u01b0\u1eddi l\u1edbn ng\u00e0y 3-4 l\u1ea7n, l\u1ea7n 1-2 vi\u00ean.<\/li>\n<li>Tr\u1ebb em tr\u00ean 7 tu\u1ed5i: ng\u00e0y 2-3 l\u1ea7n, l\u1ea7n 1 vi\u00ean.<\/li>\n<\/ul>\n<p><strong>4. \u0110\u1ed0I T\u01af\u1ee2NG:<\/strong><\/p>\n<ul>\n<li>Ng\u01b0\u1eddi b\u1ecb ho nhi\u1ec1u \u0111\u00e0m, ho khan, ho do c\u1ea3m l\u1ea1nh, ho gi\u00f3, ho do d\u1ecb \u1ee9ng, vi\u00eam ph\u1ebf qu\u1ea3n, vi\u00eam h\u1ecdng s\u01b0ng \u0111au.<\/li>\n<li>Ch\u00fa \u00fd: D\u1eebng u\u1ed1ng n\u1ebfu m\u1eabn c\u1ea3m v\u1edbi m\u1ed9t trong c\u00e1c th\u00e0nh ph\u1ea7n c\u1ee7a s\u1ea3n ph\u1ea9m.<\/li>\n<\/ul>\n<p><strong>5. B\u1ea2O QU\u1ea2N:<\/strong><\/p>\n<ul>\n<li>N\u01a1i kh\u00f4, m\u00e1t, tr\u00e1nh \u00e1nh n\u1eafng m\u1eb7t tr\u1eddi tr\u1ef1c ti\u1ebfp.<\/li>\n<\/ul>\n<p><strong>6. TH\u1edcI H\u1ea0N S\u1eec D\u1ee4NG:<\/strong><\/p>\n<ul>\n<li>36 th\u00e1ng k\u1ec3 t\u1eeb ng\u00e0y s\u1ea3n xu\u1ea5t, ng\u00e0y s\u1ea3n xu\u1ea5t v\u00e0 h\u1ea1n s\u1eed d\u1ee5ng ghi \u1edf bao b\u00ec s\u1ea3n ph\u1ea9m.<\/li>\n<\/ul>\n<p><strong>7. \u0110\u00d3NG G\u00d3I:<\/strong><\/p>\n<ul>\n<li>Kh\u1ed1i l\u01b0\u1ee3ng t\u1ecbnh: 1000 \u00b1 7,5 % (mg\/vi\u00ean)<\/li>\n<li>H\u1ed9p 10 v\u1ec9 x 8 vi\u00ean.<\/li>\n<\/ul>\n<p><strong><em>S\u1ea3n ph\u1ea9m n\u00e0y kh\u00f4ng ph\u1ea3i l\u00e0 thu\u1ed1c v\u00e0 kh\u00f4ng c\u00f3 t\u00e1c d\u1ee5ng thay th\u1ebf thu\u1ed1c ch\u1eefa b\u1ec7nh<\/em><\/strong><\/p>","protected":false},"excerpt":{"rendered":"<p><strong>1. TH\u00c0NH PH\u1ea6N C\u1ea4U T\u1ea0O:<\/strong><\/p>\n<p>M\u1ed7i vi\u00ean n\u00e9n ng\u1eadm ch\u1ee9a:<\/p>\n<p>Nguy\u00ean li\u1ec7u: 500 mg cao \u0111\u1eb7c chi\u1ebft xu\u1ea5t t\u1eeb: B\u1ecd m\u1eafm 200 mg, B\u00e1ch b\u1ed9 150 mg, \u0110\u1ea3ng s\u00e2m nam 120 mg, M\u1ea1ch m\u00f4n 120 mg, X\u1ea1 can 150 mg, V\u1ecf qu\u00fdt 80 mg, Tang b\u1ea1ch b\u00ec 100 mg, M\u01a1 mu\u1ed1i 80 mg, T\u1ef3 b\u00e0 di\u1ec7p 80 mg, B\u1ea1c h\u00e0 16 mg, Khuynh di\u1ec7p 8 mg, C\u00e1t c\u00e1nh 120 mg, Cam th\u1ea3o nam 60 mg.<\/p>\n<p>Ph\u1ee5 li\u1ec7u: Saccharose tinh luy\u1ec7n, Povidon, Lactose, Magnesi stearat, Talc, Magnesi \u00a0carbonat.<\/p>\n<p><strong>2. C\u00d4NG D\u1ee4NG:<\/strong><\/p>\n<ul>\n<li>Gi\u00fap b\u1ed5 ph\u1ebf, gi\u1ea3m ho, l\u00e0m \u1ea5m \u0111\u01b0\u1eddng h\u00f4 h\u1ea5p.<\/li>\n<\/ul>\n<p><strong>3. C\u00c1CH D\u00d9NG:<\/strong><\/p>\n<ul>\n<li>Ng\u01b0\u1eddi l\u1edbn ng\u00e0y 3-4 l\u1ea7n, l\u1ea7n 1-2 vi\u00ean.<\/li>\n<li>Tr\u1ebb em tr\u00ean 7 tu\u1ed5i: ng\u00e0y 2-3 l\u1ea7n, l\u1ea7n 1 vi\u00ean.<\/li>\n<\/ul>\n<p><strong>4. \u0110\u1ed0I T\u01af\u1ee2NG:<\/strong><\/p>\n<ul>\n<li>Ng\u01b0\u1eddi b\u1ecb ho nhi\u1ec1u \u0111\u00e0m, ho khan, ho do c\u1ea3m l\u1ea1nh, ho gi\u00f3, ho do d\u1ecb \u1ee9ng, vi\u00eam ph\u1ebf qu\u1ea3n, vi\u00eam h\u1ecdng s\u01b0ng \u0111au.<\/li>\n<li>Ch\u00fa \u00fd: D\u1eebng u\u1ed1ng n\u1ebfu m\u1eabn c\u1ea3m v\u1edbi m\u1ed9t trong c\u00e1c th\u00e0nh ph\u1ea7n c\u1ee7a s\u1ea3n ph\u1ea9m.<\/li>\n<\/ul>\n<p><strong>5. B\u1ea2O QU\u1ea2N:<\/strong><\/p>\n<ul>\n<li>N\u01a1i kh\u00f4, m\u00e1t, tr\u00e1nh \u00e1nh n\u1eafng m\u1eb7t tr\u1eddi tr\u1ef1c ti\u1ebfp.<\/li>\n<\/ul>\n<p><strong>6. TH\u1edcI H\u1ea0N S\u1eec D\u1ee4NG:<\/strong><\/p>\n<ul>\n<li>36 th\u00e1ng k\u1ec3 t\u1eeb ng\u00e0y s\u1ea3n xu\u1ea5t, ng\u00e0y s\u1ea3n xu\u1ea5t v\u00e0 h\u1ea1n s\u1eed d\u1ee5ng ghi \u1edf bao b\u00ec s\u1ea3n ph\u1ea9m.<\/li>\n<\/ul>\n<p><strong>7. \u0110\u00d3NG G\u00d3I:<\/strong><\/p>\n<ul>\n<li>Kh\u1ed1i l\u01b0\u1ee3ng t\u1ecbnh: 1000 \u00b1 7,5 % (mg\/vi\u00ean)<\/li>\n<li>H\u1ed9p 10 v\u1ec9 x 8 vi\u00ean.<\/li>\n<\/ul>\n<p><strong><em>S\u1ea3n ph\u1ea9m n\u00e0y kh\u00f4ng ph\u1ea3i l\u00e0 thu\u1ed1c v\u00e0 kh\u00f4ng c\u00f3 t\u00e1c d\u1ee5ng thay th\u1ebf thu\u1ed1c ch\u1eefa b\u1ec7nh<\/em><\/strong><\/p>","protected":false},"featured_media":14322,"comment_status":"open","ping_status":"closed","template":"","meta":{"_acf_changed":false},"product_cat":[332,366,398,333],"product_tag":[],"class_list":{"0":"post-14321","1":"product","2":"type-product","3":"status-publish","4":"has-post-thumbnail","6":"product_cat-san-pham-duoc-lieu-va-san-pham-tu-duoc-lieu","7":"product_cat-hang-cnnt-cap-qg","8":"product_cat-san-pham-cnnt-tb-cap-qg-2021","9":"product_cat-thuc-pham-chuc-nang-thuoc-duoc-lieu-thuoc-y-hoc-co-truyen","11":"first","12":"instock","13":"shipping-taxable","14":"purchasable","15":"product-type-simple"},"acf":[],"_links":{"self":[{"href":"https:\/\/b2c.fairs.vn\/en\/wp-json\/wp\/v2\/product\/14321","targetHints":{"allow":["GET"]}}],"collection":[{"href":"https:\/\/b2c.fairs.vn\/en\/wp-json\/wp\/v2\/product"}],"about":[{"href":"https:\/\/b2c.fairs.vn\/en\/wp-json\/wp\/v2\/types\/product"}],"replies":[{"embeddable":true,"href":"https:\/\/b2c.fairs.vn\/en\/wp-json\/wp\/v2\/comments?post=14321"}],"version-history":[{"count":0,"href":"https:\/\/b2c.fairs.vn\/en\/wp-json\/wp\/v2\/product\/14321\/revisions"}],"wp:featuredmedia":[{"embeddable":true,"href":"https:\/\/b2c.fairs.vn\/en\/wp-json\/wp\/v2\/media\/14322"}],"wp:attachment":[{"href":"https:\/\/b2c.fairs.vn\/en\/wp-json\/wp\/v2\/media?parent=14321"}],"wp:term":[{"taxonomy":"product_cat","embeddable":true,"href":"https:\/\/b2c.fairs.vn\/en\/wp-json\/wp\/v2\/product_cat?post=14321"},{"taxonomy":"product_tag","embeddable":true,"href":"https:\/\/b2c.fairs.vn\/en\/wp-json\/wp\/v2\/product_tag?post=14321"}],"curies":[{"name":"wp","href":"https:\/\/api.w.org\/{rel}","templated":true}]}}