{"id":14308,"date":"2024-04-02T10:51:14","date_gmt":"2024-04-02T03:51:14","guid":{"rendered":"https:\/\/b2c.fairs.vn\/?post_type=product&#038;p=14308"},"modified":"2024-04-24T17:14:33","modified_gmt":"2024-04-24T10:14:33","slug":"phan-huu-co-vi-sinh-super-tac-thien-an","status":"publish","type":"product","link":"https:\/\/b2c.fairs.vn\/en\/product\/phan-huu-co-vi-sinh-super-tac-thien-an\/","title":{"rendered":"Ph\u00e2n h\u1eefu c\u01a1 vi sinh super TAC Thi\u00ean \u00c2N"},"content":{"rendered":"<p><strong>TH\u00c0NH PH\u1ea6N:<br \/>\n&#8211;<\/strong>\u00a0\u0110\u1ed9 \u1ea9m: 30%<br \/>\n&#8211; H\u1eefu c\u01a1 : 15%<br \/>\n&#8211; Vi sinh v\u1eadt c\u1ed1 \u0111\u1ecbnh \u0111\u1ea1m: 1 x 10<sup>6\u00a0<\/sup>CFU\/g<br \/>\n&#8211; VI sinh v\u1eadt ph\u00e2n gi\u1ea3i l\u00e2n: 1 x\u00a010<sup>6\u00a0<\/sup>CFU\/g<br \/>\n&#8211; Vi sinh v\u1eadt ph\u00e2n gi\u1ea3i Cellulose: 1 x\u00a010<sup>6\u00a0<\/sup>CFU\/g<br \/>\n&#8211; pH : 5<br \/>\n&#8211; Ngo\u00e0i ra c\u00f2n c\u00f3: N,P,K, Axit Humic, Silic, TRICHODERMA c\u00f9ng m\u1ed9t s\u1ed1 c\u00e1c nguy\u00ean t\u1ed1 trung vi l\u01b0\u1ee3ng, k\u00edch th\u00edch t\u1ed1 gi\u00fap ph\u00e1t tri\u1ec3n v\u00f9ng r\u1ec5 c\u00e2y tr\u1ed3ng.<br \/>\n<strong>\u0110\u1eb6C \u0110I\u1ec2M:<\/strong><br \/>\n&#8211; T\u0103ng \u0111\u1ed9 ph\u00ec, \u0111\u1ed9 x\u1ed1p, ch\u1ed1ng ch\u1ecbu h\u1ea1n, ph\u00e0n m\u1eb7n.<br \/>\n&#8211; T\u0103ng m\u1ed9t s\u1ed1 vi sinh v\u1eadt h\u1eefu \u00edch cho \u0111\u1ea5t tr\u1ed3ng gi\u00fap t\u1ed5ng h\u1ee3p \u0111\u1ea1m t\u1ef1 do, ph\u00e2n h\u1ee7y l\u00e2n kh\u00f3 ti\u00eau, ph\u00e2n h\u1ee7y ch\u1ea5t h\u1eefu c\u01a1. Bi\u1ebfn nh\u1eefng x\u00e1c b\u00e3 th\u1ef1c v\u1eadt d\u01b0 th\u1eeba, ph\u00e2n b\u00f3n b\u1ecb c\u1ed1 \u0111\u1ecbnh th\u00e0nh h\u1eefu d\u1ee5ng.<br \/>\n&#8211; Gi\u1ea3m 30 &#8211; 40% l\u01b0\u1ee3ng ph\u00e2n h\u00f3a h\u1ecdc c\u1ea7n b\u00f3n. K\u00edch th\u00edch ph\u00e1t tri\u1ec3n r\u1ec5 v\u00e0 kh\u1ed1ng ch\u1ebf c\u00e1c b\u1ec7nh h\u00e9o r\u0169 sinh ra t\u1eeb c\u00e1c m\u1ea7n b\u1ec7nh trong \u0111\u1ea5t. Ph\u00f2ng tr\u1eeb m\u1ed1i, r\u1ec7p s\u00e1p, tuy\u1ebfn tr\u00f9ng \u0111\u1ea5t.<br \/>\n<strong>C\u00c1CH S\u1eec D\u1ee4NG:<\/strong><br \/>\n&#8211; C\u00e2y \u0103n tr\u00e1i c\u00e1c lo\u1ea1i: Xo\u00e0i, M\u00e3ng C\u1ea7u, Nh\u00e3n, V\u00e3i, S\u1ea7u ri\u00eang, Ch\u00f4m ch\u00f4m, Cam, Qu\u00fdt, B\u01b0\u1edfi,&#8230;<br \/>\n+ B\u00f3n xung quanh g\u1ed1c c\u00e2y ( theo t\u00e1n l\u00e1). B\u00f3n 3 &#8211; 4 l\u1ea7n\/ n\u0103m, m\u1ed7i l\u1ea7n 3 &#8211; 5kg\/c\u00e2y.<br \/>\n&#8211; C\u00e2y rau m\u00e0u c\u00e1c lo\u1ea1i: D\u01b0a chu\u1ed9t, D\u01b0a h\u1ea5u, B\u1ea7u, B\u00ed, M\u01b0\u1edbp, C\u00e0 r\u1ed1t, C\u00e0 chua, \u1edbt, H\u00e0nh, Nho,&#8230;<br \/>\n+ B\u00f3n R\u1ea3i \u0111\u1ec1u tr\u00ean m\u1eb7t ru\u1ed9ng. B\u00f3n l\u00f3t tr\u01b0\u1edbc khi tr\u1ed3ng 400 &#8211; 600 kg\/ha.<br \/>\n&#8211; C\u00e2y c\u00f4ng nghi\u1ec7p: \u00a0C\u00e0 Ph\u00ea, Ti\u00eau, Tr\u00e0, Thu\u1ed1c l\u00e1, B\u00f4ng, V\u00e3i, Nh\u1ecd,&#8230;<br \/>\n+ B\u00f3n xung quanh g\u1ed1c c\u00e2y, chia l\u00e0m 3 l\u1ea7n b\u00f3n cho m\u1ed7i v\u1ee5. M\u1ed7i l\u1ea7n b\u00f3n 3-5 kg\/c\u00e2y.<br \/>\n&#8211; C\u00e2y l\u01b0\u01a1ng th\u1ef1c: L\u00faa,<br \/>\n+ B\u00f3n chia l\u00e0m 2 th\u1eddi k\u1ef3 : B\u00f3n l\u00f3t tr\u01b0\u1edbc khi s\u1ea1 b\u1eeba l\u1ea7n cu\u1ed1i 150 &#8211; 400 kg\/ha .<br \/>\n&#8211; C\u00e2y hoa c\u00e1c lo\u1ea1i: H\u1ed3ng, C\u00fac, Lay \u01a1n v\u00e0 c\u00e1c lo\u1ea1i hoa kh\u00e1c.<br \/>\n+ B\u00f3n l\u00f3t tr\u01b0\u1edbc khi tr\u1ed3ng 3-5kg\/c\u00e2y.<br \/>\nC\u00f3 th\u1ec3 k\u1ebft h\u1ee3p b\u00f3n v\u1edbi ph\u00e2n h\u00f3a h\u1ecdc.<br \/>\nL\u01afU \u00dd: ph\u1ee7 l\u00ean m\u1ed9t l\u1edbp x\u00e1c b\u00e3 th\u1ef1c v\u1eadt hay \u0111\u1ea5t m\u1ecbn, t\u01b0\u1edbi li\u00ean t\u1ee5c 3 &#8211; 5 ng\u00e0y.<\/p>","protected":false},"excerpt":{"rendered":"<p><strong>\u0110\u1eb6C \u0110I\u1ec2M:<\/strong><br \/>\n&#8211; T\u0103ng \u0111\u1ed9 ph\u00ec, \u0111\u1ed9 x\u1ed1p, ch\u1ed1ng ch\u1ecbu h\u1ea1n, ph\u00e0n m\u1eb7n.<br \/>\n&#8211; T\u0103ng m\u1ed9t s\u1ed1 vi sinh v\u1eadt h\u1eefu \u00edch cho \u0111\u1ea5t tr\u1ed3ng gi\u00fap t\u1ed5ng h\u1ee3p \u0111\u1ea1m t\u1ef1 do, ph\u00e2n h\u1ee7y l\u00e2n kh\u00f3 ti\u00eau, ph\u00e2n h\u1ee7y ch\u1ea5t h\u1eefu c\u01a1. Bi\u1ebfn nh\u1eefng x\u00e1c b\u00e3 th\u1ef1c v\u1eadt d\u01b0 th\u1eeba, ph\u00e2n b\u00f3n b\u1ecb c\u1ed1 \u0111\u1ecbnh th\u00e0nh h\u1eefu d\u1ee5ng.<br \/>\n&#8211; Gi\u1ea3m 30 &#8211; 40% l\u01b0\u1ee3ng ph\u00e2n h\u00f3a h\u1ecdc c\u1ea7n b\u00f3n. K\u00edch th\u00edch ph\u00e1t tri\u1ec3n r\u1ec5 v\u00e0 kh\u1ed1ng ch\u1ebf c\u00e1c b\u1ec7nh h\u00e9o r\u0169 sinh ra t\u1eeb c\u00e1c m\u1ea7n b\u1ec7nh trong \u0111\u1ea5t. Ph\u00f2ng tr\u1eeb m\u1ed1i, r\u1ec7p s\u00e1p, tuy\u1ebfn tr\u00f9ng \u0111\u1ea5t.<\/p>","protected":false},"featured_media":14318,"comment_status":"open","ping_status":"closed","template":"","meta":{"_acf_changed":false},"product_cat":[522,366,447,521],"product_tag":[],"class_list":{"0":"post-14308","1":"product","2":"type-product","3":"status-publish","4":"has-post-thumbnail","6":"product_cat-phan-bon","7":"product_cat-hang-cnnt-cap-qg","8":"product_cat-san-pham-cnnt-tb-cap-qg-2017","9":"product_cat-vat-tu-nong-nghiep","11":"first","12":"instock","13":"shipping-taxable","14":"product-type-simple"},"acf":[],"_links":{"self":[{"href":"https:\/\/b2c.fairs.vn\/en\/wp-json\/wp\/v2\/product\/14308","targetHints":{"allow":["GET"]}}],"collection":[{"href":"https:\/\/b2c.fairs.vn\/en\/wp-json\/wp\/v2\/product"}],"about":[{"href":"https:\/\/b2c.fairs.vn\/en\/wp-json\/wp\/v2\/types\/product"}],"replies":[{"embeddable":true,"href":"https:\/\/b2c.fairs.vn\/en\/wp-json\/wp\/v2\/comments?post=14308"}],"version-history":[{"count":0,"href":"https:\/\/b2c.fairs.vn\/en\/wp-json\/wp\/v2\/product\/14308\/revisions"}],"wp:featuredmedia":[{"embeddable":true,"href":"https:\/\/b2c.fairs.vn\/en\/wp-json\/wp\/v2\/media\/14318"}],"wp:attachment":[{"href":"https:\/\/b2c.fairs.vn\/en\/wp-json\/wp\/v2\/media?parent=14308"}],"wp:term":[{"taxonomy":"product_cat","embeddable":true,"href":"https:\/\/b2c.fairs.vn\/en\/wp-json\/wp\/v2\/product_cat?post=14308"},{"taxonomy":"product_tag","embeddable":true,"href":"https:\/\/b2c.fairs.vn\/en\/wp-json\/wp\/v2\/product_tag?post=14308"}],"curies":[{"name":"wp","href":"https:\/\/api.w.org\/{rel}","templated":true}]}}