{"id":14304,"date":"2024-04-02T10:48:55","date_gmt":"2024-04-02T03:48:55","guid":{"rendered":"https:\/\/b2c.fairs.vn\/?post_type=product&#038;p=14304"},"modified":"2024-04-02T10:48:55","modified_gmt":"2024-04-02T03:48:55","slug":"so-co-la-dang-bungo","status":"publish","type":"product","link":"https:\/\/b2c.fairs.vn\/en\/product\/so-co-la-dang-bungo\/","title":{"rendered":"S\u00d4-C\u00d4-LA \u0110\u1eaeNG BUNGO"},"content":{"rendered":"<p><strong>Ca cao Tr\u1ecdng \u0110\u1ee9c<\/strong>\u00a0s\u1ea3n xu\u1ea5t S\u00f4-c\u00f4-la \u0110\u1eafng truy\u1ec1n th\u1ed1ng (bean-to-bar) v\u1edbi 100% t\u1eeb h\u1ea1t ca cao kh\u00f4 l\u00ean men sau khi thu ho\u1ea1ch t\u1eeb v\u00f9ng tr\u1ed3ng nguy\u00ean li\u1ec7u h\u01a1n 1,000ha c\u00f3 li\u00ean k\u1ebft v\u1edbi kho\u1ea3ng 800 n\u00f4ng d\u00e2n \u0111\u00e3 \u0111\u1ea1t ch\u1ee9ng nh\u1eadn UTZ (H\u00e0 Lan)<\/p>\n<p>H\u1ea1t Cacao kh\u00f4 l\u00ean men sau khi rang v\u00e0 t\u00e1ch v\u1ecf s\u1ebd \u0111\u01b0\u1ee3c ti\u1ebfp t\u1ee5c \u0111em \u0111i s\u1ea3n xu\u1ea5t th\u00e0nh nh\u1eefng thanh S\u00f4-c\u00f4-la. T\u1ea5t c\u1ea3 c\u00f4ng \u0111o\u1ea1n \u0111\u1ec1u \u0111\u01b0\u1ee3c ch\u00fang t\u00f4i s\u1ea3n xu\u1ea5t \u0111\u1ea3m b\u1ea3o quy tr\u00ecnh ki\u1ec3m so\u00e1t ch\u1ea5t l\u01b0\u1ee3ng theo ti\u00eau chu\u1ea9n ISO 22000:2018.<\/p>\n<p>V\u1edbi\u00a070%\u00a0ca\u00a0cao\u00a0nguy\u00ean\u00a0ch\u1ea5t,\u00a0v\u1ecb\u00a0\u0111\u1eafng\u00a0nh\u1eb9\u00a0\u0111\u1eb7c\u00a0tr\u01b0ng,\u00a0mang h\u01b0\u01a1ng v\u1ecb n\u1ed3ng n\u00e0n c\u1ee7a c\u00e2y ca cao t\u1ea1i v\u00f9ng \u0111\u00e1 n\u00fai l\u1eeda Bazan \u2013 \u0110\u1ecbnh Qu\u00e1n.<\/p>\n<p>S\u1ea3n ph\u1ea9m \u0111\u1eb7c bi\u1ec7t d\u00e0nh cho nh\u1eefng t\u00edn \u0111\u1ed3 S\u00f4-c\u00f4-la v\u00e0 ph\u00f9 h\u1ee3p cho ng\u01b0\u1eddi \u0103n ki\u00eang.<\/p>","protected":false},"excerpt":{"rendered":"<p>Ca cao Tr\u1ecdng \u0110\u1ee9c\u00a0s\u1ea3n xu\u1ea5t S\u00f4-c\u00f4-la \u0110\u1eafng truy\u1ec1n th\u1ed1ng (bean-to-bar) v\u1edbi 100% t\u1eeb h\u1ea1t ca cao kh\u00f4 l\u00ean men sau<\/p>","protected":false},"featured_media":14307,"comment_status":"open","ping_status":"closed","template":"","meta":{"_acf_changed":false},"product_cat":[366,367],"product_tag":[],"class_list":{"0":"post-14304","1":"product","2":"type-product","3":"status-publish","4":"has-post-thumbnail","6":"product_cat-hang-cnnt-cap-qg","7":"product_cat-hang-cnnt-cap-qg-2023","9":"first","10":"instock","11":"shipping-taxable","12":"purchasable","13":"product-type-simple"},"acf":[],"_links":{"self":[{"href":"https:\/\/b2c.fairs.vn\/en\/wp-json\/wp\/v2\/product\/14304","targetHints":{"allow":["GET"]}}],"collection":[{"href":"https:\/\/b2c.fairs.vn\/en\/wp-json\/wp\/v2\/product"}],"about":[{"href":"https:\/\/b2c.fairs.vn\/en\/wp-json\/wp\/v2\/types\/product"}],"replies":[{"embeddable":true,"href":"https:\/\/b2c.fairs.vn\/en\/wp-json\/wp\/v2\/comments?post=14304"}],"version-history":[{"count":0,"href":"https:\/\/b2c.fairs.vn\/en\/wp-json\/wp\/v2\/product\/14304\/revisions"}],"wp:featuredmedia":[{"embeddable":true,"href":"https:\/\/b2c.fairs.vn\/en\/wp-json\/wp\/v2\/media\/14307"}],"wp:attachment":[{"href":"https:\/\/b2c.fairs.vn\/en\/wp-json\/wp\/v2\/media?parent=14304"}],"wp:term":[{"taxonomy":"product_cat","embeddable":true,"href":"https:\/\/b2c.fairs.vn\/en\/wp-json\/wp\/v2\/product_cat?post=14304"},{"taxonomy":"product_tag","embeddable":true,"href":"https:\/\/b2c.fairs.vn\/en\/wp-json\/wp\/v2\/product_tag?post=14304"}],"curies":[{"name":"wp","href":"https:\/\/api.w.org\/{rel}","templated":true}]}}