{"id":14294,"date":"2024-04-02T10:39:41","date_gmt":"2024-04-02T03:39:41","guid":{"rendered":"https:\/\/b2c.fairs.vn\/?post_type=product&#038;p=14294"},"modified":"2024-04-02T10:45:22","modified_gmt":"2024-04-02T03:45:22","slug":"ca-chai-nuong-tam-gia-vi-thuan-hue-100g","status":"publish","type":"product","link":"https:\/\/b2c.fairs.vn\/en\/product\/ca-chai-nuong-tam-gia-vi-thuan-hue-100g\/","title":{"rendered":"C\u00e1 Chai n\u01b0\u1edbng t\u1ea9m gia v\u1ecb Thu\u1eadn Hu\u1ec7 100G"},"content":{"rendered":"<ul>\n<li>C\u00e1 Chai N\u01b0\u1edbng T\u1ea9m Gia V\u1ecb Thu\u1eadn Hu\u1ec7 \u0111\u01b0\u1ee3c \u0111\u00e1nh b\u1eaft t\u1eeb v\u00f9ng bi\u1ec3n s\u00e2u, th\u00edch h\u1ee3p l\u00e0m m\u1ed3i nh\u1eadu cho c\u00e1c anh v\u00e0 m\u00f3n \u0103n v\u1eb7t cho c\u00e1c ch\u1ecb em ph\u1ee5 n\u1eef. S\u1ea3n ph\u1ea9m \u00e1p d\u1ee5ng c\u00f4ng ngh\u1ec7 ch\u1ebf bi\u1ebfn hi\u1ec7n \u0111\u1ea1i, v\u1ec7 sinh, h\u1ee3p v\u1edbi kh\u1ea9u v\u1ecb c\u1ee7a ng\u01b0\u1eddi Vi\u1ec7t Nam.<\/li>\n<li>S\u1ea3n ph\u1ea9m d\u00f9ng \u0103n li\u1ec1n ti\u1ec7n d\u1ee5ng, v\u00ec th\u1ebf b\u1ea1n kh\u00f4ng c\u1ea7n qu\u00e1 nhi\u1ec1u c\u00f4ng \u0111o\u1ea1n ch\u1ebf bi\u1ebfn m\u00e0 v\u1eabn c\u00f3 m\u1ed9t lo\u1ea1i th\u1ee9c \u0103n v\u1eb7t th\u01a1m ngon, b\u1ed5 d\u01b0\u1ee1ng \u0111\u1ec3 nh\u00e2m nhi c\u00f9ng b\u1ea1n b\u00e8, ng\u01b0\u1eddi th\u00e2n.<\/li>\n<li>H\u01b0\u1edbng d\u1eabn s\u1eed d\u1ee5ng: D\u00f9ng tr\u1ef1c ti\u1ebfp. H\u01b0\u1edbng d\u1eabn b\u1ea3o qu\u1ea3n: Tr\u00e1nh \u0111\u1ec3 \u1edf nhi\u1ec7t \u0111\u1ed9 qu\u00e1 cao \u1ea3nh h\u01b0\u1edfng \u0111\u1ebfn ch\u1ea5t l\u01b0\u1ee3ng s\u1ea3n ph\u1ea9m.<\/li>\n<\/ul>","protected":false},"excerpt":{"rendered":"<p>C\u00e1 Chai N\u01b0\u1edbng T\u1ea9m Gia V\u1ecb Thu\u1eadn Hu\u1ec7 \u0111\u01b0\u1ee3c \u0111\u00e1nh b\u1eaft t\u1eeb v\u00f9ng bi\u1ec3n s\u00e2u, th\u00edch h\u1ee3p l\u00e0m m\u1ed3i nh\u1eadu<\/p>","protected":false},"featured_media":14303,"comment_status":"open","ping_status":"closed","template":"","meta":{"_acf_changed":false},"product_cat":[317,366,447,22,313],"product_tag":[],"class_list":{"0":"post-14294","1":"product","2":"type-product","3":"status-publish","4":"has-post-thumbnail","6":"product_cat-che-bien-tu-thit-trung-sua-thuy-san-cac-san-pham-tu-mat-ong-mat-khac-va-nong-san-thuc-pham-khac","7":"product_cat-hang-cnnt-cap-qg","8":"product_cat-san-pham-cnnt-tb-cap-qg-2017","9":"product_cat-sanphamthucpham","10":"product_cat-thuc-pham-che-bien","12":"first","13":"instock","14":"shipping-taxable","15":"purchasable","16":"product-type-simple"},"acf":[],"_links":{"self":[{"href":"https:\/\/b2c.fairs.vn\/en\/wp-json\/wp\/v2\/product\/14294","targetHints":{"allow":["GET"]}}],"collection":[{"href":"https:\/\/b2c.fairs.vn\/en\/wp-json\/wp\/v2\/product"}],"about":[{"href":"https:\/\/b2c.fairs.vn\/en\/wp-json\/wp\/v2\/types\/product"}],"replies":[{"embeddable":true,"href":"https:\/\/b2c.fairs.vn\/en\/wp-json\/wp\/v2\/comments?post=14294"}],"version-history":[{"count":0,"href":"https:\/\/b2c.fairs.vn\/en\/wp-json\/wp\/v2\/product\/14294\/revisions"}],"wp:featuredmedia":[{"embeddable":true,"href":"https:\/\/b2c.fairs.vn\/en\/wp-json\/wp\/v2\/media\/14303"}],"wp:attachment":[{"href":"https:\/\/b2c.fairs.vn\/en\/wp-json\/wp\/v2\/media?parent=14294"}],"wp:term":[{"taxonomy":"product_cat","embeddable":true,"href":"https:\/\/b2c.fairs.vn\/en\/wp-json\/wp\/v2\/product_cat?post=14294"},{"taxonomy":"product_tag","embeddable":true,"href":"https:\/\/b2c.fairs.vn\/en\/wp-json\/wp\/v2\/product_tag?post=14294"}],"curies":[{"name":"wp","href":"https:\/\/api.w.org\/{rel}","templated":true}]}}