{"id":14293,"date":"2024-04-02T10:43:24","date_gmt":"2024-04-02T03:43:24","guid":{"rendered":"https:\/\/b2c.fairs.vn\/?post_type=product&#038;p=14293"},"modified":"2024-04-02T10:43:27","modified_gmt":"2024-04-02T03:43:27","slug":"bot-cacao-3-in-1-250g","status":"publish","type":"product","link":"https:\/\/b2c.fairs.vn\/en\/product\/bot-cacao-3-in-1-250g\/","title":{"rendered":"B\u1ed8T CACAO 3 IN 1 250G"},"content":{"rendered":"<div>B\u1ed9t cacao 3 in 1 \u0111\u01b0\u1ee3c l\u00e0m t\u1eeb h\u1ea1t cacao l\u00ean men t\u1ed1t nh\u1ea5t v\u1edbi c\u00f4ng th\u1ee9c ti\u00eau chu\u1ea9n \u0111\u01b0\u1eddng s\u1eefa \u0111\u1eb7c bi\u1ec7t \u0111em l\u1ea1i h\u01b0\u01a1ng v\u1ecb ri\u00eang c\u1ee7a cacao Tr\u1ecdng \u0110\u1ee9c, c\u1ea5p ch\u1ee9ng nh\u1eadn UTZ, gi\u00fap ti\u1ebft ki\u1ec7m th\u1eddi gian pha ch\u1ebf m\u00e0 v\u1eabn gi\u1eef l\u1ea1i h\u01b0\u01a1ng v\u1ecb th\u01a1m ngon \u0111\u1eb7c tr\u01b0ng.<\/div>\n<div>\n<h2><strong>TH\u00c0NH PH\u1ea6N B\u1ed8T CACAO 3 IN 1:<\/strong><\/h2>\n<p>B\u1ed9t cacao (&gt;24%), \u0111\u01b0\u1eddng RE, s\u1eefa b\u1ed9t, h\u01b0\u01a1ng vani t\u1ed5ng h\u1ee3p.<\/p>\n<h2><strong>CH\u1ec8 TI\u00caU CH\u1ea4T L\u01af\u1ee2NG CH\u1ee6 Y\u1ebeU\u00a0(%) B\u1ed8T\u00a0<a href=\"https:\/\/trongduccacao.vn\/bot-cacao-bungo-3-in-1-250g-s549.html\" target=\"_blank\" rel=\"noopener\">CACAO 3 IN 1<\/a>:<\/strong><\/h2>\n<p>&#8211; Protein: 10-30<\/p>\n<p>&#8211; Carbohydrate: 60-80<\/p>\n<p>&#8211; Lipid: 10-20<\/p>\n<p>&#8211; N\u0103ng l\u01b0\u1ee3ng 400-500 kcal\/100g<\/p>\n<p><img fetchpriority=\"high\" decoding=\"async\" src=\"https:\/\/trongduccacao.vn\/files\/upload\/san-pham\/bot-cacao-nguyen-chat\/bot-3in1-400g-01.jpg\" alt=\"\" width=\"800\" height=\"600\" \/><\/p>\n<h2><strong>C\u00c1CH D\u00d9NG B\u1ed8T CACAO 3 IN 1:<\/strong><\/h2>\n<ul>\n<li>D\u00f9ng kho\u1ea3ng 80ml n\u01b0\u1edbc (t\u1ed1t nh\u1ea5t d\u00f9ng n\u01b0\u1edbc \u1ea5m 50 \u0111\u1ed9 C) pha v\u1edbi 4 mu\u1ed7ng b\u1ed9t cacao 3 in 1 (kho\u1ea3ng 20g), khu\u1ea5y \u0111\u1ec1u v\u00e0 th\u01b0\u1edfng th\u1ee9c. C\u00f3 th\u1ec3 d\u00f9ng v\u1edbi \u0111\u00e1 ho\u1eb7c th\u00eam \u0111\u01b0\u1eddng tu\u1ef3 \u00fd th\u00edch.<\/li>\n<li>D\u00f9ng \u0111\u01b0\u1eddng hay s\u1eefa \u0111\u1eb7c \u0111\u1ec3 pha cacao? B\u1ea1n n\u00ean s\u1eed d\u1ee5ng s\u1eefa \u0111\u1eb7c \u0111\u1ec3 pha cacao, b\u1ea1n s\u1ebd thu \u0111\u01b0\u1ee3c ly cacao ng\u1ecdt d\u1ecbu. B\u1ea1n pha theo t\u1ec9 l\u1ec7 1:1 s\u1eefa v\u1edbi cacao n\u1ebfu th\u00edch v\u1ecb \u0111\u1eafng, v\u00e0 2:1 s\u1eefa v\u1edbi cacao n\u1ebfu nh\u01b0 th\u00edch ng\u1ecdt. Ngo\u00e0i ra, b\u1ea1n c\u00f3 th\u1ec3 pha cacao v\u1edbi m\u1eadt ong, s\u1eefa t\u01b0\u01a1i \u0111\u1ec3 thay \u0111\u1ed5i kh\u1ea9u v\u1ecb.<\/li>\n<li>C\u00e1ch khu\u1ea5y cacao: Sau khi \u0111\u00e3 cho to\u00e0n b\u1ed9 nguy\u00ean li\u1ec7u v\u00e0o trong, b\u1ea1n c\u00f3 th\u1ec3 d\u00f9ng d\u1ee5ng c\u1ee5 \u0111\u00e1nh tr\u1ee9ng \u0111\u1ec3 khu\u1ea5y cacao \u0111\u1ebfn khi s\u1ee7i b\u1ecdt l\u00e0 \u0111\u01b0\u1ee3c. C\u00f2n kh\u00f4ng b\u1ea1n c\u00f3 th\u1ec3 d\u00f9ng l\u1ef1c tay nh\u1eb9 nh\u00e0ng khu\u1ea5y \u0111\u1ec1u ph\u1ea7n b\u1ed9t \u0111\u1ec3 t\u1ea1o th\u00e0nh ly s\u1eefa cacao th\u01a1m ngon.<\/li>\n<\/ul>\n<h2><strong>T\u00c1C D\u1ee4NG C\u1ee6A\u00a0B\u1ed8T\u00a0<a href=\"https:\/\/trongduccacao.vn\/cacao-bungo-3-in-1-s549.html\" target=\"_blank\" rel=\"noopener\">CACAO 3 IN 1<\/a>\u00a0CHO S\u1ee8C KH\u1eceE:\u00a0<\/strong><\/h2>\n<p>B\u1ed9t ca cao c\u00f3 r\u1ea5t nhi\u1ec1u c\u00f4ng d\u1ee5ng t\u1ed1t cho s\u1ee9c kh\u1ecfe b\u1edfi v\u00ec b\u1ed9t cacao ch\u1ee9a nhi\u1ec1u ch\u1ea5t oxy h\u00f3a c\u00f3 vai tr\u00f2 kh\u00e1ng khu\u1ea9n v\u00e0 ch\u1ed1ng oxy h\u00f3a hi\u1ec7u qu\u1ea3. M\u1ed9t s\u1ed1 c\u00f4ng d\u1ee5ng n\u1ed5i b\u1eadt c\u1ee7a s\u1ea3n ph\u1ea9m b\u1ed9t ca cao c\u00f3 th\u1ec3 k\u1ec3 \u0111\u1ebfn nh\u01b0:<\/p>\n<ul>\n<li>B\u1ed9t cacao ch\u1ed1ng tr\u1ea7m c\u1ea3m: B\u1ed9t ca cao \u0111\u01b0\u1ee3c bi\u1ebft \u0111\u1ebfn nh\u01b0 l\u00e0 m\u1ed9t s\u1ea3n ph\u1ea9m gi\u00fap c\u1ea3i thi\u1ec7n t\u00e2m tr\u1ea1ng t\u1ef1 nhi\u00ean, t\u0103ng ch\u1ec9 s\u1ed1 h\u1ea1nh ph\u00fac.<\/li>\n<li>L\u00e0 ch\u1ea5t ch\u1ed1ng oxy h\u00f3a c\u1ef1c cao: B\u1ed9t ca cao c\u00f3 kh\u1ea3 n\u0103ng ch\u1ed1ng oxy h\u00f3a hi\u1ec7u qu\u1ea3 do \u0111\u00f3 n\u00f3 c\u00f3 th\u1ec3 gi\u00fap ng\u0103n ng\u1eeba b\u1ec7nh tim m\u1ea1ch, ung th\u01b0 v\u00e0 l\u00e3o h\u00f3a t\u1ebf b\u00e0o.<\/li>\n<li>Gi\u00fap c\u1ea3i thi\u1ec7n tu\u1ea7n ho\u00e0n m\u00e1u: M\u1ed7i ph\u1ee5 n\u1eef n\u1ebfu u\u1ed1ng b\u1ed9t ca cao m\u1ed7i ng\u00e0y s\u1ebd c\u00f3 k\u1ebft c\u1ea5u da t\u1ed1t h\u01a1n, c\u1ea3i thi\u1ec7n tu\u1ea7n ho\u00e0n m\u00e1u, gi\u00fap l\u00e0n da t\u01b0\u01a1i s\u00e1ng kh\u1ecfe m\u1ea1nh v\u00e0 ph\u00f2ng ch\u1ed1ng \u0111\u01b0\u1ee3c b\u1ec7nh ung th\u01b0 da.<\/li>\n<li>C\u1ea3i thi\u1ec7n h\u1ec7 ti\u00eau h\u00f3a: Nh\u1edd u\u1ed1ng ca cao m\u1ed7i ng\u00e0y m\u00e0 b\u1ea1n s\u1ebd c\u00f3 \u0111\u01b0\u1ee3c h\u1ec7 ti\u00eau h\u00f3a t\u1ed1t h\u01a1n b\u1edfi v\u00ec cacao nguy\u00ean ch\u1ea5t s\u1ebd c\u00f3 c\u00e1c s\u1ee3i x\u01a1 k\u00edch th\u00edch emzyme ti\u00eau h\u00f3a c\u1ee7a c\u01a1 th\u1ec3. Ngo\u00e0i ra n\u1ebfu b\u1ea1n b\u1ecb t\u00e1o b\u00f3n th\u00ec u\u1ed1ng b\u1ed9t cacao c\u0169ng l\u00e0 m\u1ed9t c\u00e1ch tr\u1ecb t\u00e1o b\u00f3n v\u00f4 c\u00f9ng h\u1eefu hi\u1ec7u.<\/li>\n<li>Gi\u00fap gi\u1ea3m c\u00e2n v\u00e0 v\u00f2ng eo thon g\u1ecdn: B\u1ed9t ca cao th\u01b0\u1eddng \u0111\u01b0\u1ee3c b\u1ed5 sung v\u00e0o ch\u1ebf \u0111\u1ed9 \u0103n u\u1ed1ng gi\u1ea3m c\u00e2n. B\u1edfi v\u00ec u\u1ed1ng m\u1ed9t c\u1ed1c cacao n\u00f3ng tr\u01b0\u1edbc b\u1eefa \u0103n c\u00f3 th\u1ec3 gi\u00fap b\u1ea1n gi\u1ea3m \u0111i m\u1ee1 l\u00e0m gi\u1ea3m s\u1ef1 th\u00e8m \u0103n.<\/li>\n<\/ul>\n<\/div>","protected":false},"excerpt":{"rendered":"<p>B\u1ed9t cacao 3 in 1 \u0111\u01b0\u1ee3c l\u00e0m t\u1eeb h\u1ea1t cacao l\u00ean men t\u1ed1t nh\u1ea5t v\u1edbi c\u00f4ng th\u1ee9c ti\u00eau chu\u1ea9n \u0111\u01b0\u1eddng<\/p>","protected":false},"featured_media":14300,"comment_status":"open","ping_status":"closed","template":"","meta":{"_acf_changed":false},"product_cat":[324,366,367,22],"product_tag":[],"class_list":{"0":"post-14293","1":"product","2":"type-product","3":"status-publish","4":"has-post-thumbnail","6":"product_cat-ca-phe-ca-cao","7":"product_cat-hang-cnnt-cap-qg","8":"product_cat-hang-cnnt-cap-qg-2023","9":"product_cat-sanphamthucpham","11":"first","12":"instock","13":"shipping-taxable","14":"purchasable","15":"product-type-simple"},"acf":[],"_links":{"self":[{"href":"https:\/\/b2c.fairs.vn\/en\/wp-json\/wp\/v2\/product\/14293","targetHints":{"allow":["GET"]}}],"collection":[{"href":"https:\/\/b2c.fairs.vn\/en\/wp-json\/wp\/v2\/product"}],"about":[{"href":"https:\/\/b2c.fairs.vn\/en\/wp-json\/wp\/v2\/types\/product"}],"replies":[{"embeddable":true,"href":"https:\/\/b2c.fairs.vn\/en\/wp-json\/wp\/v2\/comments?post=14293"}],"version-history":[{"count":0,"href":"https:\/\/b2c.fairs.vn\/en\/wp-json\/wp\/v2\/product\/14293\/revisions"}],"wp:featuredmedia":[{"embeddable":true,"href":"https:\/\/b2c.fairs.vn\/en\/wp-json\/wp\/v2\/media\/14300"}],"wp:attachment":[{"href":"https:\/\/b2c.fairs.vn\/en\/wp-json\/wp\/v2\/media?parent=14293"}],"wp:term":[{"taxonomy":"product_cat","embeddable":true,"href":"https:\/\/b2c.fairs.vn\/en\/wp-json\/wp\/v2\/product_cat?post=14293"},{"taxonomy":"product_tag","embeddable":true,"href":"https:\/\/b2c.fairs.vn\/en\/wp-json\/wp\/v2\/product_tag?post=14293"}],"curies":[{"name":"wp","href":"https:\/\/api.w.org\/{rel}","templated":true}]}}