{"id":14288,"date":"2024-04-02T11:05:40","date_gmt":"2024-04-02T04:05:40","guid":{"rendered":"https:\/\/b2c.fairs.vn\/?post_type=product&#038;p=14288"},"modified":"2024-04-23T16:12:49","modified_gmt":"2024-04-23T09:12:49","slug":"oolong-xanh","status":"publish","type":"product","link":"https:\/\/b2c.fairs.vn\/en\/product\/oolong-xanh\/","title":{"rendered":"OOLONG XANH"},"content":{"rendered":"<p>\u0110\u01b0\u1ee3c m\u1ec7nh danh l\u00e0 vua c\u1ee7a c\u00e1c lo\u1ea1i tr\u00e0, tr\u00e0 Oolong kh\u00f4ng ch\u1ec9 ngon v\u00e0 \u0111\u1eb9p m\u1eaft, m\u00e0 c\u00f2n \u0111\u01b0\u1ee3c tin d\u00f9ng b\u1edfi l\u01b0\u1ee3ng ch\u1ea5t ch\u1ed1ng oxi h\u00f3a cao, ng\u0103n ng\u1eeba c\u00e1c b\u1ec7nh ung th\u01b0, tim m\u1ea1ch, b\u1ec7nh x\u01a1 c\u1ee9ng \u0111\u1ed9ng m\u1ea1ch, ti\u1ec3u \u0111\u01b0\u1eddng&#8230;..<\/p>\n<p dir=\"ltr\"><em>M\u00e0u n\u01b0\u1edbc:<\/em>\u00a0m\u00e0u v\u00e0ng xanh, s\u00e1ng trong<\/p>\n<p dir=\"ltr\"><em>H\u01b0\u01a1ng v\u1ecb:<\/em>\u00a0th\u01a1m t\u1ef1 nhi\u00ean, r\u1ea5t d\u1eady h\u01b0\u01a1ng; v\u1ecb h\u1eadu ng\u1ecdt d\u00ecu d\u1ecbu<\/p>\n<p dir=\"ltr\"><em>C\u00e1ch pha:<\/em>\u00a0D\u00f9ng n\u01b0\u1edbc \u1edf 92 \u2013 960C h\u00e3m tr\u00e0 trong 30 &#8211; 50 gi\u00e2y cho l\u1ea7n pha \u0111\u1ea7u, d\u00e0i h\u01a1n m\u1ed9t ch\u00fat cho nh\u1eefng l\u1ea7n ti\u1ebfp theo. Pha \u0111\u01b0\u1ee3c 4 \u2013 6 l\u1ea7n n\u01b0\u1edbc.<\/p>\n<p dir=\"ltr\">Tr\u00e0 Oolong xanh Tam \u0110\u01b0\u1eddng l\u00e0 m\u00f3n qu\u00e0 v\u00f4 gi\u00e1 c\u1ee7a t\u1ef1 nhi\u00ean, m\u00f3n qu\u00e0 bi\u1ebfu sang tr\u1ecdng v\u00e0 \u0111\u1ea7y \u00fd ngh\u0129a.<\/p>","protected":false},"excerpt":{"rendered":"<p>\u0110\u01b0\u1ee3c m\u1ec7nh danh l\u00e0 vua c\u1ee7a c\u00e1c lo\u1ea1i tr\u00e0, tr\u00e0 Oolong kh\u00f4ng ch\u1ec9 ngon v\u00e0 \u0111\u1eb9p m\u1eaft, m\u00e0 c\u00f2n \u0111\u01b0\u1ee3c<\/p>","protected":false},"featured_media":14330,"comment_status":"open","ping_status":"closed","template":"","meta":{"_acf_changed":false},"product_cat":[321,322,366,398,22],"product_tag":[],"class_list":{"0":"post-14288","1":"product","2":"type-product","3":"status-publish","4":"has-post-thumbnail","6":"product_cat-che","7":"product_cat-che-tuoi-che-bien","8":"product_cat-hang-cnnt-cap-qg","9":"product_cat-san-pham-cnnt-tb-cap-qg-2021","10":"product_cat-sanphamthucpham","12":"first","13":"instock","14":"shipping-taxable","15":"purchasable","16":"product-type-variable"},"acf":[],"_links":{"self":[{"href":"https:\/\/b2c.fairs.vn\/en\/wp-json\/wp\/v2\/product\/14288","targetHints":{"allow":["GET"]}}],"collection":[{"href":"https:\/\/b2c.fairs.vn\/en\/wp-json\/wp\/v2\/product"}],"about":[{"href":"https:\/\/b2c.fairs.vn\/en\/wp-json\/wp\/v2\/types\/product"}],"replies":[{"embeddable":true,"href":"https:\/\/b2c.fairs.vn\/en\/wp-json\/wp\/v2\/comments?post=14288"}],"version-history":[{"count":0,"href":"https:\/\/b2c.fairs.vn\/en\/wp-json\/wp\/v2\/product\/14288\/revisions"}],"wp:featuredmedia":[{"embeddable":true,"href":"https:\/\/b2c.fairs.vn\/en\/wp-json\/wp\/v2\/media\/14330"}],"wp:attachment":[{"href":"https:\/\/b2c.fairs.vn\/en\/wp-json\/wp\/v2\/media?parent=14288"}],"wp:term":[{"taxonomy":"product_cat","embeddable":true,"href":"https:\/\/b2c.fairs.vn\/en\/wp-json\/wp\/v2\/product_cat?post=14288"},{"taxonomy":"product_tag","embeddable":true,"href":"https:\/\/b2c.fairs.vn\/en\/wp-json\/wp\/v2\/product_tag?post=14288"}],"curies":[{"name":"wp","href":"https:\/\/api.w.org\/{rel}","templated":true}]}}