{"id":14287,"date":"2024-04-02T10:41:22","date_gmt":"2024-04-02T03:41:22","guid":{"rendered":"https:\/\/b2c.fairs.vn\/?post_type=product&#038;p=14287"},"modified":"2024-04-24T17:15:54","modified_gmt":"2024-04-24T10:15:54","slug":"phan-bon-npk-20-20-15te","status":"publish","type":"product","link":"https:\/\/b2c.fairs.vn\/en\/product\/phan-bon-npk-20-20-15te\/","title":{"rendered":"Ph\u00e2n b\u00f3n NPK 20-20-15+TE"},"content":{"rendered":"<p>TH\u00c0NH PH\u1ea6N :<\/p>\n<p>NPK 20-20-15 + TE CAO C\u1ea4P<br \/>\n&#8211; \u0110\u1ea1m (N): 20%<br \/>\n&#8211; L\u00e2n (P2O5): 20%<br \/>\n&#8211; Kali(K2O): 15%<br \/>\n&#8211; C\u00e1c nguy\u00ean t\u1ed1 trung, vi l\u01b0\u1ee3ng b\u1ed5 sung c\u00e1c ch\u1ea5t thi\u1ebft y\u1ebfu cho c\u00e2y tr\u1ed3ng v\u1eeba \u0111\u1ee7 100%<\/p>\n<p>C\u00d4NG D\u1ee4NG:<\/p>\n<p>&#8211; L\u00e0 s\u1ea3n ph\u1ea9m c\u00f3 t\u00ednh d\u1ec5 tan, d\u1ec5 ti\u00eau \u0111\u1ec3 b\u00f3n ho\u1eb7c t\u01b0\u1edbi cho c\u00e2y tr\u1ed3ng, th\u00edch h\u1ee3p cho nhi\u1ec1u lo\u1ea1i c\u00e2y tr\u1ed3ng kh\u00e1c nhau.<br \/>\n&#8211; B\u1ed5 sung h\u00e0m l\u01b0\u1ee3ng NPK, trung, vi l\u01b0\u1ee3ng, l\u00e0m cho \u0111\u1ea5t t\u01a1i x\u1ed1p, c\u1ea3i t\u1ea1o m\u00f4i tr\u01b0\u1eddng \u0111\u1ea5t, gi\u1ea3m ch\u1ea5t \u0111\u1ed9c trong \u0111\u1ea5t<br \/>\n&#8211; T\u0103ng n\u0103ng su\u1ea5t v\u00e0 ch\u1ea5t l\u01b0\u1ee3ng n\u00f4ng s\u1ea3n, t\u0103ng hi\u1ec7u qu\u1ea3 kinh t\u1ebf<\/p>\n<p>C\u00c1CH S\u1eec D\u1ee4NG:<\/p>\n<p>&#8211; C\u00e2y CN d\u00e0i ng\u00e0y: 800Kg \u2013 1.000 Kg\/Ha\/N\u0103m.<br \/>\n&#8211; C\u00e2y CN ng\u1eafn ng\u00e0y: 200Kg \u2013 350 Kg\/Ha\/N\u0103m.<br \/>\n&#8211; C\u00e2y l\u01b0\u01a1ng th\u1ef1c: 350Kg \u2013 500 Kg\/Ha\/N\u0103m.<br \/>\n&#8211; Rau c\u00e1c lo\u1ea1i: 200Kg \u2013 350 Kg\/Ha\/N\u0103m.<\/p>","protected":false},"excerpt":{"rendered":"<p>C\u00d4NG D\u1ee4NG:<\/p>\n<p>&#8211; L\u00e0 s\u1ea3n ph\u1ea9m c\u00f3 t\u00ednh d\u1ec5 tan, d\u1ec5 ti\u00eau \u0111\u1ec3 b\u00f3n ho\u1eb7c t\u01b0\u1edbi cho c\u00e2y tr\u1ed3ng, th\u00edch h\u1ee3p cho nhi\u1ec1u lo\u1ea1i c\u00e2y tr\u1ed3ng kh\u00e1c nhau.<br \/>\n&#8211; B\u1ed5 sung h\u00e0m l\u01b0\u1ee3ng NPK, trung, vi l\u01b0\u1ee3ng, l\u00e0m cho \u0111\u1ea5t t\u01a1i x\u1ed1p, c\u1ea3i t\u1ea1o m\u00f4i tr\u01b0\u1eddng \u0111\u1ea5t, gi\u1ea3m ch\u1ea5t \u0111\u1ed9c trong \u0111\u1ea5t<br \/>\n&#8211; T\u0103ng n\u0103ng su\u1ea5t v\u00e0 ch\u1ea5t l\u01b0\u1ee3ng n\u00f4ng s\u1ea3n, t\u0103ng hi\u1ec7u qu\u1ea3 kinh t\u1ebf<\/p>","protected":false},"featured_media":14292,"comment_status":"open","ping_status":"closed","template":"","meta":{"_acf_changed":false},"product_cat":[522,366,447,521],"product_tag":[],"class_list":{"0":"post-14287","1":"product","2":"type-product","3":"status-publish","4":"has-post-thumbnail","6":"product_cat-phan-bon","7":"product_cat-hang-cnnt-cap-qg","8":"product_cat-san-pham-cnnt-tb-cap-qg-2017","9":"product_cat-vat-tu-nong-nghiep","11":"first","12":"instock","13":"shipping-taxable","14":"product-type-simple"},"acf":[],"_links":{"self":[{"href":"https:\/\/b2c.fairs.vn\/en\/wp-json\/wp\/v2\/product\/14287","targetHints":{"allow":["GET"]}}],"collection":[{"href":"https:\/\/b2c.fairs.vn\/en\/wp-json\/wp\/v2\/product"}],"about":[{"href":"https:\/\/b2c.fairs.vn\/en\/wp-json\/wp\/v2\/types\/product"}],"replies":[{"embeddable":true,"href":"https:\/\/b2c.fairs.vn\/en\/wp-json\/wp\/v2\/comments?post=14287"}],"version-history":[{"count":0,"href":"https:\/\/b2c.fairs.vn\/en\/wp-json\/wp\/v2\/product\/14287\/revisions"}],"wp:featuredmedia":[{"embeddable":true,"href":"https:\/\/b2c.fairs.vn\/en\/wp-json\/wp\/v2\/media\/14292"}],"wp:attachment":[{"href":"https:\/\/b2c.fairs.vn\/en\/wp-json\/wp\/v2\/media?parent=14287"}],"wp:term":[{"taxonomy":"product_cat","embeddable":true,"href":"https:\/\/b2c.fairs.vn\/en\/wp-json\/wp\/v2\/product_cat?post=14287"},{"taxonomy":"product_tag","embeddable":true,"href":"https:\/\/b2c.fairs.vn\/en\/wp-json\/wp\/v2\/product_tag?post=14287"}],"curies":[{"name":"wp","href":"https:\/\/api.w.org\/{rel}","templated":true}]}}