{"id":14264,"date":"2024-04-02T10:31:52","date_gmt":"2024-04-02T03:31:52","guid":{"rendered":"https:\/\/b2c.fairs.vn\/?post_type=product&#038;p=14264"},"modified":"2024-04-02T10:31:52","modified_gmt":"2024-04-02T03:31:52","slug":"chuoi-say-2","status":"publish","type":"product","link":"https:\/\/b2c.fairs.vn\/en\/product\/chuoi-say-2\/","title":{"rendered":"Chu\u1ed1i s\u1ea5y"},"content":{"rendered":"<p>Chu\u1ed1i s\u1ea5y c\u1ee7a Thu\u1eadn H\u01b0\u01a1ng do \u0111\u01b0\u1ee3c ch\u1ebf bi\u1ebfn b\u1eb1ng c\u00f4ng ngh\u1ec7 hi\u1ec7n \u0111\u1ea1i, kh\u00f4ng s\u1eed d\u1ee5ng h\u00f3a ch\u1ea5t v\u00e0 ch\u1ea5t b\u1ea3o qu\u1ea3n n\u00ean chu\u1ed1i s\u1ea5y v\u1eabn gi\u1eef \u0111\u01b0\u1ee3c \u0111\u1eb7c t\u00ednh t\u1ef1 nhi\u00ean. Chu\u1ed1i s\u1ea5y gi\u00f2n, th\u01a1m, h\u1ea5p d\u1eabn kh\u1ea9u v\u1ecb , cung c\u1ea5p nhi\u1ec1u ch\u1ea5t dinh d\u01b0\u1ee1ng v\u00e0 mu\u1ed1i kho\u00e1ng cho c\u01a1 th\u1ec3, gi\u1ea3m nguy c\u01a1 m\u1eafc nh\u1eefng b\u1ec7nh l\u00fd v\u1ec1 tim m\u1ea1ch, ch\u1ee9a nhi\u1ec1u ch\u1ea5t dinh d\u01b0\u1ee1ng v\u00e0 ch\u1eefa b\u1ec7nh thi\u1ebft th\u1ef1c. chu\u1ed1i \u0111\u1eb7c bi\u1ec7t th\u00edch h\u1ee3p \u0111\u1ec3 b\u1ed5 sung kh\u1ea9u ph\u1ea7n dinh d\u01b0\u1ee1ng cho tr\u1ebb em v\u00e0 ng\u01b0\u1eddi cao tu\u1ed5i, ch\u1eefa t\u00e1o b\u00f3n v\u00e0 ng\u0103n ng\u1eeba ung th\u01b0 ru\u1ed9t gi\u00e0<\/p>","protected":false},"excerpt":{"rendered":"<p>Chu\u1ed1i s\u1ea5y c\u1ee7a Thu\u1eadn H\u01b0\u01a1ng do \u0111\u01b0\u1ee3c ch\u1ebf bi\u1ebfn b\u1eb1ng c\u00f4ng ngh\u1ec7 hi\u1ec7n \u0111\u1ea1i, kh\u00f4ng s\u1eed d\u1ee5ng h\u00f3a ch\u1ea5t v\u00e0<\/p>","protected":false},"featured_media":14267,"comment_status":"open","ping_status":"closed","template":"","meta":{"_acf_changed":false},"product_cat":[366,367],"product_tag":[],"class_list":{"0":"post-14264","1":"product","2":"type-product","3":"status-publish","4":"has-post-thumbnail","6":"product_cat-hang-cnnt-cap-qg","7":"product_cat-hang-cnnt-cap-qg-2023","9":"first","10":"instock","11":"shipping-taxable","12":"product-type-simple"},"acf":[],"_links":{"self":[{"href":"https:\/\/b2c.fairs.vn\/en\/wp-json\/wp\/v2\/product\/14264","targetHints":{"allow":["GET"]}}],"collection":[{"href":"https:\/\/b2c.fairs.vn\/en\/wp-json\/wp\/v2\/product"}],"about":[{"href":"https:\/\/b2c.fairs.vn\/en\/wp-json\/wp\/v2\/types\/product"}],"replies":[{"embeddable":true,"href":"https:\/\/b2c.fairs.vn\/en\/wp-json\/wp\/v2\/comments?post=14264"}],"version-history":[{"count":0,"href":"https:\/\/b2c.fairs.vn\/en\/wp-json\/wp\/v2\/product\/14264\/revisions"}],"wp:featuredmedia":[{"embeddable":true,"href":"https:\/\/b2c.fairs.vn\/en\/wp-json\/wp\/v2\/media\/14267"}],"wp:attachment":[{"href":"https:\/\/b2c.fairs.vn\/en\/wp-json\/wp\/v2\/media?parent=14264"}],"wp:term":[{"taxonomy":"product_cat","embeddable":true,"href":"https:\/\/b2c.fairs.vn\/en\/wp-json\/wp\/v2\/product_cat?post=14264"},{"taxonomy":"product_tag","embeddable":true,"href":"https:\/\/b2c.fairs.vn\/en\/wp-json\/wp\/v2\/product_tag?post=14264"}],"curies":[{"name":"wp","href":"https:\/\/api.w.org\/{rel}","templated":true}]}}