{"id":14257,"date":"2024-04-02T10:29:10","date_gmt":"2024-04-02T03:29:10","guid":{"rendered":"https:\/\/b2c.fairs.vn\/?post_type=product&#038;p=14257"},"modified":"2024-04-02T10:29:10","modified_gmt":"2024-04-02T03:29:10","slug":"tinh-bot-san-khoai-mi","status":"publish","type":"product","link":"https:\/\/b2c.fairs.vn\/en\/product\/tinh-bot-san-khoai-mi\/","title":{"rendered":"Tinh b\u1ed9t s\u1eafn &#8211; Khoai m\u00ec"},"content":{"rendered":"<p>C\u00e1c ch\u1ec9 s\u1ed1 ch\u1ea5t l\u01b0\u1ee3ng ch\u1ee7 y\u1ebfu:<\/p>\n<div class=\"product-quality-indicators\">\n<table border=\"0\">\n<tbody>\n<tr>\n<td>C\u1ea3m quan:<\/td>\n<td>M\u00e0u tr\u1eafng s\u00e1ng, m\u1ecbn, m\u00f9i th\u01a1m \u0111\u1eb7c tr\u01b0ng c\u1ee7a tinh b\u1ed9t s\u1eafn<\/td>\n<\/tr>\n<tr>\n<td>pH:<\/td>\n<td>5,0 \u2013 7,0<\/td>\n<\/tr>\n<tr>\n<td>\u0110\u1ed9 \u1ea9m (Moisture):<\/td>\n<td>13,0 % max<\/td>\n<\/tr>\n<tr>\n<td>\u0110\u1ed9 m\u1ecbn (Fineness 100 mesh):<\/td>\n<td>95,0 % min<\/td>\n<\/tr>\n<tr>\n<td>Tinh b\u1ed9t (Starch):<\/td>\n<td>85,0 % min<\/td>\n<\/tr>\n<tr>\n<td>\u0110\u1ed9 tr\u1eafng (Whiteness):<\/td>\n<td>95,0 % min<\/td>\n<\/tr>\n<tr>\n<td>X\u01a1 (Fiber):<\/td>\n<td>0,1 % max<\/td>\n<\/tr>\n<tr>\n<td>Tro (Ash):<\/td>\n<td>0,2 % max<\/td>\n<\/tr>\n<tr>\n<td>\u0110\u1ed9 nh\u1edbt (Viscosity, solution 6%):<\/td>\n<td>800 BU min<\/td>\n<\/tr>\n<\/tbody>\n<\/table>\n<\/div>","protected":false},"excerpt":{"rendered":"<p><strong>Gi\u1edbi thi\u1ec7u s\u1ea3n ph\u1ea9m:<\/strong><\/p>\n<p>S\u1ea3n ph\u1ea9m Tinh b\u1ed9t s\u1eafn Long Giang \u0111\u01b0\u1ee3c s\u1ea3n xu\u1ea5t t\u1ea1i Nh\u00e0 m\u00e1y Tinh b\u1ed9t Long Giang thu\u1ed9c C\u00f4ng ty CP T\u01b0 v\u1ea5n &amp; \u0110\u1ea7u t\u01b0 Long Giang Th\u1ecbnh.<\/p>\n<p>V\u1edbi d\u00e2y chuy\u1ec1n c\u00f4ng ngh\u1ec7 hi\u1ec7n \u0111\u1ea1i v\u00e0 \u0111\u1ea3m b\u1ea3o ch\u1ea5t l\u01b0\u1ee3ng nguy\u00ean li\u1ec7u \u0111\u1ea7u v\u00e0o, tinh b\u1ed9t \u0111\u01b0\u1ee3c chi\u1ebft xu\u1ea5t 100% t\u1eeb c\u1ee7 S\u1eafn (Khoai m\u00ec) t\u01b0\u01a1i, tr\u1ea3i qua qu\u00e1 tr\u00ecnh t\u00e1ch l\u1ecdc cho s\u1ea3n ph\u1ea9m tinh b\u1ed9t \u1edf d\u1ea1ng kh\u00f4, tr\u1eafng, m\u1ecbn, h\u00e0m l\u01b0\u1ee3ng tinh b\u1ed9t v\u00e0 \u0111\u1ed9 nh\u1edbt cao\u2026 S\u1ea3n ph\u1ea9m c\u00f3 m\u00f9i th\u01a1m \u0111\u1eb7c tr\u01b0ng c\u1ee7a tinh b\u1ed9t s\u1eafn, \u0111\u1ea1t ti\u00eau chu\u1ea9n ch\u1ea5t l\u01b0\u1ee3ng cao c\u1ea5p v\u00e0 \u0111\u1ea3m b\u1ea3o v\u1ec7 sinh an to\u00e0n th\u1ef1c ph\u1ea9m.<\/p>\n<p><em>C\u00f4ng d\u1ee5ng:<\/em>\u00a0D\u00f9ng cho th\u1ef1c ph\u1ea9m v\u00e0 c\u00e1c ng\u00e0nh c\u00f4ng nghi\u1ec7p ch\u1ebf bi\u1ebfn.<\/p>\n<p><em>Quy c\u00e1ch \u0111\u00f3ng g\u00f3i:<\/em>\u00a0Bao b\u00ec 2 l\u1edbp (trong PE v\u00e0 bao ngo\u00e0i PP). Tr\u1ecdng l\u01b0\u1ee3ng t\u1ecbnh 50 Kg.<\/p>\n<p><em>Ng\u00e0y s\u1ea3n xu\u1ea5t:<\/em>\u00a0Xem tr\u00ean bao b\u00ec. Th\u1eddi h\u1ea1n s\u1eed d\u1ee5ng: 24 th\u00e1ng.<\/p>\n<p><em>\u0110i\u1ec1u ki\u1ec7n b\u1ea3o qu\u1ea3n:<\/em>\u00a0\u0110\u1ec3 n\u01a1i kh\u00f4 r\u00e1o tho\u00e1ng m\u00e1t, tr\u00e1nh c\u00f4n tr\u00f9ng v\u00e0 \u0111\u1ed9ng v\u1eadt x\u00e2m nh\u1eadp.<\/p>","protected":false},"featured_media":14259,"comment_status":"open","ping_status":"closed","template":"","meta":{"_acf_changed":false},"product_cat":[311,366,447,22,310],"product_tag":[],"class_list":{"0":"post-14257","1":"product","2":"type-product","3":"status-publish","4":"has-post-thumbnail","6":"product_cat-gao-ngu-coc-hat-so-che-khac","7":"product_cat-hang-cnnt-cap-qg","8":"product_cat-san-pham-cnnt-tb-cap-qg-2017","9":"product_cat-sanphamthucpham","10":"product_cat-thuc-pham-tho-so-che","12":"first","13":"instock","14":"shipping-taxable","15":"product-type-simple"},"acf":[],"_links":{"self":[{"href":"https:\/\/b2c.fairs.vn\/en\/wp-json\/wp\/v2\/product\/14257","targetHints":{"allow":["GET"]}}],"collection":[{"href":"https:\/\/b2c.fairs.vn\/en\/wp-json\/wp\/v2\/product"}],"about":[{"href":"https:\/\/b2c.fairs.vn\/en\/wp-json\/wp\/v2\/types\/product"}],"replies":[{"embeddable":true,"href":"https:\/\/b2c.fairs.vn\/en\/wp-json\/wp\/v2\/comments?post=14257"}],"version-history":[{"count":0,"href":"https:\/\/b2c.fairs.vn\/en\/wp-json\/wp\/v2\/product\/14257\/revisions"}],"wp:featuredmedia":[{"embeddable":true,"href":"https:\/\/b2c.fairs.vn\/en\/wp-json\/wp\/v2\/media\/14259"}],"wp:attachment":[{"href":"https:\/\/b2c.fairs.vn\/en\/wp-json\/wp\/v2\/media?parent=14257"}],"wp:term":[{"taxonomy":"product_cat","embeddable":true,"href":"https:\/\/b2c.fairs.vn\/en\/wp-json\/wp\/v2\/product_cat?post=14257"},{"taxonomy":"product_tag","embeddable":true,"href":"https:\/\/b2c.fairs.vn\/en\/wp-json\/wp\/v2\/product_tag?post=14257"}],"curies":[{"name":"wp","href":"https:\/\/api.w.org\/{rel}","templated":true}]}}