{"id":14245,"date":"2024-04-02T10:29:09","date_gmt":"2024-04-02T03:29:09","guid":{"rendered":"https:\/\/b2c.fairs.vn\/?post_type=product&#038;p=14245"},"modified":"2024-04-02T10:29:09","modified_gmt":"2024-04-02T03:29:09","slug":"khoai-lang-say-2","status":"publish","type":"product","link":"https:\/\/b2c.fairs.vn\/en\/product\/khoai-lang-say-2\/","title":{"rendered":"Khoai lang s\u1ea5y"},"content":{"rendered":"<p>Ch\u1ec9 c\u00f3 \u1edf m\u1ed9t s\u1ed1 n\u01b0\u1edbc nhi\u1ec7t \u0111\u1edbi; khoai lang l\u00e0 m\u1ed9t lo\u1ea1i c\u1ee7 b\u1ed5 d\u01b0\u1ee1ng, l\u00e0 m\u1ed9t th\u1ef1c ph\u1ea9m gi\u00e0u c\u00e1c ch\u1ea5t manga, canxi, vitamin B, choline,\u2026Ngo\u00e0i ra, c\u1ee7 khoai lang c\u00f2n l\u00e0 m\u1ed9t th\u1ee9c \u0103n t\u1ed1t v\u1edbi nh\u1eefng ng\u01b0\u1eddi b\u1ecb suy y\u1ebfu gan, di tinh , n\u01b0\u1edbc ti\u1ec3u \u0111\u1ee5c, kinh nguy\u1ec7t kh\u00f4ng \u0111\u1ec1u, m\u00e1u x\u1ea5u. Khoai lang kh\u00f4 c\u00f3 ch\u1ee9a nh\u1eefng ch\u1ea5t r\u1ea5t qu\u00fd v\u1edbi c\u01a1 th\u1ec3 l\u00e0 vitamin ch\u1ed1ng nhi\u1ec5m m\u1ee1.N\u1ebfu thi\u1ebfu vitamin n\u00e0y c\u01a1 th\u1ec3 d\u1ec3 b\u1ecb d\u1eabn \u0111\u1ebfn h\u1ed7n lo\u1ea1n chuy\u1ec3n h\u00f3a gan, nhi\u1ec5m m\u1ee1 gan, x\u01a1 gan.<\/p>\n<p>S\u1ea3n ph\u1ea9m Chip Khoai Lang s\u1ea5y Thu\u1eadn H\u01b0\u01a1ng c\u00f3 v\u1ecb khoai lang \u0111\u1eb7c tr\u01b0ng, gi\u00f2n x\u1ed1p, ph\u00f9 h\u1ee3p cho m\u1ecdi lo\u1ea1i \u0111\u1ed1i t\u01b0\u1ee3ng ng\u01b0\u1eddi ti\u00eau dung mu\u1ed1n th\u01b0\u1edfng th\u1ee9c khoai lang v\u00e0 coi khoai lang nh\u01b0 m\u1ed9t th\u1ee9c \u0103n b\u1ed5 d\u01b0\u1ee1ng v\u00e0 c\u00f3 t\u00e1c d\u1ee5ng ph\u00f2ng ch\u1ed1ng b\u1ec7nh.<\/p>","protected":false},"excerpt":{"rendered":"<p>Ch\u1ec9 c\u00f3 \u1edf m\u1ed9t s\u1ed1 n\u01b0\u1edbc nhi\u1ec7t \u0111\u1edbi; khoai lang l\u00e0 m\u1ed9t lo\u1ea1i c\u1ee7 b\u1ed5 d\u01b0\u1ee1ng, l\u00e0 m\u1ed9t th\u1ef1c ph\u1ea9m<\/p>","protected":false},"featured_media":14258,"comment_status":"open","ping_status":"closed","template":"","meta":{"_acf_changed":false},"product_cat":[366,367],"product_tag":[],"class_list":{"0":"post-14245","1":"product","2":"type-product","3":"status-publish","4":"has-post-thumbnail","6":"product_cat-hang-cnnt-cap-qg","7":"product_cat-hang-cnnt-cap-qg-2023","9":"first","10":"instock","11":"shipping-taxable","12":"product-type-simple"},"acf":[],"_links":{"self":[{"href":"https:\/\/b2c.fairs.vn\/en\/wp-json\/wp\/v2\/product\/14245","targetHints":{"allow":["GET"]}}],"collection":[{"href":"https:\/\/b2c.fairs.vn\/en\/wp-json\/wp\/v2\/product"}],"about":[{"href":"https:\/\/b2c.fairs.vn\/en\/wp-json\/wp\/v2\/types\/product"}],"replies":[{"embeddable":true,"href":"https:\/\/b2c.fairs.vn\/en\/wp-json\/wp\/v2\/comments?post=14245"}],"version-history":[{"count":0,"href":"https:\/\/b2c.fairs.vn\/en\/wp-json\/wp\/v2\/product\/14245\/revisions"}],"wp:featuredmedia":[{"embeddable":true,"href":"https:\/\/b2c.fairs.vn\/en\/wp-json\/wp\/v2\/media\/14258"}],"wp:attachment":[{"href":"https:\/\/b2c.fairs.vn\/en\/wp-json\/wp\/v2\/media?parent=14245"}],"wp:term":[{"taxonomy":"product_cat","embeddable":true,"href":"https:\/\/b2c.fairs.vn\/en\/wp-json\/wp\/v2\/product_cat?post=14245"},{"taxonomy":"product_tag","embeddable":true,"href":"https:\/\/b2c.fairs.vn\/en\/wp-json\/wp\/v2\/product_tag?post=14245"}],"curies":[{"name":"wp","href":"https:\/\/api.w.org\/{rel}","templated":true}]}}