{"id":14238,"date":"2024-04-02T10:25:08","date_gmt":"2024-04-02T03:25:08","guid":{"rendered":"https:\/\/b2c.fairs.vn\/?post_type=product&#038;p=14238"},"modified":"2024-04-02T10:25:09","modified_gmt":"2024-04-02T03:25:09","slug":"tinh-bot-san","status":"publish","type":"product","link":"https:\/\/b2c.fairs.vn\/en\/product\/tinh-bot-san\/","title":{"rendered":"Tinh B\u1ed9t S\u1eafn"},"content":{"rendered":"<p>C\u00e1c ch\u1ec9 s\u1ed1 ch\u1ea5t l\u01b0\u1ee3ng ch\u1ee7 y\u1ebfu:<\/p>\n<div class=\"product-quality-indicators\">\n<table style=\"height: 562px;\" border=\"0\" width=\"516\">\n<tbody>\n<tr>\n<td colspan=\"2\" width=\"283\">Cam k\u1ebft nguy\u00ean ch\u1ea5t 100% t\u1eeb c\u1ee7 s\u1eafn d\u00e2y.<\/td>\n<\/tr>\n<tr>\n<td colspan=\"2\" width=\"283\">M\u00f9i th\u01a1m khay &#8211; ng\u1ecdt v\u00e0 thanh m\u00e1t t\u1ef1 nhi\u00ean.<\/td>\n<\/tr>\n<tr>\n<td width=\"163\">M\u00e0u tr\u1eafng v\u1edbi \u0111\u1ed9 tr\u1eafng:<\/td>\n<td width=\"120\">\u2265 95%<\/td>\n<\/tr>\n<tr>\n<td width=\"163\">\u0110\u1ed9 m\u1ecbn:<\/td>\n<td width=\"120\">\u2265 95%<\/td>\n<\/tr>\n<tr>\n<td width=\"163\">pH:<\/td>\n<td width=\"120\">5,0 &#8211; 7,0<\/td>\n<\/tr>\n<tr>\n<td width=\"163\">\u0110\u1ed9 \u1ea9m (Moisture):<\/td>\n<td width=\"120\">13,0 % max<\/td>\n<\/tr>\n<tr>\n<td width=\"163\">Tinh b\u1ed9t (Starch):<\/td>\n<td width=\"120\">85,0 % min<\/td>\n<\/tr>\n<tr>\n<td width=\"163\">X\u01a1 (Fiber):<\/td>\n<td width=\"120\">0,1 % max<\/td>\n<\/tr>\n<tr>\n<td width=\"163\">Tro (Ash):<\/td>\n<td width=\"120\">0,1 % max<\/td>\n<\/tr>\n<\/tbody>\n<\/table>\n<\/div>","protected":false},"excerpt":{"rendered":"<p><strong>Gi\u1edbi thi\u1ec7u s\u1ea3n ph\u1ea9m:<\/strong><\/p>\n<p>Tinh b\u1ed9t s\u1eafn d\u00e2y Long Giang (B\u1ed9t s\u1eafn d\u00e2y Long Giang) c\u00f3 t\u00e1c d\u1ee5ng thanh nhi\u1ec7t, gi\u1ea3i r\u01b0\u1ee3u, ti\u00eau \u0111\u1ed9c c\u01a1 th\u1ec3&#8230; Tinh b\u1ed9t s\u1eafn d\u00e2y \u0111\u01b0\u1ee3c s\u1eed d\u1ee5ng trong \u1ea9m th\u1ef1c truy\u1ec1n th\u1ed1ng \u1edf m\u1ed9t s\u1ed1 qu\u1ed1c gia, nh\u01b0: Vi\u1ec7t Nam, Trung Qu\u1ed1c, Nh\u1eadt B\u1ea3n. Ngo\u00e0i c\u00e1ch s\u1eed d\u1ee5ng theo truy\u1ec1n th\u1ed1ng d\u00e2n gian, \u1edf Trung Qu\u1ed1c v\u00e0 Nh\u1eadt B\u1ea3n ng\u01b0\u1eddi ta c\u00f2n s\u1ea3n xu\u1ea5t n\u01b0\u1edbc s\u1eafn d\u00e2y \u0111\u00f3ng h\u1ed9p nh\u01b0 m\u1ed9t th\u1ee9c u\u1ed1ng gi\u1ea3i kh\u00e1t cao c\u1ea5p.<\/p>\n<p>Nh\u1eb1m n\u00e2ng cao ch\u1ea5t l\u01b0\u1ee3ng s\u1ea3n ph\u1ea9m \u0111\u00e1p \u1ee9ng nhu c\u1ea7u tin d\u00f9ng ph\u1ee5c v\u1ee5 \u0111\u1eddi s\u1ed1ng c\u1ee7a ng\u01b0\u1eddi ti\u00eau d\u00f9ng. C\u00f4ng ty CP Long Giang Th\u1ecbnh \u0111\u00e3 s\u1ea3n xu\u1ea5t s\u1ea3n ph\u1ea9m Tinh b\u1ed9t s\u1eafn d\u00e2y Long Giang v\u1edbi ngu\u1ed3n nguy\u00ean li\u1ec7u \u0111\u01b0\u1ee3c ch\u0103m b\u00f3n theo ph\u01b0\u01a1ng ph\u00e1p h\u1eefu c\u01a1, ch\u1ea5t l\u01b0\u1ee3ng c\u1ee7 s\u1eafn d\u00e2y tr\u01b0\u1edbc khi \u0111\u01b0a v\u00e0o ch\u1ebf bi\u1ebfn \u0111\u01b0\u1ee3c ch\u1ecdn l\u1ecdc k\u1ef9 l\u01b0\u1ee1ng. Qu\u00e1 tr\u00ecnh ch\u1ebf bi\u1ebfn s\u1eed d\u1ee5ng thi\u1ebft b\u1ecb c\u00f3 c\u00e1nh khu\u1ea5y v\u00e0 ngu\u1ed3n n\u01b0\u1edbc s\u1ea1ch \u0111\u00e3 qua x\u1eed l\u00fd \u0111\u1ec3 r\u1eeda s\u1ea1ch c\u1ee7, sau \u0111\u00f3 \u0111\u01b0a v\u00e0o ch\u1ebf bi\u1ebfn tr\u00ean d\u00e2y chuy\u1ec1n c\u00f4ng ngh\u1ec7 hi\u1ec7n \u0111\u1ea1i, quy tr\u00ecnh ch\u1ebf bi\u1ebfn kh\u00e9p k\u00edn, ho\u00e0n to\u00e0n c\u00e1ch ly v\u1edbi m\u00f4i tr\u01b0\u1eddng b\u00ean ngo\u00e0i. S\u1ea3n ph\u1ea9m l\u00e0m ra \u0111\u1ea3m b\u1ea3o c\u00e1c y\u00eau c\u1ea7u v\u1ec1 m\u1ee9c \u0111\u1ed9 tinh khi\u1ebft v\u00e0 v\u1ec7 sinh an to\u00e0n th\u1ef1c ph\u1ea9m.<\/p>\n<p>S\u1ea3n ph\u1ea9m Tinh b\u1ed9t s\u1eafn d\u00e2y tinh khi\u1ebft mang nh\u00e3n hi\u1ec7u \u201c<strong>LONG GIANG<\/strong>\u201d c\u00f3 m\u00f9i th\u01a1m khay &#8211; ng\u1ecdt v\u00e0 thanh m\u00e1t t\u1ef1 nhi\u00ean, l\u00e0 \u0111\u1eb7c tr\u01b0ng h\u01b0\u01a1ng v\u1ecb c\u1ee7a tinh b\u1ed9t s\u1eafn d\u00e2y nguy\u00ean ch\u1ea5t. \u0110\u1ea3m b\u1ea3o \u0111\u1ed9 tr\u1eafng, \u0111\u1ed9 m\u1ecbn, \u0111\u1ed9 \u1ea9m (\u226413% c\u00f3 th\u1ec3 b\u1ea3o qu\u1ea3n \u0111\u01b0\u1ee3c trong th\u1eddi gian d\u00e0i \u0111\u1ebfn 24 th\u00e1ng m\u00e0 kh\u00f4ng s\u1ee3 b\u1ecb m\u1ed1c ho\u1eb7c b\u1ecb bi\u1ebfn ch\u1ea5t). Kh\u00f4ng d\u00f9ng ch\u1ea5t b\u1ea3o qu\u1ea3n ho\u1eb7c pha tr\u1ed9n th\u00eam c\u00e1c th\u00e0nh ph\u1ea7n kh\u00e1c. S\u1ea3n ph\u1ea9m lu\u00f4n \u0111\u1ea3m b\u1ea3o nguy\u00ean ch\u1ea5t, tinh khi\u1ebft, thu\u1eadn ti\u1ec7n trong s\u1eed d\u1ee5ng ho\u1eb7c b\u1ea3o qu\u1ea3n v\u00e0 \u0111\u00e1p \u1ee9ng nhu c\u1ea7u \u1ea9m th\u1ef1c c\u1ee7a ng\u01b0\u1eddi ti\u00eau d\u00f9ng.<\/p>\n<p><em>C\u00f4ng d\u1ee5ng:<\/em>\u00a0D\u00f9ng cho th\u1ef1c ph\u1ea9m v\u00e0 c\u00f3 th\u1ec3 s\u1eed d\u1ee5ng nh\u01b0 m\u1ed9t lo\u1ea1i th\u1ef1c ph\u1ea9m ch\u1ee9c n\u0103ng \u0111\u1ec3 thanh nhi\u1ec7t, gi\u1ea3i r\u01b0\u1ee3u, ti\u00eau \u0111\u1ed9c c\u01a1 th\u1ec3 v\u00e0 b\u1ed3i d\u01b0\u1ee1ng s\u1ee9c kh\u1ecfe.<\/p>\n<p><em>Quy c\u00e1ch \u0111\u00f3ng g\u00f3i:<\/em>\u00a0\u0110\u1ef1ng trong l\u1ecd nh\u1ef1a ho\u1eb7c t\u00fai nilon h\u00fat ch\u00e2n kh\u00f4ng. Tr\u1ecdng l\u01b0\u1ee3ng t\u1ecbnh: 250 gr, 500 gr.<\/p>\n<p><em>Ng\u00e0y s\u1ea3n xu\u1ea5t:<\/em>\u00a0Xem tr\u00ean bao b\u00ec. Th\u1eddi h\u1ea1n s\u1eed d\u1ee5ng: 24 th\u00e1ng.<\/p>\n<p><em>\u0110i\u1ec1u ki\u1ec7n b\u1ea3o qu\u1ea3n:<\/em>\u00a0\u0110\u1ec3 n\u01a1i kh\u00f4 r\u00e1o, tho\u00e1ng m\u00e1t v\u00e0 \u0111\u1ec1 ph\u00f2ng c\u00f4n tr\u00f9ng, \u0111\u1ed9ng v\u1eadt x\u00e2m nh\u1eadp.<\/p>","protected":false},"featured_media":14249,"comment_status":"open","ping_status":"closed","template":"","meta":{"_acf_changed":false},"product_cat":[311,366,447,22,310],"product_tag":[],"class_list":{"0":"post-14238","1":"product","2":"type-product","3":"status-publish","4":"has-post-thumbnail","6":"product_cat-gao-ngu-coc-hat-so-che-khac","7":"product_cat-hang-cnnt-cap-qg","8":"product_cat-san-pham-cnnt-tb-cap-qg-2017","9":"product_cat-sanphamthucpham","10":"product_cat-thuc-pham-tho-so-che","12":"first","13":"instock","14":"shipping-taxable","15":"product-type-simple"},"acf":[],"_links":{"self":[{"href":"https:\/\/b2c.fairs.vn\/en\/wp-json\/wp\/v2\/product\/14238","targetHints":{"allow":["GET"]}}],"collection":[{"href":"https:\/\/b2c.fairs.vn\/en\/wp-json\/wp\/v2\/product"}],"about":[{"href":"https:\/\/b2c.fairs.vn\/en\/wp-json\/wp\/v2\/types\/product"}],"replies":[{"embeddable":true,"href":"https:\/\/b2c.fairs.vn\/en\/wp-json\/wp\/v2\/comments?post=14238"}],"version-history":[{"count":0,"href":"https:\/\/b2c.fairs.vn\/en\/wp-json\/wp\/v2\/product\/14238\/revisions"}],"wp:featuredmedia":[{"embeddable":true,"href":"https:\/\/b2c.fairs.vn\/en\/wp-json\/wp\/v2\/media\/14249"}],"wp:attachment":[{"href":"https:\/\/b2c.fairs.vn\/en\/wp-json\/wp\/v2\/media?parent=14238"}],"wp:term":[{"taxonomy":"product_cat","embeddable":true,"href":"https:\/\/b2c.fairs.vn\/en\/wp-json\/wp\/v2\/product_cat?post=14238"},{"taxonomy":"product_tag","embeddable":true,"href":"https:\/\/b2c.fairs.vn\/en\/wp-json\/wp\/v2\/product_tag?post=14238"}],"curies":[{"name":"wp","href":"https:\/\/api.w.org\/{rel}","templated":true}]}}