{"id":14232,"date":"2024-04-02T10:20:56","date_gmt":"2024-04-02T03:20:56","guid":{"rendered":"https:\/\/b2c.fairs.vn\/?post_type=product&#038;p=14232"},"modified":"2024-04-02T10:20:56","modified_gmt":"2024-04-02T03:20:56","slug":"mit-say-3","status":"publish","type":"product","link":"https:\/\/b2c.fairs.vn\/en\/product\/mit-say-3\/","title":{"rendered":"M\u00edt s\u1ea5y"},"content":{"rendered":"<p>S\u1ea3n ph\u1ea9m M\u00edt s\u1ea5y kh\u00f4 c\u1ee7a Thu\u1eadn H\u01b0\u01a1ng c\u00f3 m\u00e0u s\u1eafc, h\u01b0\u01a1ng v\u1ecb \u0111\u1eb7c tr\u01b0ng c\u1ee7a m\u00fai m\u00edt t\u01b0\u01a1i, gi\u00f2n tan; \u0111\u1eb7c bi\u1ec7t c\u00e1c ch\u1ea5t dinh d\u01b0\u1ee1ng \u0111\u01b0\u1ee3c b\u1ea3o t\u1ed3n, \u0111\u00e2y l\u00e0 y\u1ebfu t\u1ed1 gi\u00fap ng\u01b0\u1eddi ti\u00eau d\u00f9ng c\u00f3 th\u1ec3 th\u01b0\u1edfng th\u1ee9c h\u01b0\u01a1ng v\u1ecb c\u1ee7a m\u00edt nhi\u1ec7t \u0111\u1edbi quanh n\u0103m.<\/p>","protected":false},"excerpt":{"rendered":"<p>S\u1ea3n ph\u1ea9m M\u00edt s\u1ea5y kh\u00f4 c\u1ee7a Thu\u1eadn H\u01b0\u01a1ng c\u00f3 m\u00e0u s\u1eafc, h\u01b0\u01a1ng v\u1ecb \u0111\u1eb7c tr\u01b0ng c\u1ee7a m\u00fai m\u00edt t\u01b0\u01a1i, gi\u00f2n<\/p>","protected":false},"featured_media":14237,"comment_status":"open","ping_status":"closed","template":"","meta":{"_acf_changed":false},"product_cat":[366,367],"product_tag":[],"class_list":{"0":"post-14232","1":"product","2":"type-product","3":"status-publish","4":"has-post-thumbnail","6":"product_cat-hang-cnnt-cap-qg","7":"product_cat-hang-cnnt-cap-qg-2023","9":"first","10":"instock","11":"shipping-taxable","12":"product-type-simple"},"acf":[],"_links":{"self":[{"href":"https:\/\/b2c.fairs.vn\/en\/wp-json\/wp\/v2\/product\/14232","targetHints":{"allow":["GET"]}}],"collection":[{"href":"https:\/\/b2c.fairs.vn\/en\/wp-json\/wp\/v2\/product"}],"about":[{"href":"https:\/\/b2c.fairs.vn\/en\/wp-json\/wp\/v2\/types\/product"}],"replies":[{"embeddable":true,"href":"https:\/\/b2c.fairs.vn\/en\/wp-json\/wp\/v2\/comments?post=14232"}],"version-history":[{"count":0,"href":"https:\/\/b2c.fairs.vn\/en\/wp-json\/wp\/v2\/product\/14232\/revisions"}],"wp:featuredmedia":[{"embeddable":true,"href":"https:\/\/b2c.fairs.vn\/en\/wp-json\/wp\/v2\/media\/14237"}],"wp:attachment":[{"href":"https:\/\/b2c.fairs.vn\/en\/wp-json\/wp\/v2\/media?parent=14232"}],"wp:term":[{"taxonomy":"product_cat","embeddable":true,"href":"https:\/\/b2c.fairs.vn\/en\/wp-json\/wp\/v2\/product_cat?post=14232"},{"taxonomy":"product_tag","embeddable":true,"href":"https:\/\/b2c.fairs.vn\/en\/wp-json\/wp\/v2\/product_tag?post=14232"}],"curies":[{"name":"wp","href":"https:\/\/api.w.org\/{rel}","templated":true}]}}