{"id":14231,"date":"2024-04-02T10:26:12","date_gmt":"2024-04-02T03:26:12","guid":{"rendered":"https:\/\/b2c.fairs.vn\/?post_type=product&#038;p=14231"},"modified":"2024-04-02T10:26:13","modified_gmt":"2024-04-02T03:26:13","slug":"mat-ong-nghe-vien-vang-truong-tho","status":"publish","type":"product","link":"https:\/\/b2c.fairs.vn\/en\/product\/mat-ong-nghe-vien-vang-truong-tho\/","title":{"rendered":"M\u1eadt ong ngh\u1ec7 vi\u00ean v\u00e0ng Tr\u01b0\u1eddng Th\u1ecd"},"content":{"rendered":"<p>C\u00f4ng d\u1ee5ng: Gi\u00fap c\u1ea3i thi\u1ec7n s\u1ee9c kh\u1ecfe ph\u1ee5 n\u1eef sau khi sinh. H\u1ed7 tr\u1ee3 l\u00e0m l\u00e0nh v\u1ebft lo\u00e9t d\u1ea1 d\u00e0y, t\u00e1 tr\u00e0ng.<\/p>\n<p>Xu\u1ea5t x\u1ee9: Vi\u1ec7t Nam.<\/p>\n<p>Th\u01b0\u01a1ng hi\u1ec7u: Tr\u01b0\u1eddngTh\u1ecd<\/p>\n<p>Th\u00e0nh ph\u1ea7n: Ngh\u1ec7 \u0111en 75%, m\u1eadt ong r\u1eebng nguy\u00ean ch\u1ea5t 25%<\/p>\n<p>Dung t\u00edch: 100g<\/p>\n<p>B\u1ea3o qu\u1ea3n: \u1ede nhi\u1ec7t \u0111\u1ed9 ph\u00f2ng (&lt; 30oC), tr\u00e1nh \u00e1nh n\u1eafng m\u1eb7t tr\u1eddi.<strong>\u00a0<\/strong><\/p>\n<p><strong>L\u01b0u \u00fd:<\/strong><span class=\"apple-converted-space\">\u00a0Kh\u00f4ng d\u00f9ng b\u1ed9t ngh\u1ec7 v\u1edbi thu\u1ed1c t\u00e2y c\u00f9ng m\u1ed9t l\u00fac \u0111\u1ec1 ph\u00f2ng tr\u01b0\u1eddng h\u1ee3p \u1ea3nh h\u01b0\u1edfng \u0111\u1ebfn m\u00e1u.<\/span><\/p>","protected":false},"excerpt":{"rendered":"<p>C\u00f4ng d\u1ee5ng: Gi\u00fap c\u1ea3i thi\u1ec7n s\u1ee9c kh\u1ecfe ph\u1ee5 n\u1eef sau khi sinh. H\u1ed7 tr\u1ee3 l\u00e0m l\u00e0nh v\u1ebft lo\u00e9t d\u1ea1 d\u00e0y,<\/p>","protected":false},"featured_media":14236,"comment_status":"open","ping_status":"closed","template":"","meta":{"_acf_changed":false},"product_cat":[332,366,447,333],"product_tag":[],"class_list":{"0":"post-14231","1":"product","2":"type-product","3":"status-publish","4":"has-post-thumbnail","6":"product_cat-san-pham-duoc-lieu-va-san-pham-tu-duoc-lieu","7":"product_cat-hang-cnnt-cap-qg","8":"product_cat-san-pham-cnnt-tb-cap-qg-2017","9":"product_cat-thuc-pham-chuc-nang-thuoc-duoc-lieu-thuoc-y-hoc-co-truyen","11":"first","12":"instock","13":"shipping-taxable","14":"purchasable","15":"product-type-simple"},"acf":[],"_links":{"self":[{"href":"https:\/\/b2c.fairs.vn\/en\/wp-json\/wp\/v2\/product\/14231","targetHints":{"allow":["GET"]}}],"collection":[{"href":"https:\/\/b2c.fairs.vn\/en\/wp-json\/wp\/v2\/product"}],"about":[{"href":"https:\/\/b2c.fairs.vn\/en\/wp-json\/wp\/v2\/types\/product"}],"replies":[{"embeddable":true,"href":"https:\/\/b2c.fairs.vn\/en\/wp-json\/wp\/v2\/comments?post=14231"}],"version-history":[{"count":0,"href":"https:\/\/b2c.fairs.vn\/en\/wp-json\/wp\/v2\/product\/14231\/revisions"}],"wp:featuredmedia":[{"embeddable":true,"href":"https:\/\/b2c.fairs.vn\/en\/wp-json\/wp\/v2\/media\/14236"}],"wp:attachment":[{"href":"https:\/\/b2c.fairs.vn\/en\/wp-json\/wp\/v2\/media?parent=14231"}],"wp:term":[{"taxonomy":"product_cat","embeddable":true,"href":"https:\/\/b2c.fairs.vn\/en\/wp-json\/wp\/v2\/product_cat?post=14231"},{"taxonomy":"product_tag","embeddable":true,"href":"https:\/\/b2c.fairs.vn\/en\/wp-json\/wp\/v2\/product_tag?post=14231"}],"curies":[{"name":"wp","href":"https:\/\/api.w.org\/{rel}","templated":true}]}}