{"id":14227,"date":"2024-04-02T10:25:18","date_gmt":"2024-04-02T03:25:18","guid":{"rendered":"https:\/\/b2c.fairs.vn\/?post_type=product&#038;p=14227"},"modified":"2024-04-02T10:25:18","modified_gmt":"2024-04-02T03:25:18","slug":"nuoc-dong-trung-ha-thao","status":"publish","type":"product","link":"https:\/\/b2c.fairs.vn\/en\/product\/nuoc-dong-trung-ha-thao\/","title":{"rendered":"N\u01b0\u1edbc \u0110\u00f4ng Tr\u00f9ng H\u1ea1 Th\u1ea3o"},"content":{"rendered":"<p><strong>N\u01b0\u1edbc Gi\u1ea3i Kh\u00e1t \u0110\u00f4ng Tr\u00f9ng H\u1ea1 Th\u1ea3o Thi\u00ean \u00c2n\u00a0<\/strong>\u0111\u1ea1t ch\u1ee9ng nh\u1eadn H\u00e0ng Vi\u1ec7t Nam Ch\u1ea5t L\u01b0\u1ee3ng Cao,<strong>\u00a0<\/strong>l\u00e0 c\u00e1c lo\u1ea1i n\u01b0\u1edbc gi\u1ea3i kh\u00e1t \u0111\u01b0\u1ee3c ch\u1ebf bi\u1ebfn t\u1eeb \u0111\u00f4ng tr\u00f9ng h\u1ea1 th\u1ea3o, c\u00f3 t\u00e1c d\u1ee5ng gi\u1ea3i nhi\u1ec7t, gi\u1ea3m stress, h\u1ed7 tr\u1ee3 \u0111i\u1ec1u h\u00f2a huy\u1ebft \u00e1p, t\u0103ng c\u01b0\u1eddng s\u1ee9c \u0111\u1ec1 kh\u00e1ng v\u00e0 t\u1ed1t cho s\u1ee9c kh\u1ecfe t\u1ed5ng th\u1ec3. N\u01b0\u1edbc gi\u1ea3i kh\u00e1t \u0111\u00f4ng tr\u00f9ng h\u1ea1 th\u1ea3o c\u00f3 m\u00f9i th\u01a1m v\u00e0 h\u01b0\u01a1ng v\u1ecb h\u1ea5p d\u1eabn, t\u1ef1 nhi\u00ean v\u00e0 an to\u00e0n cho s\u1ee9c kh\u1ecfe.<br \/>\n&#8212;&#8212;&#8212;&#8212;&#8212;&#8212;&#8212;&#8212;-<br \/>\n<strong>Th\u00e0nh ph\u1ea7n<\/strong>: N\u01b0\u1edbc, \u0111\u00f4ng tr\u00f9ng h\u1ea1 th\u1ea3o, \u0111\u01b0\u1eddng tinh luy\u1ec7n, h\u01b0\u01a1ng li\u1ec7u d\u00f9ng trong th\u1ef1c ph\u1ea9m.<br \/>\n<strong>H\u01b0\u1edbng d\u1eabn s\u1eed d\u1ee5ng<\/strong>: L\u1eafc \u0111\u1ec1u tr\u01b0\u1edbc khi u\u1ed1ng, ngon h\u01a1n khi u\u1ed1ng l\u1ea1nh.<br \/>\n<strong>H\u01b0\u1edbng d\u1eabn b\u1ea3o qu\u1ea3n<\/strong>: N\u01a1i kh\u00f4 r\u00e1o tho\u00e1ng m\u00e1t, tr\u00e1nh \u00e1nh s\u00e1ng tr\u1ef1c ti\u1ebfp.<br \/>\n<strong>Th\u00f4ng tin c\u1ea3nh b\u00e1o<\/strong>: Kh\u00f4ng s\u1eed d\u1ee5ng s\u1ea3n ph\u1ea9m khi h\u1ebft h\u1ea1n ho\u1eb7c khi c\u00f3 d\u1ea5u hi\u1ec7u h\u01b0 h\u1ecfng.<br \/>\n<strong>Ng\u00e0y s\u1ea3n xu\u1ea5t, h\u1ea1n s\u1eed d\u1ee5ng<\/strong>: Xem tr\u00ean bao b\u00ec<\/p>","protected":false},"excerpt":{"rendered":"<p>N\u01b0\u1edbc Gi\u1ea3i Kh\u00e1t \u0110\u00f4ng Tr\u00f9ng H\u1ea1 Th\u1ea3o Thi\u00ean \u00c2n\u00a0\u0111\u1ea1t ch\u1ee9ng nh\u1eadn H\u00e0ng Vi\u1ec7t Nam Ch\u1ea5t L\u01b0\u1ee3ng Cao,\u00a0l\u00e0 c\u00e1c lo\u1ea1i n\u01b0\u1edbc<\/p>","protected":false},"featured_media":14240,"comment_status":"open","ping_status":"closed","template":"","meta":{"_acf_changed":false},"product_cat":[325,329,366,398],"product_tag":[],"class_list":{"0":"post-14227","1":"product","2":"type-product","3":"status-publish","4":"has-post-thumbnail","6":"product_cat-san-pham-do-uong","7":"product_cat-do-uong-khong-con","8":"product_cat-hang-cnnt-cap-qg","9":"product_cat-san-pham-cnnt-tb-cap-qg-2021","11":"first","12":"instock","13":"shipping-taxable","14":"purchasable","15":"product-type-simple"},"acf":[],"_links":{"self":[{"href":"https:\/\/b2c.fairs.vn\/en\/wp-json\/wp\/v2\/product\/14227","targetHints":{"allow":["GET"]}}],"collection":[{"href":"https:\/\/b2c.fairs.vn\/en\/wp-json\/wp\/v2\/product"}],"about":[{"href":"https:\/\/b2c.fairs.vn\/en\/wp-json\/wp\/v2\/types\/product"}],"replies":[{"embeddable":true,"href":"https:\/\/b2c.fairs.vn\/en\/wp-json\/wp\/v2\/comments?post=14227"}],"version-history":[{"count":0,"href":"https:\/\/b2c.fairs.vn\/en\/wp-json\/wp\/v2\/product\/14227\/revisions"}],"wp:featuredmedia":[{"embeddable":true,"href":"https:\/\/b2c.fairs.vn\/en\/wp-json\/wp\/v2\/media\/14240"}],"wp:attachment":[{"href":"https:\/\/b2c.fairs.vn\/en\/wp-json\/wp\/v2\/media?parent=14227"}],"wp:term":[{"taxonomy":"product_cat","embeddable":true,"href":"https:\/\/b2c.fairs.vn\/en\/wp-json\/wp\/v2\/product_cat?post=14227"},{"taxonomy":"product_tag","embeddable":true,"href":"https:\/\/b2c.fairs.vn\/en\/wp-json\/wp\/v2\/product_tag?post=14227"}],"curies":[{"name":"wp","href":"https:\/\/api.w.org\/{rel}","templated":true}]}}