{"id":14210,"date":"2024-04-02T10:12:09","date_gmt":"2024-04-02T03:12:09","guid":{"rendered":"https:\/\/b2c.fairs.vn\/?post_type=product&#038;p=14210"},"modified":"2024-04-02T10:12:48","modified_gmt":"2024-04-02T03:12:48","slug":"den-ap-tuong","status":"publish","type":"product","link":"https:\/\/b2c.fairs.vn\/en\/product\/den-ap-tuong\/","title":{"rendered":"\u0110\u00e8n \u00e1p t\u01b0\u1eddng"},"content":{"rendered":"<h6>TH\u00d4NG S\u1ed0:<\/h6>\n<ul>\n<li><b>Ch\u1ea5t li\u1ec7u:\u00a0<\/b>\u0110\u1ed3ng<\/li>\n<li><b>K\u00edch th\u01b0\u1edbc:\u00a0<\/b>M\u00e0u v\u00e0ng \u0111\u1ed3ng ho\u1eb7c n\u00e2u, \u0111en<\/li>\n<li><b>M\u00e0u s\u1eafc:<\/b>\u00a0Theo y\u00eau c\u1ea7u<\/li>\n<li>\u0110\u00e8n trang tr\u00ed \u0111\u01b0\u1ee3c thi\u1ebft k\u1ebf theo ki\u1ec3u treo t\u01b0\u1eddng, treo ph\u00f2ng kh\u00e1ch,\u2026Nguy\u00ean li\u1ec7u \u0111\u1ed3ng, s\u1ea3n ph\u1ea9m th\u1ee7 c\u00f4ng. Ch\u1ea5t l\u01b0\u1ee3ng \u0111\u1ea3m b\u1ea3o kh\u00f4ng oxi h\u00f3a. Hoa v\u0103n tinh x\u1ea3o t\u1eebng chi ti\u1ebft.<\/li>\n<\/ul>","protected":false},"excerpt":{"rendered":"<p>\u0110\u00e8n trang tr\u00ed \u0111\u01b0\u1ee3c thi\u1ebft k\u1ebf theo ki\u1ec3u treo t\u01b0\u1eddng, treo ph\u00f2ng kh\u00e1ch,\u2026Nguy\u00ean li\u1ec7u \u0111\u1ed3ng, s\u1ea3n ph\u1ea9m th\u1ee7 c\u00f4ng. Ch\u1ea5t l\u01b0\u1ee3ng \u0111\u1ea3m b\u1ea3o kh\u00f4ng oxi h\u00f3a. Hoa v\u0103n tinh x\u1ea3o t\u1eebng chi ti\u1ebft.<\/p>","protected":false},"featured_media":14214,"comment_status":"open","ping_status":"closed","template":"","meta":{"_acf_changed":false},"product_cat":[389,366,447,348,336,337,397],"product_tag":[],"class_list":{"0":"post-14210","1":"product","2":"type-product","3":"status-publish","4":"has-post-thumbnail","6":"product_cat-duc-dong","7":"product_cat-hang-cnnt-cap-qg","8":"product_cat-san-pham-cnnt-tb-cap-qg-2017","9":"product_cat-thiet-bi-co-khi","10":"product_cat-san-pham-thu-cong-my-nghe","11":"product_cat-thu-cong-my-nghe-gia-dung-trang-tri","12":"product_cat-thu-cong-my-nghe-khac","14":"first","15":"instock","16":"shipping-taxable","17":"product-type-simple"},"acf":[],"_links":{"self":[{"href":"https:\/\/b2c.fairs.vn\/en\/wp-json\/wp\/v2\/product\/14210","targetHints":{"allow":["GET"]}}],"collection":[{"href":"https:\/\/b2c.fairs.vn\/en\/wp-json\/wp\/v2\/product"}],"about":[{"href":"https:\/\/b2c.fairs.vn\/en\/wp-json\/wp\/v2\/types\/product"}],"replies":[{"embeddable":true,"href":"https:\/\/b2c.fairs.vn\/en\/wp-json\/wp\/v2\/comments?post=14210"}],"version-history":[{"count":0,"href":"https:\/\/b2c.fairs.vn\/en\/wp-json\/wp\/v2\/product\/14210\/revisions"}],"wp:featuredmedia":[{"embeddable":true,"href":"https:\/\/b2c.fairs.vn\/en\/wp-json\/wp\/v2\/media\/14214"}],"wp:attachment":[{"href":"https:\/\/b2c.fairs.vn\/en\/wp-json\/wp\/v2\/media?parent=14210"}],"wp:term":[{"taxonomy":"product_cat","embeddable":true,"href":"https:\/\/b2c.fairs.vn\/en\/wp-json\/wp\/v2\/product_cat?post=14210"},{"taxonomy":"product_tag","embeddable":true,"href":"https:\/\/b2c.fairs.vn\/en\/wp-json\/wp\/v2\/product_tag?post=14210"}],"curies":[{"name":"wp","href":"https:\/\/api.w.org\/{rel}","templated":true}]}}