{"id":14202,"date":"2024-04-02T10:14:54","date_gmt":"2024-04-02T03:14:54","guid":{"rendered":"https:\/\/b2c.fairs.vn\/?post_type=product&#038;p=14202"},"modified":"2024-04-04T09:46:00","modified_gmt":"2024-04-04T02:46:00","slug":"phan-huu-co-vi-sinh-song-gianh","status":"publish","type":"product","link":"https:\/\/b2c.fairs.vn\/en\/product\/phan-huu-co-vi-sinh-song-gianh\/","title":{"rendered":"Ph\u00e2n h\u1eefu c\u01a1 vi sinh S\u00f4ng Gianh"},"content":{"rendered":"<div class=\"product-desc\">\n<p>S\u1ea3n ph\u1ea9m\u00a0\u0111\u01b0\u1ee3c s\u1ea3n xu\u1ea5t tr\u00ean d\u00e2y chuy\u1ec1n c\u00f4ng ngh\u1ec7 hi\u1ec7n \u0111\u1ea1i v\u1edbi ngu\u1ed3n nguy\u00ean li\u1ec7u nh\u1eadp ngo\u1ea1i ch\u1ea5t l\u01b0\u1ee3ng cao ch\u01b0a ngu\u1ed3n dinh d\u01b0\u1ee1ng h\u1eefu c\u01a1 ho\u1ea1t ho\u00e1, h\u1ee3p ch\u1ea5t Humat v\u00e0 c\u00e1c kho\u00e1ng ch\u1ea5t c\u00f3 ngu\u1ed3n g\u1ed1c 100% t\u1ef1 nhi\u00ean, cung c\u1ea5p c\u00e1c d\u01b0\u1ee1ng ch\u1ea5t c\u1ea7n thi\u1ebft cho s\u1ef1 sinh tr\u01b0\u1edfng v\u00e0 ph\u00e1t tri\u1ec3n c\u1ee7a c\u00e2y tr\u1ed3ng.<\/p>\n<\/div>\n<div class=\"product-order\">\n<form action=\"https:\/\/songgianh.com.vn\/site\/add-cart\" method=\"post\">\n<div class=\"row\">\n<div class=\"col-4\"><\/div>\n<\/div>\n<\/form>\n<\/div>","protected":false},"excerpt":{"rendered":"<p>S\u1ea3n ph\u1ea9m\u00a0\u0111\u01b0\u1ee3c s\u1ea3n xu\u1ea5t tr\u00ean d\u00e2y chuy\u1ec1n c\u00f4ng ngh\u1ec7 hi\u1ec7n \u0111\u1ea1i v\u1edbi ngu\u1ed3n nguy\u00ean li\u1ec7u nh\u1eadp ngo\u1ea1i ch\u1ea5t l\u01b0\u1ee3ng cao<\/p>","protected":false},"featured_media":14226,"comment_status":"open","ping_status":"closed","template":"","meta":{"_acf_changed":false},"product_cat":[522,366,446,521],"product_tag":[],"class_list":{"0":"post-14202","1":"product","2":"type-product","3":"status-publish","4":"has-post-thumbnail","6":"product_cat-phan-bon","7":"product_cat-hang-cnnt-cap-qg","8":"product_cat-san-pham-cnnt-tb-cap-qg-2019","9":"product_cat-vat-tu-nong-nghiep","11":"first","12":"instock","13":"shipping-taxable","14":"product-type-simple"},"acf":[],"_links":{"self":[{"href":"https:\/\/b2c.fairs.vn\/en\/wp-json\/wp\/v2\/product\/14202","targetHints":{"allow":["GET"]}}],"collection":[{"href":"https:\/\/b2c.fairs.vn\/en\/wp-json\/wp\/v2\/product"}],"about":[{"href":"https:\/\/b2c.fairs.vn\/en\/wp-json\/wp\/v2\/types\/product"}],"replies":[{"embeddable":true,"href":"https:\/\/b2c.fairs.vn\/en\/wp-json\/wp\/v2\/comments?post=14202"}],"version-history":[{"count":0,"href":"https:\/\/b2c.fairs.vn\/en\/wp-json\/wp\/v2\/product\/14202\/revisions"}],"wp:featuredmedia":[{"embeddable":true,"href":"https:\/\/b2c.fairs.vn\/en\/wp-json\/wp\/v2\/media\/14226"}],"wp:attachment":[{"href":"https:\/\/b2c.fairs.vn\/en\/wp-json\/wp\/v2\/media?parent=14202"}],"wp:term":[{"taxonomy":"product_cat","embeddable":true,"href":"https:\/\/b2c.fairs.vn\/en\/wp-json\/wp\/v2\/product_cat?post=14202"},{"taxonomy":"product_tag","embeddable":true,"href":"https:\/\/b2c.fairs.vn\/en\/wp-json\/wp\/v2\/product_tag?post=14202"}],"curies":[{"name":"wp","href":"https:\/\/api.w.org\/{rel}","templated":true}]}}