{"id":14182,"date":"2024-04-02T10:04:52","date_gmt":"2024-04-02T03:04:52","guid":{"rendered":"https:\/\/b2c.fairs.vn\/?post_type=product&#038;p=14182"},"modified":"2024-04-02T10:04:52","modified_gmt":"2024-04-02T03:04:52","slug":"thach-dua-non-pura-500g","status":"publish","type":"product","link":"https:\/\/b2c.fairs.vn\/en\/product\/thach-dua-non-pura-500g\/","title":{"rendered":"Th\u1ea1ch d\u1eeba non PURA 500G"},"content":{"rendered":"<p>\ud83d\udc49C\u00f3 \u0111\u1ed9 gi\u00f2n v\u00e0 h\u01b0\u01a1ng v\u1ecb th\u01a1m ngon kh\u00e1c bi\u1ec7t t\u1ea1o c\u1ea3m gi\u00e1c thanh m\u00e1t khi th\u01b0\u1edfng th\u1ee9c, th\u1ea1ch d\u1eeba non Pura ph\u00f9 h\u1ee3p cho t\u1ea5t c\u1ea3 th\u00e0nh vi\u00ean trong gia \u0111\u00ecnh b\u1ea1n, k\u1ec3 c\u1ea3 tr\u1ebb nh\u1ecf.<\/p>\n<p>\ud83d\udc49Kh\u00f4ng ch\u1ec9 t\u1ea1o n\u00ean nh\u1eefng m\u00f3n \u0103n \u0111a d\u1ea1ng, th\u1ea1ch d\u1eeba non Pura c\u00f2n r\u1ea5t t\u1ed1t cho s\u1ee9c kh\u1ecfe v\u00e0 l\u00e0m \u0111\u1eb9p da.<\/p>\n<p>\ud83d\udc49\u0110\u1eb7c bi\u1ec7t, th\u1ea1ch d\u1eeba non Pura l\u00e0 s\u1ea3n ph\u1ea9m ho\u00e0n to\u00e0n l\u00ean men t\u1eeb n\u01b0\u1edbc d\u1eeba s\u1ea1ch, t\u1ef1 nhi\u00ean.<\/p>\n<p>\ud83c\udf3a Th\u00e0nh ph\u1ea7n: Th\u1ea1ch d\u1eeba, n\u01b0\u1edbc, \u0111\u01b0\u1eddng,\u2026<\/p>\n<p>\ud83c\udf3a N\u0103ng l\u01b0\u1ee3ng 50-70Kcal\/100g, Protein&lt;0,5g v\u00e0 kh\u00f4ng Lipid r\u1ea5t t\u1ed1t cho s\u1ee9c kh\u1ecfe.<\/p>\n<p>\ud83c\udf3a Nguy\u00ean li\u1ec7u n\u01b0\u1edbc d\u1eeba t\u1ef1 nhi\u00ean 100%, s\u1ea3n xu\u1ea5t theo ti\u00eau chu\u1ea9n FSSC 22000 -Halal &#8211; Global G.A.P<\/p>\n<p>\ud83c\udf3a H\u01b0\u1edbng d\u1eabn c\u00e1ch b\u1ea3o qu\u1ea3n:<\/p>\n<p>\ud83d\udc49B\u1ea3o qu\u1ea3n n\u01a1i kh\u00f4 r\u00e1o, tho\u00e1ng m\u00e1t. Tr\u00e1nh \u00e1nh n\u1eafng tr\u1ef1c ti\u1ebfp. T\u1ed1t h\u01a1n khi b\u1ea3o qu\u1ea3n l\u1ea1nh.<\/p>\n<p>\ud83d\udc49Sau khi m\u1edf mi\u1ec7ng t\u00fai, b\u1ea3o qu\u1ea3n trong ng\u0103n m\u00e1t t\u1ee7 l\u1ea1nh v\u00e0 s\u1eed d\u1ee5ng h\u1ebft trong 48 gi\u1edd.<\/p>\n<p>\ud83c\udf3a H\u01b0\u1edbng d\u1eabn c\u00e1ch s\u1eed d\u1ee5ng:<\/p>\n<p>\ud83d\udc49Ngon h\u01a1n khi d\u00f9ng l\u1ea1nh, C\u00f3 th\u1ec3 d\u00f9ng v\u1edbi s\u1eefa chua, tr\u00e1i c\u00e2y, th\u00eam \u0111\u00e1, \u0111\u01b0\u1eddng t\u00f9y th\u00edch.<\/p>","protected":false},"excerpt":{"rendered":"<p>\ud83d\udc49C\u00f3 \u0111\u1ed9 gi\u00f2n v\u00e0 h\u01b0\u01a1ng v\u1ecb th\u01a1m ngon kh\u00e1c bi\u1ec7t t\u1ea1o c\u1ea3m gi\u00e1c thanh m\u00e1t khi th\u01b0\u1edfng th\u1ee9c, th\u1ea1ch d\u1eeba<\/p>","protected":false},"featured_media":14191,"comment_status":"open","ping_status":"closed","template":"","meta":{"_acf_changed":false},"product_cat":[366,367],"product_tag":[],"class_list":{"0":"post-14182","1":"product","2":"type-product","3":"status-publish","4":"has-post-thumbnail","6":"product_cat-hang-cnnt-cap-qg","7":"product_cat-hang-cnnt-cap-qg-2023","9":"first","10":"instock","11":"shipping-taxable","12":"product-type-simple"},"acf":[],"_links":{"self":[{"href":"https:\/\/b2c.fairs.vn\/en\/wp-json\/wp\/v2\/product\/14182","targetHints":{"allow":["GET"]}}],"collection":[{"href":"https:\/\/b2c.fairs.vn\/en\/wp-json\/wp\/v2\/product"}],"about":[{"href":"https:\/\/b2c.fairs.vn\/en\/wp-json\/wp\/v2\/types\/product"}],"replies":[{"embeddable":true,"href":"https:\/\/b2c.fairs.vn\/en\/wp-json\/wp\/v2\/comments?post=14182"}],"version-history":[{"count":0,"href":"https:\/\/b2c.fairs.vn\/en\/wp-json\/wp\/v2\/product\/14182\/revisions"}],"wp:featuredmedia":[{"embeddable":true,"href":"https:\/\/b2c.fairs.vn\/en\/wp-json\/wp\/v2\/media\/14191"}],"wp:attachment":[{"href":"https:\/\/b2c.fairs.vn\/en\/wp-json\/wp\/v2\/media?parent=14182"}],"wp:term":[{"taxonomy":"product_cat","embeddable":true,"href":"https:\/\/b2c.fairs.vn\/en\/wp-json\/wp\/v2\/product_cat?post=14182"},{"taxonomy":"product_tag","embeddable":true,"href":"https:\/\/b2c.fairs.vn\/en\/wp-json\/wp\/v2\/product_tag?post=14182"}],"curies":[{"name":"wp","href":"https:\/\/api.w.org\/{rel}","templated":true}]}}