{"id":14171,"date":"2024-04-02T10:00:10","date_gmt":"2024-04-02T03:00:10","guid":{"rendered":"https:\/\/b2c.fairs.vn\/?post_type=product&#038;p=14171"},"modified":"2024-04-02T10:01:42","modified_gmt":"2024-04-02T03:01:42","slug":"phan-bon-npk-ngua-bay","status":"publish","type":"product","link":"https:\/\/b2c.fairs.vn\/en\/product\/phan-bon-npk-ngua-bay\/","title":{"rendered":"Ph\u00e2n b\u00f3n NPK ng\u1ef1a bay"},"content":{"rendered":"<p><strong>* C\u00d4NG D\u1ee4NG:<\/strong><\/p>\n<p><strong>\u00a0&#8211;\u00a0<\/strong>Ph\u00e2n b\u00f3n NPK AMINO 15-5-20+TE k\u1ebft h\u1ee3p 3 trong 1, cung c\u1ea5p NPK-trung vi l\u01b0\u1ee3ng v\u00e0 \u0111\u1eb7c bi\u1ec7t ch\u1ea5t h\u1eefu c\u01a1 sinh h\u1ecdc t\u0103ng c\u01b0\u1eddng hi\u1ec7u qu\u1ea3 s\u1eed d\u1ee5ng v\u00e0 ti\u1ebft ki\u1ec7m chi ph\u00ed \u0111\u1ea7u t\u01b0.<\/p>\n<p><strong>\u00a0\u00a0<\/strong>&#8211; Ph\u00e2n b\u00f3n NPK AMINO 15-5-20+TE gi\u00fap c\u00e2y tr\u1ed3ng ph\u00e1t tri\u1ec3n t\u1ed1t, c\u1ee9ng c\u00e0nh, kh\u1ecfe c\u00e2y, d\u00e0y l\u00e1 v\u00e0 h\u1ea1n ch\u1ebf \u0111\u1ed5 ng\u00e3.<\/p>\n<p>&#8211; Gi\u00fap ra hoa \u0111\u1ed3ng lo\u1ea1t, m\u1eadp hoa, gi\u1eef m\u00e0u s\u1eafc hoa t\u01b0\u01a1i v\u00e0 b\u1ec1n.<\/p>\n<p>&#8211; Gi\u00fap l\u1edbn tr\u00e1i, \u0111\u1eb9p tr\u00e1i v\u00e0 to c\u1ee7.<\/p>\n<p>&#8211; Gi\u00fap to h\u1ea1t, ch\u1eafc h\u1ea1t, l\u00ean m\u00e0u, ch\u00edn t\u1edbi c\u1eady.<\/p>\n<p>&#8211; T\u0103ng sinh kh\u1ed1i v\u00e0 ch\u1ea5t l\u01b0\u1ee3ng c\u00e1c lo\u1ea1i rau \u0103n l\u00e1.<\/p>\n<p>&#8211; T\u0103ng kh\u1ea3 n\u0103ng ch\u1ed1ng ch\u1ecbu t\u1ed1t trong \u0111i\u1ec1u ki\u1ec7n th\u1eddi ti\u1ebft b\u1ea5t l\u1ee3i.<\/p>\n<p><strong>\u00a0<\/strong>\u00a0&#8211; T\u0103ng n\u0103ng su\u1ea5t v\u00e0 ch\u1ea5t l\u01b0\u1ee3ng n\u00f4ng s\u1ea3n.<\/p>\n<p><strong>* QUY C\u00c1CH S\u1ea2N PH\u1ea8M:<\/strong>\u00a01 bao\/ 25kg<\/p>","protected":false},"excerpt":{"rendered":"<p>* C\u00d4NG D\u1ee4NG: \u00a0&#8211;\u00a0Ph\u00e2n b\u00f3n NPK AMINO 15-5-20+TE k\u1ebft h\u1ee3p 3 trong 1, cung c\u1ea5p NPK-trung vi l\u01b0\u1ee3ng v\u00e0 \u0111\u1eb7c<\/p>","protected":false},"featured_media":14177,"comment_status":"open","ping_status":"closed","template":"","meta":{"_acf_changed":false},"product_cat":[366,447],"product_tag":[],"class_list":{"0":"post-14171","1":"product","2":"type-product","3":"status-publish","4":"has-post-thumbnail","6":"product_cat-hang-cnnt-cap-qg","7":"product_cat-san-pham-cnnt-tb-cap-qg-2017","9":"first","10":"instock","11":"shipping-taxable","12":"product-type-variable"},"acf":[],"_links":{"self":[{"href":"https:\/\/b2c.fairs.vn\/en\/wp-json\/wp\/v2\/product\/14171","targetHints":{"allow":["GET"]}}],"collection":[{"href":"https:\/\/b2c.fairs.vn\/en\/wp-json\/wp\/v2\/product"}],"about":[{"href":"https:\/\/b2c.fairs.vn\/en\/wp-json\/wp\/v2\/types\/product"}],"replies":[{"embeddable":true,"href":"https:\/\/b2c.fairs.vn\/en\/wp-json\/wp\/v2\/comments?post=14171"}],"version-history":[{"count":0,"href":"https:\/\/b2c.fairs.vn\/en\/wp-json\/wp\/v2\/product\/14171\/revisions"}],"wp:featuredmedia":[{"embeddable":true,"href":"https:\/\/b2c.fairs.vn\/en\/wp-json\/wp\/v2\/media\/14177"}],"wp:attachment":[{"href":"https:\/\/b2c.fairs.vn\/en\/wp-json\/wp\/v2\/media?parent=14171"}],"wp:term":[{"taxonomy":"product_cat","embeddable":true,"href":"https:\/\/b2c.fairs.vn\/en\/wp-json\/wp\/v2\/product_cat?post=14171"},{"taxonomy":"product_tag","embeddable":true,"href":"https:\/\/b2c.fairs.vn\/en\/wp-json\/wp\/v2\/product_tag?post=14171"}],"curies":[{"name":"wp","href":"https:\/\/api.w.org\/{rel}","templated":true}]}}