{"id":14162,"date":"2024-04-02T09:55:47","date_gmt":"2024-04-02T02:55:47","guid":{"rendered":"https:\/\/b2c.fairs.vn\/?post_type=product&#038;p=14162"},"modified":"2024-04-05T10:38:33","modified_gmt":"2024-04-05T03:38:33","slug":"ca-phe-bot-mens-coffee","status":"publish","type":"product","link":"https:\/\/b2c.fairs.vn\/en\/product\/ca-phe-bot-mens-coffee\/","title":{"rendered":"C\u00e0 ph\u00ea b\u1ed9t Men\u2019s Coffee"},"content":{"rendered":"<p>\u0110\u1ec3 gi\u1eef \u0111\u01b0\u1ee3c h\u01b0\u01a1ng v\u1ecb thu\u1ea7n tu\u00fd v\u00e0 nguy\u00ean b\u1ea3n trong t\u1eebng h\u1ea1t c\u00e0 ph\u00ea, Men\u2019s Coffee \u0111\u00e3 s\u1eed d\u1ee5ng c\u00f4ng ngh\u1ec7 rang Hotair v\u1edbi c\u00e1c profile t\u1ef1 \u0111\u1ed9ng nh\u1eb1m \u0111\u1ea3m b\u1ea3o s\u1ef1 \u0111\u1ed3ng \u0111\u1ec1u tuy\u1ec7t \u0111\u1ed1i gi\u1eefa c\u00e1c m\u1ebb rang. B\u00ean c\u1ea1nh \u0111\u00f3 ch\u00fang t\u00f4i c\u0169ng ti\u1ebfn h\u00e0nh th\u1ee7 c\u00f4ng nhi\u1ec1u quy tr\u00ecnh v\u00e0 lu\u00f4n t\u00e2m huy\u1ebft v\u1edbi hai ph\u1ea7n th\u1ea7n s\u1eafc \u201cH\u01b0\u01a1ng\u201d v\u00e0 \u201cV\u1ecb\u201d nguy\u00ean b\u1ea3n c\u1ee7a m\u1ed7i h\u1ea1t c\u00e0 ph\u00ea. M\u1ed7i lo\u1ea1i c\u00e0 ph\u00ea c\u1ea7n \u0111\u01b0\u1ee3c rang tr\u00ean \u0111\u00fang \u0111\u1ed9 l\u1eeda, chu\u1ea9n trong t\u1eebng gi\u00e2y, m\u00e0 \u0111i\u1ec1u n\u00e0y kh\u00f4ng th\u1ec3 tho\u00e1t ly ra kh\u1ecfi s\u1ef1 gi\u00e1m s\u00e1t c\u1ee7a con ng\u01b0\u1eddi. M\u1ecdi quy chu\u1ea9n ch\u1ea5t l\u01b0\u1ee3ng \u0111\u1ec1u ti\u1ec7m c\u1eadn \u0111\u1ebfn ng\u01b0\u1ee1ng ho\u00e0n h\u1ea3o \u0111\u1ec3 ph\u00e1t huy tr\u1ecdn v\u1eb9n h\u01b0\u01a1ng v\u1ecb nguy\u00ean b\u1ea3n trong m\u1ed7i h\u1ea1t c\u00e0 ph\u00ea thu\u1ea7n ch\u1ee7ng.<\/p>\n<p>C\u00e0 ph\u00ea b\u1ed9t Men&#8217;s Coffee \u0111em \u0111\u1ebfn h\u01b0\u01a1ng v\u1ecb n\u1ed3ng n\u00e0n m\u00e0 \u0111\u1eadm \u0111\u00e0 kh\u00f3 qu\u00ean ch\u1eafc h\u1eb3n \u0111\u1ecdng l\u1ea1i trong l\u00f2ng kh\u00f4ng \u00edt ng\u01b0\u1eddi khi l\u1ea7n \u0111\u1ea7u th\u01b0\u1edfng th\u1ee9c m\u00f3n qu\u00e0 t\u1eeb thi\u00ean nhi\u00ean n\u00e0y. M\u00f9i h\u01b0\u01a1ng c\u1ee7a c\u00e0 ph\u00ea Robusta t\u01b0\u01a1i \u0111\u01b0\u1ee3c v\u00ed nh\u01b0 m\u00f9i \u0111\u1eadu ph\u1ed9ng t\u01b0\u01a1i, m\u00f9i th\u01a1m r\u1ea5t nh\u1eb9 nh\u01b0ng r\u1ea5t b\u00e9o. T\u1ea5t c\u1ea3 s\u1ebd ch\u01b0a c\u00f3 g\u00ec \u0111\u1eb7c bi\u1ec7t cho \u0111\u1ebfn khi n\u00f3 \u0111\u01b0\u1ee3c rang l\u00ean, rang \u1edf \u0111\u00e2y l\u00e0 rang m\u1ed9c nguy\u00ean ch\u1ea5t, th\u00ec s\u1ebd c\u00f3 h\u01b0\u01a1ng th\u01a1m thoang tho\u1ea3ng m\u00e0 khi\u1ebfn ng\u01b0\u1eddi ta ph\u1ea3i \u0111\u1eafm ch\u00ecm trong s\u1ef1 m\u00ea ho\u1eb7c c\u1ee7a n\u00f3. Nguy\u00ean do cho \u0111i\u1ec1u n\u00e0y ch\u00ednh l\u00e0 h\u00e0m l\u01b0\u1ee3ng caffein kh\u00e1 cao trong robusta, 100% Origin Coffee c\u1ed9ng v\u1edbi s\u1ef1 g\u00ecn gi\u1eef h\u01b0\u01a1ng v\u1ecb nguy\u00ean b\u1ea3n c\u1ee7a h\u00ecnh th\u1ee9c rang m\u1ed9c ph\u00e1t huy tr\u1ecdn v\u1eb9n h\u01b0\u01a1ng v\u1ecb \u0111\u1ed9c nh\u1ea5t, quy tr\u00ecnh rang xay, \u0111\u00f3ng g\u00f3i hi\u1ec7n \u0111\u1ea1i kh\u00f4ng qu\u00e1 30 ng\u00e0y.<br \/>\nN\u0103m 2020 C\u00e0 ph\u00ea b\u1ed9t Men&#8217;s Coffee \u0111\u01b0\u1ee3c \u1ee6y Ban Nh\u00e2n d\u00e2n t\u1ec9nh \u0110\u0103k L\u0103k c\u00f4ng nh\u1eadn l\u00e0 s\u1ea3n ph\u1ea9m 3 sao OCOP.<br \/>\nN\u0103m 2021 C\u00e0 ph\u00ea b\u1ed9t Men&#8217;s Coffee \u0111\u01b0\u1ee3c \u1ee6y Ban Nh\u00e2n d\u00e2n t\u1ec9nh \u0110\u0103k L\u0103k c\u00f4ng nh\u1eadn l\u00e0 s\u1ea3n ph\u1ea9m C\u00f4ng nghi\u1ec7p n\u00f4ng th\u00f4n ti\u00eau bi\u1ec3u c\u1ea5p t\u1ec9nh.<\/p>","protected":false},"excerpt":{"rendered":"<p>\u0110\u1ec3 gi\u1eef \u0111\u01b0\u1ee3c h\u01b0\u01a1ng v\u1ecb thu\u1ea7n tu\u00fd v\u00e0 nguy\u00ean b\u1ea3n trong t\u1eebng h\u1ea1t c\u00e0 ph\u00ea, Men\u2019s Coffee \u0111\u00e3 s\u1eed d\u1ee5ng<\/p>","protected":false},"featured_media":14169,"comment_status":"open","ping_status":"closed","template":"","meta":{"_acf_changed":false},"product_cat":[324,366,367,22],"product_tag":[],"class_list":{"0":"post-14162","1":"product","2":"type-product","3":"status-publish","4":"has-post-thumbnail","6":"product_cat-ca-phe-ca-cao","7":"product_cat-hang-cnnt-cap-qg","8":"product_cat-hang-cnnt-cap-qg-2023","9":"product_cat-sanphamthucpham","11":"first","12":"instock","13":"shipping-taxable","14":"product-type-simple"},"acf":[],"_links":{"self":[{"href":"https:\/\/b2c.fairs.vn\/en\/wp-json\/wp\/v2\/product\/14162","targetHints":{"allow":["GET"]}}],"collection":[{"href":"https:\/\/b2c.fairs.vn\/en\/wp-json\/wp\/v2\/product"}],"about":[{"href":"https:\/\/b2c.fairs.vn\/en\/wp-json\/wp\/v2\/types\/product"}],"replies":[{"embeddable":true,"href":"https:\/\/b2c.fairs.vn\/en\/wp-json\/wp\/v2\/comments?post=14162"}],"version-history":[{"count":0,"href":"https:\/\/b2c.fairs.vn\/en\/wp-json\/wp\/v2\/product\/14162\/revisions"}],"wp:featuredmedia":[{"embeddable":true,"href":"https:\/\/b2c.fairs.vn\/en\/wp-json\/wp\/v2\/media\/14169"}],"wp:attachment":[{"href":"https:\/\/b2c.fairs.vn\/en\/wp-json\/wp\/v2\/media?parent=14162"}],"wp:term":[{"taxonomy":"product_cat","embeddable":true,"href":"https:\/\/b2c.fairs.vn\/en\/wp-json\/wp\/v2\/product_cat?post=14162"},{"taxonomy":"product_tag","embeddable":true,"href":"https:\/\/b2c.fairs.vn\/en\/wp-json\/wp\/v2\/product_tag?post=14162"}],"curies":[{"name":"wp","href":"https:\/\/api.w.org\/{rel}","templated":true}]}}