{"id":14152,"date":"2024-04-02T10:05:14","date_gmt":"2024-04-02T03:05:14","guid":{"rendered":"https:\/\/b2c.fairs.vn\/?post_type=product&#038;p=14152"},"modified":"2024-04-02T10:05:15","modified_gmt":"2024-04-02T03:05:15","slug":"tra-lai-co-dien-hoang-long","status":"publish","type":"product","link":"https:\/\/b2c.fairs.vn\/en\/product\/tra-lai-co-dien-hoang-long\/","title":{"rendered":"Tr\u00e0 l\u00e0i c\u1ed5 \u0111i\u1ec3n Ho\u00e0ng Long"},"content":{"rendered":"<p><strong>Gi\u1edbi Thi\u1ec7u Tr\u00e0 L\u00e0i M\u00ea Ho\u1eb7c Ho\u00e0ng Long<\/strong><\/p>\n<p>Th\u01b0\u1edfng th\u1ee9c b\u1ea3n giao h\u01b0\u1edfng quy\u1ebfn r\u0169 c\u1ee7a h\u01b0\u01a1ng th\u01a1m v\u00e0 h\u01b0\u01a1ng v\u1ecb v\u1edbi Tr\u00e0 hoa nh\u00e0i tinh t\u1ebf c\u1ee7a ch\u00fang t\u00f4i. \u0110\u01b0\u1ee3c l\u1ef1a ch\u1ecdn c\u1ea9n th\u1eadn t\u1eeb nh\u1eefng v\u01b0\u1eddn tr\u00e0 ch\u1ecdn l\u1ecdc nh\u1ea5t, vi\u00ean ng\u1ecdc th\u01a1m n\u00e0y l\u00e0 s\u1ef1 pha tr\u1ed9n h\u00e0i h\u00f2a gi\u1eefa l\u00e1 tr\u00e0 xanh cao c\u1ea5p v\u00e0 hoa nh\u00e0i tinh t\u1ebf, \u0111\u01b0\u1ee3c d\u1ec7t m\u1ed9t c\u00e1ch t\u1ec9 m\u1ec9 v\u1edbi nhau \u0111\u1ec3 t\u1ea1o ra tr\u1ea3i nghi\u1ec7m tr\u00e0 th\u1ef1c s\u1ef1 m\u00ea ho\u1eb7c.<\/p>\n<p>S\u1ef1 sang tr\u1ecdng c\u1ee7a hoa nh\u00e0i<\/p>\n<p>Tinh ch\u1ea5t c\u1ee7a hoa nh\u00e0i t\u01b0\u01a1i th\u1ea5m v\u00e0o l\u00e1 tr\u00e0 c\u1ee7a ch\u00fang t\u00f4i, t\u1ecfa ra m\u1ed9t lo\u1ea1i n\u01b0\u1edbc hoa v\u1eeba quy\u1ebfn r\u0169 v\u1eeba \u00eam d\u1ecbu. \u00d4m l\u1ea5y s\u1ef1 vu\u1ed1t ve nh\u1eb9 nh\u00e0ng c\u1ee7a nh\u1eefng n\u1ed1t h\u01b0\u01a1ng ng\u1ecdt ng\u00e0o v\u00e0 tinh t\u1ebf c\u1ee7a hoa nh\u00e0i, g\u1ee3i l\u00ean h\u00ecnh \u1ea3nh v\u1ec1 nh\u1eefng khu v\u01b0\u1eddn n\u1edf hoa v\u00e0 nh\u1eefng \u0111\u1ed3ng c\u1ecf ng\u1eadp n\u1eafng, khi b\u1ea1n nh\u1ea5m nh\u00e1p c\u1ea3m gi\u00e1c y\u00ean b\u00ecnh h\u1ea1nh ph\u00fac.<\/p>\n<p><strong>\u0110\u01b0\u1ee3c ch\u1ebf t\u1ea1o t\u1ec9 m\u1ec9 cho s\u1ef1 ho\u00e0n h\u1ea3o<\/strong><\/p>\n<p>C\u00e1c ngh\u1ec7 nh\u00e2n tr\u00e0 c\u1ee7a ch\u00fang t\u00f4i c\u1ea9n th\u1eadn x\u1ebfp l\u1edbp l\u00e1 tr\u00e0 xanh v\u1edbi hoa nh\u00e0i m\u1edbi thu ho\u1ea1ch, \u0111\u1ec3 l\u00e1 tr\u00e0 h\u1ea5p th\u1ee5 tinh ch\u1ea5t hoa tinh t\u1ebf. Quy tr\u00ecnh v\u01b0\u1ee3t th\u1eddi gian n\u00e0y, \u0111\u01b0\u1ee3c l\u00e0m ch\u1ee7 qua nhi\u1ec1u th\u1ebf h\u1ec7, \u0111\u1ea3m b\u1ea3o r\u1eb1ng m\u1ed7i t\u00e1ch Tr\u00e0 L\u00e0i Ho\u00e0ng Long l\u00e0 m\u1ed9t ki\u1ec7t t\u00e1c c\u1ee7a s\u1ef1 c\u00e2n b\u1eb1ng v\u00e0 tinh t\u1ebf.<\/p>\n<p><strong>M\u1ed9t ng\u1ee5m thanh th\u1ea3n<\/strong><\/p>\n<p>Khi nh\u1eefng l\u00e1 tr\u00e0 nh\u1eb9 nh\u00e0ng tr\u1ea3i ra trong c\u1ed1c c\u1ee7a b\u1ea1n, m\u1ed9t h\u01b0\u01a1ng th\u01a1m thanh tao tr\u00e0n ng\u1eadp kh\u00f4ng kh\u00ed, m\u1eddi g\u1ecdi b\u1ea1n \u0111\u1ebfn m\u1ed9t kho\u1ea3nh kh\u1eafc thanh th\u1ea3n. V\u1edbi m\u1ed7i ng\u1ee5m, h\u01b0\u01a1ng hoa tinh t\u1ebf nh\u1ea3y m\u00faa duy\u00ean d\u00e1ng tr\u00ean v\u00f2m mi\u1ec7ng c\u1ee7a b\u1ea1n, trong khi tr\u00e0 xanh \u00eam d\u1ecbu mang \u0111\u1ebfn h\u01b0\u01a1ng \u0111\u1ea5t tinh t\u1ebf, \u0111\u1ec3 l\u1ea1i d\u01b0 v\u1ecb s\u1ea3ng kho\u00e1i v\u00e0 tr\u1ebb h\u00f3a.<\/p>\n<p><strong>Thu\u1ed1c ti\u00ean t\u1ed1t cho s\u1ee9c kh\u1ecfe<\/strong><\/p>\n<p>Ngo\u00e0i h\u01b0\u01a1ng v\u1ecb v\u00e0 h\u01b0\u01a1ng th\u01a1m quy\u1ebfn r\u0169, Tr\u00e0 hoa nh\u00e0i c\u00f2n \u0111\u01b0\u1ee3c y\u00eau m\u1ebfn v\u00ec nh\u1eefng l\u1ee3i \u00edch s\u1ee9c kh\u1ecfe c\u1ee7a n\u00f3. Gi\u00e0u ch\u1ea5t ch\u1ed1ng oxy h\u00f3a, lo\u1ea1i bia n\u00e0y h\u1ed7 tr\u1ee3 s\u1ee9c kh\u1ecfe c\u1ee7a b\u1ea1n, t\u0103ng c\u01b0\u1eddng h\u1ec7 th\u1ed1ng mi\u1ec5n d\u1ecbch v\u00e0 mang l\u1ea1i c\u1ea3m gi\u00e1c b\u00ecnh t\u0129nh. N\u1eafm b\u1eaft tr\u00ed tu\u1ec7 c\u1ed5 x\u01b0a c\u1ee7a Tr\u00e0 hoa nh\u00e0i v\u00e0 \u0111\u1eafm m\u00ecnh trong v\u00f2ng tay nu\u00f4i d\u01b0\u1ee1ng t\u00e2m tr\u00ed v\u00e0 c\u01a1 th\u1ec3 c\u1ee7a n\u00f3.<\/p>\n<p><strong>Ngh\u1ec7 thu\u1eadt t\u1eb7ng qu\u00e0<\/strong><\/p>\n<p>K\u1ef7 ni\u1ec7m nh\u1eefng kho\u1ea3nh kh\u1eafc qu\u00fd gi\u00e1 c\u1ee7a cu\u1ed9c s\u1ed1ng v\u1edbi m\u00f3n qu\u00e0 Tr\u00e0 L\u00e0i Ho\u00e0ng Long. \u0110\u01b0\u1ee3c \u0111\u00f3ng g\u00f3i trang nh\u00e3, lo\u1ea1i tr\u00e0 \u0111\u1ea7y m\u00ea ho\u1eb7c n\u00e0y s\u1ebd l\u00e0 m\u1ed9t m\u00f3n qu\u00e0 chu \u0111\u00e1o v\u00e0 \u1ea5m \u00e1p d\u00e0nh cho nh\u1eefng ng\u01b0\u1eddi th\u00e2n y\u00eau c\u1ee7a b\u1ea1n, truy\u1ec1n t\u1ea3i s\u1ef1 tr\u00e2n tr\u1ecdng v\u00e0 t\u00ecnh c\u1ea3m c\u1ee7a b\u1ea1n qua t\u1eebng ng\u1ee5m.<\/p>\n<p><strong>C\u1ea3m nh\u1eadn s\u1ef1 k\u1ef3 di\u1ec7u c\u1ee7a Tr\u00e0 L\u00e0i Ho\u00e0ng Long<\/strong><\/p>\n<p>Kh\u00e1m ph\u00e1 b\u1ea3n ch\u1ea5t th\u1ef1c s\u1ef1 c\u1ee7a s\u1ef1 h\u00e0i h\u00f2a v\u00e0 ni\u1ec1m vui trong m\u1ed7i t\u00e1ch tr\u00e0 hoa nh\u00e0i c\u1ee7a ch\u00fang t\u00f4i. T\u1eeb nh\u1eefng bu\u1ed5i s\u00e1ng \u0111\u00e1nh th\u1ee9c c\u00e1c gi\u00e1c quan c\u1ee7a b\u1ea1n cho \u0111\u1ebfn nh\u1eefng bu\u1ed5i t\u1ed1i thanh b\u00ecnh mang l\u1ea1i ni\u1ec1m an \u1ee7i, h\u00e3y \u0111\u1ec3 v\u1ebb \u0111\u1eb9p c\u1ee7a lo\u1ea1i tr\u00e0 tinh t\u1ebf n\u00e0y n\u00e2ng tr\u1ea3i nghi\u1ec7m u\u1ed1ng tr\u00e0 c\u1ee7a b\u1ea1n l\u00ean m\u1ed9t t\u1ea7m cao m\u1edbi. H\u00e3y n\u1eafm b\u1eaft \u0111i\u1ec1u k\u1ef3 di\u1ec7u v\u00e0 h\u00e3y \u0111\u1ec3 Tr\u00e0 L\u00e0i Ho\u00e0ng Long tr\u1edf th\u00e0nh m\u1ed9t ph\u1ea7n kh\u00f4ng th\u1ec3 thi\u1ebfu trong h\u00e0nh tr\u00ecnh h\u01b0\u1edbng t\u1edbi cu\u1ed9c s\u1ed1ng h\u1ea1nh ph\u00fac v\u00e0 h\u00e0i h\u00f2a c\u1ee7a b\u1ea1n.<\/p>\n<p><strong>Tr\u00e0 Ho\u00e0ng Long &#8211; N\u01a1i h\u01b0\u01a1ng th\u01a1m v\u01b0\u1ee3t th\u1eddi gian \u0111\u00e1p \u1ee9ng truy\u1ec1n th\u1ed1ng v\u01b0\u1ee3t th\u1eddi gian<\/strong><\/p>","protected":false},"excerpt":{"rendered":"<p>Gi\u1edbi Thi\u1ec7u Tr\u00e0 L\u00e0i M\u00ea Ho\u1eb7c Ho\u00e0ng Long Th\u01b0\u1edfng th\u1ee9c b\u1ea3n giao h\u01b0\u1edfng quy\u1ebfn r\u0169 c\u1ee7a h\u01b0\u01a1ng th\u01a1m v\u00e0 h\u01b0\u01a1ng<\/p>","protected":false},"featured_media":14194,"comment_status":"open","ping_status":"closed","template":"","meta":{"_acf_changed":false},"product_cat":[321,322,366,447,22],"product_tag":[],"class_list":{"0":"post-14152","1":"product","2":"type-product","3":"status-publish","4":"has-post-thumbnail","6":"product_cat-che","7":"product_cat-che-tuoi-che-bien","8":"product_cat-hang-cnnt-cap-qg","9":"product_cat-san-pham-cnnt-tb-cap-qg-2017","10":"product_cat-sanphamthucpham","12":"first","13":"instock","14":"shipping-taxable","15":"purchasable","16":"product-type-variable"},"acf":[],"_links":{"self":[{"href":"https:\/\/b2c.fairs.vn\/en\/wp-json\/wp\/v2\/product\/14152","targetHints":{"allow":["GET"]}}],"collection":[{"href":"https:\/\/b2c.fairs.vn\/en\/wp-json\/wp\/v2\/product"}],"about":[{"href":"https:\/\/b2c.fairs.vn\/en\/wp-json\/wp\/v2\/types\/product"}],"replies":[{"embeddable":true,"href":"https:\/\/b2c.fairs.vn\/en\/wp-json\/wp\/v2\/comments?post=14152"}],"version-history":[{"count":0,"href":"https:\/\/b2c.fairs.vn\/en\/wp-json\/wp\/v2\/product\/14152\/revisions"}],"wp:featuredmedia":[{"embeddable":true,"href":"https:\/\/b2c.fairs.vn\/en\/wp-json\/wp\/v2\/media\/14194"}],"wp:attachment":[{"href":"https:\/\/b2c.fairs.vn\/en\/wp-json\/wp\/v2\/media?parent=14152"}],"wp:term":[{"taxonomy":"product_cat","embeddable":true,"href":"https:\/\/b2c.fairs.vn\/en\/wp-json\/wp\/v2\/product_cat?post=14152"},{"taxonomy":"product_tag","embeddable":true,"href":"https:\/\/b2c.fairs.vn\/en\/wp-json\/wp\/v2\/product_tag?post=14152"}],"curies":[{"name":"wp","href":"https:\/\/api.w.org\/{rel}","templated":true}]}}