{"id":14150,"date":"2024-04-02T09:48:06","date_gmt":"2024-04-02T02:48:06","guid":{"rendered":"https:\/\/b2c.fairs.vn\/?post_type=product&#038;p=14150"},"modified":"2024-04-02T09:48:06","modified_gmt":"2024-04-02T02:48:06","slug":"tinh-bot-nghe-vang","status":"publish","type":"product","link":"https:\/\/b2c.fairs.vn\/en\/product\/tinh-bot-nghe-vang\/","title":{"rendered":"Tinh b\u1ed9t ngh\u1ec7 v\u00e0ng"},"content":{"rendered":"<p>* C\u00f4ng D\u1ee5ng:<\/p>\n<p><span lang=\"EN-US\">&#8211; H\u1ed7 tr\u1ee3 vi\u00eam lo\u00e9t d\u1ea1 d\u00e0y, vi\u00eam t\u00e1 tr\u00e0ng, \u0103n kh\u00f4ng ti\u00eau, ch\u1ed1ng h\u1eadu s\u1ea3n sau sinh, gi\u1ea3i \u0111\u1ed9c gan, ch\u1ed1ng s\u01a1 gan, gi\u1ea3m m\u1ee1 m\u00e1u, ng\u0103n ng\u1eeba b\u00e9o ph\u00ec, ph\u00f2ng ng\u1eeba h\u1ed7 tr\u1ee3 c\u00e1c lo\u1ea1i ung th\u01b0.<\/span><\/p>\n<p><span lang=\"EN-US\">&#8211; \u0110\u1ea9y l\u00f9i c\u00e1c s\u1eafc t\u1ed1 g\u00e2y s\u1ea1m da, m\u00e1m v\u00e0 t\u00e0n nhang, l\u00e0m li\u1ec1n c\u00e1c v\u1ebft s\u1eb9o ho\u1eb7c th\u00e2m do m\u1ee5n g\u00e2y ra, tr\u1eafng s\u00e1ng da h\u1ed3ng h\u00e0o t\u1eeb b\u00ean trong.<\/span><\/p>\n<p><span lang=\"EN-US\">* C\u00e1ch s\u1eed d\u1ee5ng: Pha b\u1ed9t ngh\u1ec7 v\u1edbi m\u1eadt ong v\u00e0 n\u01b0\u1edbc \u1ea5m d\u00f9ng m\u1ed7i s\u00e1ng \u0111\u1ec3 c\u00f3 hi\u1ec7u qu\u1ea3 t\u1ed1t nh\u00e2t.<\/span><\/p>","protected":false},"excerpt":{"rendered":"<p>* C\u00f4ng D\u1ee5ng: &#8211; H\u1ed7 tr\u1ee3 vi\u00eam lo\u00e9t d\u1ea1 d\u00e0y, vi\u00eam t\u00e1 tr\u00e0ng, \u0103n kh\u00f4ng ti\u00eau, ch\u1ed1ng h\u1eadu s\u1ea3n sau<\/p>","protected":false},"featured_media":14163,"comment_status":"open","ping_status":"closed","template":"","meta":{"_acf_changed":false},"product_cat":[317,332,366,446,22,313,333],"product_tag":[],"class_list":{"0":"post-14150","1":"product","2":"type-product","3":"status-publish","4":"has-post-thumbnail","6":"product_cat-che-bien-tu-thit-trung-sua-thuy-san-cac-san-pham-tu-mat-ong-mat-khac-va-nong-san-thuc-pham-khac","7":"product_cat-san-pham-duoc-lieu-va-san-pham-tu-duoc-lieu","8":"product_cat-hang-cnnt-cap-qg","9":"product_cat-san-pham-cnnt-tb-cap-qg-2019","10":"product_cat-sanphamthucpham","11":"product_cat-thuc-pham-che-bien","12":"product_cat-thuc-pham-chuc-nang-thuoc-duoc-lieu-thuoc-y-hoc-co-truyen","14":"first","15":"instock","16":"shipping-taxable","17":"product-type-simple"},"acf":[],"_links":{"self":[{"href":"https:\/\/b2c.fairs.vn\/en\/wp-json\/wp\/v2\/product\/14150","targetHints":{"allow":["GET"]}}],"collection":[{"href":"https:\/\/b2c.fairs.vn\/en\/wp-json\/wp\/v2\/product"}],"about":[{"href":"https:\/\/b2c.fairs.vn\/en\/wp-json\/wp\/v2\/types\/product"}],"replies":[{"embeddable":true,"href":"https:\/\/b2c.fairs.vn\/en\/wp-json\/wp\/v2\/comments?post=14150"}],"version-history":[{"count":0,"href":"https:\/\/b2c.fairs.vn\/en\/wp-json\/wp\/v2\/product\/14150\/revisions"}],"wp:featuredmedia":[{"embeddable":true,"href":"https:\/\/b2c.fairs.vn\/en\/wp-json\/wp\/v2\/media\/14163"}],"wp:attachment":[{"href":"https:\/\/b2c.fairs.vn\/en\/wp-json\/wp\/v2\/media?parent=14150"}],"wp:term":[{"taxonomy":"product_cat","embeddable":true,"href":"https:\/\/b2c.fairs.vn\/en\/wp-json\/wp\/v2\/product_cat?post=14150"},{"taxonomy":"product_tag","embeddable":true,"href":"https:\/\/b2c.fairs.vn\/en\/wp-json\/wp\/v2\/product_tag?post=14150"}],"curies":[{"name":"wp","href":"https:\/\/api.w.org\/{rel}","templated":true}]}}