{"id":14149,"date":"2024-04-02T09:42:48","date_gmt":"2024-04-02T02:42:48","guid":{"rendered":"https:\/\/b2c.fairs.vn\/?post_type=product&#038;p=14149"},"modified":"2024-04-02T09:42:49","modified_gmt":"2024-04-02T02:42:49","slug":"macca-hop-nau-damaca-250g","status":"publish","type":"product","link":"https:\/\/b2c.fairs.vn\/en\/product\/macca-hop-nau-damaca-250g\/","title":{"rendered":"Macca h\u1ed9p n\u00e2u DAMACA 250g"},"content":{"rendered":"<p>&#8211; Ng\u0103n ng\u1eeba nguy c\u01a1 b\u1ec7nh tim m\u1ea1ch<br \/>\n&#8211; Ph\u00f2ng v\u00e0 h\u1ed7 tr\u1ee3 \u0111i\u1ec1u tr\u1ecb b\u1ec7nh ti\u1ec3u \u0111\u01b0\u1eddng, \u0111\u01b0\u1eddng huy\u1ebft cao<br \/>\n&#8211; Ng\u0103n ch\u1eb7n t\u1ebf b\u00e0o ung th\u01b0<br \/>\n&#8211; L\u00e0m \u0111\u1eb9p da, c\u00f3 t\u00e1c d\u1ee5ng trong vi\u1ec7c gi\u1ea3m c\u00e2n v\u00e0 l\u1ea5y l\u1ea1i v\u00f3c d\u00e1ng<br \/>\n&#8211; Ch\u1ea5t x\u01a1 c\u00f3 trong h\u1ea1t h\u1ed7 tr\u1ee3 h\u1ec7 ti\u00eau h\u00f3a<br \/>\n&#8211; Cung c\u1ea5p ch\u1ea5t kho\u00e1ng v\u00e0 vitamin cho c\u01a1 th\u1ec3<br \/>\n&#8211; B\u1ed5 sung canxi<br \/>\n&#8211; Gi\u00e0u protein cho c\u01a1 th\u1ec3 kh\u1ecfe m\u1ea1nh<br \/>\n&#8211; Gi\u00fap ph\u00e1t tri\u1ec3n tr\u00ed n\u00e3o tr\u1ebb trong th\u1eddi k\u00ec mang thai v\u00e0 \u0103n d\u1eb7m.<br \/>\n&#8211; C\u1ea3i thi\u1ec7n s\u1eefa cho ph\u1ee5 n\u1eef sau sinh<\/p>","protected":false},"excerpt":{"rendered":"<p>&#8211; Ng\u0103n ng\u1eeba nguy c\u01a1 b\u1ec7nh tim m\u1ea1ch &#8211; Ph\u00f2ng v\u00e0 h\u1ed7 tr\u1ee3 \u0111i\u1ec1u tr\u1ecb b\u1ec7nh ti\u1ec3u \u0111\u01b0\u1eddng, \u0111\u01b0\u1eddng huy\u1ebft<\/p>","protected":false},"featured_media":14151,"comment_status":"open","ping_status":"closed","template":"","meta":{"_acf_changed":false},"product_cat":[366,367],"product_tag":[],"class_list":{"0":"post-14149","1":"product","2":"type-product","3":"status-publish","4":"has-post-thumbnail","6":"product_cat-hang-cnnt-cap-qg","7":"product_cat-hang-cnnt-cap-qg-2023","9":"first","10":"instock","11":"shipping-taxable","12":"purchasable","13":"product-type-simple"},"acf":[],"_links":{"self":[{"href":"https:\/\/b2c.fairs.vn\/en\/wp-json\/wp\/v2\/product\/14149","targetHints":{"allow":["GET"]}}],"collection":[{"href":"https:\/\/b2c.fairs.vn\/en\/wp-json\/wp\/v2\/product"}],"about":[{"href":"https:\/\/b2c.fairs.vn\/en\/wp-json\/wp\/v2\/types\/product"}],"replies":[{"embeddable":true,"href":"https:\/\/b2c.fairs.vn\/en\/wp-json\/wp\/v2\/comments?post=14149"}],"version-history":[{"count":0,"href":"https:\/\/b2c.fairs.vn\/en\/wp-json\/wp\/v2\/product\/14149\/revisions"}],"wp:featuredmedia":[{"embeddable":true,"href":"https:\/\/b2c.fairs.vn\/en\/wp-json\/wp\/v2\/media\/14151"}],"wp:attachment":[{"href":"https:\/\/b2c.fairs.vn\/en\/wp-json\/wp\/v2\/media?parent=14149"}],"wp:term":[{"taxonomy":"product_cat","embeddable":true,"href":"https:\/\/b2c.fairs.vn\/en\/wp-json\/wp\/v2\/product_cat?post=14149"},{"taxonomy":"product_tag","embeddable":true,"href":"https:\/\/b2c.fairs.vn\/en\/wp-json\/wp\/v2\/product_tag?post=14149"}],"curies":[{"name":"wp","href":"https:\/\/api.w.org\/{rel}","templated":true}]}}