{"id":14128,"date":"2024-04-02T09:35:26","date_gmt":"2024-04-02T02:35:26","guid":{"rendered":"https:\/\/b2c.fairs.vn\/?post_type=product&#038;p=14128"},"modified":"2024-04-02T09:39:27","modified_gmt":"2024-04-02T02:39:27","slug":"kho-bo-soi-cam-thach","status":"publish","type":"product","link":"https:\/\/b2c.fairs.vn\/en\/product\/kho-bo-soi-cam-thach\/","title":{"rendered":"Kh\u00f4 b\u00f2 s\u1ee3i C\u1ea9m Th\u1ea1ch"},"content":{"rendered":"<div class=\"panel-title\">\n<h2 class=\"sweezy-custom-cursor-hover\">TH\u00d4NG TIN S\u1ea2N PH\u1ea8M<\/h2>\n<\/div>\n<div class=\"panel-description\">\n<div class=\"description-productdetail typeList-style\">\n<ul>\n<li><strong>Kh\u00f4 b\u00f2\u00a0<\/strong>C\u1ea9m Th\u1ea1ch \u0111\u01b0\u1ee3c ch\u1ebf bi\u1ebfn t\u1eeb 100% b\u00f2 t\u01b0\u01a1i, nguy\u00ean li\u1ec7u t\u1ef1 nhi\u00ean v\u00e0\u00a0kh\u00f4ng ch\u1ea5t b\u1ea3o qu\u1ea3n. L\u1ef1a ch\u1ecdn nh\u1eefng ph\u1ea7n th\u1ecbt ngon nh\u1ea5t nh\u01b0 ph\u1ea7n m\u00f4ng, \u0111\u00f9i, kh\u00f4 b\u00f2 C\u1ea9m Th\u1ea1ch\u00a0sau khi \u0111\u01b0\u1ee3c ch\u1ebf bi\u1ebfn v\u1eabn gi\u1eef \u0111\u01b0\u1ee3c gi\u00e1 tr\u1ecb dinh d\u01b0\u1ee1ng,\u00a0h\u01b0\u01a1ng v\u1ecb v\u00e0 k\u1ebft c\u1ea5u nguy\u00ean g\u1ed1c\u00a0c\u1ee7a th\u1ecbt b\u00f2 t\u01b0\u01a1i.\u00a0V\u1ecb cay n\u1ed3ng t\u1eeb \u1edbt t\u01b0\u01a1i k\u1ebft h\u1ee3p v\u1edbi m\u00f9i th\u01a1m c\u1ee7a g\u1eebng, s\u1ea3 \u0111em \u0111\u1ebfn m\u1ed9t h\u01b0\u01a1ng v\u1ecb kh\u00f3 qu\u00ean. \u0110\u1eb7c bi\u1ec7t, kh\u00f4 b\u00f2 s\u1ee3i C\u1ea9m Th\u1ea1ch c\u00f3 s\u1ee3i d\u00e0i, th\u1ea5m gia v\u1ecb,\u00a0kh\u00f4ng b\u1ecb n\u00e1t v\u1ee5n, th\u00edch h\u1ee3p cho m\u1ecdi l\u1ee9a tu\u1ed5i, c\u00f3 th\u1ec3 \u0111\u01b0\u1ee3c s\u1eed d\u1ee5ng \u0111\u1ebf ch\u1ebf bi\u1ebfn c\u00e1c m\u00f3n \u0103n k\u00e8m nh\u01b0 g\u1ecfi \u0111u\u00a0\u0111\u1ee7\u00a0kh\u00f4 b\u00f2,\u00a0g\u1ecfi xo\u00e0i tr\u1ed9n kh\u00f4 b\u00f2,\u00a0b\u00e1nh tr\u00e1ng tr\u1ed9n, v\u00e0 c\u00e1c m\u00f3n nh\u1eadu.<\/li>\n<li><strong>H\u01b0\u1edbng d\u1eabn s\u1eed d\u1ee5ng v\u00e0 b\u1ea3o qu\u1ea3n<\/strong>: d\u00f9ng \u0103n tr\u1ef1c ti\u1ebfp, b\u1ea3o qu\u1ea3n \u1edf n\u01a1i kh\u00f4 r\u00e1o, tho\u00e1ng m\u00e1t v\u00e0 tr\u00e1nh \u00e1nh n\u1eafng m\u1eb7t tr\u1eddi<\/li>\n<li><strong>H\u1ea1n s\u1eed d\u1ee5ng<\/strong>: 09 th\u00e1ng<\/li>\n<li>S\u1ea3n xu\u1ea5t v\u00e0 ph\u00e2n ph\u1ed1i b\u1edfi C\u01a1 s\u1edf s\u1ea3n xu\u1ea5t ch\u1ebf bi\u1ebfn th\u1ef1c ph\u1ea9m\u00a0C\u1ea8M TH\u1ea0CH, GP\u0110K s\u1ed1 34A8000332, \u0111\u1ecba ch\u1ec9: 14 Tr\u1ea7n H\u01b0ng \u0110\u1ea1o, p. Nguy\u1ec5n Nghi\u00eam, Th\u00e0nh ph\u1ed1 Qu\u1ea3ng Ng\u00e3i, T\u1ec9nh Qu\u1ea3ng Ng\u00e3i<\/li>\n<\/ul>\n<\/div>\n<\/div>","protected":false},"excerpt":{"rendered":"<p>TH\u00d4NG TIN S\u1ea2N PH\u1ea8M Kh\u00f4 b\u00f2\u00a0C\u1ea9m Th\u1ea1ch \u0111\u01b0\u1ee3c ch\u1ebf bi\u1ebfn t\u1eeb 100% b\u00f2 t\u01b0\u01a1i, nguy\u00ean li\u1ec7u t\u1ef1 nhi\u00ean v\u00e0\u00a0kh\u00f4ng ch\u1ea5t<\/p>","protected":false},"featured_media":14133,"comment_status":"open","ping_status":"closed","template":"","meta":{"_acf_changed":false},"product_cat":[366,447,22],"product_tag":[],"class_list":{"0":"post-14128","1":"product","2":"type-product","3":"status-publish","4":"has-post-thumbnail","6":"product_cat-hang-cnnt-cap-qg","7":"product_cat-san-pham-cnnt-tb-cap-qg-2017","8":"product_cat-sanphamthucpham","10":"first","11":"instock","12":"sale","13":"shipping-taxable","14":"purchasable","15":"product-type-variable"},"acf":[],"_links":{"self":[{"href":"https:\/\/b2c.fairs.vn\/en\/wp-json\/wp\/v2\/product\/14128","targetHints":{"allow":["GET"]}}],"collection":[{"href":"https:\/\/b2c.fairs.vn\/en\/wp-json\/wp\/v2\/product"}],"about":[{"href":"https:\/\/b2c.fairs.vn\/en\/wp-json\/wp\/v2\/types\/product"}],"replies":[{"embeddable":true,"href":"https:\/\/b2c.fairs.vn\/en\/wp-json\/wp\/v2\/comments?post=14128"}],"version-history":[{"count":0,"href":"https:\/\/b2c.fairs.vn\/en\/wp-json\/wp\/v2\/product\/14128\/revisions"}],"wp:featuredmedia":[{"embeddable":true,"href":"https:\/\/b2c.fairs.vn\/en\/wp-json\/wp\/v2\/media\/14133"}],"wp:attachment":[{"href":"https:\/\/b2c.fairs.vn\/en\/wp-json\/wp\/v2\/media?parent=14128"}],"wp:term":[{"taxonomy":"product_cat","embeddable":true,"href":"https:\/\/b2c.fairs.vn\/en\/wp-json\/wp\/v2\/product_cat?post=14128"},{"taxonomy":"product_tag","embeddable":true,"href":"https:\/\/b2c.fairs.vn\/en\/wp-json\/wp\/v2\/product_tag?post=14128"}],"curies":[{"name":"wp","href":"https:\/\/api.w.org\/{rel}","templated":true}]}}