{"id":14111,"date":"2024-04-02T09:22:18","date_gmt":"2024-04-02T02:22:18","guid":{"rendered":"https:\/\/b2c.fairs.vn\/?post_type=product&#038;p=14111"},"modified":"2024-04-02T09:22:19","modified_gmt":"2024-04-02T02:22:19","slug":"ca-phe-phin-giay-hami-coffee","status":"publish","type":"product","link":"https:\/\/b2c.fairs.vn\/en\/product\/ca-phe-phin-giay-hami-coffee\/","title":{"rendered":"C\u00e0 ph\u00ea phin gi\u1ea5y Hami coffee"},"content":{"rendered":"<p>C\u00e0 ph\u00ea phin gi\u1ea5y l\u00e0 s\u1ef1 k\u1ebft h\u1ee3p t\u1eeb c\u00e1c h\u1ea1t c\u00e0 ph\u00ea rang m\u1ed9c, t\u1ea1o n\u00ean m\u1ed9t lo\u1ea1i c\u00e0 ph\u00ea c\u00f3 h\u01b0\u01a1ng th\u01a1m n\u1ed3ng n\u00e0n. \u0110\u01b0\u1ee3c ch\u1ebf bi\u1ebfn tinh t\u1ebf t\u1eeb nh\u1eefng h\u1ea1t c\u00e0 ph\u00ea ch\u1ea5t l\u01b0\u1ee3ng, 100% c\u00e0 ph\u00ea s\u1ea1ch v\u1edbi t\u1ef7 l\u1ec7 Arabica, Robusta v\u00e0 Culi ti\u00eau chu\u1ea9n ph\u00f9 h\u1ee3p v\u1edbi kh\u1ea9u v\u1ecb ng\u01b0\u1eddi Vi\u1ec7t. S\u1eed d\u1ee5ng quy tr\u00ecnh rang xay, ch\u1ebf bi\u1ebfn kh\u00f4 v\u00e0 \u0111\u01b0\u1ee3c rang \u1edf m\u1ee9c \u0111\u1eadm v\u1eeba. H\u1ea1t c\u00e0 ph\u00ea c\u00f3 m\u00f9i v\u1ecb \u0111\u00e2\u0323m \u0111\u0103\u0301ng d\u00ea\u0303 chi\u0323u, th\u01a1m ngon \u0111\u1eb7c tr\u01b0ng. Ch\u1ea5t caffeine c\u00f3 trong c\u00e0 ph\u00ea c\u00f3 t\u00e1c d\u1ee5ng th\u00fac \u0111\u1ea9y lipolysis, gi\u1ea3i ph\u00f3ng ch\u1ea5t b\u00e9o trong m\u00e1u. C\u00e0 ph\u00ea h\u1ed7 tr\u1ee3 ng\u0103n ng\u1eeba ung th\u01b0, b\u1ec7nh t\u1eadt, mang l\u1ea1i c\u1ea3m gi\u00e1c vui v\u1ebb, s\u1ea3ng kho\u00e1i m\u1ed7i ng\u00e0y. C\u00e0 ph\u00ea \u0111\u01b0\u1ee3c \u0111ong v\u1edbi 1 l\u01b0\u1ee3ng v\u1eeba \u0111\u1ee7, \u0111\u1ec3 s\u1eb5n trong phin gi\u1ea5y ti\u1ec7n l\u1ee3i cho b\u1ea1n c\u00f3 th\u1ec3 pha c\u00e0 ph\u00ea \u1edf b\u1ea5t k\u00ec \u0111\u00e2u. H\u01af\u1edaNG D\u1eaaN S\u1eec D\u1ee4NG V\u00c0 B\u1ea2O QU\u1ea2N &#8211; X\u00e9 phin gi\u1ea5y theo \u0111\u01b0\u1eddng \u201cOpen here\u201d &#8211; M\u1edf 2 tai c\u00f3 s\u1eb5n m\u00f3c treo tr\u00ean mi\u1ec7ng ly &#8211; R\u00f3t m\u1ed9t \u00edt n\u01b0\u1edbc s\u00f4i v\u00e0o phin \u0111\u1ec3 c\u00e0 ph\u00ea ng\u1ea5m \u0111\u1ec1u v\u00e0 n\u1edf ra. \u0110\u1ee3i kho\u1ea3ng 30 gi\u00e2y r\u1ed3i r\u00f3t t\u1eeb t\u1eeb n\u01b0\u1edbc v\u00e0o phin ng\u1eadp c\u00e0 ph\u00ea &#8211; \u0110\u1ee3i kho\u1ea3ng 5 ph\u00fat cho c\u00e0 ph\u00ea chi\u1ebft xu\u1ea5t h\u1ebft r\u1ed3i l\u1ea5y phin gi\u1ea5y ra. &#8211; D\u00f9ng th\u00eam v\u1edbi \u0111\u01b0\u1eddng, s\u1eefa t\u00f9y theo kh\u1ea9u v\u1ecb. ***L\u01b0u \u00fd: \u0110\u1eady k\u00edn bao b\u00ec khi kh\u00f4ng s\u1eed d\u1ee5ng B\u1ea3o qu\u1ea3n n\u01a1i kh\u00f4 r\u00e1o, tho\u00e1ng m\u00e1t, tr\u00e1nh \u1ea9m th\u1ea5p, tr\u00e1nh \u00e1nh n\u1eafng m\u1eb7t tr\u1eddi<\/p>","protected":false},"excerpt":{"rendered":"<p>C\u00e0 ph\u00ea phin gi\u1ea5y l\u00e0 s\u1ef1 k\u1ebft h\u1ee3p t\u1eeb c\u00e1c h\u1ea1t c\u00e0 ph\u00ea rang m\u1ed9c, t\u1ea1o n\u00ean m\u1ed9t lo\u1ea1i c\u00e0<\/p>","protected":false},"featured_media":14120,"comment_status":"open","ping_status":"closed","template":"","meta":{"_acf_changed":false},"product_cat":[324,366,446,22],"product_tag":[],"class_list":{"0":"post-14111","1":"product","2":"type-product","3":"status-publish","4":"has-post-thumbnail","6":"product_cat-ca-phe-ca-cao","7":"product_cat-hang-cnnt-cap-qg","8":"product_cat-san-pham-cnnt-tb-cap-qg-2019","9":"product_cat-sanphamthucpham","11":"first","12":"instock","13":"shipping-taxable","14":"purchasable","15":"product-type-variable"},"acf":[],"_links":{"self":[{"href":"https:\/\/b2c.fairs.vn\/en\/wp-json\/wp\/v2\/product\/14111","targetHints":{"allow":["GET"]}}],"collection":[{"href":"https:\/\/b2c.fairs.vn\/en\/wp-json\/wp\/v2\/product"}],"about":[{"href":"https:\/\/b2c.fairs.vn\/en\/wp-json\/wp\/v2\/types\/product"}],"replies":[{"embeddable":true,"href":"https:\/\/b2c.fairs.vn\/en\/wp-json\/wp\/v2\/comments?post=14111"}],"version-history":[{"count":0,"href":"https:\/\/b2c.fairs.vn\/en\/wp-json\/wp\/v2\/product\/14111\/revisions"}],"wp:featuredmedia":[{"embeddable":true,"href":"https:\/\/b2c.fairs.vn\/en\/wp-json\/wp\/v2\/media\/14120"}],"wp:attachment":[{"href":"https:\/\/b2c.fairs.vn\/en\/wp-json\/wp\/v2\/media?parent=14111"}],"wp:term":[{"taxonomy":"product_cat","embeddable":true,"href":"https:\/\/b2c.fairs.vn\/en\/wp-json\/wp\/v2\/product_cat?post=14111"},{"taxonomy":"product_tag","embeddable":true,"href":"https:\/\/b2c.fairs.vn\/en\/wp-json\/wp\/v2\/product_tag?post=14111"}],"curies":[{"name":"wp","href":"https:\/\/api.w.org\/{rel}","templated":true}]}}