{"id":14105,"date":"2024-04-02T09:21:22","date_gmt":"2024-04-02T02:21:22","guid":{"rendered":"https:\/\/b2c.fairs.vn\/?post_type=product&#038;p=14105"},"modified":"2024-04-02T09:22:37","modified_gmt":"2024-04-02T02:22:37","slug":"kho-bo-mieng-cam-thach","status":"publish","type":"product","link":"https:\/\/b2c.fairs.vn\/en\/product\/kho-bo-mieng-cam-thach\/","title":{"rendered":"Kh\u00f4 b\u00f2 mi\u1ebfng C\u1ea9m Th\u1ea1ch"},"content":{"rendered":"<div class=\"panel-title\">\n<h2 class=\"sweezy-custom-cursor-hover\">H\u00d4NG TIN S\u1ea2N PH\u1ea8M<\/h2>\n<\/div>\n<div class=\"panel-description\">\n<div class=\"description-productdetail typeList-style\">\n<ul>\n<li><strong>Kh\u00f4 b\u00f2\u00a0<\/strong>C\u1ea9m Th\u1ea1ch \u0111\u01b0\u1ee3c ch\u1ebf bi\u1ebfn t\u1eeb 100% b\u00f2 t\u01b0\u01a1i, nguy\u00ean li\u1ec7u t\u1ef1 nhi\u00ean v\u00e0\u00a0kh\u00f4ng ch\u1ea5t b\u1ea3o qu\u1ea3n. L\u1ef1a ch\u1ecdn nh\u1eefng ph\u1ea7n th\u1ecbt ngon nh\u1ea5t nh\u01b0 ph\u1ea7n m\u00f4ng, \u0111\u00f9i, kh\u00f4 b\u00f2 C\u1ea9m Th\u1ea1ch\u00a0sau khi \u0111\u01b0\u1ee3c ch\u1ebf bi\u1ebfn v\u1eabn gi\u1eef \u0111\u01b0\u1ee3c gi\u00e1 tr\u1ecb dinh d\u01b0\u1ee1ng,\u00a0h\u01b0\u01a1ng v\u1ecb v\u00e0 k\u1ebft c\u1ea5u nguy\u00ean g\u1ed1c\u00a0c\u1ee7a th\u1ecbt b\u00f2 t\u01b0\u01a1i.\u00a0V\u1ecb cay n\u1ed3ng t\u1eeb \u1edbt t\u01b0\u01a1i k\u1ebft h\u1ee3p v\u1edbi m\u00f9i th\u01a1m c\u1ee7a g\u1eebng, s\u1ea3 \u0111em \u0111\u1ebfn m\u1ed9t h\u01b0\u01a1ng v\u1ecb kh\u00f3 qu\u00ean. \u0110\u1eb7c bi\u1ec7t, kh\u00f4 b\u00f2 mi\u1ebfng C\u1ea9m Th\u1ea1ch \u0111\u01b0\u1ee3c s\u1ea5y\u00a0m\u1ec1m, dai, th\u1ea5m gia v\u1ecb\u00a0kh\u00f4ng g\u00e2y ra c\u1ea3m gi\u00e1c kh\u00f4 r\u00e1p khi s\u1eed d\u1ee5ng, th\u00edch h\u1ee3p cho m\u1ecdi l\u1ee9a tu\u1ed5i.<\/li>\n<li><strong>H\u01b0\u1edbng d\u1eabn s\u1eed d\u1ee5ng v\u00e0 b\u1ea3o qu\u1ea3n<\/strong>: d\u00f9ng \u0103n tr\u1ef1c ti\u1ebfp, b\u1ea3o qu\u1ea3n \u1edf n\u01a1i kh\u00f4 r\u00e1o, tho\u00e1ng m\u00e1t v\u00e0 tr\u00e1nh \u00e1nh n\u1eafng m\u1eb7t tr\u1eddi<\/li>\n<li><strong>Quy c\u00e1ch \u0111\u00f3ng g\u00f3i<\/strong>:\n<ul>\n<li>T\u00fai zip\u00a0100gr &#8211; kh\u1ed1i l\u01b0\u1ee3ng t\u1ecbnh: 90gr<\/li>\n<li>H\u1ed9p gi\u1ea5y 250gr &#8211; kh\u1ed1i l\u01b0\u1ee3ng t\u1ecbnh: 220gr<\/li>\n<li>H\u1ed9p gi\u1ea5y 500gr &#8211;\u00a0kh\u1ed1i l\u01b0\u1ee3ng t\u1ecbnh: 440gr<\/li>\n<\/ul>\n<\/li>\n<li><strong>H\u1ea1n s\u1eed d\u1ee5ng<\/strong>: 09 th\u00e1ng<\/li>\n<li>S\u1ea3n xu\u1ea5t v\u00e0 ph\u00e2n ph\u1ed1i b\u1edfi C\u01a1 s\u1edf s\u1ea3n xu\u1ea5t ch\u1ebf bi\u1ebfn th\u1ef1c ph\u1ea9m\u00a0C\u1ea8M TH\u1ea0CH, GP\u0110K s\u1ed1 34A8000332, \u0111\u1ecba ch\u1ec9: 14 Tr\u1ea7n H\u01b0ng \u0110\u1ea1o, p. Nguy\u1ec5n Nghi\u00eam, Th\u00e0nh ph\u1ed1 Qu\u1ea3ng Ng\u00e3i, T\u1ec9nh Qu\u1ea3ng Ng\u00e3i<\/li>\n<\/ul>\n<\/div>\n<\/div>","protected":false},"excerpt":{"rendered":"<p>H\u00d4NG TIN S\u1ea2N PH\u1ea8M Kh\u00f4 b\u00f2\u00a0C\u1ea9m Th\u1ea1ch \u0111\u01b0\u1ee3c ch\u1ebf bi\u1ebfn t\u1eeb 100% b\u00f2 t\u01b0\u01a1i, nguy\u00ean li\u1ec7u t\u1ef1 nhi\u00ean v\u00e0\u00a0kh\u00f4ng ch\u1ea5t<\/p>","protected":false},"featured_media":14076,"comment_status":"open","ping_status":"closed","template":"","meta":{"_acf_changed":false},"product_cat":[317,366,447,22,313],"product_tag":[],"class_list":{"0":"post-14105","1":"product","2":"type-product","3":"status-publish","4":"has-post-thumbnail","6":"product_cat-che-bien-tu-thit-trung-sua-thuy-san-cac-san-pham-tu-mat-ong-mat-khac-va-nong-san-thuc-pham-khac","7":"product_cat-hang-cnnt-cap-qg","8":"product_cat-san-pham-cnnt-tb-cap-qg-2017","9":"product_cat-sanphamthucpham","10":"product_cat-thuc-pham-che-bien","12":"first","13":"instock","14":"sale","15":"shipping-taxable","16":"purchasable","17":"product-type-variable","18":"has-default-attributes"},"acf":[],"_links":{"self":[{"href":"https:\/\/b2c.fairs.vn\/en\/wp-json\/wp\/v2\/product\/14105","targetHints":{"allow":["GET"]}}],"collection":[{"href":"https:\/\/b2c.fairs.vn\/en\/wp-json\/wp\/v2\/product"}],"about":[{"href":"https:\/\/b2c.fairs.vn\/en\/wp-json\/wp\/v2\/types\/product"}],"replies":[{"embeddable":true,"href":"https:\/\/b2c.fairs.vn\/en\/wp-json\/wp\/v2\/comments?post=14105"}],"version-history":[{"count":0,"href":"https:\/\/b2c.fairs.vn\/en\/wp-json\/wp\/v2\/product\/14105\/revisions"}],"wp:featuredmedia":[{"embeddable":true,"href":"https:\/\/b2c.fairs.vn\/en\/wp-json\/wp\/v2\/media\/14076"}],"wp:attachment":[{"href":"https:\/\/b2c.fairs.vn\/en\/wp-json\/wp\/v2\/media?parent=14105"}],"wp:term":[{"taxonomy":"product_cat","embeddable":true,"href":"https:\/\/b2c.fairs.vn\/en\/wp-json\/wp\/v2\/product_cat?post=14105"},{"taxonomy":"product_tag","embeddable":true,"href":"https:\/\/b2c.fairs.vn\/en\/wp-json\/wp\/v2\/product_tag?post=14105"}],"curies":[{"name":"wp","href":"https:\/\/api.w.org\/{rel}","templated":true}]}}