{"id":14079,"date":"2024-04-02T08:59:06","date_gmt":"2024-04-02T01:59:06","guid":{"rendered":"https:\/\/b2c.fairs.vn\/?post_type=product&#038;p=14079"},"modified":"2024-04-02T08:59:06","modified_gmt":"2024-04-02T01:59:06","slug":"hat-dieu-toi-ot-hu-115g","status":"publish","type":"product","link":"https:\/\/b2c.fairs.vn\/en\/product\/hat-dieu-toi-ot-hu-115g\/","title":{"rendered":"H\u1ea1t \u0111i\u1ec1u t\u1ecfi \u1edbt h\u0169 115g"},"content":{"rendered":"<p><strong>H\u1ea1t \u0110i\u1ec1u T\u1ecfi \u1edat h\u0169 115g<\/strong><\/p>\n<ul>\n<li>H\u1ea1t \u0111i\u1ec1u t\u1ecfi \u1edbt \u0111\u01b0\u1ee3c ph\u00e2n lo\u1ea1i v\u00e0 ki\u1ec3m tra t\u1ec9 m\u1ec9 t\u1eebng c\u00f4ng \u0111o\u1ea1n trong quy tr\u00ecnh kh\u00e9p k\u00edn, g\u1ed3m h\u1ea1t \u0111i\u1ec1u b\u00f3c l\u1ee5a mang \u0111i s\u1ea5y tr\u1ed9n c\u00f9ng t\u1ecfi,\u1edbt v\u00e0 mu\u1ed1i, \u0111\u01b0\u1eddng( l\u01b0\u1ee3ng kh\u00f4ng \u0111\u00e1ng k\u1ec3) v\u1edbi c\u00f4ng ngh\u1ec7 hi\u1ec7n \u0111\u1ea1i b\u1ea3o \u0111\u1ea3m ATVSTP.<\/li>\n<li>H\u1ea1t \u0111i\u1ec1u: c\u00f2n nguy\u00ean v\u1eb9n, t\u1ec9 l\u1ec7 b\u1ec3 \u00edt ho\u1eb7c kh\u00f4ng c\u00f3 ( do qu\u00e1 tr\u00ecnh v\u1eadn chuy\u1ec3n ) 100% h\u1ea1t \u0111i\u1ec1u Vi\u1ec7t Nam.<\/li>\n<li>M\u00f4 t\u1ea3 c\u1ea3m quan s\u1ea3n ph\u1ea9m:<\/li>\n<\/ul>\n<ul>\n<li>M\u00e0u: v\u00e0ng n\u00e2u b\u1eaft m\u1eaft.<\/li>\n<li>M\u00f9i: m\u00f9i th\u01a1m h\u1ea5p d\u1eabn, \u0111\u1eb7c tr\u01b0ng c\u1ee7a h\u1ea1t \u0111i\u1ec1u rang ch\u00edn h\u00f2a quy\u1ec7n v\u1edbi m\u00f9i t\u1ecfi \u1edbt th\u01a1m l\u1eebng.<\/li>\n<li>V\u1ecb: v\u1ecb cay nh\u1eb9 c\u1ee7a \u1edbt k\u1ebft h\u1ee3p v\u1edbi v\u1ecb ng\u1ecdt b\u00f9i pha ch\u00fat b\u00e9o c\u1ee7a h\u1ea1t \u0111i\u1ec1u, k\u00edch th\u00edch v\u1ecb gi\u00e1c.<\/li>\n<li>C\u1ea5u tr\u00fac: gi\u00f2n tan t\u1eebng h\u1ea1t.<\/li>\n<\/ul>\n<ul>\n<li>Th\u00e0nh ph\u1ea7n : h\u1ea1t \u0111i\u1ec1u 93%- T\u1ecfi 5%- \u1edbt 1%, Mu\u1ed1i, \u0111\u01b0\u1eddng.<\/li>\n<li>HSD: 12 th\u00e1ng k\u1ec3 t\u1eeb ng\u00e0y s\u1ea3n xu\u1ea5t( s\u1eed h\u1ebft trong v\u00f2ng 1 th\u00e1ng khi \u0111\u00e3 m\u1edf bao b\u00ec ).<\/li>\n<li>B\u1ea3o qu\u1ea3n n\u01a1i kh\u00f4 r\u00e1o, tho\u00e1ng m\u00e1t. \u0110\u1eady k\u00edn sau khi s\u1eed d\u1ee5ng<\/li>\n<\/ul>\n<p>&nbsp;<\/p>\n<p><strong>Th\u00e0nh ph\u1ea7n dinh d\u01b0\u1ee1ng h\u1ea1t \u0111i\u1ec1u trong 115 gam \u0103n \u0111\u01b0\u1ee3c bao g\u1ed3m:<\/strong><\/p>\n<ul>\n<li>N\u0103ng l\u01b0\u1ee3ng: 605 Kcal.<\/li>\n<li>Protein: 18.4 gam.<\/li>\n<li>Glucid: 28.7 gam.<\/li>\n<li>Lipid: 46.3 gam.<\/li>\n<li>Ch\u1ea5t x\u01a1: 0.6 gam.<\/li>\n<li>Vitamin: vitamin E (0.9 mg), vitamin K (34.1 mg), vitamin B6 (0.417 mg)<\/li>\n<li>Ch\u1ea5t kho\u00e1ng: Canxi (28 mg), Natri (12 mg), Kali (660 mg), Magie (292 mg), Folate (25 mcg)<\/li>\n<\/ul>\n<p>&nbsp;<\/p>\n<p><strong>H\u1ea1t \u0111i\u1ec1u c\u00f3 t\u00e1c d\u1ee5ng bthees n\u00e0o \u0111\u1ed1i v\u1edbi s\u1ee9c kh\u1ecfe:<\/strong><\/p>\n<ul>\n<li>H\u1ea1t \u0111i\u1ec1u r\u1ea5t t\u1ed1t cho tim m\u1ea1ch<\/li>\n<li>Trong h\u1ea1t \u0111i\u1ec1u c\u00f3 proanthocyanidins, m\u1ed9t ch\u1ea5t l\u00e0m gi\u1ea3m c\u00e1c kh\u1ed1i u g\u00e2y ung th\u01b0<\/li>\n<li>H\u1ea1t \u0111i\u1ec1u ch\u1ee9a ch\u1ea5t b\u00e9o kh\u00f4ng no b\u00e3o h\u00f2a \u0111\u01a1n, \u0103n h\u1ea1t \u0111i\u1ec1u gi\u00fap gi\u1ea3m c\u00e2n \u1edf ph\u1ee5 n\u1eef, r\u1ea5t t\u1ed1t cho ph\u1ee5 n\u1eef mang thai<\/li>\n<li>Ngo\u00e0i ra h\u1ea1t \u0111i\u1ec1u ch\u1ee9a nhi\u1ec1u ch\u1ea5t kho\u00e1ng nh\u01b0 S\u1eaft, k\u1ebdm, magie gi\u00fap x\u01b0\u01a1ng ch\u1eafc kh\u1ecfe<\/li>\n<li>\u0102n h\u1ea1t \u0111i\u1ec1u gi\u00fap gi\u1ea3m c\u0103ng th\u1eb3ng, c\u1ea3i thi\u1ec7n ch\u1ee9c n\u0103ng n\u00e3o<\/li>\n<\/ul>\n<p>&nbsp;<\/p>\n<p><strong>5 l\u00fd do b\u1ea1n n\u00ean mua h\u1ea1t \u0111i\u1ec1u H\u1ea3i B\u00ecnh<\/strong><\/p>\n<ol>\n<li>100% h\u1ea1t \u0111i\u1ec1u Vi\u1ec7t Nam.<\/li>\n<li>\u0110\u01b0\u1ee3c rang ho\u00e0n to\u00e0n th\u1ee7 c\u00f4ng tr\u00ean l\u00f2 rang c\u1ee7i theo ph\u01b0\u01a1ng ph\u00e1p rang truy\u1ec1n th\u1ed1ng v\u1eabn gi\u1eef nguy\u00ean tr\u1ecdn v\u1eb9n gi\u00e1 tr\u1ecb dinh d\u01b0\u1ee1ng c\u1ee7a h\u1ea1t \u0111i\u1ec1u.<\/li>\n<li>Kh\u00f4ng cholesteron, kh\u00f4ng ch\u1ea5t b\u1ea3o qu\u1ea3n, kh\u00f4ng ch\u1ea5t \u0111\u1ed9c h\u1ea1i, ho\u00e0n to\u00e0n t\u1ef1 nhi\u00ean.<\/li>\n<li>Bao b\u00ec \u0111\u1eb9p m\u1eaft, sang tr\u1ecdng, ti\u1ec7n d\u1ee5ng, th\u00edch h\u1ee3p l\u00e0m qu\u00e0 bi\u1ebfu t\u1eb7ng<\/li>\n<li>Mua h\u00e0ng nhanh, giao h\u00e0ng to\u00e0n qu\u1ed1c, v\u00e0 \u0111\u1eb7c bi\u1ebft freeship tr\u00ean to\u00e0n qu\u1ed1c<\/li>\n<\/ol>","protected":false},"excerpt":{"rendered":"<p><strong>H\u1ea1t \u0110i\u1ec1u T\u1ecfi \u1edat h\u0169 115g<\/strong><\/p>\n<ul>\n<li>H\u1ea1t \u0111i\u1ec1u t\u1ecfi \u1edbt \u0111\u01b0\u1ee3c ph\u00e2n lo\u1ea1i v\u00e0 ki\u1ec3m tra t\u1ec9 m\u1ec9 t\u1eebng c\u00f4ng \u0111o\u1ea1n trong quy tr\u00ecnh kh\u00e9p k\u00edn, g\u1ed3m h\u1ea1t \u0111i\u1ec1u b\u00f3c l\u1ee5a mang \u0111i s\u1ea5y tr\u1ed9n c\u00f9ng t\u1ecfi,\u1edbt v\u00e0 mu\u1ed1i, \u0111\u01b0\u1eddng( l\u01b0\u1ee3ng kh\u00f4ng \u0111\u00e1ng k\u1ec3) v\u1edbi c\u00f4ng ngh\u1ec7 hi\u1ec7n \u0111\u1ea1i b\u1ea3o \u0111\u1ea3m ATVSTP.<\/li>\n<li>H\u1ea1t \u0111i\u1ec1u: c\u00f2n nguy\u00ean v\u1eb9n, t\u1ec9 l\u1ec7 b\u1ec3 \u00edt ho\u1eb7c kh\u00f4ng c\u00f3 ( do qu\u00e1 tr\u00ecnh v\u1eadn chuy\u1ec3n ) 100% h\u1ea1t \u0111i\u1ec1u Vi\u1ec7t Nam.<\/li>\n<li>M\u00f4 t\u1ea3 c\u1ea3m quan s\u1ea3n ph\u1ea9m:<\/li>\n<\/ul>\n<ul>\n<li>M\u00e0u: v\u00e0ng n\u00e2u b\u1eaft m\u1eaft.<\/li>\n<li>M\u00f9i: m\u00f9i th\u01a1m h\u1ea5p d\u1eabn, \u0111\u1eb7c tr\u01b0ng c\u1ee7a h\u1ea1t \u0111i\u1ec1u rang ch\u00edn h\u00f2a quy\u1ec7n v\u1edbi m\u00f9i t\u1ecfi \u1edbt th\u01a1m l\u1eebng.<\/li>\n<li>V\u1ecb: v\u1ecb cay nh\u1eb9 c\u1ee7a \u1edbt k\u1ebft h\u1ee3p v\u1edbi v\u1ecb ng\u1ecdt b\u00f9i pha ch\u00fat b\u00e9o c\u1ee7a h\u1ea1t \u0111i\u1ec1u, k\u00edch th\u00edch v\u1ecb gi\u00e1c.<\/li>\n<li>C\u1ea5u tr\u00fac: gi\u00f2n tan t\u1eebng h\u1ea1t.<\/li>\n<\/ul>\n<ul>\n<li>Th\u00e0nh ph\u1ea7n : h\u1ea1t \u0111i\u1ec1u 93%- T\u1ecfi 5%- \u1edbt 1%, Mu\u1ed1i, \u0111\u01b0\u1eddng.<\/li>\n<li>HSD: 12 th\u00e1ng k\u1ec3 t\u1eeb ng\u00e0y s\u1ea3n xu\u1ea5t( s\u1eed h\u1ebft trong v\u00f2ng 1 th\u00e1ng khi \u0111\u00e3 m\u1edf bao b\u00ec ).<\/li>\n<li>B\u1ea3o qu\u1ea3n n\u01a1i kh\u00f4 r\u00e1o, tho\u00e1ng m\u00e1t. \u0110\u1eady k\u00edn sau khi s\u1eed d\u1ee5ng<\/li>\n<\/ul>\n<p>&nbsp;<\/p>\n<p><strong>Th\u00e0nh ph\u1ea7n dinh d\u01b0\u1ee1ng h\u1ea1t \u0111i\u1ec1u trong 115 gam \u0103n \u0111\u01b0\u1ee3c bao g\u1ed3m:<\/strong><\/p>\n<ul>\n<li>N\u0103ng l\u01b0\u1ee3ng: 605 Kcal.<\/li>\n<li>Protein: 18.4 gam.<\/li>\n<li>Glucid: 28.7 gam.<\/li>\n<li>Lipid: 46.3 gam.<\/li>\n<li>Ch\u1ea5t x\u01a1: 0.6 gam.<\/li>\n<li>Vitamin: vitamin E (0.9 mg), vitamin K (34.1 mg), vitamin B6 (0.417 mg)<\/li>\n<li>Ch\u1ea5t kho\u00e1ng: Canxi (28 mg), Natri (12 mg), Kali (660 mg), Magie (292 mg), Folate (25 mcg)<\/li>\n<\/ul>\n<p>&nbsp;<\/p>\n<p><strong>H\u1ea1t \u0111i\u1ec1u c\u00f3 t\u00e1c d\u1ee5ng bthees n\u00e0o \u0111\u1ed1i v\u1edbi s\u1ee9c kh\u1ecfe:<\/strong><\/p>\n<ul>\n<li>H\u1ea1t \u0111i\u1ec1u r\u1ea5t t\u1ed1t cho tim m\u1ea1ch<\/li>\n<li>Trong h\u1ea1t \u0111i\u1ec1u c\u00f3 proanthocyanidins, m\u1ed9t ch\u1ea5t l\u00e0m gi\u1ea3m c\u00e1c kh\u1ed1i u g\u00e2y ung th\u01b0<\/li>\n<li>H\u1ea1t \u0111i\u1ec1u ch\u1ee9a ch\u1ea5t b\u00e9o kh\u00f4ng no b\u00e3o h\u00f2a \u0111\u01a1n, \u0103n h\u1ea1t \u0111i\u1ec1u gi\u00fap gi\u1ea3m c\u00e2n \u1edf ph\u1ee5 n\u1eef, r\u1ea5t t\u1ed1t cho ph\u1ee5 n\u1eef mang thai<\/li>\n<li>Ngo\u00e0i ra h\u1ea1t \u0111i\u1ec1u ch\u1ee9a nhi\u1ec1u ch\u1ea5t kho\u00e1ng nh\u01b0 S\u1eaft, k\u1ebdm, magie gi\u00fap x\u01b0\u01a1ng ch\u1eafc kh\u1ecfe<\/li>\n<li>\u0102n h\u1ea1t \u0111i\u1ec1u gi\u00fap gi\u1ea3m c\u0103ng th\u1eb3ng, c\u1ea3i thi\u1ec7n ch\u1ee9c n\u0103ng n\u00e3o<\/li>\n<\/ul>\n<p>&nbsp;<\/p>\n<p><strong>5 l\u00fd do b\u1ea1n n\u00ean mua h\u1ea1t \u0111i\u1ec1u H\u1ea3i B\u00ecnh<\/strong><\/p>\n<ol>\n<li>100% h\u1ea1t \u0111i\u1ec1u Vi\u1ec7t Nam.<\/li>\n<li>\u0110\u01b0\u1ee3c rang ho\u00e0n to\u00e0n th\u1ee7 c\u00f4ng tr\u00ean l\u00f2 rang c\u1ee7i theo ph\u01b0\u01a1ng ph\u00e1p rang truy\u1ec1n th\u1ed1ng v\u1eabn gi\u1eef nguy\u00ean tr\u1ecdn v\u1eb9n gi\u00e1 tr\u1ecb dinh d\u01b0\u1ee1ng c\u1ee7a h\u1ea1t \u0111i\u1ec1u.<\/li>\n<li>Kh\u00f4ng cholesteron, kh\u00f4ng ch\u1ea5t b\u1ea3o qu\u1ea3n, kh\u00f4ng ch\u1ea5t \u0111\u1ed9c h\u1ea1i, ho\u00e0n to\u00e0n t\u1ef1 nhi\u00ean.<\/li>\n<li>Bao b\u00ec \u0111\u1eb9p m\u1eaft, sang tr\u1ecdng, ti\u1ec7n d\u1ee5ng, th\u00edch h\u1ee3p l\u00e0m qu\u00e0 bi\u1ebfu t\u1eb7ng<\/li>\n<li>Mua h\u00e0ng nhanh, giao h\u00e0ng to\u00e0n qu\u1ed1c, v\u00e0 \u0111\u1eb7c bi\u1ebft freeship tr\u00ean to\u00e0n qu\u1ed1c<\/li>\n<\/ol>","protected":false},"featured_media":14080,"comment_status":"open","ping_status":"closed","template":"","meta":{"_acf_changed":false},"product_cat":[316,366,398,22,313],"product_tag":[],"class_list":{"0":"post-14079","1":"product","2":"type-product","3":"status-publish","4":"has-post-thumbnail","6":"product_cat-che-bien-tu-rau-cu-qua-hat","7":"product_cat-hang-cnnt-cap-qg","8":"product_cat-san-pham-cnnt-tb-cap-qg-2021","9":"product_cat-sanphamthucpham","10":"product_cat-thuc-pham-che-bien","12":"first","13":"instock","14":"shipping-taxable","15":"purchasable","16":"product-type-simple"},"acf":[],"_links":{"self":[{"href":"https:\/\/b2c.fairs.vn\/en\/wp-json\/wp\/v2\/product\/14079","targetHints":{"allow":["GET"]}}],"collection":[{"href":"https:\/\/b2c.fairs.vn\/en\/wp-json\/wp\/v2\/product"}],"about":[{"href":"https:\/\/b2c.fairs.vn\/en\/wp-json\/wp\/v2\/types\/product"}],"replies":[{"embeddable":true,"href":"https:\/\/b2c.fairs.vn\/en\/wp-json\/wp\/v2\/comments?post=14079"}],"version-history":[{"count":0,"href":"https:\/\/b2c.fairs.vn\/en\/wp-json\/wp\/v2\/product\/14079\/revisions"}],"wp:featuredmedia":[{"embeddable":true,"href":"https:\/\/b2c.fairs.vn\/en\/wp-json\/wp\/v2\/media\/14080"}],"wp:attachment":[{"href":"https:\/\/b2c.fairs.vn\/en\/wp-json\/wp\/v2\/media?parent=14079"}],"wp:term":[{"taxonomy":"product_cat","embeddable":true,"href":"https:\/\/b2c.fairs.vn\/en\/wp-json\/wp\/v2\/product_cat?post=14079"},{"taxonomy":"product_tag","embeddable":true,"href":"https:\/\/b2c.fairs.vn\/en\/wp-json\/wp\/v2\/product_tag?post=14079"}],"curies":[{"name":"wp","href":"https:\/\/api.w.org\/{rel}","templated":true}]}}