{"id":14056,"date":"2024-04-02T08:51:36","date_gmt":"2024-04-02T01:51:36","guid":{"rendered":"https:\/\/b2c.fairs.vn\/?post_type=product&#038;p=14056"},"modified":"2024-04-02T08:51:37","modified_gmt":"2024-04-02T01:51:37","slug":"hop-qua-tang-hat-dieu-rang-cui-loai-dac-biet-500-g","status":"publish","type":"product","link":"https:\/\/b2c.fairs.vn\/en\/product\/hop-qua-tang-hat-dieu-rang-cui-loai-dac-biet-500-g\/","title":{"rendered":"H\u1ed9p qu\u00e0 t\u1eb7ng h\u1ea1t \u0111i\u1ec1u rang c\u1ee7i lo\u1ea1i \u0111\u1eb7c bi\u1ec7t 500 g"},"content":{"rendered":"<p><strong>H\u1ea1t \u0111i\u1ec1u rang c\u1ee7i h\u1ed9p qu\u00e0 \u0111\u1eb7c bi\u1ec7t\u00a0<\/strong><\/p>\n<p>&nbsp;<\/p>\n<ul>\n<li>H\u1ea1t \u0111i\u1ec1u rang mu\u1ed1i c\u00f3 v\u1ecf l\u1ee5a \u0111\u01b0\u1ee3c s\u1ea3n xu\u1ea5t v\u00e0 ch\u1ecdn l\u1ecdc k\u0129 l\u01b0\u1ee1ng \u0111\u00ea\u0309 cho ra h\u1ea1t \u0111i\u1ec1u to tr\u00f2n, ch\u1eafc ha\u0323t. H\u1ea1t \u0111i\u1ec1u rang mu\u1ed1i c\u00f3 v\u1ecf l\u1ee5a co\u0301 vi\u0323 gi\u00f2n r\u1ee5m, c\u00f3 v\u1ecb ng\u1ecdt, b\u00e9o b\u00f9i\u2026va\u0300 ch\u00e2\u0301t l\u01b0\u01a1\u0323ng v\u00e2\u0303n mang mu\u0300i vi\u0323 \u0111\u0103\u0323c tr\u01b0ng cu\u0309a Ha\u0323t \u0111i\u00ea\u0300u rang c\u1ee7i H\u1ea3i B\u00ecnh.<\/li>\n<li>Kh\u1ed1i l\u01b0\u1ee3ng: 500gr\/ h\u1ed9p<\/li>\n<li>H\u1ea1n s\u1eed d\u1ee5ng: 1 n\u0103m l\u00e0 t\u1ed1i \u0111a. T\u00fai c\u00f3 c\u00e1n m\u00e0ng n\u00ean b\u1ea3o qu\u1ea3n r\u1ea5t t\u1ed1t. H\u1ea1t \u0111i\u1ec1u rang c\u1ee7i c\u1ee7a H\u1ea3i B\u00ecnh cam k\u1ebft lu\u00f4n b\u00e1n s\u1ea3n ph\u1ea9m m\u1edbi nh\u1ea5t.<\/li>\n<li>C\u00e1ch s\u1eed d\u1ee5ng: b\u00f3c v\u1ecf l\u1ee5a v\u00e0 \u0103n tr\u1ef1c ti\u1ebfp. \u0102n kh\u00f4ng h\u1ebft th\u00ec b\u1ea1n c\u1ea7n b\u1ea3o qu\u1ea3n k\u1ef9 nh\u00e9, tr\u00e1ch h\u1edf gi\u00f3 l\u00e0m gi\u1ea3m \u0111\u1ed9 gi\u00f2n c\u0169ng nh\u01b0 ch\u1ea5t l\u01b0\u1ee3ng c\u1ee7a s\u1ea3n ph\u1ea9m.<\/li>\n<li>B\u1ea3o h\u00e0nh: H\u1ea3i B\u00ecnh cam k\u1ebft b\u00e1n h\u00e0ng ch\u1ea5t l\u01b0\u1ee3ng, uy t\u00edn v\u1edbi ph\u01b0\u01a1ng ch\u00e2m &#8220;Lu\u00f4n s\u1eb5n s\u00e0ng ph\u1ee5c v\u1ee5, t\u1eadn t\u00e2m, ph\u1ea5n \u0111\u1ea5u \u0111em l\u1ea1i l\u1ee3i \u00edch t\u1ed1t nh\u1ea5t \u0111\u1ebfn kh\u00e1ch h\u00e0ng, c\u00f4ng nh\u00e2n v\u00e0 x\u00e3 h\u1ed9i&#8221;. N\u00ean s\u1ea3n ph\u1ea9m \u0111\u01b0\u1ee3c ch\u1ecdn l\u1ef1a t\u1ed1t nh\u1ea5t, \u0111\u1ea3m b\u1ea3o ch\u1ea5t l\u01b0\u1ee3ng, v\u1ec7 sinh. Qu\u00fd kh\u00e1ch c\u00f3 th\u1ec3 d\u00f9ng th\u1eed h\u00e0ng tr\u1ef1c ti\u1ebfp t\u1ea1i Showroom H\u1ea1t \u0111i\u1ec1u rang c\u1ee7i H\u1ea3i B\u00ecnh, v\u00e0 \u0111\u1ea3m b\u1ea3o giao h\u00e0ng \u0111\u00fang chu\u1ea9n.<\/li>\n<li>Trong h\u1ea1t \u0111i\u1ec1u c\u00f3 ch\u1ee9a r\u1ea5t nhi\u1ec1u vitamin v\u00e0 kho\u00e1ng ch\u1ea5t, ch\u1ea5t ch\u1ed1ng oxy h\u00f3a nh\u01b0 vitamin E, K, B6 v\u00e0 kho\u00e1ng ch\u1ea5t \u0111\u1ed3ng, photpho, k\u1ebdm, magie, s\u1eaft v\u00e0 selen gi\u00fap duy tr\u00ec t\u1ed1t c\u00e1c ch\u1ee9c n\u0103ng c\u1ee7a c\u01a1 th\u1ec3.<\/li>\n<\/ul>\n<ul>\n<li>31% \u0111\u1ed3ng.<\/li>\n<li>23% mangan.<\/li>\n<li>20% magie.<\/li>\n<li>17% photpho.<\/li>\n<li>10% s\u1eaft.<\/li>\n<li>8% selen.<\/li>\n<li>5% vitamin<\/li>\n<\/ul>\n<p><strong>H\u1ea1t \u0111i\u1ec1u c\u00f3 t\u00e1c d\u1ee5ng th\u1ebf n\u00e0o \u0111\u1ed1i v\u1edbi s\u1ee9c kh\u1ecfe:<\/strong><\/p>\n<p>&nbsp;<\/p>\n<ul>\n<li>H\u1ea1t \u0111i\u1ec1u r\u1ea5t t\u1ed1t cho tim m\u1ea1ch<\/li>\n<li>Trong h\u1ea1t \u0111i\u1ec1u c\u00f3 proanthocyanidins, m\u1ed9t ch\u1ea5t l\u00e0m gi\u1ea3m c\u00e1c kh\u1ed1i u g\u00e2y ung th\u01b0<\/li>\n<li>H\u1ea1t \u0111i\u1ec1u ch\u1ee9a ch\u1ea5t b\u00e9o kh\u00f4ng no b\u00e3o h\u00f2a \u0111\u01a1n, \u0103n h\u1ea1t \u0111i\u1ec1u gi\u00fap gi\u1ea3m c\u00e2n \u1edf ph\u1ee5 n\u1eef, r\u1ea5t t\u1ed1t cho ph\u1ee5 n\u1eef mang thai<\/li>\n<li>Ngo\u00e0i ra h\u1ea1t \u0111i\u1ec1u ch\u1ee9a nhi\u1ec1u ch\u1ea5t kho\u00e1ng nh\u01b0 S\u1eaft, k\u1ebdm, magie gi\u00fap x\u01b0\u01a1ng ch\u1eafc kh\u1ecfe<\/li>\n<li>\u0102n h\u1ea1t \u0111i\u1ec1u gi\u00fap gi\u1ea3m c\u0103ng th\u1eb3ng, c\u1ea3i thi\u1ec7n ch\u1ee9c n\u0103ng n\u00e3o<\/li>\n<\/ul>\n<p>&nbsp;<\/p>\n<p><strong>5 l\u00fd do b\u1ea1n n\u00ean mua h\u1ea1t \u0111i\u1ec1u H\u1ea3i B\u00ecnh<\/strong><\/p>\n<p>&nbsp;<\/p>\n<ol>\n<li>100% h\u1ea1t \u0111i\u1ec1u Vi\u1ec7t Nam.<\/li>\n<li>\u0110\u01b0\u1ee3c rang ho\u00e0n to\u00e0n th\u1ee7 c\u00f4ng tr\u00ean l\u00f2 rang c\u1ee7i theo ph\u01b0\u01a1ng ph\u00e1p rang truy\u1ec1n th\u1ed1ng v\u1eabn gi\u1eef nguy\u00ean tr\u1ecdn v\u1eb9n gi\u00e1 tr\u1ecb dinh d\u01b0\u1ee1ng c\u1ee7a h\u1ea1t \u0111i\u1ec1u.<\/li>\n<li>Kh\u00f4ng cholesteron, kh\u00f4ng ch\u1ea5t b\u1ea3o qu\u1ea3n, kh\u00f4ng ch\u1ea5t \u0111\u1ed9c h\u1ea1i, ho\u00e0n to\u00e0n t\u1ef1 nhi\u00ean.<\/li>\n<li>Bao b\u00ec \u0111\u1eb9p m\u1eaft, sang tr\u1ecdng, ti\u1ec7n d\u1ee5ng, th\u00edch h\u1ee3p l\u00e0m qu\u00e0 bi\u1ebfu t\u1eb7ng<\/li>\n<li>Mua h\u00e0ng nhanh, giao h\u00e0ng to\u00e0n qu\u1ed1c, v\u00e0 \u0111\u1eb7c bi\u1ebft freeship tr\u00ean to\u00e0n qu\u1ed1c<\/li>\n<\/ol>","protected":false},"excerpt":{"rendered":"<p><strong>H\u1ea1t \u0111i\u1ec1u rang c\u1ee7i h\u1ed9p qu\u00e0 \u0111\u1eb7c bi\u1ec7t\u00a0<\/strong><\/p>\n<p>&nbsp;<\/p>\n<ul>\n<li>H\u1ea1t \u0111i\u1ec1u rang mu\u1ed1i c\u00f3 v\u1ecf l\u1ee5a \u0111\u01b0\u1ee3c s\u1ea3n xu\u1ea5t v\u00e0 ch\u1ecdn l\u1ecdc k\u0129 l\u01b0\u1ee1ng \u0111\u00ea\u0309 cho ra h\u1ea1t \u0111i\u1ec1u to tr\u00f2n, ch\u1eafc ha\u0323t. H\u1ea1t \u0111i\u1ec1u rang mu\u1ed1i c\u00f3 v\u1ecf l\u1ee5a co\u0301 vi\u0323 gi\u00f2n r\u1ee5m, c\u00f3 v\u1ecb ng\u1ecdt, b\u00e9o b\u00f9i\u2026va\u0300 ch\u00e2\u0301t l\u01b0\u01a1\u0323ng v\u00e2\u0303n mang mu\u0300i vi\u0323 \u0111\u0103\u0323c tr\u01b0ng cu\u0309a Ha\u0323t \u0111i\u00ea\u0300u rang c\u1ee7i H\u1ea3i B\u00ecnh.<\/li>\n<li>Kh\u1ed1i l\u01b0\u1ee3ng: 500gr\/ h\u1ed9p<\/li>\n<li>H\u1ea1n s\u1eed d\u1ee5ng: 1 n\u0103m l\u00e0 t\u1ed1i \u0111a. T\u00fai c\u00f3 c\u00e1n m\u00e0ng n\u00ean b\u1ea3o qu\u1ea3n r\u1ea5t t\u1ed1t. H\u1ea1t \u0111i\u1ec1u rang c\u1ee7i c\u1ee7a H\u1ea3i B\u00ecnh cam k\u1ebft lu\u00f4n b\u00e1n s\u1ea3n ph\u1ea9m m\u1edbi nh\u1ea5t.<\/li>\n<li>C\u00e1ch s\u1eed d\u1ee5ng: b\u00f3c v\u1ecf l\u1ee5a v\u00e0 \u0103n tr\u1ef1c ti\u1ebfp. \u0102n kh\u00f4ng h\u1ebft th\u00ec b\u1ea1n c\u1ea7n b\u1ea3o qu\u1ea3n k\u1ef9 nh\u00e9, tr\u00e1ch h\u1edf gi\u00f3 l\u00e0m gi\u1ea3m \u0111\u1ed9 gi\u00f2n c\u0169ng nh\u01b0 ch\u1ea5t l\u01b0\u1ee3ng c\u1ee7a s\u1ea3n ph\u1ea9m.<\/li>\n<li>B\u1ea3o h\u00e0nh: H\u1ea3i B\u00ecnh cam k\u1ebft b\u00e1n h\u00e0ng ch\u1ea5t l\u01b0\u1ee3ng, uy t\u00edn v\u1edbi ph\u01b0\u01a1ng ch\u00e2m &#8220;Lu\u00f4n s\u1eb5n s\u00e0ng ph\u1ee5c v\u1ee5, t\u1eadn t\u00e2m, ph\u1ea5n \u0111\u1ea5u \u0111em l\u1ea1i l\u1ee3i \u00edch t\u1ed1t nh\u1ea5t \u0111\u1ebfn kh\u00e1ch h\u00e0ng, c\u00f4ng nh\u00e2n v\u00e0 x\u00e3 h\u1ed9i&#8221;. N\u00ean s\u1ea3n ph\u1ea9m \u0111\u01b0\u1ee3c ch\u1ecdn l\u1ef1a t\u1ed1t nh\u1ea5t, \u0111\u1ea3m b\u1ea3o ch\u1ea5t l\u01b0\u1ee3ng, v\u1ec7 sinh. Qu\u00fd kh\u00e1ch c\u00f3 th\u1ec3 d\u00f9ng th\u1eed h\u00e0ng tr\u1ef1c ti\u1ebfp t\u1ea1i Showroom H\u1ea1t \u0111i\u1ec1u rang c\u1ee7i H\u1ea3i B\u00ecnh, v\u00e0 \u0111\u1ea3m b\u1ea3o giao h\u00e0ng \u0111\u00fang chu\u1ea9n.<\/li>\n<li>Trong h\u1ea1t \u0111i\u1ec1u c\u00f3 ch\u1ee9a r\u1ea5t nhi\u1ec1u vitamin v\u00e0 kho\u00e1ng ch\u1ea5t, ch\u1ea5t ch\u1ed1ng oxy h\u00f3a nh\u01b0 vitamin E, K, B6 v\u00e0 kho\u00e1ng ch\u1ea5t \u0111\u1ed3ng, photpho, k\u1ebdm, magie, s\u1eaft v\u00e0 selen gi\u00fap duy tr\u00ec t\u1ed1t c\u00e1c ch\u1ee9c n\u0103ng c\u1ee7a c\u01a1 th\u1ec3.<\/li>\n<\/ul>\n<ul>\n<li>31% \u0111\u1ed3ng.<\/li>\n<li>23% mangan.<\/li>\n<li>20% magie.<\/li>\n<li>17% photpho.<\/li>\n<li>10% s\u1eaft.<\/li>\n<li>8% selen.<\/li>\n<li>5% vitamin<\/li>\n<\/ul>\n<p><strong>H\u1ea1t \u0111i\u1ec1u c\u00f3 t\u00e1c d\u1ee5ng th\u1ebf n\u00e0o \u0111\u1ed1i v\u1edbi s\u1ee9c kh\u1ecfe:<\/strong><\/p>\n<p>&nbsp;<\/p>\n<ul>\n<li>H\u1ea1t \u0111i\u1ec1u r\u1ea5t t\u1ed1t cho tim m\u1ea1ch<\/li>\n<li>Trong h\u1ea1t \u0111i\u1ec1u c\u00f3 proanthocyanidins, m\u1ed9t ch\u1ea5t l\u00e0m gi\u1ea3m c\u00e1c kh\u1ed1i u g\u00e2y ung th\u01b0<\/li>\n<li>H\u1ea1t \u0111i\u1ec1u ch\u1ee9a ch\u1ea5t b\u00e9o kh\u00f4ng no b\u00e3o h\u00f2a \u0111\u01a1n, \u0103n h\u1ea1t \u0111i\u1ec1u gi\u00fap gi\u1ea3m c\u00e2n \u1edf ph\u1ee5 n\u1eef, r\u1ea5t t\u1ed1t cho ph\u1ee5 n\u1eef mang thai<\/li>\n<li>Ngo\u00e0i ra h\u1ea1t \u0111i\u1ec1u ch\u1ee9a nhi\u1ec1u ch\u1ea5t kho\u00e1ng nh\u01b0 S\u1eaft, k\u1ebdm, magie gi\u00fap x\u01b0\u01a1ng ch\u1eafc kh\u1ecfe<\/li>\n<li>\u0102n h\u1ea1t \u0111i\u1ec1u gi\u00fap gi\u1ea3m c\u0103ng th\u1eb3ng, c\u1ea3i thi\u1ec7n ch\u1ee9c n\u0103ng n\u00e3o<\/li>\n<\/ul>\n<p>&nbsp;<\/p>\n<p><strong>5 l\u00fd do b\u1ea1n n\u00ean mua h\u1ea1t \u0111i\u1ec1u H\u1ea3i B\u00ecnh<\/strong><\/p>\n<p>&nbsp;<\/p>\n<ol>\n<li>100% h\u1ea1t \u0111i\u1ec1u Vi\u1ec7t Nam.<\/li>\n<li>\u0110\u01b0\u1ee3c rang ho\u00e0n to\u00e0n th\u1ee7 c\u00f4ng tr\u00ean l\u00f2 rang c\u1ee7i theo ph\u01b0\u01a1ng ph\u00e1p rang truy\u1ec1n th\u1ed1ng v\u1eabn gi\u1eef nguy\u00ean tr\u1ecdn v\u1eb9n gi\u00e1 tr\u1ecb dinh d\u01b0\u1ee1ng c\u1ee7a h\u1ea1t \u0111i\u1ec1u.<\/li>\n<li>Kh\u00f4ng cholesteron, kh\u00f4ng ch\u1ea5t b\u1ea3o qu\u1ea3n, kh\u00f4ng ch\u1ea5t \u0111\u1ed9c h\u1ea1i, ho\u00e0n to\u00e0n t\u1ef1 nhi\u00ean.<\/li>\n<li>Bao b\u00ec \u0111\u1eb9p m\u1eaft, sang tr\u1ecdng, ti\u1ec7n d\u1ee5ng, th\u00edch h\u1ee3p l\u00e0m qu\u00e0 bi\u1ebfu t\u1eb7ng<\/li>\n<li>Mua h\u00e0ng nhanh, giao h\u00e0ng to\u00e0n qu\u1ed1c, v\u00e0 \u0111\u1eb7c bi\u1ebft freeship tr\u00ean to\u00e0n qu\u1ed1c<\/li>\n<\/ol>","protected":false},"featured_media":14057,"comment_status":"open","ping_status":"closed","template":"","meta":{"_acf_changed":false},"product_cat":[316,366,398,22,313],"product_tag":[],"class_list":{"0":"post-14056","1":"product","2":"type-product","3":"status-publish","4":"has-post-thumbnail","6":"product_cat-che-bien-tu-rau-cu-qua-hat","7":"product_cat-hang-cnnt-cap-qg","8":"product_cat-san-pham-cnnt-tb-cap-qg-2021","9":"product_cat-sanphamthucpham","10":"product_cat-thuc-pham-che-bien","12":"first","13":"instock","14":"shipping-taxable","15":"purchasable","16":"product-type-simple"},"acf":[],"_links":{"self":[{"href":"https:\/\/b2c.fairs.vn\/en\/wp-json\/wp\/v2\/product\/14056","targetHints":{"allow":["GET"]}}],"collection":[{"href":"https:\/\/b2c.fairs.vn\/en\/wp-json\/wp\/v2\/product"}],"about":[{"href":"https:\/\/b2c.fairs.vn\/en\/wp-json\/wp\/v2\/types\/product"}],"replies":[{"embeddable":true,"href":"https:\/\/b2c.fairs.vn\/en\/wp-json\/wp\/v2\/comments?post=14056"}],"version-history":[{"count":0,"href":"https:\/\/b2c.fairs.vn\/en\/wp-json\/wp\/v2\/product\/14056\/revisions"}],"wp:featuredmedia":[{"embeddable":true,"href":"https:\/\/b2c.fairs.vn\/en\/wp-json\/wp\/v2\/media\/14057"}],"wp:attachment":[{"href":"https:\/\/b2c.fairs.vn\/en\/wp-json\/wp\/v2\/media?parent=14056"}],"wp:term":[{"taxonomy":"product_cat","embeddable":true,"href":"https:\/\/b2c.fairs.vn\/en\/wp-json\/wp\/v2\/product_cat?post=14056"},{"taxonomy":"product_tag","embeddable":true,"href":"https:\/\/b2c.fairs.vn\/en\/wp-json\/wp\/v2\/product_tag?post=14056"}],"curies":[{"name":"wp","href":"https:\/\/api.w.org\/{rel}","templated":true}]}}