{"id":14044,"date":"2024-04-01T17:31:24","date_gmt":"2024-04-01T10:31:24","guid":{"rendered":"https:\/\/b2c.fairs.vn\/?post_type=product&#038;p=14044"},"modified":"2024-04-01T17:31:25","modified_gmt":"2024-04-01T10:31:25","slug":"dau-lac-nguyen-chat-supergreen-250ml","status":"publish","type":"product","link":"https:\/\/b2c.fairs.vn\/en\/product\/dau-lac-nguyen-chat-supergreen-250ml\/","title":{"rendered":"D\u1ea7u l\u1ea1c nguy\u00ean ch\u1ea5t SuperGreen 250ml"},"content":{"rendered":"<p><strong>Cam k\u1ebft<\/strong><\/p>\n<p>Kh\u00f4ng GMO.\u00a0Kh\u00f4ng ch\u1ea5t b\u1ea3o qu\u1ea3n.\u00a0Kh\u00f4ng h\u00f3a ch\u1ea5t \u0111\u1ed9c h\u1ea1i.\u00a0\u0110\u1ea3m b\u1ea3o nguy\u00ean ch\u1ea5t 100%<\/p>\n<p><strong>Kh\u00f4ng cholerterol v\u00e0 a-x\u00edt b\u00e9o c\u1ea5u h\u00ecnh trans(*)<\/strong><\/p>\n<p>(*) Theo khuy\u1ebfn ngh\u1ecb c\u1ee7a FDA.\u00a0Ch\u1ec9 ti\u00eau ch\u1ea5t l\u01b0\u1ee3ng ch\u1ee7 y\u1ebfu:\u00a0Ch\u1ec9 s\u1ed1 I-\u1ed1t (Wijs): 86 \u2013 107<\/p>\n<p>S\u1ea3n xu\u1ea5t t\u1eeb ngu\u1ed3n nguy\u00ean li\u1ec7u n\u00f4ng tr\u1ea1i s\u1ea1ch h\u1eefu c\u01a1 t\u1ea1i v\u00f9ng \u0111\u1ea5t n\u1eafng gi\u00f3 Qu\u1ea3ng Tr\u1ecb<\/p>\n<p><strong>B\u1ea3o qu\u1ea3n:<\/strong>\u00a0\u0110\u1ec3 n\u01a1i kh\u00f4 r\u00e1o, tho\u00e1ng m\u00e1t, tr\u00e1nh \u00e1nh n\u1eafng tr\u1ef1c ti\u1ebfp.<\/p>","protected":false},"excerpt":{"rendered":"<p>Cam k\u1ebft Kh\u00f4ng GMO.\u00a0Kh\u00f4ng ch\u1ea5t b\u1ea3o qu\u1ea3n.\u00a0Kh\u00f4ng h\u00f3a ch\u1ea5t \u0111\u1ed9c h\u1ea1i.\u00a0\u0110\u1ea3m b\u1ea3o nguy\u00ean ch\u1ea5t 100% Kh\u00f4ng cholerterol v\u00e0 a-x\u00edt b\u00e9o<\/p>","protected":false},"featured_media":14045,"comment_status":"open","ping_status":"closed","template":"","meta":{"_acf_changed":false},"product_cat":[366,447],"product_tag":[],"class_list":{"0":"post-14044","1":"product","2":"type-product","3":"status-publish","4":"has-post-thumbnail","6":"product_cat-hang-cnnt-cap-qg","7":"product_cat-san-pham-cnnt-tb-cap-qg-2017","9":"first","10":"instock","11":"shipping-taxable","12":"product-type-simple"},"acf":[],"_links":{"self":[{"href":"https:\/\/b2c.fairs.vn\/en\/wp-json\/wp\/v2\/product\/14044","targetHints":{"allow":["GET"]}}],"collection":[{"href":"https:\/\/b2c.fairs.vn\/en\/wp-json\/wp\/v2\/product"}],"about":[{"href":"https:\/\/b2c.fairs.vn\/en\/wp-json\/wp\/v2\/types\/product"}],"replies":[{"embeddable":true,"href":"https:\/\/b2c.fairs.vn\/en\/wp-json\/wp\/v2\/comments?post=14044"}],"version-history":[{"count":0,"href":"https:\/\/b2c.fairs.vn\/en\/wp-json\/wp\/v2\/product\/14044\/revisions"}],"wp:featuredmedia":[{"embeddable":true,"href":"https:\/\/b2c.fairs.vn\/en\/wp-json\/wp\/v2\/media\/14045"}],"wp:attachment":[{"href":"https:\/\/b2c.fairs.vn\/en\/wp-json\/wp\/v2\/media?parent=14044"}],"wp:term":[{"taxonomy":"product_cat","embeddable":true,"href":"https:\/\/b2c.fairs.vn\/en\/wp-json\/wp\/v2\/product_cat?post=14044"},{"taxonomy":"product_tag","embeddable":true,"href":"https:\/\/b2c.fairs.vn\/en\/wp-json\/wp\/v2\/product_tag?post=14044"}],"curies":[{"name":"wp","href":"https:\/\/api.w.org\/{rel}","templated":true}]}}