{"id":14023,"date":"2024-04-01T17:12:08","date_gmt":"2024-04-01T10:12:08","guid":{"rendered":"https:\/\/b2c.fairs.vn\/?post_type=product&#038;p=14023"},"modified":"2024-04-01T17:12:11","modified_gmt":"2024-04-01T10:12:11","slug":"tra-o-long-thanh-tam-moc-suong","status":"publish","type":"product","link":"https:\/\/b2c.fairs.vn\/en\/product\/tra-o-long-thanh-tam-moc-suong\/","title":{"rendered":"Tr\u00e0 \u00f4 long Thanh T\u00e2m M\u1ed9c S\u01b0\u01a1ng"},"content":{"rendered":"<p>Ch\u00e8 \u00f4 long Thanh T\u00e2m M\u1ed9c S\u01b0\u01a1ng l\u00e0 gi\u1ed1ng ch\u00e8 qu\u00fd \u0111\u01b0\u1ee3c nh\u1eadp kh\u1ea9u c\u00e2y gi\u1ed1ng t\u1eeb \u0110\u00e0i Loan. Ch\u00e8 \u0111\u01b0\u1ee3c tr\u1ed3ng tr\u00ean cao nguy\u00ean M\u1ed9c Ch\u00e2u v\u1edbi \u0111\u1ed9 cao 1250m so v\u1edbi m\u1eb7t n\u01b0\u1edbc bi\u1ec3n, \u0111\u01b0\u1ee3c s\u1ea3n xu\u1ea5t tr\u00ean d\u00e2y chuy\u1ec1n hi\u1ec7n \u0111\u1ea1i, c\u00f4ng ngh\u1ec7 c\u1ee7a \u0110\u00e0i Loan.<\/p>\n<p><b>Th\u00f4ng tin s\u1ea3n ph\u1ea9m tr\u00e0 \u00f4 long Thanh T\u00e2m M\u1ed9c S\u01b0\u01a1ng M\u1ed9c Ch\u00e2u<\/b><\/p>\n<p>\u2013 Th\u00e0nh ph\u1ea7n: B\u00fap tr\u00e0 \u00f4 long Thanh T\u00e2m<\/p>\n<p>\u2013 Ch\u1ea5t li\u1ec7u bao b\u00ec: G\u00f3i nilon trong h\u1ed9p kim lo\u1ea1i<\/p>\n<p>\u2013 Quy c\u00e1ch \u0111\u00f3ng g\u00f3i: H\u1ed9p 200g<\/p>\n<p>\u2013 B\u1ea3o qu\u1ea3n: \u0110\u1ec3 n\u01a1i kh\u00f4 r\u00e1o, tho\u00e1ng m\u00e1t, tr\u00e1nh \u00e1nh s\u00e1ng tr\u1ef1c ti\u1ebfp<\/p>\n<p>\u2013 Th\u1eddi h\u1ea1n s\u1eed d\u1ee5ng: 24 th\u00e1ng k\u1ec3 t\u1eeb ng\u00e0y s\u1ea3n xu\u1ea5t<\/p>\n<p>\u2013 Th\u00f4ng tin, c\u1ea3nh b\u00e1o: \u0110\u00f3ng k\u00edn t\u00fai \u0111\u1ef1ng tr\u00e0 sau m\u1ed7i l\u1ea7n s\u1eed d\u1ee5ng<\/p>","protected":false},"excerpt":{"rendered":"<p>T\u1eebng b\u00fap ch\u00e8 \u00f4 long xanh Thanh T\u00e2m \u0111\u01b0\u1ee3c thu h\u00e1i th\u1ee7 c\u00f4ng, ch\u1ecdn nh\u1eefng b\u00fap c\u00f3 \u0111\u1ee7 m\u1ed9t n\u1ee5 v\u00e0 hai l\u00e1 non, \u0111\u01b0\u1ee3c ch\u1ebf bi\u1ebfn qua c\u00e1c c\u00f4ng \u0111o\u1ea1n ph\u01a1i n\u1eafng, cho v\u00e0o nh\u00e0 l\u1ea1nh tr\u00ean c\u00e1c nong ch\u00e8, l\u0103n t\u1ea1o h\u01b0\u01a1ng, v\u00f2 ch\u00e8, l\u00ean men\u2026 ch\u1ea5t l\u01b0\u1ee3ng c\u1ee7a s\u1ea3n ph\u1ea9m qua t\u1eebng c\u00f4ng \u0111o\u1ea1n \u0111\u01b0\u1ee3c ki\u1ec3m tra, \u0111i\u1ec1u ch\u1ec9nh tr\u1ef1c ti\u1ebfp b\u1edfi nh\u1eefng ngh\u1ec7 nh\u00e2n \u0111\u1ea7y kinh nghi\u1ec7m \u0111\u1ec3 cho ra s\u1ea3n ph\u1ea9m Tr\u00e0 \u00f4 long xanh Thanh T\u00e2m c\u00f3 m\u00f9i th\u01a1m \u0111\u1eb7c tr\u01b0ng, khi pha n\u01b0\u1edbc c\u00f3 m\u00e0u \u0111\u1ecf n\u00e2u, trong, kh\u00f4ng c\u1eb7n, h\u01b0\u01a1ng th\u01a1m t\u1ef1 nhi\u00ean, v\u1ecb tr\u00e0 \u0111\u1eadm \u0111\u00e0, s\u00e2u l\u1eafng, kh\u00f4ng ch\u00e1t, h\u1eadu v\u1ecb ng\u1ecdt thanh, t\u1ea1o cho ng\u01b0\u1eddi th\u01b0\u1edfng tr\u00e0 c\u1ea3m gi\u00e1c khoan thai, d\u1ec5 ch\u1ecbu. Cho th\u00eam m\u1ed9t l\u00e1t chanh s\u1ebd l\u00e0m t\u0103ng th\u00eam h\u01b0\u01a1ng v\u1ecb \u0111\u1eb7c bi\u1ec7t c\u1ee7a lo\u1ea1i tr\u00e0 n\u00e0y.<\/p>","protected":false},"featured_media":14024,"comment_status":"open","ping_status":"closed","template":"","meta":{"_acf_changed":false},"product_cat":[321,322,366,447,22],"product_tag":[],"class_list":{"0":"post-14023","1":"product","2":"type-product","3":"status-publish","4":"has-post-thumbnail","6":"product_cat-che","7":"product_cat-che-tuoi-che-bien","8":"product_cat-hang-cnnt-cap-qg","9":"product_cat-san-pham-cnnt-tb-cap-qg-2017","10":"product_cat-sanphamthucpham","12":"first","13":"instock","14":"shipping-taxable","15":"purchasable","16":"product-type-simple"},"acf":[],"_links":{"self":[{"href":"https:\/\/b2c.fairs.vn\/en\/wp-json\/wp\/v2\/product\/14023","targetHints":{"allow":["GET"]}}],"collection":[{"href":"https:\/\/b2c.fairs.vn\/en\/wp-json\/wp\/v2\/product"}],"about":[{"href":"https:\/\/b2c.fairs.vn\/en\/wp-json\/wp\/v2\/types\/product"}],"replies":[{"embeddable":true,"href":"https:\/\/b2c.fairs.vn\/en\/wp-json\/wp\/v2\/comments?post=14023"}],"version-history":[{"count":0,"href":"https:\/\/b2c.fairs.vn\/en\/wp-json\/wp\/v2\/product\/14023\/revisions"}],"wp:featuredmedia":[{"embeddable":true,"href":"https:\/\/b2c.fairs.vn\/en\/wp-json\/wp\/v2\/media\/14024"}],"wp:attachment":[{"href":"https:\/\/b2c.fairs.vn\/en\/wp-json\/wp\/v2\/media?parent=14023"}],"wp:term":[{"taxonomy":"product_cat","embeddable":true,"href":"https:\/\/b2c.fairs.vn\/en\/wp-json\/wp\/v2\/product_cat?post=14023"},{"taxonomy":"product_tag","embeddable":true,"href":"https:\/\/b2c.fairs.vn\/en\/wp-json\/wp\/v2\/product_tag?post=14023"}],"curies":[{"name":"wp","href":"https:\/\/api.w.org\/{rel}","templated":true}]}}