{"id":13975,"date":"2024-04-01T16:14:03","date_gmt":"2024-04-01T09:14:03","guid":{"rendered":"https:\/\/b2c.fairs.vn\/?post_type=product&#038;p=13975"},"modified":"2024-04-01T16:14:04","modified_gmt":"2024-04-01T09:14:04","slug":"tinh-dau-sa-java-hong-ngu","status":"publish","type":"product","link":"https:\/\/b2c.fairs.vn\/en\/product\/tinh-dau-sa-java-hong-ngu\/","title":{"rendered":"TINH D\u1ea6U S\u1ea2 JAVA H\u1ed2NG NG\u1ef0"},"content":{"rendered":"<p><strong><em><u>C\u00f4ng d\u1ee5ng:<\/u><\/em><\/strong><\/p>\n<p>Th\u01a1m m\u00e1t kh\u00f4ng gian, kh\u1eed m\u00f9i, di\u1ec7t khu\u1ea9n trong kh\u00f4ng kh\u00ed,\u2026<\/p>\n<p>Xua \u0111u\u1ed5i Mu\u1ed7i v\u00e0 c\u00f4n tr\u00f9ng,\u2026<\/p>\n<p>An th\u1ea7n d\u1ec5 ng\u1ee7, gi\u1ea3m c\u0103ng th\u1eb3ng, m\u1ec7t m\u1ecfi v\u00e0 lo \u00e2u,\u2026<\/p>\n<p><strong><em><u>H\u01b0\u1edbng d\u1eabn s\u1eed d\u1ee5ng:<\/u><\/em><\/strong><\/p>\n<p>X\u00f4ng tinh d\u1ea7u b\u1eb1ng \u0111\u00e8n n\u1ebfn, \u0111\u00e8n \u0111i\u1ec7n hay thi\u1ebft b\u1ecb kh\u00e1c: cho 1 \u00edt n\u01b0\u1edbc l\u00ean ph\u1ea7n \u0111\u0129a, nh\u1ecf 1-4 gi\u1ecdt tinh d\u1ea7u v\u00e0o v\u00e0 l\u00e0m thi\u1ebft b\u1ecb n\u00f3ng l\u00ean.<\/p>\n<p>Cho 3-4ml tinh d\u1ea7u v\u00e0o chai n\u1eafp g\u1ed7 chuy\u00ean d\u1ee5ng treo oto, t\u1ee7 qu\u1ea7n \u00e1o, wc,\u2026<\/p>\n<p>Nh\u1ecf 1-2 gi\u1ecdt tinh d\u1ea7u v\u00e0o ch\u00e9n n\u01b0\u1edbc \u1ea5m x\u00f4ng\u00a0h\u01a1i truy\u1ec1n th\u1ed1ng.<\/p>\n<p>Nh\u1ecf 1 gi\u1ecdt tinh d\u1ea7u v\u00e0o l\u00f2ng b\u00e0n tay, b\u00f4i l\u00ean qu\u1ea7n \u00e1o tr\u1ebb em \u0111u\u1ed7i mu\u1ed7i.<\/p>","protected":false},"excerpt":{"rendered":"<p><strong><em><u>C\u00f4ng d\u1ee5ng:<\/u><\/em><\/strong><\/p>\n<p>Th\u01a1m m\u00e1t kh\u00f4ng gian, kh\u1eed m\u00f9i, di\u1ec7t khu\u1ea9n trong kh\u00f4ng kh\u00ed,\u2026<\/p>\n<p>Xua \u0111u\u1ed5i Mu\u1ed7i v\u00e0 c\u00f4n tr\u00f9ng,\u2026<\/p>\n<p>An th\u1ea7n d\u1ec5 ng\u1ee7, gi\u1ea3m c\u0103ng th\u1eb3ng, m\u1ec7t m\u1ecfi v\u00e0 lo \u00e2u,\u2026<\/p>\n<p><strong><em><u>H\u01b0\u1edbng d\u1eabn s\u1eed d\u1ee5ng:<\/u><\/em><\/strong><\/p>\n<p>X\u00f4ng tinh d\u1ea7u b\u1eb1ng \u0111\u00e8n n\u1ebfn, \u0111\u00e8n \u0111i\u1ec7n hay thi\u1ebft b\u1ecb kh\u00e1c: cho 1 \u00edt n\u01b0\u1edbc l\u00ean ph\u1ea7n \u0111\u0129a, nh\u1ecf 1-4 gi\u1ecdt tinh d\u1ea7u v\u00e0o v\u00e0 l\u00e0m thi\u1ebft b\u1ecb n\u00f3ng l\u00ean.<\/p>\n<p>Cho 3-4ml tinh d\u1ea7u v\u00e0o chai n\u1eafp g\u1ed7 chuy\u00ean d\u1ee5ng treo oto, t\u1ee7 qu\u1ea7n \u00e1o, wc,\u2026<\/p>\n<p>Nh\u1ecf 1-2 gi\u1ecdt tinh d\u1ea7u v\u00e0o ch\u00e9n n\u01b0\u1edbc \u1ea5m x\u00f4ng\u00a0h\u01a1i truy\u1ec1n th\u1ed1ng.<\/p>\n<p>Nh\u1ecf 1 gi\u1ecdt tinh d\u1ea7u v\u00e0o l\u00f2ng b\u00e0n tay, b\u00f4i l\u00ean qu\u1ea7n \u00e1o tr\u1ebb em \u0111u\u1ed7i mu\u1ed7i.<\/p>","protected":false},"featured_media":13978,"comment_status":"open","ping_status":"closed","template":"","meta":{"_acf_changed":false},"product_cat":[332,366,398,335],"product_tag":[],"class_list":{"0":"post-13975","1":"product","2":"type-product","3":"status-publish","4":"has-post-thumbnail","6":"product_cat-san-pham-duoc-lieu-va-san-pham-tu-duoc-lieu","7":"product_cat-hang-cnnt-cap-qg","8":"product_cat-san-pham-cnnt-tb-cap-qg-2021","9":"product_cat-tinh-dau-va-thao-duoc-khac","11":"first","12":"instock","13":"shipping-taxable","14":"product-type-simple"},"acf":[],"_links":{"self":[{"href":"https:\/\/b2c.fairs.vn\/en\/wp-json\/wp\/v2\/product\/13975","targetHints":{"allow":["GET"]}}],"collection":[{"href":"https:\/\/b2c.fairs.vn\/en\/wp-json\/wp\/v2\/product"}],"about":[{"href":"https:\/\/b2c.fairs.vn\/en\/wp-json\/wp\/v2\/types\/product"}],"replies":[{"embeddable":true,"href":"https:\/\/b2c.fairs.vn\/en\/wp-json\/wp\/v2\/comments?post=13975"}],"version-history":[{"count":0,"href":"https:\/\/b2c.fairs.vn\/en\/wp-json\/wp\/v2\/product\/13975\/revisions"}],"wp:featuredmedia":[{"embeddable":true,"href":"https:\/\/b2c.fairs.vn\/en\/wp-json\/wp\/v2\/media\/13978"}],"wp:attachment":[{"href":"https:\/\/b2c.fairs.vn\/en\/wp-json\/wp\/v2\/media?parent=13975"}],"wp:term":[{"taxonomy":"product_cat","embeddable":true,"href":"https:\/\/b2c.fairs.vn\/en\/wp-json\/wp\/v2\/product_cat?post=13975"},{"taxonomy":"product_tag","embeddable":true,"href":"https:\/\/b2c.fairs.vn\/en\/wp-json\/wp\/v2\/product_tag?post=13975"}],"curies":[{"name":"wp","href":"https:\/\/api.w.org\/{rel}","templated":true}]}}