{"id":13967,"date":"2024-04-01T16:12:11","date_gmt":"2024-04-01T09:12:11","guid":{"rendered":"https:\/\/b2c.fairs.vn\/?post_type=product&#038;p=13967"},"modified":"2024-04-01T16:12:11","modified_gmt":"2024-04-01T09:12:11","slug":"tinh-dau-nghe-hong-ngu","status":"publish","type":"product","link":"https:\/\/b2c.fairs.vn\/en\/product\/tinh-dau-nghe-hong-ngu\/","title":{"rendered":"TINH D\u1ea6U NGH\u1ec6 H\u1ed2NG NG\u1ef0"},"content":{"rendered":"<p><strong><em><u>C\u00f4ng d\u1ee5ng:<\/u><\/em><\/strong><\/p>\n<p>Kh\u00e1ng n\u1ea5m, kh\u00e1ng khu\u1ea9n,\u2026<\/p>\n<p>M\u1ecbn m\u00e0ng da, tr\u1eafng s\u00e1ng da, ng\u0103n ng\u1eeba l\u00e3o h\u00f3a da, x\u00f3a m\u1edd n\u1ebfp nh\u0103n,\u2026.<\/p>\n<p>Tr\u1ecb th\u00e2m n\u00e1m, l\u00e0m m\u1edd v\u1ebft th\u00e2m, s\u1eb9o do m\u1ee5n \u0111\u1ec3 l\u1ea1i, k\u00edch th\u00edch l\u00ean da non,\u2026<\/p>\n<p>Gi\u1ea3m \u0111au vi\u00eam kh\u1edbp<\/p>\n<p><strong><em><u>H\u01b0\u1edbng d\u1eabn s\u1eed d\u1ee5ng:<\/u><\/em><\/strong><\/p>\n<p>B\u00f4i v\u00e0 xoa tr\u1ef1c ti\u1ebfp tinh d\u1ea7u Ngh\u1ec7 l\u00ean m\u1ee5n b\u1ecdc, m\u1ee5n tr\u1ee9ng c\u00e1, m\u1ee5n s\u01b0ng, m\u1ee5n m\u1ee7 b\u1eb1ng t\u0103m b\u00f4ng.<\/p>\n<p>B\u00f4i tinh d\u1ea7u l\u00ean v\u1ebft th\u01b0\u01a1ng do t\u00e9 ng\u00e3, tr\u1ea7y x\u01b0\u1edbc (kh\u00f4ng \u0111\u01b0\u1ee3c thoa l\u00ean v\u1ebft th\u01b0\u01a1ng h\u1edf)<\/p>\n<p>Pha lo\u00e3ng tinh d\u1ea7u Ngh\u1ec7 v\u1edbi d\u1ea7u n\u1ec1n v\u1edbi t\u1ef7 l\u1ec7 1:10 massage \u0111\u1ec1u kh\u1eafp m\u1eb7t v\u00e0 c\u01a1 th\u1ec3<\/p>\n<p>Nh\u1ecf 1 gi\u1ecdt tinh d\u1ea7u v\u00e0o ch\u00e9n n\u01b0\u1edbc \u1ea5m x\u00f4ng m\u1eb7t, nh\u1eafm m\u1eaft v\u00e0 th\u01b0 gi\u00e3n trong 15 ph\u00fat.<\/p>\n<p>Khi b\u1ecb n\u00e1m ho\u1eb7c ch\u00e1y n\u1eafng: pha 1-2 gi\u1ecdt Ngh\u1ec7 v\u00e0o d\u1ea7u d\u1eeba thoa l\u00ean v\u00f9ng b\u1ecb \u1ea3nh h\u01b0\u1edfng \u0111\u1ec3 l\u00e0m d\u1ecbu s\u1ef1 k\u00edch \u1ee9ng v\u00e0 c\u1ea3i thi\u00ean tinh ch\u1ea5t n\u00e1m da, s\u1ea1m \u0111en.<\/p>","protected":false},"excerpt":{"rendered":"<p><strong><em><u>C\u00f4ng d\u1ee5ng:<\/u><\/em><\/strong><\/p>\n<p>Kh\u00e1ng n\u1ea5m, kh\u00e1ng khu\u1ea9n,\u2026<\/p>\n<p>M\u1ecbn m\u00e0ng da, tr\u1eafng s\u00e1ng da, ng\u0103n ng\u1eeba l\u00e3o h\u00f3a da, x\u00f3a m\u1edd n\u1ebfp nh\u0103n,\u2026.<\/p>\n<p>Tr\u1ecb th\u00e2m n\u00e1m, l\u00e0m m\u1edd v\u1ebft th\u00e2m, s\u1eb9o do m\u1ee5n \u0111\u1ec3 l\u1ea1i, k\u00edch th\u00edch l\u00ean da non,\u2026<\/p>\n<p>Gi\u1ea3m \u0111au vi\u00eam kh\u1edbp<\/p>\n<p><strong><em><u>H\u01b0\u1edbng d\u1eabn s\u1eed d\u1ee5ng:<\/u><\/em><\/strong><\/p>\n<p>B\u00f4i v\u00e0 xoa tr\u1ef1c ti\u1ebfp tinh d\u1ea7u Ngh\u1ec7 l\u00ean m\u1ee5n b\u1ecdc, m\u1ee5n tr\u1ee9ng c\u00e1, m\u1ee5n s\u01b0ng, m\u1ee5n m\u1ee7 b\u1eb1ng t\u0103m b\u00f4ng.<\/p>\n<p>B\u00f4i tinh d\u1ea7u l\u00ean v\u1ebft th\u01b0\u01a1ng do t\u00e9 ng\u00e3, tr\u1ea7y x\u01b0\u1edbc (kh\u00f4ng \u0111\u01b0\u1ee3c thoa l\u00ean v\u1ebft th\u01b0\u01a1ng h\u1edf)<\/p>\n<p>Pha lo\u00e3ng tinh d\u1ea7u Ngh\u1ec7 v\u1edbi d\u1ea7u n\u1ec1n v\u1edbi t\u1ef7 l\u1ec7 1:10 massage \u0111\u1ec1u kh\u1eafp m\u1eb7t v\u00e0 c\u01a1 th\u1ec3<\/p>\n<p>Nh\u1ecf 1 gi\u1ecdt tinh d\u1ea7u v\u00e0o ch\u00e9n n\u01b0\u1edbc \u1ea5m x\u00f4ng m\u1eb7t, nh\u1eafm m\u1eaft v\u00e0 th\u01b0 gi\u00e3n trong 15 ph\u00fat.<\/p>\n<p>Khi b\u1ecb n\u00e1m ho\u1eb7c ch\u00e1y n\u1eafng: pha 1-2 gi\u1ecdt Ngh\u1ec7 v\u00e0o d\u1ea7u d\u1eeba thoa l\u00ean v\u00f9ng b\u1ecb \u1ea3nh h\u01b0\u1edfng \u0111\u1ec3 l\u00e0m d\u1ecbu s\u1ef1 k\u00edch \u1ee9ng v\u00e0 c\u1ea3i thi\u00ean tinh ch\u1ea5t n\u00e1m da, s\u1ea1m \u0111en.<\/p>","protected":false},"featured_media":13972,"comment_status":"open","ping_status":"closed","template":"","meta":{"_acf_changed":false},"product_cat":[332,366,398,335],"product_tag":[],"class_list":{"0":"post-13967","1":"product","2":"type-product","3":"status-publish","4":"has-post-thumbnail","6":"product_cat-san-pham-duoc-lieu-va-san-pham-tu-duoc-lieu","7":"product_cat-hang-cnnt-cap-qg","8":"product_cat-san-pham-cnnt-tb-cap-qg-2021","9":"product_cat-tinh-dau-va-thao-duoc-khac","11":"first","12":"instock","13":"shipping-taxable","14":"product-type-simple"},"acf":[],"_links":{"self":[{"href":"https:\/\/b2c.fairs.vn\/en\/wp-json\/wp\/v2\/product\/13967","targetHints":{"allow":["GET"]}}],"collection":[{"href":"https:\/\/b2c.fairs.vn\/en\/wp-json\/wp\/v2\/product"}],"about":[{"href":"https:\/\/b2c.fairs.vn\/en\/wp-json\/wp\/v2\/types\/product"}],"replies":[{"embeddable":true,"href":"https:\/\/b2c.fairs.vn\/en\/wp-json\/wp\/v2\/comments?post=13967"}],"version-history":[{"count":0,"href":"https:\/\/b2c.fairs.vn\/en\/wp-json\/wp\/v2\/product\/13967\/revisions"}],"wp:featuredmedia":[{"embeddable":true,"href":"https:\/\/b2c.fairs.vn\/en\/wp-json\/wp\/v2\/media\/13972"}],"wp:attachment":[{"href":"https:\/\/b2c.fairs.vn\/en\/wp-json\/wp\/v2\/media?parent=13967"}],"wp:term":[{"taxonomy":"product_cat","embeddable":true,"href":"https:\/\/b2c.fairs.vn\/en\/wp-json\/wp\/v2\/product_cat?post=13967"},{"taxonomy":"product_tag","embeddable":true,"href":"https:\/\/b2c.fairs.vn\/en\/wp-json\/wp\/v2\/product_tag?post=13967"}],"curies":[{"name":"wp","href":"https:\/\/api.w.org\/{rel}","templated":true}]}}