{"id":13966,"date":"2024-04-01T16:18:52","date_gmt":"2024-04-01T09:18:52","guid":{"rendered":"https:\/\/b2c.fairs.vn\/?post_type=product&#038;p=13966"},"modified":"2024-04-01T16:18:53","modified_gmt":"2024-04-01T09:18:53","slug":"bo-san-pham-ro-ra","status":"publish","type":"product","link":"https:\/\/b2c.fairs.vn\/en\/product\/bo-san-pham-ro-ra\/","title":{"rendered":"B\u1ed9 s\u1ea3n ph\u1ea9m R\u1ed5, R\u00e1"},"content":{"rendered":"<p>Bao La l\u00e0 m\u1ed9t l\u00e0ng ngh\u1ec1 truy\u1ec1n th\u1ed1ng M\u00e2y tre \u0111an \u0111\u00e3 c\u00f3 t\u1eeb l\u00e2u \u0111\u1eddi tr\u00ean 600 n\u0103m. L\u00e0ng ngh\u1ec1 ho\u1ea1t \u0111\u1ed9ng \u0111\u00e3 t\u1ea1o ra nhi\u1ec1u vi\u1ec7c l\u00e0m cho c\u00e1c h\u1ed9 s\u1ea3n xu\u1ea5t m\u00e2y tre t\u1ea1i \u0111\u1ecba ph\u01b0\u01a1ng v\u00e0 m\u1ed9t b\u1ed9 ph\u1eadn lao \u0111\u1ed9ng n\u00f4ng d\u00e2n.<\/p>\n<p>L\u00e0ng ngh\u1ec1 tr\u01b0\u1edbc \u0111\u00e2y ch\u1ee7 y\u1ebfu s\u1ea3n xu\u1ea5t c\u00e1c d\u1ee5ng c\u1ee5 b\u1eb1ng m\u00e2y tre ph\u1ee5c v\u1ee5 s\u1ea3n xu\u1ea5t n\u00f4ng, l\u00e2m, ng\u01b0 nghi\u1ec7p v\u00e0 sinh ho\u1ea1t h\u00e0ng ng\u00e0y nh\u01b0 r\u1ed5 r\u00e1, d\u1ea7n s\u00e0ng\u2026..<\/p>\n<p>M\u1eabu m\u00e3 ng\u00e0y c\u00e0ng phong ph\u00fa, \u0111a d\u1ea1ng ch\u1ea5t l\u01b0\u1ee3ng, \u0111\u1ebfn nay \u0111\u00e3 c\u00f3 tr\u00ean 500 m\u1eabu m\u00e3 kh\u00e1c nhau v\u1ec1 ch\u1ee7ng lo\u1ea1i\u2026 qua c\u00e1c h\u1ed9i ch\u1ee3, h\u1ed9i thi \u0111\u01b0\u1ee3c c\u00e1c c\u1ea5p ng\u00e0nh T\u1ec9nh, v\u00e0 Trung \u01b0\u01a1ng khen ng\u1ee3i v\u00e0 nh\u1eadn nhi\u1ec1u b\u1eb1ng khen v\u00e0 gi\u1ea5y khen.<\/p>\n<p>\u0110\u1eb7c bi\u1ec7t v\u00e0o n\u0103m 2008 HTX vinh d\u1ef1 \u0111\u01b0\u1ee3c H\u1ed9i l\u00e0ng ngh\u1ec1 Vi\u1ec7t Nam phong t\u1eb7ng danh hi\u1ec7u cao qu\u00fd \u201c L\u00e0ng ngh\u1ec1 ti\u00eau bi\u1ec3u Vi\u1ec7t Nam\u201d v\u00e0 trong \u0111\u1ee3t h\u1ed9i thi s\u1ea3n ph\u1ea9m h\u00e0ng th\u1ee7 c\u00f4ng m\u1ef9 ngh\u1ec7 do T\u1ec9nh t\u1ed5 ch\u1ee9c d\u1ecbp Festivan 2010. HTX m\u00e2y tre \u0111an \u0111\u00e3 \u0111\u01b0\u1ee3c \u0111\u1ea1t 1 gi\u1ea3i nh\u1ea5t v\u00e0 1 gi\u1ea3i \u0111\u1ed3ng \u0111\u1ed9i. N\u0103m 2011 \u0111\u1ea1t gi\u1ea3i nh\u1ea5t s\u1ea3n ph\u1ea9m ti\u00eau bi\u1ec3u h\u00e0ng th\u1ee7 c\u00f4ng m\u1ef9 ngh\u1ec7 do UBND t\u1ec9nh t\u1ed5 ch\u1ee9c. N\u0103m 2017 \u0111\u01b0\u1ee3c B\u1ed9 N\u00f4ng nghi\u1ec7p vinh danh. N\u0103m 2019 \u0111\u01b0\u1ee3c B\u1ed9 C\u00f4ng th\u01b0\u01a1ng c\u00f4ng nh\u1eadn l\u00e0 s\u1ea3n ph\u1ea9m ti\u00eau bi\u1ec3u CN NT c\u1ea5p qu\u1ed1c gia.<\/p>\n<p>HTX \u0111ang c\u00f3 nh\u1eefng \u01b0u \u0111i\u1ec3m:<\/p>\n<p>Hi\u1ec7n nay tay ngh\u1ec1 c\u1ee7a b\u00e0 con l\u00e0ng ngh\u1ec1 t\u01b0\u01a1ng \u0111\u1ed1i t\u1ed1t v\u1edbi \u0111a d\u1ea1ng m\u1eabu ma m\u1ef9 ngh\u1ec7<\/p>\n<p>L\u1ef1c l\u01b0\u1ee3ng lao \u0111\u1ed9ng d\u1ed3i d\u00e0o<\/p>\n<p>C\u00e1n b\u1ed9 HTX c\u00f3 n\u0103ng khi\u1ebfu t\u1ef1 t\u00ecm ki\u1ebfm thi\u1ebft k\u1ebf m\u1eabu m\u00e3 v\u00e0 kh\u00f4ng ng\u1eebng ph\u00e1t tri\u1ec3n<\/p>\n<p>Nguy\u00ean li\u1ec7u s\u1eb5n c\u00f3 trong \u0111\u1ecba ph\u01b0\u01a1ng<\/p>\n<p>Th\u00e2n thi\u1ec7n v\u1edbi m\u00f4i tr\u01b0\u1eddng<\/p>\n<p>S\u1ea3n ph\u1ea9m ch\u1ee7 y\u1ebfu b\u1eb1ng th\u1ee7 c\u00f4ng n\u00ean d\u1ec5 c\u1ea3i ti\u1ebfn, \u0111i\u1ec1u ch\u1ec9nh k\u00edch c\u1ee1 theo y\u00eau c\u1ea7u c\u1ee7a kh\u00e1ch h\u00e0ng<\/p>\n<p>Ph\u00e1t huy tay ngh\u1ec1, HTX s\u1ebd s\u1ea3n xu\u1ea5t nh\u1eefng s\u1ea9n ph\u1ea9m \u0111\u1eb9p kh\u00f3 l\u00e0m, tinh x\u1ea3o \u0111\u1ec3 c\u00e1c n\u01a1i kh\u00e1c kh\u00f3 c\u1ea1nh tranh<\/p>\n<p>HTX \u0111ang nh\u1eadn \u0111\u01a1n \u0111\u1eb7t h\u00e0ng c\u1ee7a c\u00e1c \u0111\u01a1n v\u1ecb v\u00e0 ho\u1ea1t \u0111\u1ed9ng th\u01b0\u1eddng xuy\u00ean<\/p>\n<p>HTX s\u1eb5n s\u00e0ng quan h\u1ec7 v\u1edbi c\u00e1c \u0111\u01a1n v\u1ecb mu\u1ed1n li\u00ean k\u1ebft v\u1edbi HTX<\/p>","protected":false},"excerpt":{"rendered":"<p>Bao La l\u00e0 m\u1ed9t l\u00e0ng ngh\u1ec1 truy\u1ec1n th\u1ed1ng M\u00e2y tre \u0111an \u0111\u00e3 c\u00f3 t\u1eeb l\u00e2u \u0111\u1eddi tr\u00ean 600 n\u0103m. L\u00e0ng<\/p>","protected":false},"featured_media":13990,"comment_status":"open","ping_status":"closed","template":"","meta":{"_acf_changed":false},"product_cat":[394,366,398,367,336,337],"product_tag":[],"class_list":{"0":"post-13966","1":"product","2":"type-product","3":"status-publish","4":"has-post-thumbnail","6":"product_cat-may-tre-dan","7":"product_cat-hang-cnnt-cap-qg","8":"product_cat-san-pham-cnnt-tb-cap-qg-2021","9":"product_cat-hang-cnnt-cap-qg-2023","10":"product_cat-san-pham-thu-cong-my-nghe","11":"product_cat-thu-cong-my-nghe-gia-dung-trang-tri","13":"first","14":"instock","15":"shipping-taxable","16":"purchasable","17":"product-type-variable"},"acf":[],"_links":{"self":[{"href":"https:\/\/b2c.fairs.vn\/en\/wp-json\/wp\/v2\/product\/13966","targetHints":{"allow":["GET"]}}],"collection":[{"href":"https:\/\/b2c.fairs.vn\/en\/wp-json\/wp\/v2\/product"}],"about":[{"href":"https:\/\/b2c.fairs.vn\/en\/wp-json\/wp\/v2\/types\/product"}],"replies":[{"embeddable":true,"href":"https:\/\/b2c.fairs.vn\/en\/wp-json\/wp\/v2\/comments?post=13966"}],"version-history":[{"count":0,"href":"https:\/\/b2c.fairs.vn\/en\/wp-json\/wp\/v2\/product\/13966\/revisions"}],"wp:featuredmedia":[{"embeddable":true,"href":"https:\/\/b2c.fairs.vn\/en\/wp-json\/wp\/v2\/media\/13990"}],"wp:attachment":[{"href":"https:\/\/b2c.fairs.vn\/en\/wp-json\/wp\/v2\/media?parent=13966"}],"wp:term":[{"taxonomy":"product_cat","embeddable":true,"href":"https:\/\/b2c.fairs.vn\/en\/wp-json\/wp\/v2\/product_cat?post=13966"},{"taxonomy":"product_tag","embeddable":true,"href":"https:\/\/b2c.fairs.vn\/en\/wp-json\/wp\/v2\/product_tag?post=13966"}],"curies":[{"name":"wp","href":"https:\/\/api.w.org\/{rel}","templated":true}]}}