{"id":13965,"date":"2024-04-01T16:11:22","date_gmt":"2024-04-01T09:11:22","guid":{"rendered":"https:\/\/b2c.fairs.vn\/?post_type=product&#038;p=13965"},"modified":"2024-04-01T16:11:23","modified_gmt":"2024-04-01T09:11:23","slug":"kem-inox-d01","status":"publish","type":"product","link":"https:\/\/b2c.fairs.vn\/en\/product\/kem-inox-d01\/","title":{"rendered":"K\u1ec1m Inox D01"},"content":{"rendered":"<p>K\u1ec0M DA INOX VU\u00d4NG X\u00c1M 1 CH\u1ed0NG K\u1ec1m c\u1eaft da v\u1edbi l\u01b0\u1ee1i k\u1ec1m s\u1eafc m\u1ecfng, tinh x\u1ea3o, \u0111\u1ed9 ch\u00ednh x\u00e1c cao. C\u1eaft \u0111\u01b0\u1ee3c ch\u00ednh x\u00e1c, g\u1ecdn g\u00e0ng, kh\u00f4ng l\u00e0m t\u1ed5n th\u01b0\u01a1ng da. L\u01b0\u1ee1i k\u1ec1m b\u00e9n ng\u1ecdt, \u0111\u1ed9 b\u1ec1n l\u00e2u d\u00e0i, kh\u00f4ng c\u1ea7n m\u00e0i l\u1ea1i khi mua. V\u1edbi ti\u00eau ch\u00ed B\u1ec0N &#8211; \u0110\u1eb8P &#8211; B\u00c9N &#8211; CH\u1ea4T L\u01af\u1ee2NG, K\u1ec1m B\u00e9n lu\u00f4n mong mu\u1ed1n mang l\u1ea1i s\u1ef1 h\u00e0i l\u00f2ng cho qu\u00fd kh\u00e1ch h\u00e0ng.<\/p>","protected":false},"excerpt":{"rendered":"<p>K\u1ec0M DA INOX VU\u00d4NG X\u00c1M 1 CH\u1ed0NG K\u1ec1m c\u1eaft da v\u1edbi l\u01b0\u1ee1i k\u1ec1m s\u1eafc m\u1ecfng, tinh x\u1ea3o, \u0111\u1ed9 ch\u00ednh x\u00e1c<\/p>","protected":false},"featured_media":13968,"comment_status":"open","ping_status":"closed","template":"","meta":{"_acf_changed":false},"product_cat":[366,446,336,337,397],"product_tag":[],"class_list":{"0":"post-13965","1":"product","2":"type-product","3":"status-publish","4":"has-post-thumbnail","6":"product_cat-hang-cnnt-cap-qg","7":"product_cat-san-pham-cnnt-tb-cap-qg-2019","8":"product_cat-san-pham-thu-cong-my-nghe","9":"product_cat-thu-cong-my-nghe-gia-dung-trang-tri","10":"product_cat-thu-cong-my-nghe-khac","12":"first","13":"instock","14":"shipping-taxable","15":"purchasable","16":"product-type-simple"},"acf":[],"_links":{"self":[{"href":"https:\/\/b2c.fairs.vn\/en\/wp-json\/wp\/v2\/product\/13965","targetHints":{"allow":["GET"]}}],"collection":[{"href":"https:\/\/b2c.fairs.vn\/en\/wp-json\/wp\/v2\/product"}],"about":[{"href":"https:\/\/b2c.fairs.vn\/en\/wp-json\/wp\/v2\/types\/product"}],"replies":[{"embeddable":true,"href":"https:\/\/b2c.fairs.vn\/en\/wp-json\/wp\/v2\/comments?post=13965"}],"version-history":[{"count":0,"href":"https:\/\/b2c.fairs.vn\/en\/wp-json\/wp\/v2\/product\/13965\/revisions"}],"wp:featuredmedia":[{"embeddable":true,"href":"https:\/\/b2c.fairs.vn\/en\/wp-json\/wp\/v2\/media\/13968"}],"wp:attachment":[{"href":"https:\/\/b2c.fairs.vn\/en\/wp-json\/wp\/v2\/media?parent=13965"}],"wp:term":[{"taxonomy":"product_cat","embeddable":true,"href":"https:\/\/b2c.fairs.vn\/en\/wp-json\/wp\/v2\/product_cat?post=13965"},{"taxonomy":"product_tag","embeddable":true,"href":"https:\/\/b2c.fairs.vn\/en\/wp-json\/wp\/v2\/product_tag?post=13965"}],"curies":[{"name":"wp","href":"https:\/\/api.w.org\/{rel}","templated":true}]}}