{"id":13911,"date":"2024-04-01T15:41:07","date_gmt":"2024-04-01T08:41:07","guid":{"rendered":"https:\/\/b2c.fairs.vn\/?post_type=product&#038;p=13911"},"modified":"2024-04-10T14:15:40","modified_gmt":"2024-04-10T07:15:40","slug":"ong-hut-gao-tu-huy-size-cafe-6-5cm-x-20cm","status":"publish","type":"product","link":"https:\/\/b2c.fairs.vn\/en\/product\/ong-hut-gao-tu-huy-size-cafe-6-5cm-x-20cm\/","title":{"rendered":"\u1ed0ng H\u00fat G\u1ea1o T\u1ef1 Hu\u1ef7 | Size Cafe \u2013 6.5cm x 20cm"},"content":{"rendered":"<h3><strong>\u1ed0ng h\u00fat g\u1ea1o t\u1ef1 h\u1ee7y Fuma \u2013 T\u1eeb l\u00e0ng b\u1ed9t g\u1ea1o Sa \u0110\u00e9c t\u1edbi gi\u1ea3i ph\u00e1p tuy\u1ec7t v\u1eddi thay th\u1ebf \u1ed1ng h\u00fat nh\u1ef1a.<\/strong><\/h3>\n<p>Ch\u00e0o m\u1eebng b\u1ea1n \u0111\u1ebfn v\u1edbi C\u00f4ng ty CP Tinh B\u1ed9t Xanh, n\u01a1i ch\u00fang t\u00f4i cung c\u1ea5p nh\u1eefng gi\u1ea3i ph\u00e1p th\u00e2n thi\u1ec7n m\u00f4i tr\u01b0\u1eddng cho m\u00f4i tr\u01b0\u1eddng s\u1ed1ng c\u1ee7a ch\u00fang ta. Ch\u00fang t\u00f4i t\u1ef1 h\u00e0o gi\u1edbi thi\u1ec7u \u0111\u1ebfn b\u1ea1n s\u1ea3n ph\u1ea9m \u1ed1ng h\u00fat g\u1ea1o t\u1ef1 h\u1ee7y, m\u1ed9t l\u1ef1a ch\u1ecdn ho\u00e0n h\u1ea3o cho nh\u1eefng ai quan t\u00e2m \u0111\u1ebfn vi\u1ec7c gi\u1ea3m thi\u1ec3u r\u00e1c th\u1ea3i nh\u1ef1a.<\/p>\n<p>S\u1ef1 c\u1ea7n thi\u1ebft c\u1ee7a vi\u1ec7c gi\u1ea3m thi\u1ec3u s\u1eed d\u1ee5ng \u1ed1ng h\u00fat nh\u1ef1a \u0111\u00e3 tr\u1edf th\u00e0nh m\u1ed9t v\u1ea5n \u0111\u1ec1 l\u1edbn trong nh\u1eefng n\u0103m g\u1ea7n \u0111\u00e2y. V\u1edbi \u1ed1ng h\u00fat g\u1ea1o t\u1ef1 h\u1ee7y c\u1ee7a ch\u00fang t\u00f4i, b\u1ea1n c\u00f3 th\u1ec3 s\u1eed d\u1ee5ng \u1ed1ng h\u00fat m\u1ed9t l\u1ea7n v\u00e0 sau \u0111\u00f3 n\u00f3 s\u1ebd t\u1ef1 ph\u00e2n h\u1ee7y m\u1ed9t c\u00e1ch t\u1ef1 nhi\u00ean trong m\u00f4i tr\u01b0\u1eddng. \u0110\u01b0\u1ee3c l\u00e0m t\u1eeb b\u1ed9t g\u1ea1o v\u00e0 tinh b\u1ed9t khoai m\u00ec, s\u1ea3n ph\u1ea9m c\u1ee7a ch\u00fang t\u00f4i kh\u00f4ng ch\u1ec9 th\u00e2n thi\u1ec7n m\u00f4i tr\u01b0\u1eddng m\u00e0 c\u00f2n an to\u00e0n tuy\u1ec7t \u0111\u1ed1i cho s\u1ee9c kh\u1ecfe ng\u01b0\u1eddi ti\u00eau d\u00f9ng, th\u1eadm ch\u00ed \u1ed1ng h\u00fat do ch\u00fang t\u00f4i s\u1ea3n xu\u1ea5t c\u00f2n c\u00f3 th\u1ec3 \u0103n \u0111\u01b0\u1ee3c sau khi d\u00f9ng \u0111\u1ec3 h\u00fat n\u01b0\u1edbc.<\/p>\n<p>C\u00e1c \u0111\u1eb7c \u0111i\u1ec3m n\u1ed5i b\u1eadt c\u1ee7a s\u1ea3n ph\u1ea9m \u1ed1ng h\u00fat g\u1ea1o fuma bao g\u1ed3m:<\/p>\n<ul>\n<li>Nguy\u00ean li\u1ec7u t\u01b0\u01a1i v\u00e0 ho\u00e0n to\u00e0n t\u1ef1 nhi\u00ean t\u1eeb b\u1ed9t g\u1ea1o Sa \u0110\u00e9c.<\/li>\n<li>Kh\u00f4ng ph\u00e2n r\u00e3 &amp; b\u1ec1n trong n\u01b0\u1edbc: \u1ed1ng h\u00fat g\u1ea1o Fuma c\u00f3 th\u1ec3 ng\u00e2m trong n\u01b0\u1edbc t\u1eeb 60 \u2013 120 ph\u00fat, th\u1eddi gian tho\u1ea3i m\u00e1i \u0111\u1ec3 b\u1ea1n c\u00f3 th\u1ec3 th\u01b0\u1edfng th\u1ee9c tr\u1ecdn v\u1eb9n ly n\u01b0\u1edbc u\u1ed1ng.<\/li>\n<li>\u0110a d\u1ea1ng k\u00edch c\u1ee1 s\u1ea3n ph\u1ea9m: ch\u00fang t\u00f4i c\u00f3 th\u1ec3 s\u1ea3n xu\u1ea5t \u1ed1ng h\u00fat g\u1ea1o v\u1edbi nhi\u1ec1u k\u00edch c\u1ee1 kh\u00e1c nhau nh\u01b0 \u1ed1ng cocktail (\u0111\u01b0\u1eddng k\u00ednh 6.5mm x d\u00e0i 12cm), \u1ed1ng cafe (\u0111\u01b0\u1eddng k\u00ednh 6.5mm x d\u00e0i 20cm), \u1ed1ng sinh t\u1ed1 (\u0111\u01b0\u1eddng k\u00ednh 8mm x d\u00e0i 20cm), \u1ed1ng tr\u00e0 s\u1eefa (\u0111\u01b0\u1eddng k\u00ednh 12mm x d\u00e0i 21cm). Ngo\u00e0i ra ch\u00fang t\u00f4i c\u00f2n c\u00f3 th\u1ec3 s\u1ea3n xu\u1ea5t gia c\u00f4ng \u1ed1ng h\u00fat theo y\u00eau c\u1ea7u ri\u00eang c\u1ee7a kh\u00e1ch h\u00e0ng.<\/li>\n<li>M\u00e0u s\u1eafc \u1ed1ng h\u00fat \u0111a d\u1ea1ng, b\u1eaft m\u1eaft v\u00e0 ho\u00e0n to\u00e0n t\u1eeb t\u1ef1 nhi\u00ean g\u1ed3m: m\u00e0u xanh \u2013 t\u1eeb hoa \u0111\u1eadu bi\u1ebfc, m\u00e0u t\u00edm \u2013 t\u1eeb l\u00e1 c\u1ea9m, m\u00e0u cam \u2013 t\u1eeb g\u1ea5c, m\u00e0u v\u00e0ng \u2013 t\u1eeb h\u1ea1t d\u00e0nh d\u00e0nh, m\u00e0u tr\u1eafng \u2013 thu\u1ea7n t\u1eeb g\u1ea1o.<\/li>\n<li>An to\u00e0n v\u00e0 kh\u00f4ng g\u00e2y h\u1ea1i: Ch\u00fang t\u00f4i cam k\u1ebft s\u1ea3n xu\u1ea5t c\u00e1c s\u1ea3n ph\u1ea9m an to\u00e0n, kh\u00f4ng ch\u1ee9a c\u00e1c h\u00f3a ch\u1ea5t \u0111\u1ed9c h\u1ea1i.<\/li>\n<li>Thi\u1ebft k\u1ebf ti\u1ec7n l\u1ee3i: \u1ed0ng h\u00fat g\u1ea1o t\u1ef1 h\u1ee7y c\u1ee7a ch\u00fang t\u00f4i c\u00f3 thi\u1ebft k\u1ebf th\u00f4ng minh, d\u1ec5 s\u1eed d\u1ee5ng v\u00e0 d\u1ec5 d\u00e0ng mang theo b\u1ea5t c\u1ee9 khi n\u00e0o b\u1ea1n c\u1ea7n.<\/li>\n<li>T\u0103ng t\u00ednh tr\u1ea3i nghi\u1ec7m: chu\u1ed7i h\u1ec7 th\u1ed1ng qu\u00e1n x\u00e1 s\u1ebd t\u0103ng t\u00ednh tr\u1ea3i nghi\u1ec7m v\u00e0 gi\u1eef h\u00ecnh \u1ea3nh t\u1ed1t trong m\u1eaft c\u1ee7a kh\u00e1ch h\u00e0ng.<\/li>\n<\/ul>","protected":false},"excerpt":{"rendered":"<h3><strong>\u1ed0ng h\u00fat g\u1ea1o t\u1ef1 h\u1ee7y Fuma \u2013 T\u1eeb l\u00e0ng b\u1ed9t g\u1ea1o Sa \u0110\u00e9c t\u1edbi gi\u1ea3i ph\u00e1p tuy\u1ec7t v\u1eddi thay th\u1ebf \u1ed1ng h\u00fat nh\u1ef1a.<\/strong><\/h3>\n<p>Ch\u00e0o m\u1eebng b\u1ea1n \u0111\u1ebfn v\u1edbi C\u00f4ng ty CP Tinh B\u1ed9t Xanh, n\u01a1i ch\u00fang t\u00f4i cung c\u1ea5p nh\u1eefng gi\u1ea3i ph\u00e1p th\u00e2n thi\u1ec7n m\u00f4i tr\u01b0\u1eddng cho m\u00f4i tr\u01b0\u1eddng s\u1ed1ng c\u1ee7a ch\u00fang ta. Ch\u00fang t\u00f4i t\u1ef1 h\u00e0o gi\u1edbi thi\u1ec7u \u0111\u1ebfn b\u1ea1n s\u1ea3n ph\u1ea9m \u1ed1ng h\u00fat g\u1ea1o t\u1ef1 h\u1ee7y, m\u1ed9t l\u1ef1a ch\u1ecdn ho\u00e0n h\u1ea3o cho nh\u1eefng ai quan t\u00e2m \u0111\u1ebfn vi\u1ec7c gi\u1ea3m thi\u1ec3u r\u00e1c th\u1ea3i nh\u1ef1a.<\/p>\n<p>S\u1ef1 c\u1ea7n thi\u1ebft c\u1ee7a vi\u1ec7c gi\u1ea3m thi\u1ec3u s\u1eed d\u1ee5ng \u1ed1ng h\u00fat nh\u1ef1a \u0111\u00e3 tr\u1edf th\u00e0nh m\u1ed9t v\u1ea5n \u0111\u1ec1 l\u1edbn trong nh\u1eefng n\u0103m g\u1ea7n \u0111\u00e2y. V\u1edbi \u1ed1ng h\u00fat g\u1ea1o t\u1ef1 h\u1ee7y c\u1ee7a ch\u00fang t\u00f4i, b\u1ea1n c\u00f3 th\u1ec3 s\u1eed d\u1ee5ng \u1ed1ng h\u00fat m\u1ed9t l\u1ea7n v\u00e0 sau \u0111\u00f3 n\u00f3 s\u1ebd t\u1ef1 ph\u00e2n h\u1ee7y m\u1ed9t c\u00e1ch t\u1ef1 nhi\u00ean trong m\u00f4i tr\u01b0\u1eddng. \u0110\u01b0\u1ee3c l\u00e0m t\u1eeb b\u1ed9t g\u1ea1o v\u00e0 tinh b\u1ed9t khoai m\u00ec, s\u1ea3n ph\u1ea9m c\u1ee7a ch\u00fang t\u00f4i kh\u00f4ng ch\u1ec9 th\u00e2n thi\u1ec7n m\u00f4i tr\u01b0\u1eddng m\u00e0 c\u00f2n an to\u00e0n tuy\u1ec7t \u0111\u1ed1i cho s\u1ee9c kh\u1ecfe ng\u01b0\u1eddi ti\u00eau d\u00f9ng, th\u1eadm ch\u00ed \u1ed1ng h\u00fat do ch\u00fang t\u00f4i s\u1ea3n xu\u1ea5t c\u00f2n c\u00f3 th\u1ec3 \u0103n \u0111\u01b0\u1ee3c sau khi d\u00f9ng \u0111\u1ec3 h\u00fat n\u01b0\u1edbc.<\/p>\n<p>C\u00e1c \u0111\u1eb7c \u0111i\u1ec3m n\u1ed5i b\u1eadt c\u1ee7a s\u1ea3n ph\u1ea9m \u1ed1ng h\u00fat g\u1ea1o fuma bao g\u1ed3m:<\/p>\n<ul>\n<li>Nguy\u00ean li\u1ec7u t\u01b0\u01a1i v\u00e0 ho\u00e0n to\u00e0n t\u1ef1 nhi\u00ean t\u1eeb b\u1ed9t g\u1ea1o Sa \u0110\u00e9c.<\/li>\n<li>Kh\u00f4ng ph\u00e2n r\u00e3 &amp; b\u1ec1n trong n\u01b0\u1edbc: \u1ed1ng h\u00fat g\u1ea1o Fuma c\u00f3 th\u1ec3 ng\u00e2m trong n\u01b0\u1edbc t\u1eeb 60 \u2013 120 ph\u00fat, th\u1eddi gian tho\u1ea3i m\u00e1i \u0111\u1ec3 b\u1ea1n c\u00f3 th\u1ec3 th\u01b0\u1edfng th\u1ee9c tr\u1ecdn v\u1eb9n ly n\u01b0\u1edbc u\u1ed1ng.<\/li>\n<li>\u0110a d\u1ea1ng k\u00edch c\u1ee1 s\u1ea3n ph\u1ea9m: ch\u00fang t\u00f4i c\u00f3 th\u1ec3 s\u1ea3n xu\u1ea5t \u1ed1ng h\u00fat g\u1ea1o v\u1edbi nhi\u1ec1u k\u00edch c\u1ee1 kh\u00e1c nhau nh\u01b0 \u1ed1ng cocktail (\u0111\u01b0\u1eddng k\u00ednh 6.5mm x d\u00e0i 12cm), \u1ed1ng cafe (\u0111\u01b0\u1eddng k\u00ednh 6.5mm x d\u00e0i 20cm), \u1ed1ng sinh t\u1ed1 (\u0111\u01b0\u1eddng k\u00ednh 8mm x d\u00e0i 20cm), \u1ed1ng tr\u00e0 s\u1eefa (\u0111\u01b0\u1eddng k\u00ednh 12mm x d\u00e0i 21cm). Ngo\u00e0i ra ch\u00fang t\u00f4i c\u00f2n c\u00f3 th\u1ec3 s\u1ea3n xu\u1ea5t gia c\u00f4ng \u1ed1ng h\u00fat theo y\u00eau c\u1ea7u ri\u00eang c\u1ee7a kh\u00e1ch h\u00e0ng.<\/li>\n<li>M\u00e0u s\u1eafc \u1ed1ng h\u00fat \u0111a d\u1ea1ng, b\u1eaft m\u1eaft v\u00e0 ho\u00e0n to\u00e0n t\u1eeb t\u1ef1 nhi\u00ean g\u1ed3m: m\u00e0u xanh \u2013 t\u1eeb hoa \u0111\u1eadu bi\u1ebfc, m\u00e0u t\u00edm \u2013 t\u1eeb l\u00e1 c\u1ea9m, m\u00e0u cam \u2013 t\u1eeb g\u1ea5c, m\u00e0u v\u00e0ng \u2013 t\u1eeb h\u1ea1t d\u00e0nh d\u00e0nh, m\u00e0u tr\u1eafng \u2013 thu\u1ea7n t\u1eeb g\u1ea1o.<\/li>\n<li>An to\u00e0n v\u00e0 kh\u00f4ng g\u00e2y h\u1ea1i: Ch\u00fang t\u00f4i cam k\u1ebft s\u1ea3n xu\u1ea5t c\u00e1c s\u1ea3n ph\u1ea9m an to\u00e0n, kh\u00f4ng ch\u1ee9a c\u00e1c h\u00f3a ch\u1ea5t \u0111\u1ed9c h\u1ea1i.<\/li>\n<li>Thi\u1ebft k\u1ebf ti\u1ec7n l\u1ee3i: \u1ed0ng h\u00fat g\u1ea1o t\u1ef1 h\u1ee7y c\u1ee7a ch\u00fang t\u00f4i c\u00f3 thi\u1ebft k\u1ebf th\u00f4ng minh, d\u1ec5 s\u1eed d\u1ee5ng v\u00e0 d\u1ec5 d\u00e0ng mang theo b\u1ea5t c\u1ee9 khi n\u00e0o b\u1ea1n c\u1ea7n.<\/li>\n<li>T\u0103ng t\u00ednh tr\u1ea3i nghi\u1ec7m: chu\u1ed7i h\u1ec7 th\u1ed1ng qu\u00e1n x\u00e1 s\u1ebd t\u0103ng t\u00ednh tr\u1ea3i nghi\u1ec7m v\u00e0 gi\u1eef h\u00ecnh \u1ea3nh t\u1ed1t trong m\u1eaft c\u1ee7a kh\u00e1ch h\u00e0ng.<\/li>\n<\/ul>","protected":false},"featured_media":13915,"comment_status":"open","ping_status":"closed","template":"","meta":{"_acf_changed":false},"product_cat":[529,366,398],"product_tag":[],"class_list":{"0":"post-13911","1":"product","2":"type-product","3":"status-publish","4":"has-post-thumbnail","6":"product_cat-khac","7":"product_cat-hang-cnnt-cap-qg","8":"product_cat-san-pham-cnnt-tb-cap-qg-2021","10":"first","11":"instock","12":"shipping-taxable","13":"purchasable","14":"product-type-simple"},"acf":[],"_links":{"self":[{"href":"https:\/\/b2c.fairs.vn\/en\/wp-json\/wp\/v2\/product\/13911","targetHints":{"allow":["GET"]}}],"collection":[{"href":"https:\/\/b2c.fairs.vn\/en\/wp-json\/wp\/v2\/product"}],"about":[{"href":"https:\/\/b2c.fairs.vn\/en\/wp-json\/wp\/v2\/types\/product"}],"replies":[{"embeddable":true,"href":"https:\/\/b2c.fairs.vn\/en\/wp-json\/wp\/v2\/comments?post=13911"}],"version-history":[{"count":0,"href":"https:\/\/b2c.fairs.vn\/en\/wp-json\/wp\/v2\/product\/13911\/revisions"}],"wp:featuredmedia":[{"embeddable":true,"href":"https:\/\/b2c.fairs.vn\/en\/wp-json\/wp\/v2\/media\/13915"}],"wp:attachment":[{"href":"https:\/\/b2c.fairs.vn\/en\/wp-json\/wp\/v2\/media?parent=13911"}],"wp:term":[{"taxonomy":"product_cat","embeddable":true,"href":"https:\/\/b2c.fairs.vn\/en\/wp-json\/wp\/v2\/product_cat?post=13911"},{"taxonomy":"product_tag","embeddable":true,"href":"https:\/\/b2c.fairs.vn\/en\/wp-json\/wp\/v2\/product_tag?post=13911"}],"curies":[{"name":"wp","href":"https:\/\/api.w.org\/{rel}","templated":true}]}}