{"id":13908,"date":"2024-04-01T15:46:30","date_gmt":"2024-04-01T08:46:30","guid":{"rendered":"https:\/\/b2c.fairs.vn\/?post_type=product&#038;p=13908"},"modified":"2024-04-01T15:47:22","modified_gmt":"2024-04-01T08:47:22","slug":"gio-xe-giant-133s","status":"publish","type":"product","link":"https:\/\/b2c.fairs.vn\/en\/product\/gio-xe-giant-133s\/","title":{"rendered":"Gi\u1ecf xe Giant 133S"},"content":{"rendered":"<p><strong>V\u1eadt li\u1ec7u\u00a0 \u00a0 \u00a0 \u00a0 \u00a0 \u00a0 \u00a0 \u00a0 \u00a0 \u00a0 \u00a0:<\/strong>\u00a0Th\u00e9p b\u1ecdc nh\u1ef1a<\/p>\n<p><strong>Lo\u1ea1i xe ph\u00f9 h\u1ee3p\u00a0 \u00a0 \u00a0 :<\/strong>\u00a0Xe \u0111i\u1ec7n 133S<\/p>\n<p><strong>Quy c\u00e1ch \u0111\u00f3ng g\u00f3i :<\/strong>\u00a020 c\u00e1i\/bao<\/p>","protected":false},"excerpt":{"rendered":"<p>V\u1eadt li\u1ec7u\u00a0 \u00a0 \u00a0 \u00a0 \u00a0 \u00a0 \u00a0 \u00a0 \u00a0 \u00a0 \u00a0:\u00a0Th\u00e9p b\u1ecdc nh\u1ef1a Lo\u1ea1i xe ph\u00f9 h\u1ee3p\u00a0 \u00a0 \u00a0<\/p>","protected":false},"featured_media":13923,"comment_status":"open","ping_status":"closed","template":"","meta":{"_acf_changed":false},"product_cat":[366,447],"product_tag":[],"class_list":{"0":"post-13908","1":"product","2":"type-product","3":"status-publish","4":"has-post-thumbnail","6":"product_cat-hang-cnnt-cap-qg","7":"product_cat-san-pham-cnnt-tb-cap-qg-2017","9":"first","10":"instock","11":"shipping-taxable","12":"product-type-variable","13":"has-default-attributes"},"acf":[],"_links":{"self":[{"href":"https:\/\/b2c.fairs.vn\/en\/wp-json\/wp\/v2\/product\/13908","targetHints":{"allow":["GET"]}}],"collection":[{"href":"https:\/\/b2c.fairs.vn\/en\/wp-json\/wp\/v2\/product"}],"about":[{"href":"https:\/\/b2c.fairs.vn\/en\/wp-json\/wp\/v2\/types\/product"}],"replies":[{"embeddable":true,"href":"https:\/\/b2c.fairs.vn\/en\/wp-json\/wp\/v2\/comments?post=13908"}],"version-history":[{"count":0,"href":"https:\/\/b2c.fairs.vn\/en\/wp-json\/wp\/v2\/product\/13908\/revisions"}],"wp:featuredmedia":[{"embeddable":true,"href":"https:\/\/b2c.fairs.vn\/en\/wp-json\/wp\/v2\/media\/13923"}],"wp:attachment":[{"href":"https:\/\/b2c.fairs.vn\/en\/wp-json\/wp\/v2\/media?parent=13908"}],"wp:term":[{"taxonomy":"product_cat","embeddable":true,"href":"https:\/\/b2c.fairs.vn\/en\/wp-json\/wp\/v2\/product_cat?post=13908"},{"taxonomy":"product_tag","embeddable":true,"href":"https:\/\/b2c.fairs.vn\/en\/wp-json\/wp\/v2\/product_tag?post=13908"}],"curies":[{"name":"wp","href":"https:\/\/api.w.org\/{rel}","templated":true}]}}