{"id":13899,"date":"2024-04-01T15:37:49","date_gmt":"2024-04-01T08:37:49","guid":{"rendered":"https:\/\/b2c.fairs.vn\/?post_type=product&#038;p=13899"},"modified":"2024-04-10T14:15:28","modified_gmt":"2024-04-10T07:15:28","slug":"ong-hut-gao-tu-huy-fuma-size-tra-sua-12mm-x-21cm-tui-500g-40-45-ong","status":"publish","type":"product","link":"https:\/\/b2c.fairs.vn\/en\/product\/ong-hut-gao-tu-huy-fuma-size-tra-sua-12mm-x-21cm-tui-500g-40-45-ong\/","title":{"rendered":"\u1ed0ng H\u00fat G\u1ea1o T\u1ef1 Hu\u1ef7 FUMA | Size Tr\u00e0 S\u1eefa \u2013 12mm x 21cm | T\u00fai 500G ~ 40-45 \u1ed1ng"},"content":{"rendered":"<h2>Ch\u1ea5t l\u01b0\u1ee3ng t\u1ed1t nh\u1ea5t \u2013 \u1ed0ng h\u00fat g\u1ea1o t\u1ef1 hu\u1ef7 c\u1ee7a Tinh B\u1ed9t Xanh<\/h2>\n<h3>V\u1edbi \u1ed1ng h\u00fat g\u1ea1o \u2013 b\u1eefa ti\u1ec7c vui v\u1ebb h\u01a1n<\/h3>\n<p>Nh\u1eefng \u1ed1ng h\u00fat g\u1ea1o n\u00e0y ho\u00e0n h\u1ea3o cho \u0111\u1ed3 u\u1ed1ng h\u00e0ng ng\u00e0y, nh\u01b0 n\u01b0\u1edbc tr\u00e1i c\u00e2y, sinh t\u1ed1, c\u00e0 ph\u00ea \u0111\u00e1, tr\u00e0 n\u00f3ng v.v \u2026 Ch\u00fang ph\u00f9 h\u1ee3p cho ti\u1ec7c sinh nh\u1eadt, th\u00f4i n\u00f4i, ti\u1ec7c c\u01b0\u1edbi, \u0111\u00e1m h\u1ecfi, ti\u1ec7c t\u00e2n gia, d\u00e3 ngo\u1ea1i, v\u00e0 nhi\u1ec1u h\u01a1n n\u1eefa. \u1ed0ng h\u00fat g\u1ea1o c\u00f2n \u0111\u01b0\u1ee3c s\u1eed d\u1ee5ng trong s\u00e1ng ch\u1ebf ngh\u1ec7 thu\u1eadt v\u00e0 th\u1ee7 c\u00f4ng.<\/p>\n<h3><img fetchpriority=\"high\" decoding=\"async\" class=\"wp-image-10736 size-full aligncenter\" src=\"https:\/\/tinhbotxanh.vn\/wp-content\/uploads\/2024\/03\/friends-toasting-at-the-beach-1.jpeg\" sizes=\"(max-width: 875px) 100vw, 875px\" srcset=\"https:\/\/tinhbotxanh.vn\/wp-content\/uploads\/2024\/03\/friends-toasting-at-the-beach-1.jpeg 875w, https:\/\/tinhbotxanh.vn\/wp-content\/uploads\/2024\/03\/friends-toasting-at-the-beach-1-300x200.jpeg 300w, https:\/\/tinhbotxanh.vn\/wp-content\/uploads\/2024\/03\/friends-toasting-at-the-beach-1-768x512.jpeg 768w\" alt=\"\" width=\"875\" height=\"583\" \/><\/h3>\n<h3>M\u1ed9t l\u1ef1a ch\u1ecdn l\u00e0nh m\u1ea1nh cho b\u1ea1n v\u00e0 gia \u0111\u00ecnh b\u1ea1n<\/h3>\n<p>\u0110\u01b0\u1ee3c l\u00e0m t\u1eeb g\u1ea1o t\u1ef1 nhi\u00ean \u1edf Vi\u1ec7t Nam v\u00e0 n\u00f3i KH\u00d4NG v\u1edbi h\u00f3a ch\u1ea5t ho\u1eb7c thu\u1ed1c nhu\u1ed9m, kh\u00f4ng c\u00f3 d\u1eabn xu\u1ea5t nh\u1ef1a (k\u1ec3 c\u1ea3 nh\u1ef1a sinh h\u1ecdc),\u00a0<a href=\"https:\/\/tuoitre.vn\/tac-hai-cua-do-dung-bang-nhua-co-chat-bpa-20180420164536286.htm\" target=\"_blank\" rel=\"noopener\">BPA<\/a>\u00a0ho\u1eb7c c\u00e1c h\u00f3a ch\u1ea5t kh\u00e1c. T\u1ea5t c\u1ea3 c\u00e1c \u1ed1ng h\u00fat u\u1ed1ng c\u1ee7a Tinh b\u1ed9t xanh \u0111\u1ec1u 100% h\u1eefu c\u01a1, ph\u00e2n h\u1ee7y sinh h\u1ecdc v\u00e0 thu\u1ea7n chay. B\u1ea1n v\u00e0 c\u00e1c th\u00e0nh vi\u00ean gia \u0111\u00ecnh ch\u1ec9 c\u1ea7n th\u01b0\u1edfng th\u1ee9c \u0111\u1ed3 u\u1ed1ng y\u00eau th\u00edch!<\/p>\n<h3>B\u1ea5t c\u1ee9 d\u1ecbp n\u00e0o \u2013 b\u1ea5t c\u1ee9 n\u01a1i n\u00e0o<\/h3>\n<p>\u1ed0ng h\u00fat g\u1ea1o sinh h\u1ecdc c\u1ee7a ch\u00fang t\u00f4i c\u00f3 th\u1ec3 s\u1eed d\u1ee5ng m\u1ed9t l\u1ea7n v\u00e0 ph\u00f9 h\u1ee3p cho \u0111\u1ed3 u\u1ed1ng h\u00e0ng ng\u00e0y t\u1ea1i nh\u00e0 \/ qu\u00e1n bar \/ nh\u00e0 h\u00e0ng \/ kh\u00e1ch s\u1ea1n nh\u01b0 n\u01b0\u1edbc tr\u00e1i c\u00e2y, sinh t\u1ed1, c\u00e0 ph\u00ea, v.v \u2026 Ch\u00fang r\u1ea5t ph\u00f9 h\u1ee3p cho ti\u1ec7c sinh nh\u1eadt, ti\u1ec7c c\u01b0\u1edbi, ti\u1ec7c t\u00e2n gia, d\u00e3 ngo\u1ea1i ho\u1eb7c b\u1ea5t c\u1ee9 d\u1ecbp n\u00e0o . Th\u00edch h\u1ee3p cho t\u1ea5t c\u1ea3 \u0111\u1ed3 u\u1ed1ng n\u00f3ng v\u00e0 l\u1ea1nh, cho c\u1ea3 ng\u01b0\u1eddi l\u1edbn v\u00e0 tr\u1ebb em.<\/p>\n<h3>Gi\u1ea3m thi\u1ec3u ch\u1ea5t th\u1ea3i<\/h3>\n<p>Gi\u1ea3m s\u1eed d\u1ee5ng \u1ed1ng h\u00fat nh\u1ef1a \u0111ang tr\u1edf th\u00e0nh m\u1ed9t xu h\u01b0\u1edbng l\u1edbn! Ch\u1ec9 ri\u00eang t\u1ea1i M\u1ef9, h\u01a1n 500 tri\u1ec7u \u1ed1ng h\u00fat nh\u1ef1a \u0111\u01b0\u1ee3c s\u1eed d\u1ee5ng h\u00e0ng ng\u00e0y! \u1ed0ng h\u00fat c\u1ee7a ch\u00fang t\u00f4i \u0111\u01b0\u1ee3c l\u00e0m t\u1eeb b\u1ed9t g\u1ea1o- ch\u00fang t\u00f4i kh\u00f4ng s\u1eed d\u1ee5ng nh\u1ef1a ho\u1eb7c h\u00f3a ch\u1ea5t trong qu\u00e1 tr\u00ecnh s\u1ea3n xu\u1ea5t v\u00e0 nh\u1eefng \u1ed1ng h\u00fat n\u00e0y c\u00f3 th\u1ec3 ph\u00e2n h\u1ee7y ho\u00e0n to\u00e0n trong b\u1ea5t k\u1ef3 m\u00f4i tr\u01b0\u1eddng n\u00e0o \u2013 l\u00e0m gi\u1ea3m t\u00e1c \u0111\u1ed9ng l\u00ean m\u00f4i tr\u01b0\u1eddng!<\/p>\n<h2>V\u00e0 h\u01a1n th\u1ebf n\u1eefa\u2026.<\/h2>\n<h3>H\u1ed7 tr\u1ee3 c\u1ed9ng \u0111\u1ed3ng<\/h3>\n<p>S\u1ea3n ph\u1ea9m c\u1ee7a ch\u00fang t\u00f4i c\u00f3 ngu\u1ed3n g\u1ed1c t\u1eeb c\u00e1c khu v\u1ef1c h\u1ed7 tr\u1ee3 c\u00e1c s\u00e1ng ki\u1ebfn n\u00f4ng nghi\u1ec7p \u0111\u1ecba ph\u01b0\u01a1ng. Ch\u00fang t\u00f4i c\u1ed1 g\u1eafng \u0111\u1ec3 h\u1ed7 tr\u1ee3 c\u1ed9ng \u0111\u1ed3ng nhi\u1ec1u nh\u01b0 m\u1eb9 thi\u00ean nhi\u00ean \u0111ang l\u00e0m. Do \u0111\u00f3, vi\u1ec7c ch\u1ecdn nh\u1eefng \u1ed1ng h\u00fat n\u00e0y c\u0169ng g\u00f3p m\u1ed9t ph\u1ea7n kh\u00f4ng nh\u1ecf trong c\u00f4ng cu\u1ed9c h\u1ed7 tr\u1ee3 c\u1ed9ng \u0111\u1ed3ng!<\/p>\n<p>H\u01a1n n\u1eefa, v\u1edbi 100% t\u1ef1 nhi\u00ean, \u1ed1ng h\u00fat g\u1ea1o ch\u1eafc ch\u1eafn l\u00e0 m\u1ed9t l\u1ef1a ch\u1ecdn tuy\u1ec7t v\u1eddi \u0111\u1ec3 b\u1ea3o v\u1ec7 m\u00f4i tr\u01b0\u1eddng, s\u1ee9c kh\u1ecfe c\u1ee7a b\u1ea1n v\u00e0 gia \u0111\u00ecnh.<\/p>\n<p>&nbsp;<\/p>\n<p>Nh\u1eefng \u1ed1ng h\u00fat n\u00e0y h\u1ee9a h\u1eb9n s\u1ebd mang \u0111\u1ebfn cho b\u1ea1n nh\u1eefng tr\u1ea3i nghi\u1ec7m tuy\u1ec7t v\u1eddi v\u00e0 t\u1ed1i \u01b0u, d\u1eabn b\u1ea1n \u0111\u1ebfn v\u1edbi l\u1ed1i s\u1ed1ng l\u00e0nh m\u1ea1nh v\u00e0 kh\u00f4ng l\u00e3ng ph\u00ed. S\u1eed d\u1ee5ng \u1ed1ng h\u00fat g\u1ea1o nh\u01b0 l\u00e0 m\u1ed9t minh ch\u1ee9ng cho s\u1ef1 tham gia c\u1ea3i thi\u1ec7n v\u00e0 c\u1ee9u tr\u00e1i \u0111\u1ea5t cho th\u1ebf h\u1ec7 ti\u1ebfp theo !! Nh\u00ecn v\u00e0o bao b\u00ec tuy\u1ec7t v\u1eddi c\u1ee7a ch\u00fang, ph\u00f9 h\u1ee3p l\u00e0m sao khi \u0111\u1ee9ng k\u1ebf b\u00ean m\u1ed9t chi\u1ebfc ly thu\u1ef7 tinh trong su\u1ed1t.<\/p>\n<h2>H\u00e0nh \u0111\u1ed9ng ngay b\u00e2y gi\u1edd<\/h2>\n<p>V\u1eady t\u1ea1i sao b\u1ea1n kh\u00f4ng h\u00e0nh \u0111\u1ed9ng? V\u1edbi h\u00e0nh \u0111\u1ed9ng nh\u1ecf n\u00e0y c\u00f3 th\u1ec3 t\u1ea1o ra m\u1ed9t s\u1ef1 thay \u0111\u1ed5i t\u00edch c\u1ef1c trong cu\u1ed9c s\u1ed1ng c\u1ee7a b\u1ea1n, gia \u0111\u00ecnh v\u00e0 k\u1ec3 c\u1ea3 h\u00e0nh tinh n\u00e0y.<\/p>\n<p><img decoding=\"async\" class=\"aligncenter wp-image-10738 size-full\" src=\"https:\/\/tinhbotxanh.vn\/wp-content\/uploads\/2024\/03\/edible-straws.jpeg\" sizes=\"(max-width: 1200px) 100vw, 1200px\" srcset=\"https:\/\/tinhbotxanh.vn\/wp-content\/uploads\/2024\/03\/edible-straws.jpeg 1200w, https:\/\/tinhbotxanh.vn\/wp-content\/uploads\/2024\/03\/edible-straws-300x187.jpeg 300w, https:\/\/tinhbotxanh.vn\/wp-content\/uploads\/2024\/03\/edible-straws-1024x637.jpeg 1024w, https:\/\/tinhbotxanh.vn\/wp-content\/uploads\/2024\/03\/edible-straws-768x477.jpeg 768w\" alt=\"\" width=\"1200\" height=\"746\" \/><\/p>","protected":false},"excerpt":{"rendered":"<h2>Ch\u1ea5t l\u01b0\u1ee3ng t\u1ed1t nh\u1ea5t \u2013 \u1ed0ng h\u00fat g\u1ea1o t\u1ef1 hu\u1ef7 c\u1ee7a Tinh B\u1ed9t Xanh<\/h2>\n<h3>V\u1edbi \u1ed1ng h\u00fat g\u1ea1o \u2013 b\u1eefa ti\u1ec7c vui v\u1ebb h\u01a1n<\/h3>\n<p>Nh\u1eefng \u1ed1ng h\u00fat g\u1ea1o n\u00e0y ho\u00e0n h\u1ea3o cho \u0111\u1ed3 u\u1ed1ng h\u00e0ng ng\u00e0y, nh\u01b0 n\u01b0\u1edbc tr\u00e1i c\u00e2y, sinh t\u1ed1, c\u00e0 ph\u00ea \u0111\u00e1, tr\u00e0 n\u00f3ng v.v \u2026 Ch\u00fang ph\u00f9 h\u1ee3p cho ti\u1ec7c sinh nh\u1eadt, th\u00f4i n\u00f4i, ti\u1ec7c c\u01b0\u1edbi, \u0111\u00e1m h\u1ecfi, ti\u1ec7c t\u00e2n gia, d\u00e3 ngo\u1ea1i, v\u00e0 nhi\u1ec1u h\u01a1n n\u1eefa. \u1ed0ng h\u00fat g\u1ea1o c\u00f2n \u0111\u01b0\u1ee3c s\u1eed d\u1ee5ng trong s\u00e1ng ch\u1ebf ngh\u1ec7 thu\u1eadt v\u00e0 th\u1ee7 c\u00f4ng.<\/p>\n<h3><img fetchpriority=\"high\" decoding=\"async\" class=\"wp-image-10736 size-full aligncenter\" src=\"https:\/\/tinhbotxanh.vn\/wp-content\/uploads\/2024\/03\/friends-toasting-at-the-beach-1.jpeg\" sizes=\"(max-width: 875px) 100vw, 875px\" srcset=\"https:\/\/tinhbotxanh.vn\/wp-content\/uploads\/2024\/03\/friends-toasting-at-the-beach-1.jpeg 875w, https:\/\/tinhbotxanh.vn\/wp-content\/uploads\/2024\/03\/friends-toasting-at-the-beach-1-300x200.jpeg 300w, https:\/\/tinhbotxanh.vn\/wp-content\/uploads\/2024\/03\/friends-toasting-at-the-beach-1-768x512.jpeg 768w\" alt=\"\" width=\"875\" height=\"583\" \/><\/h3>\n<h3>M\u1ed9t l\u1ef1a ch\u1ecdn l\u00e0nh m\u1ea1nh cho b\u1ea1n v\u00e0 gia \u0111\u00ecnh b\u1ea1n<\/h3>\n<p>\u0110\u01b0\u1ee3c l\u00e0m t\u1eeb g\u1ea1o t\u1ef1 nhi\u00ean \u1edf Vi\u1ec7t Nam v\u00e0 n\u00f3i KH\u00d4NG v\u1edbi h\u00f3a ch\u1ea5t ho\u1eb7c thu\u1ed1c nhu\u1ed9m, kh\u00f4ng c\u00f3 d\u1eabn xu\u1ea5t nh\u1ef1a (k\u1ec3 c\u1ea3 nh\u1ef1a sinh h\u1ecdc),\u00a0<a href=\"https:\/\/tuoitre.vn\/tac-hai-cua-do-dung-bang-nhua-co-chat-bpa-20180420164536286.htm\" target=\"_blank\" rel=\"noopener\">BPA<\/a>\u00a0ho\u1eb7c c\u00e1c h\u00f3a ch\u1ea5t kh\u00e1c. T\u1ea5t c\u1ea3 c\u00e1c \u1ed1ng h\u00fat u\u1ed1ng c\u1ee7a Tinh b\u1ed9t xanh \u0111\u1ec1u 100% h\u1eefu c\u01a1, ph\u00e2n h\u1ee7y sinh h\u1ecdc v\u00e0 thu\u1ea7n chay. B\u1ea1n v\u00e0 c\u00e1c th\u00e0nh vi\u00ean gia \u0111\u00ecnh ch\u1ec9 c\u1ea7n th\u01b0\u1edfng th\u1ee9c \u0111\u1ed3 u\u1ed1ng y\u00eau th\u00edch!<\/p>\n<h3>B\u1ea5t c\u1ee9 d\u1ecbp n\u00e0o \u2013 b\u1ea5t c\u1ee9 n\u01a1i n\u00e0o<\/h3>\n<p>\u1ed0ng h\u00fat g\u1ea1o sinh h\u1ecdc c\u1ee7a ch\u00fang t\u00f4i c\u00f3 th\u1ec3 s\u1eed d\u1ee5ng m\u1ed9t l\u1ea7n v\u00e0 ph\u00f9 h\u1ee3p cho \u0111\u1ed3 u\u1ed1ng h\u00e0ng ng\u00e0y t\u1ea1i nh\u00e0 \/ qu\u00e1n bar \/ nh\u00e0 h\u00e0ng \/ kh\u00e1ch s\u1ea1n nh\u01b0 n\u01b0\u1edbc tr\u00e1i c\u00e2y, sinh t\u1ed1, c\u00e0 ph\u00ea, v.v \u2026 Ch\u00fang r\u1ea5t ph\u00f9 h\u1ee3p cho ti\u1ec7c sinh nh\u1eadt, ti\u1ec7c c\u01b0\u1edbi, ti\u1ec7c t\u00e2n gia, d\u00e3 ngo\u1ea1i ho\u1eb7c b\u1ea5t c\u1ee9 d\u1ecbp n\u00e0o . Th\u00edch h\u1ee3p cho t\u1ea5t c\u1ea3 \u0111\u1ed3 u\u1ed1ng n\u00f3ng v\u00e0 l\u1ea1nh, cho c\u1ea3 ng\u01b0\u1eddi l\u1edbn v\u00e0 tr\u1ebb em.<\/p>\n<h3>Gi\u1ea3m thi\u1ec3u ch\u1ea5t th\u1ea3i<\/h3>\n<p>Gi\u1ea3m s\u1eed d\u1ee5ng \u1ed1ng h\u00fat nh\u1ef1a \u0111ang tr\u1edf th\u00e0nh m\u1ed9t xu h\u01b0\u1edbng l\u1edbn! Ch\u1ec9 ri\u00eang t\u1ea1i M\u1ef9, h\u01a1n 500 tri\u1ec7u \u1ed1ng h\u00fat nh\u1ef1a \u0111\u01b0\u1ee3c s\u1eed d\u1ee5ng h\u00e0ng ng\u00e0y! \u1ed0ng h\u00fat c\u1ee7a ch\u00fang t\u00f4i \u0111\u01b0\u1ee3c l\u00e0m t\u1eeb b\u1ed9t g\u1ea1o- ch\u00fang t\u00f4i kh\u00f4ng s\u1eed d\u1ee5ng nh\u1ef1a ho\u1eb7c h\u00f3a ch\u1ea5t trong qu\u00e1 tr\u00ecnh s\u1ea3n xu\u1ea5t v\u00e0 nh\u1eefng \u1ed1ng h\u00fat n\u00e0y c\u00f3 th\u1ec3 ph\u00e2n h\u1ee7y ho\u00e0n to\u00e0n trong b\u1ea5t k\u1ef3 m\u00f4i tr\u01b0\u1eddng n\u00e0o \u2013 l\u00e0m gi\u1ea3m t\u00e1c \u0111\u1ed9ng l\u00ean m\u00f4i tr\u01b0\u1eddng!<\/p>\n<h2>V\u00e0 h\u01a1n th\u1ebf n\u1eefa\u2026.<\/h2>\n<h3>H\u1ed7 tr\u1ee3 c\u1ed9ng \u0111\u1ed3ng<\/h3>\n<p>S\u1ea3n ph\u1ea9m c\u1ee7a ch\u00fang t\u00f4i c\u00f3 ngu\u1ed3n g\u1ed1c t\u1eeb c\u00e1c khu v\u1ef1c h\u1ed7 tr\u1ee3 c\u00e1c s\u00e1ng ki\u1ebfn n\u00f4ng nghi\u1ec7p \u0111\u1ecba ph\u01b0\u01a1ng. Ch\u00fang t\u00f4i c\u1ed1 g\u1eafng \u0111\u1ec3 h\u1ed7 tr\u1ee3 c\u1ed9ng \u0111\u1ed3ng nhi\u1ec1u nh\u01b0 m\u1eb9 thi\u00ean nhi\u00ean \u0111ang l\u00e0m. Do \u0111\u00f3, vi\u1ec7c ch\u1ecdn nh\u1eefng \u1ed1ng h\u00fat n\u00e0y c\u0169ng g\u00f3p m\u1ed9t ph\u1ea7n kh\u00f4ng nh\u1ecf trong c\u00f4ng cu\u1ed9c h\u1ed7 tr\u1ee3 c\u1ed9ng \u0111\u1ed3ng!<\/p>\n<p>H\u01a1n n\u1eefa, v\u1edbi 100% t\u1ef1 nhi\u00ean, \u1ed1ng h\u00fat g\u1ea1o ch\u1eafc ch\u1eafn l\u00e0 m\u1ed9t l\u1ef1a ch\u1ecdn tuy\u1ec7t v\u1eddi \u0111\u1ec3 b\u1ea3o v\u1ec7 m\u00f4i tr\u01b0\u1eddng, s\u1ee9c kh\u1ecfe c\u1ee7a b\u1ea1n v\u00e0 gia \u0111\u00ecnh.<\/p>\n<p>&nbsp;<\/p>\n<p>Nh\u1eefng \u1ed1ng h\u00fat n\u00e0y h\u1ee9a h\u1eb9n s\u1ebd mang \u0111\u1ebfn cho b\u1ea1n nh\u1eefng tr\u1ea3i nghi\u1ec7m tuy\u1ec7t v\u1eddi v\u00e0 t\u1ed1i \u01b0u, d\u1eabn b\u1ea1n \u0111\u1ebfn v\u1edbi l\u1ed1i s\u1ed1ng l\u00e0nh m\u1ea1nh v\u00e0 kh\u00f4ng l\u00e3ng ph\u00ed. S\u1eed d\u1ee5ng \u1ed1ng h\u00fat g\u1ea1o nh\u01b0 l\u00e0 m\u1ed9t minh ch\u1ee9ng cho s\u1ef1 tham gia c\u1ea3i thi\u1ec7n v\u00e0 c\u1ee9u tr\u00e1i \u0111\u1ea5t cho th\u1ebf h\u1ec7 ti\u1ebfp theo !! Nh\u00ecn v\u00e0o bao b\u00ec tuy\u1ec7t v\u1eddi c\u1ee7a ch\u00fang, ph\u00f9 h\u1ee3p l\u00e0m sao khi \u0111\u1ee9ng k\u1ebf b\u00ean m\u1ed9t chi\u1ebfc ly thu\u1ef7 tinh trong su\u1ed1t.<\/p>\n<h2>H\u00e0nh \u0111\u1ed9ng ngay b\u00e2y gi\u1edd<\/h2>\n<p>V\u1eady t\u1ea1i sao b\u1ea1n kh\u00f4ng h\u00e0nh \u0111\u1ed9ng? V\u1edbi h\u00e0nh \u0111\u1ed9ng nh\u1ecf n\u00e0y c\u00f3 th\u1ec3 t\u1ea1o ra m\u1ed9t s\u1ef1 thay \u0111\u1ed5i t\u00edch c\u1ef1c trong cu\u1ed9c s\u1ed1ng c\u1ee7a b\u1ea1n, gia \u0111\u00ecnh v\u00e0 k\u1ec3 c\u1ea3 h\u00e0nh tinh n\u00e0y.<\/p>\n<p><img decoding=\"async\" class=\"aligncenter wp-image-10738 size-full\" src=\"https:\/\/tinhbotxanh.vn\/wp-content\/uploads\/2024\/03\/edible-straws.jpeg\" sizes=\"(max-width: 1200px) 100vw, 1200px\" srcset=\"https:\/\/tinhbotxanh.vn\/wp-content\/uploads\/2024\/03\/edible-straws.jpeg 1200w, https:\/\/tinhbotxanh.vn\/wp-content\/uploads\/2024\/03\/edible-straws-300x187.jpeg 300w, https:\/\/tinhbotxanh.vn\/wp-content\/uploads\/2024\/03\/edible-straws-1024x637.jpeg 1024w, https:\/\/tinhbotxanh.vn\/wp-content\/uploads\/2024\/03\/edible-straws-768x477.jpeg 768w\" alt=\"\" width=\"1200\" height=\"746\" \/><\/p>","protected":false},"featured_media":13903,"comment_status":"open","ping_status":"closed","template":"","meta":{"_acf_changed":false},"product_cat":[529,366,398],"product_tag":[],"class_list":{"0":"post-13899","1":"product","2":"type-product","3":"status-publish","4":"has-post-thumbnail","6":"product_cat-khac","7":"product_cat-hang-cnnt-cap-qg","8":"product_cat-san-pham-cnnt-tb-cap-qg-2021","10":"first","11":"instock","12":"shipping-taxable","13":"purchasable","14":"product-type-simple"},"acf":[],"_links":{"self":[{"href":"https:\/\/b2c.fairs.vn\/en\/wp-json\/wp\/v2\/product\/13899","targetHints":{"allow":["GET"]}}],"collection":[{"href":"https:\/\/b2c.fairs.vn\/en\/wp-json\/wp\/v2\/product"}],"about":[{"href":"https:\/\/b2c.fairs.vn\/en\/wp-json\/wp\/v2\/types\/product"}],"replies":[{"embeddable":true,"href":"https:\/\/b2c.fairs.vn\/en\/wp-json\/wp\/v2\/comments?post=13899"}],"version-history":[{"count":0,"href":"https:\/\/b2c.fairs.vn\/en\/wp-json\/wp\/v2\/product\/13899\/revisions"}],"wp:featuredmedia":[{"embeddable":true,"href":"https:\/\/b2c.fairs.vn\/en\/wp-json\/wp\/v2\/media\/13903"}],"wp:attachment":[{"href":"https:\/\/b2c.fairs.vn\/en\/wp-json\/wp\/v2\/media?parent=13899"}],"wp:term":[{"taxonomy":"product_cat","embeddable":true,"href":"https:\/\/b2c.fairs.vn\/en\/wp-json\/wp\/v2\/product_cat?post=13899"},{"taxonomy":"product_tag","embeddable":true,"href":"https:\/\/b2c.fairs.vn\/en\/wp-json\/wp\/v2\/product_tag?post=13899"}],"curies":[{"name":"wp","href":"https:\/\/api.w.org\/{rel}","templated":true}]}}