{"id":13872,"date":"2024-04-01T15:29:54","date_gmt":"2024-04-01T08:29:54","guid":{"rendered":"https:\/\/b2c.fairs.vn\/?post_type=product&#038;p=13872"},"modified":"2024-04-01T15:30:21","modified_gmt":"2024-04-01T08:30:21","slug":"ca-phe-bot-robusta","status":"publish","type":"product","link":"https:\/\/b2c.fairs.vn\/en\/product\/ca-phe-bot-robusta\/","title":{"rendered":"C\u00e0 ph\u00ea b\u1ed9t Robusta"},"content":{"rendered":"<p>C\u00e0 Ph\u00ea Robusta: C\u00f3 v\u1ecb \u0111\u1eafng, h\u01b0\u01a1ng th\u01a1m d\u1ecbu,\u00a0c\u00e0 ph\u00ea\u00a0c\u00f3 m\u00e0u n\u00e2u s\u00e1nh. Kh\u00f4ng c\u00f3 v\u1ecb chua v\u00e0 h\u00e0m l\u01b0\u1ee3ng cafeine v\u1eeba.<\/p>\n<p>1. Ngu\u1ed3n g\u1ed1c:<\/p>\n<p>S\u1ea3n ph\u1ea9m s\u1ea3n xu\u1ea5t t\u1eeb nguy\u00ean li\u1ec7u\u00a0c\u00e0 ph\u00ea Robusta\u00a0tr\u1ed3ng \u1edf \u0111\u1ed9 cao 600m T\u1ea1i Bu\u00f4n K\u2019La, x\u00e3 Dray S\u00e1p, Huy\u1ec7n Kr\u00f4ng Ana, t\u1ec9nh \u0110\u1eafk L\u1eafk.<\/p>\n<p>2. Th\u00e0nh ph\u1ea7n:<\/p>\n<p>C\u00e0 ph\u00ea b\u1ed9t Robusta.<\/p>\n<p>3. Ch\u1ec9 ti\u00eau ch\u1ea5t l\u01b0\u1ee3ng:<\/p>\n<p>\u1ea8m \u0111\u1ed9 \u2264 5%, Cafein \u2265 1%.<\/p>\n<p>4. C\u00e1ch b\u1ea3o qu\u1ea3n:<\/p>\n<p>Gi\u1eef n\u01a1i kh\u00f4 m\u00e1t, Tr\u00e1nh \u00e1nh n\u1eafng tr\u1ef1c ti\u1ebfp.<\/p>\n<p>5. H\u01b0\u1edbng d\u1eabn s\u1eed d\u1ee5ng:<\/p>\n<p>&#8211; Cho 3-4 mu\u1ed7ng\u00a0c\u00e0 ph\u00ea\u00a0\u0111\u1ea7y v\u00e0o trong phin (Kho\u1ea3ng 20-25g);<\/p>\n<p>&#8211; L\u1eafc nh\u1eb9 phin\u00a0c\u00e0 ph\u00ea\u00a0v\u00e0 cho n\u1eafp ch\u1eb7n v\u00e0o trong phin;<\/p>\n<p>&#8211; R\u00f3t kho\u1ea3ng 30ml n\u01b0\u1edbc s\u00f4i (96-98<sup>o<\/sup>C) v\u00e0o phin v\u00e0 \u0111\u1ee3i 1-2 ph\u00fat cho c\u00e0 ph\u00ea th\u1ea5m \u0111\u1ec1u;<\/p>\n<p>&#8211; Sau \u0111\u00f3 \u00e9p ch\u1eb7t n\u1eafp ch\u1eb7n v\u00e0 th\u00eam 50ml n\u01b0\u1edbc s\u00f4i v\u00e0o trong phin sao cho l\u01b0\u1ee3ng n\u01b0\u1edbc trong phun ch\u1ea3y h\u1ebft trong 4-5 ph\u00fat;<\/p>\n<p>&#8211; Th\u00eam \u0111\u01b0\u1eddng ho\u1eb7c s\u1eefa, \u0111\u00e1 t\u00f9y theo kh\u1ea9u v\u1ecb c\u1ee7a b\u1ea1n.<\/p>\n<p>6. Th\u1eddi h\u1ea1n s\u1eed d\u1ee5ng:<\/p>\n<p>12 th\u00e1ng k\u1ec3 t\u1eeb ng\u00e0y s\u1ea3n xu\u1ea5t.<\/p>","protected":false},"excerpt":{"rendered":"<p>C\u00e0 Ph\u00ea Robusta: C\u00f3 v\u1ecb \u0111\u1eafng, h\u01b0\u01a1ng th\u01a1m d\u1ecbu,\u00a0c\u00e0 ph\u00ea\u00a0c\u00f3 m\u00e0u n\u00e2u s\u00e1nh. Kh\u00f4ng c\u00f3 v\u1ecb chua v\u00e0 h\u00e0m l\u01b0\u1ee3ng<\/p>","protected":false},"featured_media":13878,"comment_status":"open","ping_status":"closed","template":"","meta":{"_acf_changed":false},"product_cat":[324,366,367,22],"product_tag":[],"class_list":{"0":"post-13872","1":"product","2":"type-product","3":"status-publish","4":"has-post-thumbnail","6":"product_cat-ca-phe-ca-cao","7":"product_cat-hang-cnnt-cap-qg","8":"product_cat-hang-cnnt-cap-qg-2023","9":"product_cat-sanphamthucpham","11":"first","12":"instock","13":"shipping-taxable","14":"purchasable","15":"product-type-simple"},"acf":[],"_links":{"self":[{"href":"https:\/\/b2c.fairs.vn\/en\/wp-json\/wp\/v2\/product\/13872","targetHints":{"allow":["GET"]}}],"collection":[{"href":"https:\/\/b2c.fairs.vn\/en\/wp-json\/wp\/v2\/product"}],"about":[{"href":"https:\/\/b2c.fairs.vn\/en\/wp-json\/wp\/v2\/types\/product"}],"replies":[{"embeddable":true,"href":"https:\/\/b2c.fairs.vn\/en\/wp-json\/wp\/v2\/comments?post=13872"}],"version-history":[{"count":0,"href":"https:\/\/b2c.fairs.vn\/en\/wp-json\/wp\/v2\/product\/13872\/revisions"}],"wp:featuredmedia":[{"embeddable":true,"href":"https:\/\/b2c.fairs.vn\/en\/wp-json\/wp\/v2\/media\/13878"}],"wp:attachment":[{"href":"https:\/\/b2c.fairs.vn\/en\/wp-json\/wp\/v2\/media?parent=13872"}],"wp:term":[{"taxonomy":"product_cat","embeddable":true,"href":"https:\/\/b2c.fairs.vn\/en\/wp-json\/wp\/v2\/product_cat?post=13872"},{"taxonomy":"product_tag","embeddable":true,"href":"https:\/\/b2c.fairs.vn\/en\/wp-json\/wp\/v2\/product_tag?post=13872"}],"curies":[{"name":"wp","href":"https:\/\/api.w.org\/{rel}","templated":true}]}}