{"id":13871,"date":"2024-04-01T15:31:09","date_gmt":"2024-04-01T08:31:09","guid":{"rendered":"https:\/\/b2c.fairs.vn\/?post_type=product&#038;p=13871"},"modified":"2024-04-01T15:32:03","modified_gmt":"2024-04-01T08:32:03","slug":"may-bam-rau-beo-2","status":"publish","type":"product","link":"https:\/\/b2c.fairs.vn\/en\/product\/may-bam-rau-beo-2\/","title":{"rendered":"M\u00c1Y B\u0102M RAU B\u00c8O"},"content":{"rendered":"<p>Nh\u00e0 s\u1ea3n xu\u1ea5t: \u0110i\u00ea\u0323n C\u01a1 Thi\u00ean Thu\u00e2\u0323n<\/p>\n<p>D\u00f2ng s\u1ea3n ph\u1ea9m: BE750<\/p>\n<p>S\u1ed1 l\u01b0\u1ee3ng s\u1ea3n ph\u1ea9m trong kho: 1000 Xu.<\/p>","protected":false},"excerpt":{"rendered":"<p>Nh\u00e0 s\u1ea3n xu\u1ea5t: \u0110i\u00ea\u0323n C\u01a1 Thi\u00ean Thu\u00e2\u0323n<\/p>\n<p>D\u00f2ng s\u1ea3n ph\u1ea9m: BE750<\/p>\n<p>S\u1ed1 l\u01b0\u1ee3ng s\u1ea3n ph\u1ea9m trong kho: 1000 Xu.<\/p>","protected":false},"featured_media":13879,"comment_status":"open","ping_status":"closed","template":"","meta":{"_acf_changed":false},"product_cat":[391,366,447,348],"product_tag":[],"class_list":{"0":"post-13871","1":"product","2":"type-product","3":"status-publish","4":"has-post-thumbnail","6":"product_cat-may-nong-nghiep","7":"product_cat-hang-cnnt-cap-qg","8":"product_cat-san-pham-cnnt-tb-cap-qg-2017","9":"product_cat-thiet-bi-co-khi","11":"first","12":"instock","13":"shipping-taxable","14":"product-type-variable"},"acf":[],"_links":{"self":[{"href":"https:\/\/b2c.fairs.vn\/en\/wp-json\/wp\/v2\/product\/13871","targetHints":{"allow":["GET"]}}],"collection":[{"href":"https:\/\/b2c.fairs.vn\/en\/wp-json\/wp\/v2\/product"}],"about":[{"href":"https:\/\/b2c.fairs.vn\/en\/wp-json\/wp\/v2\/types\/product"}],"replies":[{"embeddable":true,"href":"https:\/\/b2c.fairs.vn\/en\/wp-json\/wp\/v2\/comments?post=13871"}],"version-history":[{"count":0,"href":"https:\/\/b2c.fairs.vn\/en\/wp-json\/wp\/v2\/product\/13871\/revisions"}],"wp:featuredmedia":[{"embeddable":true,"href":"https:\/\/b2c.fairs.vn\/en\/wp-json\/wp\/v2\/media\/13879"}],"wp:attachment":[{"href":"https:\/\/b2c.fairs.vn\/en\/wp-json\/wp\/v2\/media?parent=13871"}],"wp:term":[{"taxonomy":"product_cat","embeddable":true,"href":"https:\/\/b2c.fairs.vn\/en\/wp-json\/wp\/v2\/product_cat?post=13871"},{"taxonomy":"product_tag","embeddable":true,"href":"https:\/\/b2c.fairs.vn\/en\/wp-json\/wp\/v2\/product_tag?post=13871"}],"curies":[{"name":"wp","href":"https:\/\/api.w.org\/{rel}","templated":true}]}}