{"id":13854,"date":"2024-04-01T15:20:53","date_gmt":"2024-04-01T08:20:53","guid":{"rendered":"https:\/\/b2c.fairs.vn\/?post_type=product&#038;p=13854"},"modified":"2024-04-01T15:20:53","modified_gmt":"2024-04-01T08:20:53","slug":"tram-du-cao","status":"publish","type":"product","link":"https:\/\/b2c.fairs.vn\/en\/product\/tram-du-cao\/","title":{"rendered":"Tr\u00e1m du cao"},"content":{"rendered":"<p><img fetchpriority=\"high\" decoding=\"async\" class=\"alignnone size-full wp-image-28547 lazy-load-active\" src=\"https:\/\/tinhdauhoanen.com\/wp-content\/uploads\/2022\/05\/TRAM-DU-CAO.png\" sizes=\"(max-width: 1200px) 100vw, 1200px\" srcset=\"https:\/\/tinhdauhoanen.com\/wp-content\/uploads\/2022\/05\/TRAM-DU-CAO.png 1200w, https:\/\/tinhdauhoanen.com\/wp-content\/uploads\/2022\/05\/TRAM-DU-CAO-300x300.png 300w, https:\/\/tinhdauhoanen.com\/wp-content\/uploads\/2022\/05\/TRAM-DU-CAO-1024x1024.png 1024w, https:\/\/tinhdauhoanen.com\/wp-content\/uploads\/2022\/05\/TRAM-DU-CAO-150x150.png 150w, https:\/\/tinhdauhoanen.com\/wp-content\/uploads\/2022\/05\/TRAM-DU-CAO-768x768.png 768w, https:\/\/tinhdauhoanen.com\/wp-content\/uploads\/2022\/05\/TRAM-DU-CAO-600x600.png 600w, https:\/\/tinhdauhoanen.com\/wp-content\/uploads\/2022\/05\/TRAM-DU-CAO-100x100.png 100w\" alt=\"\" width=\"1200\" height=\"1200\" data-src=\"https:\/\/tinhdauhoanen.com\/wp-content\/uploads\/2022\/05\/TRAM-DU-CAO.png\" data-srcset=\"https:\/\/tinhdauhoanen.com\/wp-content\/uploads\/2022\/05\/TRAM-DU-CAO.png 1200w, https:\/\/tinhdauhoanen.com\/wp-content\/uploads\/2022\/05\/TRAM-DU-CAO-300x300.png 300w, https:\/\/tinhdauhoanen.com\/wp-content\/uploads\/2022\/05\/TRAM-DU-CAO-1024x1024.png 1024w, https:\/\/tinhdauhoanen.com\/wp-content\/uploads\/2022\/05\/TRAM-DU-CAO-150x150.png 150w, https:\/\/tinhdauhoanen.com\/wp-content\/uploads\/2022\/05\/TRAM-DU-CAO-768x768.png 768w, https:\/\/tinhdauhoanen.com\/wp-content\/uploads\/2022\/05\/TRAM-DU-CAO-600x600.png 600w, https:\/\/tinhdauhoanen.com\/wp-content\/uploads\/2022\/05\/TRAM-DU-CAO-100x100.png 100w\" \/><\/p>\n<p><strong>TH\u00c0NH PH\u1ea6N<\/strong><\/p>\n<p>Th\u00e0nh ph\u1ea7n ch\u1ee7 y\u1ebfu l\u00e0 tinh d\u1ea7u tr\u00e0m Hu\u1ebf nguy\u00ean ch\u1ea5t, s\u00e1p \u0111\u1eadu n\u00e0nh, glycerin th\u1ef1c v\u1eadt.<\/p>\n<p><strong>\u1ee8NG D\u1ee4NG<\/strong><\/p>\n<p>\u2013 Ph\u00f2ng ng\u1eeba c\u1ea3m m\u1ea1o, ho hen, nh\u1ee9c \u0111\u1ea7u, s\u1ed5 m\u0169i.<\/p>\n<p>\u2013 L\u00e0m gi\u1ea3m ng\u1ee9a, gi\u1ea3m s\u01b0ng do c\u00f4n tr\u00f9ng \u0111\u1ed1t.<\/p>\n<p>\u2013 L\u00e0m gi\u1ea3m c\u00e1c v\u1ebft b\u1ea7m t\u00edm, xoa d\u1ecbu c\u01a1n \u0111au nh\u1ee9c \u1edf kh\u1edbp tay, ch\u00e2n, c\u00e1c c\u01a1 tr\u00ean c\u01a1 th\u1ec3.<\/p>\n<p>\u2013 Ph\u00f2ng \u0111\u1ea7y h\u01a1i, tr\u01b0\u1edbng b\u1ee5ng, kh\u00f3 ti\u00eau, \u1ee3 chua.<\/p>\n<p><strong>C\u00c1CH S\u1eec D\u1ee4NG<\/strong><\/p>\n<p>\u2013 S\u1eed d\u1ee5ng m\u1ed9t l\u01b0\u1ee3ng nh\u1ecf Tr\u00e1m du cao l\u00ean da, n\u1ebfu kh\u00f4ng th\u1ea5y hi\u1ec7n t\u01b0\u1ee3ng k\u00edch \u1ee9ng da th\u00ec c\u00f3 th\u1ec3 s\u1eed d\u1ee5ng an to\u00e0n.<\/p>\n<p>\u2013 B\u00f4i v\u00e0o hai b\u00ean th\u00e1i d\u01b0\u01a1ng v\u00e0 tr\u01b0\u1edbc m\u0169i trong c\u00e1c tr\u01b0\u1eddng h\u1ee3p c\u1ea3m c\u00fam, \u0111au \u0111\u1ea7u, c\u00f3 th\u1ec3 b\u00f4i v\u00e0o l\u00f2ng b\u00e0n tay, b\u00e0n ch\u00e2n khi \u0111i ra ngo\u00e0i gi\u00fap tr\u00e1nh gi\u00f3, ho v\u00e0 c\u1ea3m l\u1ea1nh.<\/p>\n<p>\u2013 B\u00f4i l\u00ean c\u00e1c v\u00f9ng b\u1ecb \u0111au nh\u1ee9c, c\u00e1c v\u1ebft b\u1ea7m t\u00edm v\u00e0 v\u1ebft c\u00f4n tr\u00f9ng \u0111\u1ed1t gi\u00fap l\u00e0m d\u1ecbu v\u00e0 gi\u1ea3m \u0111au nh\u1ee9c, ng\u1ee9a nhanh ch\u00f3ng.<\/p>\n<p>\u2013 B\u00f4i v\u00e0 xoa \u0111\u1ec1u quanh b\u1ee5ng theo chi\u1ec1u kim \u0111\u1ed3ng h\u1ed3 gi\u00fap gi\u1ea3m tr\u01b0\u1edbng b\u1ee5ng nhanh ch\u00f3ng.<\/p>\n<p><strong>*Ghi ch\u00fa:<\/strong><\/p>\n<p>\u2013 Tr\u00e1m du cao ch\u1ec9 s\u1eed d\u1ee5ng ngo\u00e0i da, kh\u00f4ng b\u00f4i v\u00e0o v\u1ebft th\u01b0\u01a1ng h\u1edf.<\/p>\n<p>\u2013 Cho v\u00e0o h\u1ed9p sau khi s\u1eed d\u1ee5ng \u0111\u1ec3 b\u1ea3o qu\u1ea3n t\u1ed1t h\u01a1n.<\/p>","protected":false},"excerpt":{"rendered":"<p>TH\u00c0NH PH\u1ea6N Th\u00e0nh ph\u1ea7n ch\u1ee7 y\u1ebfu l\u00e0 tinh d\u1ea7u tr\u00e0m Hu\u1ebf nguy\u00ean ch\u1ea5t, s\u00e1p \u0111\u1eadu n\u00e0nh, glycerin th\u1ef1c v\u1eadt. \u1ee8NG<\/p>","protected":false},"featured_media":13839,"comment_status":"open","ping_status":"closed","template":"","meta":{"_acf_changed":false},"product_cat":[332,366,398,335],"product_tag":[],"class_list":{"0":"post-13854","1":"product","2":"type-product","3":"status-publish","4":"has-post-thumbnail","6":"product_cat-san-pham-duoc-lieu-va-san-pham-tu-duoc-lieu","7":"product_cat-hang-cnnt-cap-qg","8":"product_cat-san-pham-cnnt-tb-cap-qg-2021","9":"product_cat-tinh-dau-va-thao-duoc-khac","11":"first","12":"instock","13":"shipping-taxable","14":"purchasable","15":"product-type-simple"},"acf":[],"_links":{"self":[{"href":"https:\/\/b2c.fairs.vn\/en\/wp-json\/wp\/v2\/product\/13854","targetHints":{"allow":["GET"]}}],"collection":[{"href":"https:\/\/b2c.fairs.vn\/en\/wp-json\/wp\/v2\/product"}],"about":[{"href":"https:\/\/b2c.fairs.vn\/en\/wp-json\/wp\/v2\/types\/product"}],"replies":[{"embeddable":true,"href":"https:\/\/b2c.fairs.vn\/en\/wp-json\/wp\/v2\/comments?post=13854"}],"version-history":[{"count":0,"href":"https:\/\/b2c.fairs.vn\/en\/wp-json\/wp\/v2\/product\/13854\/revisions"}],"wp:featuredmedia":[{"embeddable":true,"href":"https:\/\/b2c.fairs.vn\/en\/wp-json\/wp\/v2\/media\/13839"}],"wp:attachment":[{"href":"https:\/\/b2c.fairs.vn\/en\/wp-json\/wp\/v2\/media?parent=13854"}],"wp:term":[{"taxonomy":"product_cat","embeddable":true,"href":"https:\/\/b2c.fairs.vn\/en\/wp-json\/wp\/v2\/product_cat?post=13854"},{"taxonomy":"product_tag","embeddable":true,"href":"https:\/\/b2c.fairs.vn\/en\/wp-json\/wp\/v2\/product_tag?post=13854"}],"curies":[{"name":"wp","href":"https:\/\/api.w.org\/{rel}","templated":true}]}}