{"id":13850,"date":"2024-04-01T15:19:49","date_gmt":"2024-04-01T08:19:49","guid":{"rendered":"https:\/\/b2c.fairs.vn\/?post_type=product&#038;p=13850"},"modified":"2024-04-01T15:19:50","modified_gmt":"2024-04-01T08:19:50","slug":"ca-phe-moc-dac-biet-vuong-thanh-cong","status":"publish","type":"product","link":"https:\/\/b2c.fairs.vn\/en\/product\/ca-phe-moc-dac-biet-vuong-thanh-cong\/","title":{"rendered":"C\u00e0 ph\u00ea M\u1ed9c \u0111\u1eb7c bi\u1ec7t V\u01b0\u01a1ng Th\u00e0nh C\u00f4ng"},"content":{"rendered":"<h3>C\u00e0 ph\u00ea m\u1ed9c \u0111\u1eb7c bi\u1ec7t V\u01b0\u01a1ng Th\u00e0nh C\u00f4ng<\/h3>\n<p>V\u1edbi l\u00f2ng nhi\u1ec7t huy\u1ebft, \u1ea5p \u1ee7 t\u1eeb khi b\u1eaft \u0111\u1ea7u kh\u1edfi nghi\u1ec7p, d\u1ef1a tr\u00ean c\u01a1 s\u1edf Kh\u00ed h\u1eadu, th\u1ed5 nh\u01b0\u1ee1ng, ngu\u1ed3n n\u01b0\u1edbc v\u00e0 truy\u1ec1n th\u1ed1ng c\u1ee7a con ng\u01b0\u1eddi T\u00e2y nguy\u00ean,\u00a0\u01b0\u1edbc mu\u1ed1n t\u1ea1o ra s\u1ea3n ph\u1ea9m c\u00e0 ph\u00ea an to\u00e0n, ch\u1ea5t l\u01b0\u1ee3ng \u0111\u00e1ng tin c\u1eady \u0111\u1ec3 N\u00e2ng T\u1ea7m Gi\u00e1 Tr\u1ecb C\u00e0 Ph\u00ea Vi\u1ec7t v\u01b0\u01a1n t\u1ea7m th\u1ebf gi\u1edbi.C\u00e0 ph\u00ea m\u1ed9c \u0111\u1eb7c bi\u1ec7t V\u01b0\u01a1ng Th\u00e0nh C\u00f4ng\u00a0\u0111\u00e3 g\u00f3p m\u1ed9t ph\u1ea7n minh ch\u1ee9ng cho \u0111i\u1ec1u \u0111\u00f3. G\u00f3p ph\u1ea7n t\u1ea1o thu nh\u1eadp \u1ed5n \u0111\u1ecbnh n\u00e2ng cao ch\u1ea5t l\u01b0\u1ee3ng cu\u1ed9c s\u1ed1ng cho ng\u01b0\u1eddi n\u00f4ng d\u00e2n v\u00e0 \u0111\u1ed9i ng\u0169 anh em trong\u00a0c\u00f4ng ty v\u00e0 ng\u00e0nh\u00a0c\u00e0 ph\u00ea Vi\u1ec7t Nam.<\/p>\n<p>C\u00e0 ph\u00ea m\u1ed9c \u0111\u1eb7c bi\u1ec7t V\u01b0\u01a1ng Th\u00e0nh C\u00f4ng Ocop 4 sao l\u00e0 d\u00f2ng c\u00e0 ph\u00ea rang m\u1ed9c t\u1ef1 nhi\u00ean, \u0111\u1eb7c bi\u1ec7t ch\u1ecdn l\u1ecdc t\u1eeb nh\u1eefng tr\u00e1i c\u00e0 ph\u00ea ch\u00edn m\u1ecdng \u0111\u01b0\u1ee3c thu ho\u1ea1ch t\u1eeb v\u01b0\u1eddn c\u00e0 ph\u00ea canh t\u00e1c theo quy tr\u00ecnh h\u1eefu c\u01a1. C\u00f3 ngu\u1ed3n g\u1ed1c t\u1ea1i x\u00e3 Eakao, Th\u00e0nh ph\u1ed1 Bu\u00f4n Ma Thu\u1ed9t, T\u1ec9nh \u0110\u1eafk L\u1eafk, \u0111\u1ed9 cao trung b\u00ecnh 536m so v\u1edbi m\u1ef1c n\u01b0\u1edbc bi\u1ec3n, kh\u00ed h\u1eadu m\u00e1t m\u1ebb, l\u01b0\u1ee3ng m\u01b0a nhi\u1ec1u v\u00e0 D\u1ea3i \u0111\u1ea5t \u0111\u1ecf bazan tr\u00f9 ph\u00fa, c\u00f3 t\u00ednh ch\u1ea5t c\u01a1 l\u00fd t\u1ed1t, gi\u1eef n\u01b0\u1edbc v\u00e0 h\u1ea5p thu ch\u1ea5t dinh d\u01b0\u1ee1ng cao k\u1ebft h\u1ee3p canh t\u00e1c theo quy tr\u00ecnh h\u1eefu c\u01a1 (chuy\u1ec3n \u0111\u1ed5i 3 n\u0103m tr\u1edf l\u00ean), s\u1eed d\u1ee5ng m\u00e1y rang hi\u1ec7n \u0111\u1ea1i (c\u00f4ng ngh\u1ec7 Hot Air auto) mang \u0111\u1ebfn ch\u1ea5t l\u01b0\u1ee3ng \u1ed5n \u0111\u1ecbnh, h\u01b0\u01a1ng th\u01a1m quy\u1ebfn r\u0169, v\u1ecb \u0111\u1eadm \u0111\u00e0, \u0111\u1eafng nh\u1eb9 v\u00e0 h\u1eadu v\u1ecb ng\u1ecdt ng\u00e0o s\u00e2u l\u1eafng.<\/p>","protected":false},"excerpt":{"rendered":"<p>C\u00e0 ph\u00ea m\u1ed9c \u0111\u1eb7c bi\u1ec7t V\u01b0\u01a1ng Th\u00e0nh C\u00f4ng V\u1edbi l\u00f2ng nhi\u1ec7t huy\u1ebft, \u1ea5p \u1ee7 t\u1eeb khi b\u1eaft \u0111\u1ea7u kh\u1edfi nghi\u1ec7p,<\/p>","protected":false},"featured_media":13855,"comment_status":"open","ping_status":"closed","template":"","meta":{"_acf_changed":false},"product_cat":[324,366,367,22],"product_tag":[],"class_list":{"0":"post-13850","1":"product","2":"type-product","3":"status-publish","4":"has-post-thumbnail","6":"product_cat-ca-phe-ca-cao","7":"product_cat-hang-cnnt-cap-qg","8":"product_cat-hang-cnnt-cap-qg-2023","9":"product_cat-sanphamthucpham","11":"first","12":"instock","13":"shipping-taxable","14":"product-type-simple"},"acf":[],"_links":{"self":[{"href":"https:\/\/b2c.fairs.vn\/en\/wp-json\/wp\/v2\/product\/13850","targetHints":{"allow":["GET"]}}],"collection":[{"href":"https:\/\/b2c.fairs.vn\/en\/wp-json\/wp\/v2\/product"}],"about":[{"href":"https:\/\/b2c.fairs.vn\/en\/wp-json\/wp\/v2\/types\/product"}],"replies":[{"embeddable":true,"href":"https:\/\/b2c.fairs.vn\/en\/wp-json\/wp\/v2\/comments?post=13850"}],"version-history":[{"count":0,"href":"https:\/\/b2c.fairs.vn\/en\/wp-json\/wp\/v2\/product\/13850\/revisions"}],"wp:featuredmedia":[{"embeddable":true,"href":"https:\/\/b2c.fairs.vn\/en\/wp-json\/wp\/v2\/media\/13855"}],"wp:attachment":[{"href":"https:\/\/b2c.fairs.vn\/en\/wp-json\/wp\/v2\/media?parent=13850"}],"wp:term":[{"taxonomy":"product_cat","embeddable":true,"href":"https:\/\/b2c.fairs.vn\/en\/wp-json\/wp\/v2\/product_cat?post=13850"},{"taxonomy":"product_tag","embeddable":true,"href":"https:\/\/b2c.fairs.vn\/en\/wp-json\/wp\/v2\/product_tag?post=13850"}],"curies":[{"name":"wp","href":"https:\/\/api.w.org\/{rel}","templated":true}]}}