{"id":13849,"date":"2024-04-01T15:16:18","date_gmt":"2024-04-01T08:16:18","guid":{"rendered":"https:\/\/b2c.fairs.vn\/?post_type=product&#038;p=13849"},"modified":"2024-04-01T15:16:18","modified_gmt":"2024-04-01T08:16:18","slug":"that-diep-chi","status":"publish","type":"product","link":"https:\/\/b2c.fairs.vn\/en\/product\/that-diep-chi\/","title":{"rendered":"Th\u1ea5t di\u1ec7p chi"},"content":{"rendered":"<p><img fetchpriority=\"high\" decoding=\"async\" class=\"alignnone size-full wp-image-28538 lazy-load-active\" src=\"https:\/\/tinhdauhoanen.com\/wp-content\/uploads\/2022\/05\/THAT-DIEP-CHI.png\" sizes=\"(max-width: 1200px) 100vw, 1200px\" srcset=\"https:\/\/tinhdauhoanen.com\/wp-content\/uploads\/2022\/05\/THAT-DIEP-CHI.png 1200w, https:\/\/tinhdauhoanen.com\/wp-content\/uploads\/2022\/05\/THAT-DIEP-CHI-300x300.png 300w, https:\/\/tinhdauhoanen.com\/wp-content\/uploads\/2022\/05\/THAT-DIEP-CHI-1024x1024.png 1024w, https:\/\/tinhdauhoanen.com\/wp-content\/uploads\/2022\/05\/THAT-DIEP-CHI-150x150.png 150w, https:\/\/tinhdauhoanen.com\/wp-content\/uploads\/2022\/05\/THAT-DIEP-CHI-768x768.png 768w, https:\/\/tinhdauhoanen.com\/wp-content\/uploads\/2022\/05\/THAT-DIEP-CHI-600x600.png 600w, https:\/\/tinhdauhoanen.com\/wp-content\/uploads\/2022\/05\/THAT-DIEP-CHI-100x100.png 100w\" alt=\"\" width=\"1200\" height=\"1200\" data-src=\"https:\/\/tinhdauhoanen.com\/wp-content\/uploads\/2022\/05\/THAT-DIEP-CHI.png\" data-srcset=\"https:\/\/tinhdauhoanen.com\/wp-content\/uploads\/2022\/05\/THAT-DIEP-CHI.png 1200w, https:\/\/tinhdauhoanen.com\/wp-content\/uploads\/2022\/05\/THAT-DIEP-CHI-300x300.png 300w, https:\/\/tinhdauhoanen.com\/wp-content\/uploads\/2022\/05\/THAT-DIEP-CHI-1024x1024.png 1024w, https:\/\/tinhdauhoanen.com\/wp-content\/uploads\/2022\/05\/THAT-DIEP-CHI-150x150.png 150w, https:\/\/tinhdauhoanen.com\/wp-content\/uploads\/2022\/05\/THAT-DIEP-CHI-768x768.png 768w, https:\/\/tinhdauhoanen.com\/wp-content\/uploads\/2022\/05\/THAT-DIEP-CHI-600x600.png 600w, https:\/\/tinhdauhoanen.com\/wp-content\/uploads\/2022\/05\/THAT-DIEP-CHI-100x100.png 100w\" \/><\/p>\n<p>TH\u00c0NH PH\u1ea6N<\/p>\n<p>T\u1ed5ng h\u1ee3p c\u1ee7a 35 lo\u1ea1i thu\u1ed1c qu\u00fd:\u00a0\u0110\u01b0\u01a1ng quy, ng\u01b0u t\u1ea5t, c\u1ea9u t\u00edch, thi\u00ean ni\u00ean ki\u1ec7n, \u0111\u1ed9c ho\u1ea1t, b\u1ed9t\u00a0qu\u1ebf, xuy\u00ean khung, sinh \u0111\u1ecba ho\u00e0ng, ho\u00e0ng k\u1ef3, c\u00e1t c\u0103n, nh\u00e2n s\u00e2m, cam th\u1ea3o, ph\u00f2ng phong, r\u1ec5 nh\u00e0u, nh\u00e2n tr\u1ea7n, kinh gi\u1edbi , v\u00f2i voi, tr\u1ea7m h\u01b0\u01a1ng, tr\u00e0m, kh\u01b0\u01a1ng ho\u1ea1t, b\u1ea1ch th\u01b0\u1ee3c, uy linh ti\u00ean, t\u1ebf t\u00e2n, \u0111\u1ecba li\u1ec1n, huy\u1ebft gi\u00e1c,\u2026\u00a0\u0111\u01b0\u1ee3c tr\u00edch l\u1ecdc b\u1eb1ng ph\u01b0\u01a1ng ph\u00e1p c\u1ed3n h\u00f3a, sau \u0111\u00f3 cho th\u1ea9m th\u1ea5u v\u00e0o dung d\u1ecbch tinh d\u1ea7u b\u1ea1c h\u00e0, qu\u1ebf, \u0111inh h\u01b0\u01a1ng, tr\u00e0m Hu\u1ebf\u00a0nguy\u00ean ch\u1ea5t\u2026<\/p>\n<p>\u1ee8NG D\u1ee4NG<\/p>\n<p>H\u1ed7 tr\u1ee3 v\u00e0 \u0111i\u1ec1u tr\u1ecb c\u00e1c v\u1ea5n \u0111\u1ec1 sau:<\/p>\n<p>\u2013\u00a0\u0110au l\u01b0ng, nh\u1ee9c m\u1ecfi, t\u00ea th\u1ea5p, ho, c\u1ea3m c\u00fam.<\/p>\n<p>\u2013\u00a0S\u01b0ng, tr\u1eb7c g\u00e2n, v\u1ebft b\u1ea7m, v\u1ebft mu\u1ed7i, ki\u1ebfn c\u1eafn.<\/p>\n<p>\u2013 \u0110au b\u1ee5ng, tr\u00fang gi\u00f3, say t\u00e0u xe, h\u1ed3i h\u1ed9p.<\/p>\n<p>\u2013 L\u00e0m vi\u1ec7c nhi\u1ec1u, vi\u1ec7c n\u1eb7ng khi\u1ebfn t\u1ee9 chi m\u1ec7t m\u1ecfi, nh\u1ea5t l\u00e0 trong ho\u1ea1t \u0111\u1ed9ng th\u1ec3 d\u1ee5c th\u1ec3 thao.<\/p>\n<p>***\u00a0Ban \u0111\u1ea7u xoa b\u00f3p s\u1ebd\u00a0c\u00f3 c\u1ea3m gi\u00e1c m\u00e1t l\u1ea1nh, sau v\u00e0i ph\u00fat s\u1ebd th\u1ea5y c\u01a1 b\u1eafp \u1ea5m d\u1ea7n l\u00ean, r\u01b0ng r\u1ee9c, s\u1ea3ng kho\u00e1i. C\u00e1c tinh d\u1ea7u ph\u00e1t huy t\u00e1c d\u1ee5ng\u00a0v\u00e0 mang l\u1ea1i\u00a0c\u1ea3m gi\u00e1c d\u1ec5\u00a0ch\u1ecbu, l\u00e0m d\u1ecbu c\u00e1c c\u01a1n \u0111au nh\u1ee9c t\u1ee9c th\u1eddi. Nguy\u00ean li\u1ec7u ho\u00e0n to\u00e0n\u00a0t\u1eeb th\u1ea3o m\u1ed9c t\u1ef1 nhi\u00ean, an to\u00e0n v\u00e0 hi\u1ec7u qu\u1ea3 r\u00f5 r\u1ec7t sau m\u1ed9t th\u1eddi gian s\u1eed d\u1ee5ng.<\/p>\n<p>C\u00c1CH S\u1eec D\u1ee4NG<br \/>\n\u2013 \u0110au l\u01b0ng, nh\u1ee9c m\u1ecfi, t\u00ea th\u1ea5p: Xoa b\u00f3p c\u00e1c kh\u1edbp tay, ch\u00e2n, vai, xoa v\u00e0o \u00a0ng\u1ef1c, c\u1ed5, s\u1ebd gi\u00fap l\u00e0m gi\u1ea3m \u0111au nh\u1ee9c, xoa nhi\u1ec1u l\u1ea7n s\u1ebd th\u1ea5y hi\u1ec7u qu\u1ea3 v\u00e0 c\u00f3 th\u1ec3 d\u1ee9t h\u1eb3n c\u01a1n \u0111au nh\u1ee9c. Bu\u1ed5i t\u1ed1i n\u00ean massage Th\u1ea5t Di\u1ec7p chi 10 ph\u00fat tr\u01b0\u1edbc khi \u0111i ng\u1ee7 s\u1ebd gi\u00fap c\u01a1 th\u1ec3 th\u01b0 gi\u1ea3n, t\u1ea1o gi\u1ea5c ng\u1ee7 s\u00e2u, m\u00e1u huy\u1ebft l\u01b0u th\u00f4ng \u0111i\u1ec1u h\u00f2a.<\/p>\n<p>\u2013 Khi ho, c\u1ea3m l\u1ea1nh: Xoa v\u00f9ng quanh c\u1ed5, th\u00e1i d\u01b0\u01a1ng, \u1edf hai l\u00f2ng b\u00e0n ch\u00e2n gi\u00fap h\u1ed7 tr\u1ee3 \u0111i\u1ec1u tr\u1ecb ho, c\u1ea3m l\u1ea1nh r\u1ea5t t\u1ed1t, gi\u00fap tr\u00e1nh gi\u00f3 hi\u1ec7u qu\u1ea3.<br \/>\n\u2013 V\u1ebft b\u1ea7m, s\u01b0ng, tr\u1eb7c g\u00e2n, \u0111au c\u01a1 b\u1eafp, c\u00f4n tr\u00f9ng c\u1eafn: Xoa b\u00f3p Th\u1ea5t Di\u1ec7p chi nh\u1eb9 l\u00ean v\u1ebft b\u1ea7m, s\u01b0ng, \u0111au, c\u00f4n tr\u00f9ng c\u1eafn theo chi\u1ec1u kim \u0111\u1ed3ng h\u1ed3. C\u00e1c v\u1ebft c\u00f4n tr\u00f9ng c\u1eafn s\u1ebd gi\u1ea3m ngay; c\u00e1c v\u1ebft b\u1ea7n t\u00edm, v\u1ebft s\u01b0ng \u0111au s\u1ebd gi\u1ea3m d\u1ea7n v\u00e0 kh\u1ecfi h\u1eb3n sau v\u00e0i l\u1ea7n xoa b\u00f3p.<\/p>\n<p>\u2013 Khi \u0111au\u00a0b\u1ee5ng v\u00e0 \u0111\u1ea7y h\u01a1i: Massage quanh v\u00f9ng r\u1ed1n, xoa l\u00ean kh\u1edbp g\u1ed1i v\u00e0 hai l\u00f2ng b\u00e0n ch\u00e2n.<\/p>\n<p>\u2013 Khi b\u1ecb h\u1ed3i h\u1ed9p say t\u00e0u xe: Xoa v\u00e0o l\u00f2ng b\u00e0n tay, c\u1ed5 vai g\u00e1y, hai b\u00ean th\u00e1i d\u01b0\u01a1ng, h\u00edt m\u0169i s\u1ebd gi\u00fap gi\u1ea3m c\u1ea3m gi\u00e1c h\u1ed3i h\u1ed9p, say t\u00e0u xe.<\/p>\n<p>L\u01afU \u00dd<\/p>\n<p>\u2013 S\u1eed d\u1ee5ng d\u1ea7u xoa b\u00f3p t\u1ed1i \u0111a 4-5 l\u1ea7n\/1 ng\u00e0y, kho\u1ea3ng c\u00e1ch m\u1ed7i l\u1ea7n t\u1eeb 3 \u2013 4 gi\u1edd.<\/p>\n<p>\u2013 Kh\u00f4ng \u0111\u01b0\u1ee3c u\u1ed1ng v\u00e0 b\u00f4i l\u00ean v\u1ebft th\u01b0\u01a1ng h\u1edf, v\u00f9ng da b\u1ecb tr\u1ea7y x\u01b0\u1edbc, v\u00f9ng m\u1eaft.<\/p>\n<p>\u2013 Tr\u00e1nh xa t\u1ea7m tay tr\u1ebb em.<\/p>\n<p><strong>\u2013\u00a0<\/strong>B\u1ea3o qu\u1ea3n n\u01a1i kh\u00f4 r\u00e1o tho\u00e1ng m\u00e1t, tr\u00e1nh \u00e1nh n\u1eafng tr\u1ef1c ti\u1ebfp.<\/p>","protected":false},"excerpt":{"rendered":"<p>TH\u00c0NH PH\u1ea6N T\u1ed5ng h\u1ee3p c\u1ee7a 35 lo\u1ea1i thu\u1ed1c qu\u00fd:\u00a0\u0110\u01b0\u01a1ng quy, ng\u01b0u t\u1ea5t, c\u1ea9u t\u00edch, thi\u00ean ni\u00ean ki\u1ec7n, \u0111\u1ed9c ho\u1ea1t, b\u1ed9t\u00a0qu\u1ebf,<\/p>","protected":false},"featured_media":13840,"comment_status":"open","ping_status":"closed","template":"","meta":{"_acf_changed":false},"product_cat":[332,366,398,335],"product_tag":[],"class_list":{"0":"post-13849","1":"product","2":"type-product","3":"status-publish","4":"has-post-thumbnail","6":"product_cat-san-pham-duoc-lieu-va-san-pham-tu-duoc-lieu","7":"product_cat-hang-cnnt-cap-qg","8":"product_cat-san-pham-cnnt-tb-cap-qg-2021","9":"product_cat-tinh-dau-va-thao-duoc-khac","11":"first","12":"instock","13":"shipping-taxable","14":"purchasable","15":"product-type-simple"},"acf":[],"_links":{"self":[{"href":"https:\/\/b2c.fairs.vn\/en\/wp-json\/wp\/v2\/product\/13849","targetHints":{"allow":["GET"]}}],"collection":[{"href":"https:\/\/b2c.fairs.vn\/en\/wp-json\/wp\/v2\/product"}],"about":[{"href":"https:\/\/b2c.fairs.vn\/en\/wp-json\/wp\/v2\/types\/product"}],"replies":[{"embeddable":true,"href":"https:\/\/b2c.fairs.vn\/en\/wp-json\/wp\/v2\/comments?post=13849"}],"version-history":[{"count":0,"href":"https:\/\/b2c.fairs.vn\/en\/wp-json\/wp\/v2\/product\/13849\/revisions"}],"wp:featuredmedia":[{"embeddable":true,"href":"https:\/\/b2c.fairs.vn\/en\/wp-json\/wp\/v2\/media\/13840"}],"wp:attachment":[{"href":"https:\/\/b2c.fairs.vn\/en\/wp-json\/wp\/v2\/media?parent=13849"}],"wp:term":[{"taxonomy":"product_cat","embeddable":true,"href":"https:\/\/b2c.fairs.vn\/en\/wp-json\/wp\/v2\/product_cat?post=13849"},{"taxonomy":"product_tag","embeddable":true,"href":"https:\/\/b2c.fairs.vn\/en\/wp-json\/wp\/v2\/product_tag?post=13849"}],"curies":[{"name":"wp","href":"https:\/\/api.w.org\/{rel}","templated":true}]}}