{"id":13841,"date":"2024-04-01T15:13:09","date_gmt":"2024-04-01T08:13:09","guid":{"rendered":"https:\/\/b2c.fairs.vn\/?post_type=product&#038;p=13841"},"modified":"2024-04-01T15:13:10","modified_gmt":"2024-04-01T08:13:10","slug":"ca-phe-moc","status":"publish","type":"product","link":"https:\/\/b2c.fairs.vn\/en\/product\/ca-phe-moc\/","title":{"rendered":"C\u00e0 ph\u00ea M\u1ed9c"},"content":{"rendered":"<p>C\u00e0 ph\u00ea M\u1ed9c \u2013 m\u1ed9t s\u1ea3n ph\u1ea9m tinh t\u00fay c\u1ee7a s\u1ef1 \u0111am m\u00ea v\u00e0 n\u1ed7 l\u1ef1c kh\u00f4ng ng\u1eebng c\u1ee7a t\u1eadp th\u1ec3 C\u00f4ng ty V\u01b0\u01a1ng Th\u00e0nh C\u00f4ng, \u0111\u1ea1i di\u1ec7n cho s\u1ef1 n\u00e2ng t\u1ea7m C\u00e0 ph\u00ea Vi\u1ec7t. \u0110\u01b0\u1ee3c ch\u1ebf bi\u1ebfn t\u1eeb h\u1ea1t c\u00e0 ph\u00ea Robusta theo ph\u01b0\u01a1ng ph\u00e1p Honey rang m\u1ed9c t\u1ef1 nhi\u00ean, c\u00f9ng v\u1edbi Arabica C\u1ea7u \u0110\u1ea5t ch\u1ebf bi\u1ebfn \u01b0\u1edbt, C\u00e0 ph\u00ea M\u1ed9c mang \u0111\u1ebfn m\u1ed9t tr\u1ea3i nghi\u1ec7m \u0111\u1ed9c \u0111\u00e1o v\u1edbi ch\u1ea5t l\u01b0\u1ee3ng \u1ed5n \u0111\u1ecbnh v\u00e0 h\u01b0\u01a1ng v\u1ecb quy\u1ebfn r\u0169.<\/p>\n<h2><span data-text-color=\"alert\"><strong>1. H\u01b0\u01a1ng V\u1ecb Tinh T\u1ebf c\u1ee7a C\u00e0 ph\u00ea M\u1ed9c<\/strong><\/span><\/h2>\n<p>C\u00e0 ph\u00ea M\u1ed9c kh\u00f4ng ch\u1ec9 \u0111\u01a1n thu\u1ea7n l\u00e0 m\u1ed9t lo\u1ea1i c\u00e0 ph\u00ea m\u00e0 c\u00f2n l\u00e0 bi\u1ec3u t\u01b0\u1ee3ng c\u1ee7a s\u1ef1 k\u1ebft h\u1ee3p ho\u00e0n h\u1ea3o gi\u1eefa hai lo\u1ea1i h\u1ea1t c\u00e0 ph\u00ea Robusta v\u00e0 Arabica. S\u1ef1 k\u1ebft h\u1ee3p n\u00e0y t\u1ea1o ra m\u1ed9t h\u01b0\u01a1ng v\u1ecb \u0111\u1eb7c tr\u01b0ng, phong ph\u00fa v\u00e0 l\u00f4i cu\u1ed1n, \u0111\u1ed3ng th\u1eddi gi\u1eef \u0111\u01b0\u1ee3c \u0111\u1ed9 tinh khi\u1ebft v\u00e0 nguy\u00ean b\u1ea3n c\u1ee7a t\u1eebng h\u1ea1t c\u00e0 ph\u00ea.<\/p>\n<h2><span data-text-color=\"alert\"><strong>2. Nguy\u00ean Li\u1ec7u T\u1ef1 Nhi\u00ean v\u00e0 Ch\u1ea5t L\u01b0\u1ee3ng \u0110\u1ea3m B\u1ea3o<\/strong><\/span><\/h2>\n<p>H\u1ea1t c\u00e0 ph\u00ea \u0111\u01b0\u1ee3c l\u1ef1a ch\u1ecdn t\u1eeb nh\u1eefng v\u01b0\u1eddn khu v\u1ef1c x\u00e3 Eakao, Th\u00e0nh ph\u1ed1 Bu\u00f4n Ma Thu\u1ed9t \u2013 n\u01a1i n\u1ed5i ti\u1ebfng v\u1edbi s\u1ea3n xu\u1ea5t c\u00e0 ph\u00ea ch\u1ea5t l\u01b0\u1ee3ng t\u1ea1i Vi\u1ec7t Nam. Qu\u00e1 tr\u00ecnh ch\u1ebf bi\u1ebfn v\u00e0 rang m\u1ed9c t\u1ef1 nhi\u00ean gi\u00fap gi\u1eef l\u1ea1i to\u00e0n b\u1ed9 h\u01b0\u01a1ng v\u1ecb v\u00e0 ch\u1ea5t dinh d\u01b0\u1ee1ng c\u1ee7a c\u00e0 ph\u00ea.<\/p>\n<h2><span data-text-color=\"alert\"><strong>3. Ph\u00f9 H\u1ee3p v\u1edbi M\u1ecdi S\u1edf Th\u00edch Pha Ch\u1ebf<\/strong><\/span><\/h2>\n<p>C\u00e0 ph\u00ea M\u1ed9c ph\u00f9 h\u1ee3p cho m\u1ecdi s\u1edf th\u00edch pha ch\u1ebf t\u1eeb pha m\u00e1y \u0111\u1ebfn pha phin. V\u1edbi rang \u0111\u1eadm \u0111\u00e0, s\u1ea3n ph\u1ea9m n\u00e0y th\u00edch h\u1ee3p cho nh\u1eefng ai y\u00eau th\u00edch c\u1ea3m gi\u00e1c \u0111\u1eafng c\u1ee7a c\u00e0 ph\u00ea nguy\u00ean ch\u1ea5t, \u0111\u1ed3ng th\u1eddi c\u0169ng ph\u00f9 h\u1ee3p v\u1edbi nh\u1eefng ai \u01b0a chu\u1ed9ng h\u01b0\u01a1ng v\u1ecb nh\u1eb9 nh\u00e0ng h\u01a1n.<\/p>","protected":false},"excerpt":{"rendered":"<p>C\u00e0 ph\u00ea M\u1ed9c \u2013 m\u1ed9t s\u1ea3n ph\u1ea9m tinh t\u00fay c\u1ee7a s\u1ef1 \u0111am m\u00ea v\u00e0 n\u1ed7 l\u1ef1c kh\u00f4ng ng\u1eebng c\u1ee7a t\u1eadp<\/p>","protected":false},"featured_media":13842,"comment_status":"open","ping_status":"closed","template":"","meta":{"_acf_changed":false},"product_cat":[324,366,367,22],"product_tag":[],"class_list":{"0":"post-13841","1":"product","2":"type-product","3":"status-publish","4":"has-post-thumbnail","6":"product_cat-ca-phe-ca-cao","7":"product_cat-hang-cnnt-cap-qg","8":"product_cat-hang-cnnt-cap-qg-2023","9":"product_cat-sanphamthucpham","11":"first","12":"instock","13":"shipping-taxable","14":"product-type-simple"},"acf":[],"_links":{"self":[{"href":"https:\/\/b2c.fairs.vn\/en\/wp-json\/wp\/v2\/product\/13841","targetHints":{"allow":["GET"]}}],"collection":[{"href":"https:\/\/b2c.fairs.vn\/en\/wp-json\/wp\/v2\/product"}],"about":[{"href":"https:\/\/b2c.fairs.vn\/en\/wp-json\/wp\/v2\/types\/product"}],"replies":[{"embeddable":true,"href":"https:\/\/b2c.fairs.vn\/en\/wp-json\/wp\/v2\/comments?post=13841"}],"version-history":[{"count":0,"href":"https:\/\/b2c.fairs.vn\/en\/wp-json\/wp\/v2\/product\/13841\/revisions"}],"wp:featuredmedia":[{"embeddable":true,"href":"https:\/\/b2c.fairs.vn\/en\/wp-json\/wp\/v2\/media\/13842"}],"wp:attachment":[{"href":"https:\/\/b2c.fairs.vn\/en\/wp-json\/wp\/v2\/media?parent=13841"}],"wp:term":[{"taxonomy":"product_cat","embeddable":true,"href":"https:\/\/b2c.fairs.vn\/en\/wp-json\/wp\/v2\/product_cat?post=13841"},{"taxonomy":"product_tag","embeddable":true,"href":"https:\/\/b2c.fairs.vn\/en\/wp-json\/wp\/v2\/product_tag?post=13841"}],"curies":[{"name":"wp","href":"https:\/\/api.w.org\/{rel}","templated":true}]}}