{"id":13837,"date":"2024-04-01T15:13:25","date_gmt":"2024-04-01T08:13:25","guid":{"rendered":"https:\/\/b2c.fairs.vn\/?post_type=product&#038;p=13837"},"modified":"2024-04-01T15:17:37","modified_gmt":"2024-04-01T08:17:37","slug":"tinh-dau-tram","status":"publish","type":"product","link":"https:\/\/b2c.fairs.vn\/en\/product\/tinh-dau-tram\/","title":{"rendered":"Tinh d\u1ea7u tr\u00e0m"},"content":{"rendered":"<p><strong>TH\u00c0NH PH\u1ea6N<\/strong><\/p>\n<p>Tinh d\u1ea7u tr\u00e0m Hu\u1ebf \u2013 Hoa N\u00e9n \u0111\u01b0\u1ee3c chi\u1ebft xu\u1ea5t 100% t\u1eeb l\u00e1 tr\u00e0m gi\u00f3 t\u1ef1 nhi\u00ean.<\/p>\n<p><strong>\u1ee8NG D\u1ee4NG<\/strong><\/p>\n<p>Tinh d\u1ea7u tr\u00e0m nguy\u00ean ch\u1ea5t l\u00e0 bi\u1ec7t d\u01b0\u1ee3c t\u1eeb thi\u00ean nhi\u00ean r\u1ea5t t\u1ed1t cho s\u1ee9c kh\u1ecfe con ng\u01b0\u1eddi, \u0111\u1eb7c bi\u1ec7t l\u00e0 tr\u1ebb s\u01a1 sinh, tr\u1ebb nh\u1ecf, ph\u1ee5 n\u1eef sau sinh, \u0111\u00e3 \u0111\u01b0\u1ee3c S\u1edf Y t\u1ebf t\u1ec9nh Th\u1eeba Thi\u00ean Hu\u1ebf ki\u1ec3m \u0111\u1ecbnh ch\u1ea5t l\u01b0\u1ee3ng. V\u1edbi \u0111\u1eb7c t\u00ednh kh\u00f4ng n\u00f3ng, kh\u00f4ng g\u00e2y ph\u1ea3n \u1ee9ng ph\u1ee5, kh\u00f4ng ch\u1ed1ng ch\u1ec9 \u0111\u1ecbnh, tinh d\u1ea7u tr\u00e0m \u0111\u01b0\u1ee3c d\u00e2n gian l\u1ef1a ch\u1ecdn cho t\u1ee7 thu\u1ed1c m\u1ed7i gia \u0111\u00ecnh. C\u00e1c \u1ee9ng d\u1ee5ng n\u1ed5i b\u1eadt nh\u1ea5t c\u1ee7a tinh d\u1ea7u tr\u00e0m Hu\u1ebf \u2013 Hoa N\u00e9n:<\/p>\n<p>\u2013 Gi\u1eef \u1ea5m c\u01a1 th\u1ec3, ph\u00f2ng v\u00e0 gi\u1ea3i c\u1ea3m c\u00fam, c\u1ea3m l\u1ea1nh.<\/p>\n<p>\u2013 Gi\u1ea3m ho v\u00e0 vi\u00eam h\u1ecdng, th\u00f4ng khi\u1ebfu, l\u00e0m s\u1ea1ch h\u1ec7 h\u00f4 h\u1ea5p.<\/p>\n<p>\u2013 S\u00fac h\u1ecdng s\u00e1t khu\u1ea9n, gi\u1ea3m vi\u00eam l\u1ee3i, nhi\u1ec7t mi\u1ec7ng, vi\u00eam h\u1ecdng v\u00e0 h\u00f4i mi\u1ec7ng.<\/p>\n<p>\u2013 Gi\u00fap \u0111\u1ee1 \u0111au b\u1ee5ng \u0111\u1ea7y h\u01a1i.<\/p>\n<p>\u2013 Gi\u1ea3m \u0111au do nh\u1ee9c m\u1ecfi c\u01a1 x\u01b0\u01a1ng kh\u1edbp, vai g\u00e1y.<\/p>\n<p>\u2013 S\u00e1t khu\u1ea9n, kh\u1eed tr\u00f9ng, l\u00e0m m\u1ea5t kh\u1ea3 n\u0103ng x\u00e2m nh\u1eadp v\u00e0 \u1ee9c ch\u1ebf s\u1ef1 ph\u00e1t tri\u1ec3n c\u1ee7a virus.<\/p>\n<p>\u2013 L\u00e0m l\u00e0nh v\u1ebft th\u01b0\u01a1ng do mu\u1ed7i, c\u00f4n tr\u00f9ng c\u1eafn gi\u00fap h\u1ebft s\u01b0ng, ng\u1ee9a v\u00e0 l\u1edf lo\u00e9t.<\/p>\n<p>\u2013 L\u00e0m dung d\u1ecbch n\u01b0\u1edbc r\u1eeda ph\u1ee5 khoa r\u1ea5t t\u1ed1t.<\/p>\n<p><strong>C\u00c1CH S\u1eec D\u1ee4NG<\/strong><\/p>\n<ol>\n<li><strong>Gi\u1eef \u1ea5m c\u01a1 th\u1ec3, p<\/strong><strong>h\u00f2ng v\u00e0 gi\u1ea3i c\u1ea3m c\u00fam, c\u1ea3m l\u1ea1nh<\/strong><\/li>\n<\/ol>\n<p>M\u1ed7i t\u1ed1i tr\u01b0\u1edbc khi \u0111i ng\u1ee7 ho\u1eb7c sau khi th\u1ee9c d\u1eady, m\u00f9a h\u00e8 d\u00f9ng \u0111i\u1ec1u ho\u00e0, m\u00f9a \u0111\u00f4ng th\u1eddi ti\u1ebft l\u1ea1nh: Xoa tinh d\u1ea7u tr\u00e0m l\u00ean c\u1ed5, ng\u1ef1c, hai b\u00ean th\u00e1i d\u01b0\u01a1ng, l\u01b0ng, b\u1ee5ng v\u00e0 gan b\u00e0n ch\u00e2n, massage nh\u1eb9 v\u00e0 \u0111\u1ec1u \u0111\u1ec3 tinh d\u1ea7u th\u1ea9m th\u1ea5u s\u00e2u v\u00e0o b\u00ean trong da gi\u00fap gi\u1eef \u1ea5m \u0111\u1ec3 \u0111\u1ea3m b\u1ea3o ph\u00f2ng b\u1ec7nh m\u1ed7i ng\u00e0y.<\/p>\n<p>Khi c\u00f3 d\u1ea5u hi\u1ec7u c\u1ea3m l\u1ea1nh, c\u1ea3m s\u1ed1t do g\u1eb7p m\u01b0a, hay th\u1eddi ti\u1ebft: Nh\u1ecf 10 gi\u1ecdt tinh d\u1ea7u tr\u00e0m v\u00e0o 1 l\u00edt n\u01b0\u1edbc s\u00f4i, tr\u00f9m kh\u0103n \u0111\u1ec3 x\u00f4ng \u0111\u1ea7u; ho\u1eb7c 15 -20 gi\u1ecdt v\u00e0o 2-3 l\u00edt n\u01b0\u1edbc s\u00f4i \u0111\u1ec3 x\u00f4ng to\u00e0n th\u00e2n. M\u1ed9t ng\u00e0y x\u00f4ng 1-2 l\u1ea7n, sau \u0111\u00f3 d\u00f9ng tinh d\u1ea7u massage c\u00e1c huy\u1ec7t tr\u1ecdng y\u1ebfu tr\u00ean c\u01a1 th\u1ec3.<\/p>\n<p>\u0110\u1ed1i v\u1edbi tr\u1ebb s\u01a1 sinh, tr\u1ebb nh\u1ecf: Nh\u1ecf 5 gi\u1ecdt tinh d\u1ea7u tr\u00e0m Hoa N\u00e9n v\u00e0o 10 l\u00edt n\u01b0\u1edbc \u1ea5m (t\u01b0\u01a1ng \u1ee9ng 1 gi\u1ecdt\/2 l\u00edt n\u01b0\u1edbc) \u0111\u1ec3 t\u1eafm cho b\u00e9. Sau khi t\u1eafm xong massage tinh d\u1ea7u v\u00e0o l\u01b0ng \u0111\u1ec3 gi\u1eef \u1ea5m ph\u00f2ng b\u1ec7nh cho tr\u1ebb.<\/p>\n<ol start=\"2\">\n<li><strong>Gi\u1ea3m ho v\u00e0 vi\u00eam h\u1ecdng, th\u00f4ng khi\u1ebfu, l\u00e0m s\u1ea1ch h\u1ec7 h\u00f4 h\u1ea5p<\/strong><\/li>\n<\/ol>\n<p>X\u00f4ng v\u00e0 h\u00edt s\u00e2u tinh d\u1ea7u tr\u00e0m qua m\u0169i v\u00e0o trong c\u01a1 th\u1ec3 l\u00e0m \u1ea5m ph\u1ed5i, th\u00f4ng m\u0169i v\u00e0 s\u1ea1ch h\u1ec7 h\u00f4 h\u1ea5p.<\/p>\n<p>C\u00f3 th\u1ec3 ng\u1eadm 1-2 gi\u1ecdt tinh d\u1ea7u tr\u00e0m s\u00e2u v\u00e0o h\u1ecdng gi\u00fap s\u00e1t khu\u1ea9n v\u1ebft vi\u00eam h\u1ecdng, gi\u1ea3m ho.<\/p>\n<p>Nh\u1ecf 1 gi\u1ecdt tinh d\u1ea7u tr\u00e0m l\u00ean m\u1eb7t trong kh\u1ea9u trang tr\u01b0\u1edbc khi \u0111eo \u0111\u1ec3 \u0111\u01b0\u1ee3c an to\u00e0n h\u01a1n.<\/p>\n<ol start=\"3\">\n<li><strong>S\u00fac h\u1ecdng s\u00e1t khu\u1ea9n<\/strong><\/li>\n<\/ol>\n<p>Nh\u1ecf 1-2 gi\u1ecdt tinh d\u1ea7u tr\u00e0m v\u00e0o c\u1ed1c n\u01b0\u1edbc \u1ea5m, l\u1eafc \u0111\u1ec1u \u0111\u1ec3 s\u00fac h\u1ecdng s\u00e2u gi\u00fap s\u00e1t khu\u1ea9n, lo\u1ea1i b\u1ecf virus.<\/p>\n<ol start=\"4\">\n<li><strong>Gi\u1ea3m vi\u00eam l\u1ee3i, nhi\u1ec7t mi\u1ec7ng v\u00e0 h\u00f4i mi\u1ec7ng<\/strong><\/li>\n<\/ol>\n<p>Pha 1-2 gi\u1ecdt tinh d\u1ea7u tr\u00e0m v\u00e0o n\u01b0\u1edbc mu\u1ed1i lo\u00e3ng 0,9%, d\u00f9ng h\u1ed7n h\u1ee3p \u0111\u1ec3 \u0111\u00e1nh r\u0103ng ho\u1eb7c s\u00fac mi\u1ec7ng t\u1eeb 2-3 l\u1ea7n\/ ng\u00e0y gi\u1ea3m vi\u00eam l\u1ee3i, nhi\u1ec7t mi\u1ec7ng v\u00e0 h\u00f4i mi\u1ec7ng.<\/p>\n<ol start=\"5\">\n<li><strong>\u0110\u1ee1 \u0111au b\u1ee5ng, \u0111\u1ea7y h\u01a1i<\/strong><\/li>\n<\/ol>\n<p>Xoa tinh d\u1ea7u tr\u00e0m Hoa N\u00e9n v\u00e0o r\u1ed1n, v\u00f9ng b\u1ee5ng xung quanh r\u1ed1n, massage nh\u1eb9 theo chi\u1ec1u kim \u0111\u1ed3ng h\u1ed3.<\/p>\n<ol start=\"6\">\n<li><strong>Gi\u1ea3m \u0111au do nh\u1ee9c m\u1ecfi c\u01a1 x\u01b0\u01a1ng kh\u1edbp, vai g\u00e1y<\/strong><\/li>\n<\/ol>\n<p>Massage tinh d\u1ea7u tr\u00e0m tr\u1ef1c ti\u1ebfp v\u00e0o c\u00e1c v\u00f9ng \u0111au nh\u1ee9c, vai g\u00e1y, \u1edf c\u00e1c c\u01a1, kh\u1edbp x\u01b0\u01a1ng, v\u00f9ng s\u01b0ng t\u1ea5y \u0111\u1ec3 gi\u1ea3m \u0111au v\u00e0 l\u01b0u th\u00f4ng kh\u00ed huy\u1ebft.<\/p>\n<ol start=\"7\">\n<li><strong>Gi\u00fap s\u00e1t khu\u1ea9n, kh\u1eed tr\u00f9ng, l\u00e0m m\u1ea5t kh\u1ea3 n\u0103ng x\u00e2m nh\u1eadp v\u00e0 \u1ee9c ch\u1ebf s\u1ef1 ph\u00e1t tri\u1ec3n c\u1ee7a virus<\/strong><\/li>\n<\/ol>\n<p>Khi b\u1ecb x\u00e2y x\u00e1t ho\u1eb7c b\u1ecb th\u01b0\u01a1ng nh\u1eb9 s\u1eed d\u1ee5ng tinh d\u1ea7u tr\u00e0m \u0111\u1ec3 s\u00e1t tr\u00f9ng v\u1ebft th\u01b0\u01a1ng m\u1ed7i ng\u00e0y.<\/p>\n<p>X\u00f4ng h\u01a1i ho\u1eb7c s\u1eed d\u1ee5ng m\u00e1y khu\u1ebfch t\u00e1n, \u0111\u00e8n x\u00f4ng tinh d\u1ea7u th\u01b0\u1eddng xuy\u00ean trong nh\u00e0 gi\u00fap lo\u1ea1i b\u1ecf vi khu\u1ea9n, ng\u0103n ng\u1eeba s\u1ef1 x\u00e2m nh\u1eadp c\u1ee7a virus, l\u00e0m s\u1ea1ch kh\u00f4ng gian s\u1ed1ng. Ho\u1eb7c x\u00f4ng th\u00e2n th\u1ec3 nh\u01b0 h\u01b0\u1edbng d\u1eabn \u1edf tr\u00ean \u0111\u1ec3 gi\u00fap lo\u1ea1i b\u1ecf vi khu\u1ea9n ra ngo\u00e0i c\u01a1 th\u1ec3.<\/p>\n<ol start=\"8\">\n<li><strong>L\u00e0m l\u00e0nh v\u1ebft mu\u1ed7i, c\u00f4n tr\u00f9ng c\u1eafn h\u1ebft s\u01b0ng, ng\u1ee9a v\u00e0 l\u1edf lo\u00e9t<\/strong><\/li>\n<\/ol>\n<p>Xoa tr\u1ef1c ti\u1ebfp tinh d\u1ea7u tr\u00e0m Hoa N\u00e9n v\u00e0o v\u00f9ng da c\u00f3 v\u1ebft c\u1eafn v\u00e0 massage nh\u1eb9, gi\u00fap lo\u1ea1i b\u1ecf \u0111\u1ed9c t\u1ed1, l\u00e0m tan v\u1ebft s\u01b0ng m\u1ea9n \u0111\u1ecf g\u00e2y ng\u1ee9a, ch\u1eefa l\u00e0nh l\u00e0n da.<\/p>\n<ol start=\"9\">\n<li><strong>Vi\u00eam da, n\u01b0\u1edbc \u0103n da<\/strong><\/li>\n<\/ol>\n<p>Tinh d\u1ea7u tr\u00e0m c\u00f3 t\u00ednh kh\u00e1ng khu\u1ea9n t\u1ed1t, n\u00ean n\u1ebfu b\u1ecb vi\u00eam da do vi khu\u1ea9n x\u00e2m nh\u1eadp, v\u1ebft ch\u00e0m, n\u01b0\u1edbc \u0103n da ch\u00e2n,\u2026 vi\u00eam da ch\u1ed7 n\u00e0o th\u00ec nh\u1ecf tinh d\u1ea7u tr\u00e0m v\u00e0o ch\u1ed7 \u1ea5y gi\u00fap kh\u00e1ng khu\u1ea9n, nhanh l\u00e0nh.<\/p>\n<ol start=\"10\">\n<li><strong>Pha dung d\u1ecbch n\u01b0\u1edbc r\u1eeda ph\u1ee5 khoa<\/strong><\/li>\n<\/ol>\n<p>Pha v\u00e0i gi\u1ecdt tinh d\u1ea7u tr\u00e0m v\u00e0o n\u01b0\u1edbc \u1ea5m v\u00e0 mu\u1ed1i lo\u00e3ng \u0111\u1ec3 r\u1eeda ph\u1ee5 khoa ho\u1eb7c ng\u00e2m m\u00f4ng gi\u00fap kh\u00e1ng khu\u1ea9n, l\u00e0nh b\u1ec7nh.<\/p>\n<p><strong>\u00a0<\/strong><\/p>\n<p><strong>*Ghi ch\u00fa:<\/strong><\/p>\n<p>\u2013 D\u00f9ng t\u1ed1t cho c\u1ea3 ng\u01b0\u1eddi l\u1edbn v\u00e0 tr\u1ebb nh\u1ecf.<\/p>\n<p>\u2013 Cho v\u00e0o h\u1ed9p sau khi s\u1eed d\u1ee5ng \u0111\u1ec3 b\u1ea3o qu\u1ea3n t\u1ed1t h\u01a1n.<\/p>","protected":false},"excerpt":{"rendered":"<p>TH\u00c0NH PH\u1ea6N Tinh d\u1ea7u tr\u00e0m Hu\u1ebf \u2013 Hoa N\u00e9n \u0111\u01b0\u1ee3c chi\u1ebft xu\u1ea5t 100% t\u1eeb l\u00e1 tr\u00e0m gi\u00f3 t\u1ef1 nhi\u00ean. \u1ee8NG<\/p>","protected":false},"featured_media":13838,"comment_status":"open","ping_status":"closed","template":"","meta":{"_acf_changed":false},"product_cat":[332,366,398,335],"product_tag":[],"class_list":{"0":"post-13837","1":"product","2":"type-product","3":"status-publish","4":"has-post-thumbnail","6":"product_cat-san-pham-duoc-lieu-va-san-pham-tu-duoc-lieu","7":"product_cat-hang-cnnt-cap-qg","8":"product_cat-san-pham-cnnt-tb-cap-qg-2021","9":"product_cat-tinh-dau-va-thao-duoc-khac","11":"first","12":"instock","13":"shipping-taxable","14":"purchasable","15":"product-type-variable"},"acf":[],"_links":{"self":[{"href":"https:\/\/b2c.fairs.vn\/en\/wp-json\/wp\/v2\/product\/13837","targetHints":{"allow":["GET"]}}],"collection":[{"href":"https:\/\/b2c.fairs.vn\/en\/wp-json\/wp\/v2\/product"}],"about":[{"href":"https:\/\/b2c.fairs.vn\/en\/wp-json\/wp\/v2\/types\/product"}],"replies":[{"embeddable":true,"href":"https:\/\/b2c.fairs.vn\/en\/wp-json\/wp\/v2\/comments?post=13837"}],"version-history":[{"count":0,"href":"https:\/\/b2c.fairs.vn\/en\/wp-json\/wp\/v2\/product\/13837\/revisions"}],"wp:featuredmedia":[{"embeddable":true,"href":"https:\/\/b2c.fairs.vn\/en\/wp-json\/wp\/v2\/media\/13838"}],"wp:attachment":[{"href":"https:\/\/b2c.fairs.vn\/en\/wp-json\/wp\/v2\/media?parent=13837"}],"wp:term":[{"taxonomy":"product_cat","embeddable":true,"href":"https:\/\/b2c.fairs.vn\/en\/wp-json\/wp\/v2\/product_cat?post=13837"},{"taxonomy":"product_tag","embeddable":true,"href":"https:\/\/b2c.fairs.vn\/en\/wp-json\/wp\/v2\/product_tag?post=13837"}],"curies":[{"name":"wp","href":"https:\/\/api.w.org\/{rel}","templated":true}]}}