{"id":13806,"date":"2024-04-01T15:00:15","date_gmt":"2024-04-01T08:00:15","guid":{"rendered":"https:\/\/b2c.fairs.vn\/?post_type=product&#038;p=13806"},"modified":"2024-04-01T15:00:15","modified_gmt":"2024-04-01T08:00:15","slug":"banh-keo-sua-domilk","status":"publish","type":"product","link":"https:\/\/b2c.fairs.vn\/en\/product\/banh-keo-sua-domilk\/","title":{"rendered":"B\u00e1nh k\u1eb9o s\u1eefa Domilk"},"content":{"rendered":"<p><strong>Th\u00e0nh ph\u1ea7n:<\/strong>\u00a0S\u1eefa b\u00f2 t\u01b0\u01a1i (77%), \u0111\u01b0\u1eddng tinh luy\u1ec7n, b\u1ed9t m\u1ef3, m\u1ea1ch nha, b\u1ed9t kem, b\u1ed9t cacao, Natri Benzoate (E211), Kali Sorbat (E202)<\/p>\n<p>\u2013 V\u1ecb s\u1eefa ngon, th\u01a1m m\u00e1t nh\u01b0 s\u1eefa t\u01b0\u01a1i. H\u1eadu v\u1ecb c\u00f3 v\u1ecb ng\u1ecdt b\u00e9o, th\u01a1m m\u00f9i s\u1eefa.<\/p>\n<p>\u2013 S\u1ea3n ph\u1ea9m kh\u00f4ng ch\u1ea5t b\u1ea3o qu\u1ea3n.<\/p>\n<p>Th\u00e0nh ph\u1ea7n \u0111\u01b0\u1ee3c \u0111\u00f3ng g\u00f3i trong m\u00e0ng ph\u01b0c h\u1ee3p ch\u1ea5t li\u1ec7u OPP20\/MCPP25 kh\u00f4ng th\u00f4i nhi\u1ec5m, \u0111\u1ef1ng trong khay nh\u1ef1a PS tr\u1eafng r\u1ed3i \u0111\u00f3ng g\u00f3i b\u1eb1ng h\u1ed9p gi\u1ea5y c\u1ee9ng c\u00e1n m\u00e0ng, b\u1ebf d\u00e1n th\u00e0nh ph\u1ea7n.<\/p>\n<p><strong>H\u01b0\u1edbng d\u1eabn s\u1eed d\u1ee5ng:<\/strong><\/p>\n<p>B\u1ea3o qu\u1ea3n n\u01a1i kh\u00f4 r\u00e1o v\u00e0 tho\u00e1ng m\u00e1t.<\/p>\n<p>S\u1eed d\u1ee5ng ngay sau khi b\u00f3c v\u1ecf.<\/p>\n<p>Kh\u00f4ng d\u00f9ng s\u1ea3n ph\u1ea9m khi \u0111\u00e3 h\u1ebft h\u1ea1n s\u1eed d\u1ee5ng.<\/p>\n<p>H\u1ea1n s\u1eed d\u1ee5ng 3 th\u00e1ng.<\/p>\n<p><strong>Kh\u1ed1i l\u01b0\u1ee3ng t\u1ecbnh:<\/strong>\u00a0140g<\/p>\n<p><strong>NSX\/HSD:<\/strong>\u00a0Xem tr\u00ean bao b\u00ec<\/p>\n<p><strong>\u0110\u1ecba ch\u1ec9 c\u01a1 s\u1edf s\u1ea3n xu\u1ea5t:<\/strong>\u00a0X\u01b0\u1edfng s\u1ea3n xu\u1ea5t C\u00f4ng ty c\u1ed5 ph\u1ea7n ch\u0103n nu\u00f4i b\u00f2 v\u00e0 ch\u1ebf bi\u1ebfn s\u1eefa \u0110\u1ed3ng Nai, \u1ea5p 7, x\u00e3 An Ph\u01b0\u1edbc, huy\u1ec7n Long Th\u00e0nh, t\u1ec9nh \u0110\u1ed3ng Nai<\/p>","protected":false},"excerpt":{"rendered":"<p>Th\u00e0nh ph\u1ea7n:\u00a0S\u1eefa b\u00f2 t\u01b0\u01a1i (77%), \u0111\u01b0\u1eddng tinh luy\u1ec7n, b\u1ed9t m\u1ef3, m\u1ea1ch nha, b\u1ed9t kem, b\u1ed9t cacao, Natri Benzoate (E211), Kali<\/p>","protected":false},"featured_media":13829,"comment_status":"open","ping_status":"closed","template":"","meta":{"_acf_changed":false},"product_cat":[317,366,446,22,313],"product_tag":[],"class_list":{"0":"post-13806","1":"product","2":"type-product","3":"status-publish","4":"has-post-thumbnail","6":"product_cat-che-bien-tu-thit-trung-sua-thuy-san-cac-san-pham-tu-mat-ong-mat-khac-va-nong-san-thuc-pham-khac","7":"product_cat-hang-cnnt-cap-qg","8":"product_cat-san-pham-cnnt-tb-cap-qg-2019","9":"product_cat-sanphamthucpham","10":"product_cat-thuc-pham-che-bien","12":"first","13":"instock","14":"shipping-taxable","15":"purchasable","16":"product-type-simple"},"acf":[],"_links":{"self":[{"href":"https:\/\/b2c.fairs.vn\/en\/wp-json\/wp\/v2\/product\/13806","targetHints":{"allow":["GET"]}}],"collection":[{"href":"https:\/\/b2c.fairs.vn\/en\/wp-json\/wp\/v2\/product"}],"about":[{"href":"https:\/\/b2c.fairs.vn\/en\/wp-json\/wp\/v2\/types\/product"}],"replies":[{"embeddable":true,"href":"https:\/\/b2c.fairs.vn\/en\/wp-json\/wp\/v2\/comments?post=13806"}],"version-history":[{"count":0,"href":"https:\/\/b2c.fairs.vn\/en\/wp-json\/wp\/v2\/product\/13806\/revisions"}],"wp:featuredmedia":[{"embeddable":true,"href":"https:\/\/b2c.fairs.vn\/en\/wp-json\/wp\/v2\/media\/13829"}],"wp:attachment":[{"href":"https:\/\/b2c.fairs.vn\/en\/wp-json\/wp\/v2\/media?parent=13806"}],"wp:term":[{"taxonomy":"product_cat","embeddable":true,"href":"https:\/\/b2c.fairs.vn\/en\/wp-json\/wp\/v2\/product_cat?post=13806"},{"taxonomy":"product_tag","embeddable":true,"href":"https:\/\/b2c.fairs.vn\/en\/wp-json\/wp\/v2\/product_tag?post=13806"}],"curies":[{"name":"wp","href":"https:\/\/api.w.org\/{rel}","templated":true}]}}