{"id":13792,"date":"2024-04-01T14:50:50","date_gmt":"2024-04-01T07:50:50","guid":{"rendered":"https:\/\/b2c.fairs.vn\/?post_type=product&#038;p=13792"},"modified":"2024-04-01T14:50:51","modified_gmt":"2024-04-01T07:50:51","slug":"bun-kho","status":"publish","type":"product","link":"https:\/\/b2c.fairs.vn\/en\/product\/bun-kho\/","title":{"rendered":"B\u00fan kh\u00f4"},"content":{"rendered":"<div class=\"x11i5rnm xat24cr x1mh8g0r x1vvkbs xtlvy1s x126k92a\">\n<div dir=\"auto\"><span class=\"x3nfvp2 x1j61x8r x1fcty0u xdj266r xhhsvwb xat24cr xgzva0m xxymvpz xlup9mm x1kky2od\"><img decoding=\"async\" class=\"xz74otr\" src=\"https:\/\/static.xx.fbcdn.net\/images\/emoji.php\/v9\/tc2\/1.5\/16\/1f331.png\" alt=\"\ud83c\udf31\" width=\"16\" height=\"16\" \/><\/span>T\u1ed0T CHO NG\u01af\u1edcI \u0102N KI\u00caNG<\/div>\n<div dir=\"auto\"><span class=\"x3nfvp2 x1j61x8r x1fcty0u xdj266r xhhsvwb xat24cr xgzva0m xxymvpz xlup9mm x1kky2od\"><img decoding=\"async\" class=\"xz74otr\" src=\"https:\/\/static.xx.fbcdn.net\/images\/emoji.php\/v9\/tc2\/1.5\/16\/1f331.png\" alt=\"\ud83c\udf31\" width=\"16\" height=\"16\" \/><\/span>T\u1ed0T CHO NG\u01af\u1edcI TI\u1ec2U \u0110\u01af\u1edcNG<\/div>\n<div dir=\"auto\"><span class=\"x3nfvp2 x1j61x8r x1fcty0u xdj266r xhhsvwb xat24cr xgzva0m xxymvpz xlup9mm x1kky2od\"><img decoding=\"async\" class=\"xz74otr\" src=\"https:\/\/static.xx.fbcdn.net\/images\/emoji.php\/v9\/tc2\/1.5\/16\/1f331.png\" alt=\"\ud83c\udf31\" width=\"16\" height=\"16\" \/><\/span>T\u1ed0T CHO S\u1ee8C KHO\u1eba-TIM M\u1ea0CH<\/div>\n<\/div>\n<div class=\"x11i5rnm xat24cr x1mh8g0r x1vvkbs xtlvy1s x126k92a\">\n<div dir=\"auto\"><span class=\"x3nfvp2 x1j61x8r x1fcty0u xdj266r xhhsvwb xat24cr xgzva0m xxymvpz xlup9mm x1kky2od\"><img decoding=\"async\" class=\"xz74otr\" src=\"https:\/\/static.xx.fbcdn.net\/images\/emoji.php\/v9\/t32\/1.5\/16\/1f35c.png\" alt=\"\ud83c\udf5c\" width=\"16\" height=\"16\" \/><\/span>B\u00fan g\u1ea1o l\u1ee9t ngon m\u00e1t d\u1ec5 \u0103n-d\u1ec5 ch\u1ebf bi\u1ebfn<\/div>\n<div dir=\"auto\"><span class=\"x3nfvp2 x1j61x8r x1fcty0u xdj266r xhhsvwb xat24cr xgzva0m xxymvpz xlup9mm x1kky2od\"><img decoding=\"async\" class=\"xz74otr\" src=\"https:\/\/static.xx.fbcdn.net\/images\/emoji.php\/v9\/t32\/1.5\/16\/1f35c.png\" alt=\"\ud83c\udf5c\" width=\"16\" height=\"16\" \/><\/span>B\u00fan g\u1ea1o l\u1ee9t l\u00e0m m\u00f3n g\u00ec c\u0169ng tuy\u1ec7t: N\u1ea5u, tr\u1ed9n, x\u00e0o, th\u1ea3 l\u1ea9u.<\/div>\n<\/div>","protected":false},"excerpt":{"rendered":"<p>T\u1ed0T CHO NG\u01af\u1edcI \u0102N KI\u00caNG T\u1ed0T CHO NG\u01af\u1edcI TI\u1ec2U \u0110\u01af\u1edcNG T\u1ed0T CHO S\u1ee8C KHO\u1eba-TIM M\u1ea0CH B\u00fan g\u1ea1o l\u1ee9t ngon m\u00e1t<\/p>","protected":false},"featured_media":13812,"comment_status":"open","ping_status":"closed","template":"","meta":{"_acf_changed":false},"product_cat":[315,316,366,367,22,313],"product_tag":[],"class_list":{"0":"post-13792","1":"product","2":"type-product","3":"status-publish","4":"has-post-thumbnail","6":"product_cat-che-bien-tu-gao-ngu-coc","7":"product_cat-che-bien-tu-rau-cu-qua-hat","8":"product_cat-hang-cnnt-cap-qg","9":"product_cat-hang-cnnt-cap-qg-2023","10":"product_cat-sanphamthucpham","11":"product_cat-thuc-pham-che-bien","13":"first","14":"instock","15":"shipping-taxable","16":"product-type-simple"},"acf":[],"_links":{"self":[{"href":"https:\/\/b2c.fairs.vn\/en\/wp-json\/wp\/v2\/product\/13792","targetHints":{"allow":["GET"]}}],"collection":[{"href":"https:\/\/b2c.fairs.vn\/en\/wp-json\/wp\/v2\/product"}],"about":[{"href":"https:\/\/b2c.fairs.vn\/en\/wp-json\/wp\/v2\/types\/product"}],"replies":[{"embeddable":true,"href":"https:\/\/b2c.fairs.vn\/en\/wp-json\/wp\/v2\/comments?post=13792"}],"version-history":[{"count":0,"href":"https:\/\/b2c.fairs.vn\/en\/wp-json\/wp\/v2\/product\/13792\/revisions"}],"wp:featuredmedia":[{"embeddable":true,"href":"https:\/\/b2c.fairs.vn\/en\/wp-json\/wp\/v2\/media\/13812"}],"wp:attachment":[{"href":"https:\/\/b2c.fairs.vn\/en\/wp-json\/wp\/v2\/media?parent=13792"}],"wp:term":[{"taxonomy":"product_cat","embeddable":true,"href":"https:\/\/b2c.fairs.vn\/en\/wp-json\/wp\/v2\/product_cat?post=13792"},{"taxonomy":"product_tag","embeddable":true,"href":"https:\/\/b2c.fairs.vn\/en\/wp-json\/wp\/v2\/product_tag?post=13792"}],"curies":[{"name":"wp","href":"https:\/\/api.w.org\/{rel}","templated":true}]}}