{"id":13783,"date":"2024-04-01T14:40:49","date_gmt":"2024-04-01T07:40:49","guid":{"rendered":"https:\/\/b2c.fairs.vn\/?post_type=product&#038;p=13783"},"modified":"2024-04-01T14:42:35","modified_gmt":"2024-04-01T07:42:35","slug":"che-tuyet-huong","status":"publish","type":"product","link":"https:\/\/b2c.fairs.vn\/en\/product\/che-tuyet-huong\/","title":{"rendered":"Ch\u00e8 Tuy\u1ebft H\u01b0\u01a1ng"},"content":{"rendered":"<p>Ch\u00e8 Tuy\u1ebft H\u01b0\u01a1ng l\u00e0 lo\u1ea1i tr\u00e0 \u0111\u0103c bi\u1ec7t c\u1ee7a HTX Tuy\u1ebft H\u01b0\u01a1ng, \u0111\u01b0\u1ee3c ch\u1ebf bi\u1ebfn t\u1eeb 100% b\u00fap ch\u00e8 t\u01b0\u01a1i n\u00f5n 1 t\u00f4m 1 l\u00e1 \u0111\u01b0\u1ee3c tuy\u1ec3n ch\u1ecdn t\u1eeb v\u00f9ng ch\u00e8 n\u1ed5i ti\u1ebfng Tr\u1ea1i C\u00e0i , S\u00f4ng C\u1ea7u -\u0110\u1ed3ng H\u1ef7 -Th\u00e1i Nguy\u00ean.<\/p>\n<p>\u0110\u01b0\u1ee3c ch\u1ebf bi\u1ebfn c\u1ea7u k\u1ef3 b\u1edfi b\u00e0n tay c\u1ee7a c\u00e1c ngh\u1ec7 nh\u00e2n \u0111\u00e3 \u0111\u01b0\u1ee3c gi\u1ea3 v\u00e0ng t\u1ea1i li\u00ean hoan tr\u00e0 th\u1ee9 nh\u1ea5t t\u1ea1i Th\u00e1i Nguy\u00ean. S\u1ea3n ph\u1ea9m \u0111\u01b0\u1ee3c ch\u1ee9ng nh\u1eadn ch\u00e8 s\u1ea1ch theo ti\u00eau chu\u1ea9n VIETGAP.<\/p>","protected":false},"excerpt":{"rendered":"<p>Ch\u00e8 Tuy\u1ebft H\u01b0\u01a1ng l\u00e0 lo\u1ea1i tr\u00e0 \u0111\u0103c bi\u1ec7t c\u1ee7a HTX Tuy\u1ebft H\u01b0\u01a1ng, \u0111\u01b0\u1ee3c ch\u1ebf bi\u1ebfn t\u1eeb 100% b\u00fap ch\u00e8 t\u01b0\u01a1i n\u00f5n 1 t\u00f4m 1 l\u00e1 \u0111\u01b0\u1ee3c tuy\u1ec3n ch\u1ecdn t\u1eeb v\u00f9ng ch\u00e8 n\u1ed5i ti\u1ebfng Tr\u1ea1i C\u00e0i , S\u00f4ng C\u1ea7u -\u0110\u1ed3ng H\u1ef7 -Th\u00e1i Nguy\u00ean.<\/p>\n<p>\u0110\u01b0\u1ee3c ch\u1ebf bi\u1ebfn c\u1ea7u k\u1ef3 b\u1edfi b\u00e0n tay c\u1ee7a c\u00e1c ngh\u1ec7 nh\u00e2n \u0111\u00e3 \u0111\u01b0\u1ee3c gi\u1ea3 v\u00e0ng t\u1ea1i li\u00ean hoan tr\u00e0 th\u1ee9 nh\u1ea5t t\u1ea1i Th\u00e1i Nguy\u00ean. S\u1ea3n ph\u1ea9m \u0111\u01b0\u1ee3c ch\u1ee9ng nh\u1eadn ch\u00e8 s\u1ea1ch theo ti\u00eau chu\u1ea9n VIETGAP.<\/p>","protected":false},"featured_media":13787,"comment_status":"open","ping_status":"closed","template":"","meta":{"_acf_changed":false},"product_cat":[321,322,366,447,22],"product_tag":[],"class_list":{"0":"post-13783","1":"product","2":"type-product","3":"status-publish","4":"has-post-thumbnail","6":"product_cat-che","7":"product_cat-che-tuoi-che-bien","8":"product_cat-hang-cnnt-cap-qg","9":"product_cat-san-pham-cnnt-tb-cap-qg-2017","10":"product_cat-sanphamthucpham","12":"first","13":"instock","14":"shipping-taxable","15":"purchasable","16":"product-type-simple"},"acf":[],"_links":{"self":[{"href":"https:\/\/b2c.fairs.vn\/en\/wp-json\/wp\/v2\/product\/13783","targetHints":{"allow":["GET"]}}],"collection":[{"href":"https:\/\/b2c.fairs.vn\/en\/wp-json\/wp\/v2\/product"}],"about":[{"href":"https:\/\/b2c.fairs.vn\/en\/wp-json\/wp\/v2\/types\/product"}],"replies":[{"embeddable":true,"href":"https:\/\/b2c.fairs.vn\/en\/wp-json\/wp\/v2\/comments?post=13783"}],"version-history":[{"count":0,"href":"https:\/\/b2c.fairs.vn\/en\/wp-json\/wp\/v2\/product\/13783\/revisions"}],"wp:featuredmedia":[{"embeddable":true,"href":"https:\/\/b2c.fairs.vn\/en\/wp-json\/wp\/v2\/media\/13787"}],"wp:attachment":[{"href":"https:\/\/b2c.fairs.vn\/en\/wp-json\/wp\/v2\/media?parent=13783"}],"wp:term":[{"taxonomy":"product_cat","embeddable":true,"href":"https:\/\/b2c.fairs.vn\/en\/wp-json\/wp\/v2\/product_cat?post=13783"},{"taxonomy":"product_tag","embeddable":true,"href":"https:\/\/b2c.fairs.vn\/en\/wp-json\/wp\/v2\/product_tag?post=13783"}],"curies":[{"name":"wp","href":"https:\/\/api.w.org\/{rel}","templated":true}]}}