{"id":13782,"date":"2024-04-01T14:38:44","date_gmt":"2024-04-01T07:38:44","guid":{"rendered":"https:\/\/b2c.fairs.vn\/?post_type=product&#038;p=13782"},"modified":"2024-04-01T14:38:46","modified_gmt":"2024-04-01T07:38:46","slug":"muoi-say-ngoc-yen-hop-18goi-20g","status":"publish","type":"product","link":"https:\/\/b2c.fairs.vn\/en\/product\/muoi-say-ngoc-yen-hop-18goi-20g\/","title":{"rendered":"Mu\u1ed1i S\u1ea5y Ng\u1ecdc Y\u1ebfn (H\u1ed9p 18g\u00f3i\/20g)"},"content":{"rendered":"<h3>Th\u00e0nh Ph\u1ea7n\u00a0 Mu\u1ed1i S\u1ea5y Ng\u1ecdc Y\u1ebfn<\/h3>\n<ul>\n<li>Mu\u1ed1i, t\u1ecfi, \u1edbt, b\u1ed9t ng\u1ecdt, \u0111\u01b0\u1eddng c\u00e1t.<\/li>\n<\/ul>\n<h3>C\u00e1ch b\u1ea3o qu\u1ea3n Mu\u1ed1i S\u1ea5y Ng\u1ecdc Y\u1ebfn<\/h3>\n<ul>\n<li>B\u1ea3o qu\u1ea3n n\u01a1i kh\u00f4 r\u00e1o.<\/li>\n<li>\u0110\u1eady k\u00edn sau khi d\u00f9ng<\/li>\n<\/ul>\n<h3>C\u00f4ng d\u1ee5ng Mu\u1ed1i S\u1ea5y Ng\u1ecdc Y\u1ebfn<\/h3>\n<ol>\n<li>D\u00f9ng \u0111\u1ec3 \u0103n tr\u00e1i c\u00e2y<\/li>\n<li>D\u00f9ng \u0111\u1ec3 \u0103n c\u01a1m, ch\u00e1o tr\u1eafng<\/li>\n<li>Mu\u1ed1i c\u00e1 th\u1ecbt \u0111\u1ec3 chi\u00ean ho\u1eb7c n\u01b0\u1edbng<\/li>\n<li>\u01af\u1edbp c\u00e1, th\u1ecbt \u0111\u1ec3 kho thay cho n\u01b0\u1edbc m\u1eafm<\/li>\n<li>\u01af\u1edbp c\u00e1 \u0111\u1ec3 ph\u01a1i kh\u00f4<\/li>\n<\/ol>","protected":false},"excerpt":{"rendered":"<h3>Th\u00e0nh Ph\u1ea7n\u00a0 Mu\u1ed1i S\u1ea5y Ng\u1ecdc Y\u1ebfn<\/h3>\n<ul>\n<li>Mu\u1ed1i, t\u1ecfi, \u1edbt, b\u1ed9t ng\u1ecdt, \u0111\u01b0\u1eddng c\u00e1t.<\/li>\n<\/ul>\n<h3>C\u00e1ch b\u1ea3o qu\u1ea3n Mu\u1ed1i S\u1ea5y Ng\u1ecdc Y\u1ebfn<\/h3>\n<ul>\n<li>B\u1ea3o qu\u1ea3n n\u01a1i kh\u00f4 r\u00e1o.<\/li>\n<li>\u0110\u1eady k\u00edn sau khi d\u00f9ng<\/li>\n<\/ul>\n<h3>C\u00f4ng d\u1ee5ng Mu\u1ed1i S\u1ea5y Ng\u1ecdc Y\u1ebfn<\/h3>\n<ol>\n<li>D\u00f9ng \u0111\u1ec3 \u0103n tr\u00e1i c\u00e2y<\/li>\n<li>D\u00f9ng \u0111\u1ec3 \u0103n c\u01a1m, ch\u00e1o tr\u1eafng<\/li>\n<li>Mu\u1ed1i c\u00e1 th\u1ecbt \u0111\u1ec3 chi\u00ean ho\u1eb7c n\u01b0\u1edbng<\/li>\n<li>\u01af\u1edbp c\u00e1, th\u1ecbt \u0111\u1ec3 kho thay cho n\u01b0\u1edbc m\u1eafm<\/li>\n<li>\u01af\u1edbp c\u00e1 \u0111\u1ec3 ph\u01a1i kh\u00f4<\/li>\n<\/ol>","protected":false},"featured_media":13784,"comment_status":"open","ping_status":"closed","template":"","meta":{"_acf_changed":false},"product_cat":[318,320,366,398,22],"product_tag":[],"class_list":{"0":"post-13782","1":"product","2":"type-product","3":"status-publish","4":"has-post-thumbnail","6":"product_cat-gia-vi","7":"product_cat-gia-vi-khac","8":"product_cat-hang-cnnt-cap-qg","9":"product_cat-san-pham-cnnt-tb-cap-qg-2021","10":"product_cat-sanphamthucpham","12":"first","13":"instock","14":"shipping-taxable","15":"purchasable","16":"product-type-simple"},"acf":[],"_links":{"self":[{"href":"https:\/\/b2c.fairs.vn\/en\/wp-json\/wp\/v2\/product\/13782","targetHints":{"allow":["GET"]}}],"collection":[{"href":"https:\/\/b2c.fairs.vn\/en\/wp-json\/wp\/v2\/product"}],"about":[{"href":"https:\/\/b2c.fairs.vn\/en\/wp-json\/wp\/v2\/types\/product"}],"replies":[{"embeddable":true,"href":"https:\/\/b2c.fairs.vn\/en\/wp-json\/wp\/v2\/comments?post=13782"}],"version-history":[{"count":0,"href":"https:\/\/b2c.fairs.vn\/en\/wp-json\/wp\/v2\/product\/13782\/revisions"}],"wp:featuredmedia":[{"embeddable":true,"href":"https:\/\/b2c.fairs.vn\/en\/wp-json\/wp\/v2\/media\/13784"}],"wp:attachment":[{"href":"https:\/\/b2c.fairs.vn\/en\/wp-json\/wp\/v2\/media?parent=13782"}],"wp:term":[{"taxonomy":"product_cat","embeddable":true,"href":"https:\/\/b2c.fairs.vn\/en\/wp-json\/wp\/v2\/product_cat?post=13782"},{"taxonomy":"product_tag","embeddable":true,"href":"https:\/\/b2c.fairs.vn\/en\/wp-json\/wp\/v2\/product_tag?post=13782"}],"curies":[{"name":"wp","href":"https:\/\/api.w.org\/{rel}","templated":true}]}}