{"id":13759,"date":"2024-04-01T14:32:03","date_gmt":"2024-04-01T07:32:03","guid":{"rendered":"https:\/\/b2c.fairs.vn\/?post_type=product&#038;p=13759"},"modified":"2024-04-01T14:32:03","modified_gmt":"2024-04-01T07:32:03","slug":"bot-sen-dinh-duong","status":"publish","type":"product","link":"https:\/\/b2c.fairs.vn\/en\/product\/bot-sen-dinh-duong\/","title":{"rendered":"B\u1ed9t sen dinh d\u01b0\u1ee1ng"},"content":{"rendered":"<p><strong>Kh\u1ed1i l\u01b0\u1ee3ng<\/strong>: 400Gam \/ H\u1ed9p thi\u1ebfc<\/p>\n<p><strong>H\u1ea1n s\u1eed d\u1ee5ng<\/strong>: 12 th\u00e1ng t\u1eeb ng\u00e0y s\u1ea3n xu\u1ea5t<\/p>\n<p><strong>C\u00e1ch s\u1eed d\u1ee5ng:<\/strong>cho 2 mu\u1ed7ng canh b\u1ed9t sen v\u00e0o 150ml n\u01b0\u1edbc n\u00f3ng, khu\u1ea5y \u0111\u1ec1u, c\u00f3 th\u1ec3 cho th\u00eam: m\u1eadt ong, \u0111\u01b0\u1eddng, m\u1ea1ch nha.<\/p>\n<p><strong>B\u1ea3o qu\u1ea3n<\/strong>: B\u1ea3o qu\u1ea3n \u1edf n\u01a1i kh\u00f4 r\u00e1o, tho\u00e1ng m\u00e1t, s\u1ea1ch s\u1ebd, tr\u00e1nh \u00e1nh n\u1eafng tr\u1ef1c ti\u1ebfp c\u1ee7a m\u1eb7t tr\u1eddi.x<\/p>","protected":false},"excerpt":{"rendered":"<p><strong>Kh\u1ed1i l\u01b0\u1ee3ng<\/strong>: 400Gam \/ H\u1ed9p thi\u1ebfc<\/p>\n<p><strong>H\u1ea1n s\u1eed d\u1ee5ng<\/strong>: 12 th\u00e1ng t\u1eeb ng\u00e0y s\u1ea3n xu\u1ea5t<\/p>\n<p><strong>C\u00e1ch s\u1eed d\u1ee5ng:<\/strong>cho 2 mu\u1ed7ng canh b\u1ed9t sen v\u00e0o 150ml n\u01b0\u1edbc n\u00f3ng, khu\u1ea5y \u0111\u1ec1u, c\u00f3 th\u1ec3 cho th\u00eam: m\u1eadt ong, \u0111\u01b0\u1eddng, m\u1ea1ch nha.<\/p>\n<p><strong>B\u1ea3o qu\u1ea3n<\/strong>:\u00a0B\u1ea3o qu\u1ea3n \u1edf n\u01a1i kh\u00f4 r\u00e1o, tho\u00e1ng m\u00e1t, s\u1ea1ch s\u1ebd, tr\u00e1nh \u00e1nh n\u1eafng tr\u1ef1c ti\u1ebfp c\u1ee7a m\u1eb7t tr\u1eddi.<\/p>","protected":false},"featured_media":13764,"comment_status":"open","ping_status":"closed","template":"","meta":{"_acf_changed":false},"product_cat":[317,366,398,22,313],"product_tag":[],"class_list":{"0":"post-13759","1":"product","2":"type-product","3":"status-publish","4":"has-post-thumbnail","6":"product_cat-che-bien-tu-thit-trung-sua-thuy-san-cac-san-pham-tu-mat-ong-mat-khac-va-nong-san-thuc-pham-khac","7":"product_cat-hang-cnnt-cap-qg","8":"product_cat-san-pham-cnnt-tb-cap-qg-2021","9":"product_cat-sanphamthucpham","10":"product_cat-thuc-pham-che-bien","12":"first","13":"instock","14":"shipping-taxable","15":"product-type-simple"},"acf":[],"_links":{"self":[{"href":"https:\/\/b2c.fairs.vn\/en\/wp-json\/wp\/v2\/product\/13759","targetHints":{"allow":["GET"]}}],"collection":[{"href":"https:\/\/b2c.fairs.vn\/en\/wp-json\/wp\/v2\/product"}],"about":[{"href":"https:\/\/b2c.fairs.vn\/en\/wp-json\/wp\/v2\/types\/product"}],"replies":[{"embeddable":true,"href":"https:\/\/b2c.fairs.vn\/en\/wp-json\/wp\/v2\/comments?post=13759"}],"version-history":[{"count":0,"href":"https:\/\/b2c.fairs.vn\/en\/wp-json\/wp\/v2\/product\/13759\/revisions"}],"wp:featuredmedia":[{"embeddable":true,"href":"https:\/\/b2c.fairs.vn\/en\/wp-json\/wp\/v2\/media\/13764"}],"wp:attachment":[{"href":"https:\/\/b2c.fairs.vn\/en\/wp-json\/wp\/v2\/media?parent=13759"}],"wp:term":[{"taxonomy":"product_cat","embeddable":true,"href":"https:\/\/b2c.fairs.vn\/en\/wp-json\/wp\/v2\/product_cat?post=13759"},{"taxonomy":"product_tag","embeddable":true,"href":"https:\/\/b2c.fairs.vn\/en\/wp-json\/wp\/v2\/product_tag?post=13759"}],"curies":[{"name":"wp","href":"https:\/\/api.w.org\/{rel}","templated":true}]}}