{"id":13735,"date":"2024-04-01T14:18:47","date_gmt":"2024-04-01T07:18:47","guid":{"rendered":"https:\/\/b2c.fairs.vn\/?post_type=product&#038;p=13735"},"modified":"2024-04-01T14:18:47","modified_gmt":"2024-04-01T07:18:47","slug":"ca-phe-nguyen-chat-dano-coffee-ca-phe-tui-loc","status":"publish","type":"product","link":"https:\/\/b2c.fairs.vn\/en\/product\/ca-phe-nguyen-chat-dano-coffee-ca-phe-tui-loc\/","title":{"rendered":"C\u00e0 ph\u00ea nguy\u00ean ch\u1ea5t Dano Coffee C\u00e0 ph\u00ea T\u00fai l\u1ecdc"},"content":{"rendered":"<p>C\u00e0 ph\u00ea nguy\u00ean ch\u1ea5t Dano Coffee C\u00e0 ph\u00ea T\u00fai l\u1ecdc phin gi\u1ea5y H\u1ed9p 10 T\u00fai k\u00e8m \u0111\u01b0\u1eddng s\u1ea3n xu\u1ea5t t\u1ea1i \u0110\u1eafk N\u00f4ng. C\u00e0 ph\u00ea t\u00fai l\u1ecdc l\u00e0 lo\u1ea1i c\u00e0 ph\u00ea \u0111\u01b0\u1ee3c \u0111\u00f3ng g\u00f3i trong t\u00fai l\u1ecdc (phin gi\u1ea5y),1 t\u00fai l\u1ecdc cho m\u1ed7i ly c\u00e0 ph\u00ea. Kh\u00e1c v\u1edbi c\u00e1c c\u00e1ch th\u1ee9c pha ch\u1ebf nh\u01b0 pha phin ho\u1eb7c pha m\u00e1y, c\u00e0 ph\u00ea t\u00fai l\u1ecdc h\u01b0\u1edbng \u0111\u1ebfn s\u1ef1 ti\u1ec7n l\u1ee3i v\u1edbi vi\u1ec7c ch\u1ec9 c\u1ea7n \u0111\u1ed5 n\u01b0\u1edbc s\u00f4i v\u00e0o t\u00fai l\u1ecdc \u0111\u00e3 c\u00f3 s\u1eb5n, sau \u0111\u00f3 ch\u1edd \u0111\u1ee3i m\u1ed9t th\u1eddi gian l\u00e0 b\u1ea1n \u0111\u00e3 c\u00f3 m\u1ed9t t\u00e1ch c\u00e0 ph\u00ea chu\u1ea9n v\u1ecb. Khi so s\u00e1nh v\u1edbi lo\u1ea1i c\u00e0 ph\u00ea h\u00f2a tan, c\u00e0 ph\u00ea t\u00fai l\u1ecdc th\u1ec3 hi\u1ec7n v\u1ecb nguy\u00ean b\u1ea3n c\u1ee7a c\u00e0 ph\u00ea khi th\u1ee9c u\u1ed1ng \u0111\u01b0\u1ee3c tr\u1ef1c ti\u1ebfp chi\u1ebft xu\u1ea5t t\u1eeb b\u1ed9t c\u00e0 ph\u00ea \u0111\u01b0\u1ee3c \u0111\u00f3ng g\u00f3i s\u1eb5n trong t\u00fai l\u1ecdc. V\u1edbi s\u1ef1 ti\u1ec7n l\u1ee3i nh\u01b0ng v\u1eabn gi\u1eef \u0111\u01b0\u1ee3c h\u01b0\u01a1ng v\u1ecb nguy\u00ean b\u1ea3n t\u1eeb c\u00e0 ph\u00ea, s\u1ea3n ph\u1ea9m h\u01b0\u1edbng tr\u1ef1c ti\u1ebfp t\u1edbi nh\u1eefng ng\u01b0\u1eddi b\u1eadn r\u1ed9n, nh\u1eefng ng\u01b0\u1eddi \u0111i du l\u1ecbch, kh\u00f4ng c\u00f3 nhi\u1ec1u th\u1eddi gian \u0111\u1ec3 t\u1ef1 pha ch\u1ebf,&#8230; M\u1ed9t s\u1ed1 th\u00f4ng tin kh\u00e1c cho s\u1ea3n ph\u1ea9m: &#8211; S\u1ea3n ph\u1ea9m \u0111\u01b0\u1ee3c l\u1ef1a ch\u1ecdn k\u1ef9 l\u01b0\u1ee1ng t\u1eeb v\u00f9ng nguy\u00ean li\u1ec7u \u0110\u1eafk N\u00f4ng. &#8211; \u0110\u00f3ng trong h\u1ed9p, 1 h\u1ed9p 10 g\u00f3i, m\u1ed7i g\u00f3i k\u00e8m 1 g\u00f3i \u0111\u01b0\u1eddng. &#8211; Rang m\u1ed9c. &#8211; Lo\u1ea1i b\u1ed9t. &#8211; Tr\u1ef1c ti\u1ebfp rang, \u1ee7, xay t\u1ea1i nh\u00e0 m\u00e1y. Tr\u00e2n tr\u1ecdng! Dano Coffee &#8211; T\u00e2m s\u1ea1ch, c\u00e0 ph\u00ea nguy\u00ean ch\u1ea5t!<\/p>","protected":false},"excerpt":{"rendered":"<p>C\u00e0 ph\u00ea nguy\u00ean ch\u1ea5t Dano Coffee C\u00e0 ph\u00ea T\u00fai l\u1ecdc phin gi\u1ea5y H\u1ed9p 10 T\u00fai k\u00e8m \u0111\u01b0\u1eddng s\u1ea3n xu\u1ea5t t\u1ea1i<\/p>","protected":false},"featured_media":13739,"comment_status":"open","ping_status":"closed","template":"","meta":{"_acf_changed":false},"product_cat":[324,366,446,22],"product_tag":[],"class_list":{"0":"post-13735","1":"product","2":"type-product","3":"status-publish","4":"has-post-thumbnail","6":"product_cat-ca-phe-ca-cao","7":"product_cat-hang-cnnt-cap-qg","8":"product_cat-san-pham-cnnt-tb-cap-qg-2019","9":"product_cat-sanphamthucpham","11":"first","12":"instock","13":"shipping-taxable","14":"purchasable","15":"product-type-simple"},"acf":[],"_links":{"self":[{"href":"https:\/\/b2c.fairs.vn\/en\/wp-json\/wp\/v2\/product\/13735","targetHints":{"allow":["GET"]}}],"collection":[{"href":"https:\/\/b2c.fairs.vn\/en\/wp-json\/wp\/v2\/product"}],"about":[{"href":"https:\/\/b2c.fairs.vn\/en\/wp-json\/wp\/v2\/types\/product"}],"replies":[{"embeddable":true,"href":"https:\/\/b2c.fairs.vn\/en\/wp-json\/wp\/v2\/comments?post=13735"}],"version-history":[{"count":0,"href":"https:\/\/b2c.fairs.vn\/en\/wp-json\/wp\/v2\/product\/13735\/revisions"}],"wp:featuredmedia":[{"embeddable":true,"href":"https:\/\/b2c.fairs.vn\/en\/wp-json\/wp\/v2\/media\/13739"}],"wp:attachment":[{"href":"https:\/\/b2c.fairs.vn\/en\/wp-json\/wp\/v2\/media?parent=13735"}],"wp:term":[{"taxonomy":"product_cat","embeddable":true,"href":"https:\/\/b2c.fairs.vn\/en\/wp-json\/wp\/v2\/product_cat?post=13735"},{"taxonomy":"product_tag","embeddable":true,"href":"https:\/\/b2c.fairs.vn\/en\/wp-json\/wp\/v2\/product_tag?post=13735"}],"curies":[{"name":"wp","href":"https:\/\/api.w.org\/{rel}","templated":true}]}}