{"id":13734,"date":"2024-04-01T14:26:33","date_gmt":"2024-04-01T07:26:33","guid":{"rendered":"https:\/\/b2c.fairs.vn\/?post_type=product&#038;p=13734"},"modified":"2024-04-23T16:05:41","modified_gmt":"2024-04-23T09:05:41","slug":"may-ap-trung-gia-cam","status":"publish","type":"product","link":"https:\/\/b2c.fairs.vn\/en\/product\/may-ap-trung-gia-cam\/","title":{"rendered":"M\u00e1y \u1ea5p tr\u1ee9ng gia c\u1ea7m"},"content":{"rendered":"<p>GI\u1edaI THI\u1ec6U C\u00c1C B\u1ed8 PH\u1eacN C\u1ee6A M\u00c1Y<\/p>\n<p>1. H\u1ed9p \u0111i\u1ec1u khi\u1ec3n<br \/>\nH\u1ed9p \u0111i\u1ec1u khi\u1ec3n n\u1eb1m tr\u00ean \u0111\u1ec9nh m\u00e1y, c\u00f3 ch\u1ee9c n\u0103ng \u0111i\u1ec1u khi\u1ec3n t\u1ea5t c\u1ea3 c\u00e1c ho\u1ea1t \u0111\u1ed9ng c\u1ee7a m\u00e1y t\u1eeb nhi\u1ec7t \u0111\u00f4, \u0111\u1ed9 \u1ea9m, t\u1ef1 \u0111\u1ed9ng \u0111\u1ea3o\u2026<br \/>\nC\u00e1c linh ki\u1ec7n s\u1eed d\u1ee5ng trong h\u1ed9p \u0111i\u1ec1u khi\u1ec3n l\u00e0 ph\u1ed5 th\u00f4ng v\u00e0 d\u1ec5 d\u00e0ng thay th\u1ebf, trong tr\u01b0\u1eddng h\u1ee3p c\u00f3 h\u01b0 h\u1ecfng x\u1ea3y ra ng\u01b0\u1eddi s\u1eed d\u1ee5ng ch\u1ec9 c\u1ea7n r\u00fat c\u00e1c linh ki\u1ec7n ra kh\u1ecfi \u0111\u1ebf v\u00e0 c\u1eafm linh ki\u1ec7n m\u1edbi v\u00e0o.<\/p>\n<div><a href=\"https:\/\/rongbay.com\/external_link.html?url_64=aHR0cDovLzMuYnAuYmxvZ3Nwb3QuY29tLy1lZG15RnNGR0NFRS9WbVdBMEI4Nzk0SS9BQUFBQUFBQUpIby92aGtyWVkxS0ZSQS9zMTYwMC8xLnBuZw==\" target=\"_blank\" rel=\"nofollow noopener\"><img decoding=\"async\" title=\"C\u00f4ng Ty TNHH M\u00e1y \u1ea4p Tr\u1ee9ng Hu\u1ebf - Cung c\u1ea5p m\u00e1y \u1ea5p tr\u1ee9ng ch\u1ea5t l\u01b0\u1ee3ng\" src=\"http:\/\/3.bp.blogspot.com\/-edmyFsFGCEE\/VmWA0B8794I\/AAAAAAAAJHo\/vhkrYY1KFRA\/s1600\/1.png\" alt=\"C\u00f4ng Ty TNHH M\u00e1y \u1ea4p Tr\u1ee9ng Hu\u1ebf - Cung c\u1ea5p m\u00e1y \u1ea5p tr\u1ee9ng ch\u1ea5t l\u01b0\u1ee3ng\" border=\"0\" \/><\/a><\/div>\n<div><a href=\"https:\/\/rongbay.com\/external_link.html?url_64=aHR0cDovLzIuYnAuYmxvZ3Nwb3QuY29tLy1NU1FsOEVsbjd3Zy9WbVdBME5zb1hoSS9BQUFBQUFBQUpIcy9pVnNid1FpZVNPay9zMTYwMC8yLnBuZw==\" target=\"_blank\" rel=\"nofollow noopener\"><img decoding=\"async\" title=\"C\u00f4ng Ty TNHH M\u00e1y \u1ea4p Tr\u1ee9ng Hu\u1ebf - Cung c\u1ea5p m\u00e1y \u1ea5p tr\u1ee9ng ch\u1ea5t l\u01b0\u1ee3ng\" src=\"http:\/\/2.bp.blogspot.com\/-MSQl8Eln7wg\/VmWA0NsoXhI\/AAAAAAAAJHs\/iVsbwQieSOk\/s1600\/2.png\" alt=\"C\u00f4ng Ty TNHH M\u00e1y \u1ea4p Tr\u1ee9ng Hu\u1ebf - Cung c\u1ea5p m\u00e1y \u1ea5p tr\u1ee9ng ch\u1ea5t l\u01b0\u1ee3ng\" border=\"0\" \/><\/a><\/div>\n<p>2. B\u1ea3ng \u0111i\u1ec1u khi\u1ec3n<\/p>\n<div><a href=\"https:\/\/rongbay.com\/external_link.html?url_64=aHR0cDovLzIuYnAuYmxvZ3Nwb3QuY29tLy0tS2VZNHZqZlhFRS9WbVdCR3B2c0NXSS9BQUFBQUFBQUpINC9weFkxaElLcUpNSS9zMTYwMC8zLnBuZw==\" target=\"_blank\" rel=\"nofollow noopener\"><img decoding=\"async\" title=\"C\u00f4ng Ty TNHH M\u00e1y \u1ea4p Tr\u1ee9ng Hu\u1ebf - Cung c\u1ea5p m\u00e1y \u1ea5p tr\u1ee9ng ch\u1ea5t l\u01b0\u1ee3ng\" src=\"http:\/\/2.bp.blogspot.com\/--KeY4vjfXEE\/VmWBGpvsCWI\/AAAAAAAAJH4\/pxY1hIKqJMI\/s1600\/3.png\" alt=\"C\u00f4ng Ty TNHH M\u00e1y \u1ea4p Tr\u1ee9ng Hu\u1ebf - Cung c\u1ea5p m\u00e1y \u1ea5p tr\u1ee9ng ch\u1ea5t l\u01b0\u1ee3ng\" border=\"0\" \/><\/a><\/div>\n<p>(M\u00e1y n\u1edf kh\u00f4ng c\u00f3 h\u1ec7 th\u1ed1ng \u0111\u1ea3o n\u00ean ch\u1ec9 c\u00f3 c\u00f4ng t\u1eafc h\u00fat kh\u00ed n\u00f3ng, kh\u00f4ng c\u00f3 c\u00f4ng t\u1eafc \u0111\u1ea3o)<\/p>\n<p>a.<em>\u00a0<strong>C\u00f4ng t\u1eafc ngu\u1ed3n (Attomat)<\/strong><\/em>: D\u00f9ng \u0111\u1ec3 t\u1eafc, b\u1eadt m\u00e1y<br \/>\nb.\u00a0<strong>\u0110\u00e8n b\u00e1o ngu\u1ed3n:<\/strong>\u00a0\u0110\u00e8n m\u00e0u \u0111\u1ecf. S\u00e1ng khi m\u00e1y ho\u1ea1t \u0111\u1ed9ng v\u00e0 t\u1eaft khi m\u00e1y ng\u01b0ng ho\u1ea1t \u0111\u1ed9ng<br \/>\nc.\u00a0<strong>\u0110\u00e8n b\u00e1o h\u1ec7 th\u1ed1ng c\u1ea5p nhi\u1ec7t (b\u00f3ng \u0111\u00e8n)<\/strong>: \u0110\u00e8n m\u00e0u xanh. S\u00e1ng khi h\u1ec7 th\u1ed1ng c\u1ea5p nhi\u1ec7t (b\u00f3ng \u0111\u00e8n) ho\u1ea1t \u0111\u1ed9ng v\u00e0 t\u1eaft khi h\u1ec7 th\u1ed1ng c\u1ea5p nhi\u1ec7t ng\u01b0ng ho\u1ea1t \u0111\u1ed9ng. \u0110\u00e8n n\u00e0y c\u00f2n c\u00f3 t\u00e1c d\u1ee5ng ki\u1ec3m tra xem h\u1ec7 th\u1ed1ng c\u1ea5p nhi\u1ec7t c\u00f3 ho\u1ea1t \u0111\u1ed9ng b\u00ecnh th\u01b0\u1eddng kh\u00f4ng<br \/>\nd.\u00a0<em>C\u00f4ng t\u1eafc \u0111\u1ea3o<\/em>\u00a0&#8211; n\u1eb1m b\u00ean d\u01b0\u1edbi \u0111\u00e8n b\u00e1o m\u00e0u \u0111\u1ecf (M\u00e1y n\u1edf kh\u00f4ng c\u00f3 h\u1ec7 th\u1ed1ng \u0111\u1ea3o n\u00ean kh\u00f4ng c\u00f3 c\u00f4ng t\u1eafc n\u00e0y):<br \/>\nC\u00f4ng t\u1eafc \u0111\u1ea3o c\u00f3 3 c\u1ef1c (3 ch\u1ebf \u0111\u1ed9): B\u1eadt l\u00ean, gi\u1eefa v\u00e0 xu\u1ed1ng d\u01b0\u1edbi<br \/>\n+ B\u1eadt l\u00ean: H\u1ec7 th\u1ed1ng \u0111\u1ea3o s\u1ebd t\u1ef1 \u0111\u1ed9ng \u0111\u1ea3o tr\u1ee9ng m\u1ed7i ti\u1ebfn m\u1ed9t l\u1ea7n (1 gi\u1edd m\u1ed9t l\u1ea7n \u0111\u1ea3o). Ch\u1ebf \u0111\u1ed9 n\u00e0y s\u1eed d\u1ee5ng trong qu\u00e1 tr\u00ecnh \u1ea5p tr\u1ee9ng<br \/>\n+ B\u1eadt gi\u1eefa: T\u1eaft h\u1ec7 th\u1ed1ng \u0111\u1ea3o. Ch\u1ebf \u0111\u1ed9 n\u00e0y s\u1eed d\u1ee5ng trong tr\u01b0\u1eddng h\u1ee3p mu\u1ed1n t\u1eaft h\u1ec7 th\u1ed1ng \u0111\u1ea3o \u0111\u1ec3 v\u00e0o tr\u1ee9ng, v\u1ec7 sinh m\u00e1y\u2026<br \/>\n+ B\u1eadt xu\u1ed1ng: H\u1ec7 th\u1ed1ng s\u1ebd \u0111\u1ea3o t\u1ef1 do, \u0111\u1ea3o li\u00ean t\u1ee5c. Ch\u1ebf \u0111\u1ed9 n\u00e0y s\u1eed d\u1ee5ng trong tr\u01b0\u1eddng h\u1ee3p mu\u1ed1n nghi\u00ean khay tr\u1ee9ng theo g\u00f3c nghi\u00ean mong mu\u1ed1n ho\u1eb7c ch\u1ec9nh cho khay n\u1eb1m ngang \u0111\u1ec3 v\u00e0o, ra tr\u1ee9ng.<br \/>\ne.\u00a0<strong>C\u00f4ng t\u1eafc h\u00fat kh\u00ed n\u00f3ng (n\u1eb1m b\u00ean d\u01b0\u1edbi \u0111\u00e8n b\u00e1o m\u00e0y xanh)<\/strong>:<br \/>\n+ C\u00f4ng t\u1eafc h\u00fat kh\u00ed n\u00f3ng c\u00f3 2 c\u1ef1c (2 ch\u1ebf \u0111\u1ed9): B\u1eadt l\u00ean v\u00e0 b\u1eadt xu\u1ed1ng<br \/>\nB\u1eadt l\u00ean: H\u1ec7 th\u1ed1ng s\u1ebd t\u1ef1 \u0111\u1ed9ng h\u00fat kh\u00ed n\u00f3ng khi nhi\u1ec7t \u0111\u1ed9 trong m\u00e1y cao h\u01a1n nhi\u1ec7t \u0111\u1ed9 cho ph\u00e9p. Tr\u01b0\u1eddng h\u1ee3p n\u00e0y x\u1ea3y ra khi:<br \/>\n&#8211; L\u01b0\u1ee3ng tr\u1ee9ng gi\u00e0 (tr\u1ee9ng t\u1eeb 15 ng\u00e0y tu\u1ed5i tr\u1edf l\u00ean) trong m\u00e1y nhi\u1ec1u ( chi\u1ebfm t\u1eeb 2\/3 l\u01b0\u1ee3ng tr\u1ee9ng trong m\u00e1y) ho\u1eb7c<br \/>\n-Nhi\u1ec7t \u0111\u1ed9 m\u00f4i tr\u01b0\u1eddng qu\u00e1 cao.<br \/>\nBi\u1ec3u hi\u1ec7n \u1edf \u0111i\u1ec3m khi b\u00f3ng \u0111\u00e8n t\u1eaft nh\u01b0ng nhi\u1ec7t \u0111\u1ed9 c\u1ee9 ti\u1ebfp t\u1ee5c t\u0103ng<br \/>\nB\u1eadt xu\u1ed1ng: T\u1eaft h\u1ec7 th\u1ed1ng h\u00fat kh\u00ed n\u00f3ng<br \/>\nf.\u00a0<strong>C\u1ea3m bi\u1ebfn nhi\u1ec7t \u0111\u1ed9<\/strong>: Nhi\u1ec7t \u0111\u1ed9 hi\u1ec3n th\u1ecb tr\u00ean m\u00e0ng h\u00ecnh thi\u1ebft b\u1ecb l\u00e0 nhi\u1ec7t \u0111\u1ed9 hi\u1ec7n t\u1ea1i c\u1ee7a bu\u1ed3ng \u1ea5p.<br \/>\nTr\u00ean thi\u1ebft b\u1ecb c\u00f3 3 n\u00fat: M\u0169i t\u00ean l\u00ean, xu\u1ed1ng v\u00e0 n\u00fat &#8220;set&#8221; d\u00f9ng \u0111\u1ec3 c\u00e0i \u0111\u1eb7t nhi\u1ec7t \u0111\u1ed9 \u1ea5p. Khi b\u1ea5m v\u00e0o n\u00fat &#8220;set&#8221; m\u00e0ng h\u00ecnh s\u1ebd nh\u1ea5p nh\u00e1y hi\u1ec3n th\u1ecb nhi\u1ec7t \u0111\u1ed9 c\u00e0i \u0111\u1eb7t cho m\u00e1y (nhi\u1ec7t \u0111\u1ed9 c\u00e0i \u0111\u1eb7t ph\u1ee5 thu\u1ed9c v\u00e0o t\u1eebng lo\u1ea1i tr\u1ee9ng gia c\u1ea7m). Ng\u01b0\u1eddi d\u00f9ng mu\u1ed1n t\u1eb1ng hay gi\u1ea3m nhi\u1ec7t \u0111\u1ed9 c\u00e0i \u0111\u1eb7t th\u00ec b\u1ea5m v\u00e0o m\u0169i t\u00ean l\u00ean ho\u1eb7c xu\u1ed1ng t\u01b0\u01a1ng \u01b0ng. Sau khi c\u00e0i \u0111\u1eb7t xong th\u00ec b\u1ea5m n\u00fat &#8220;set&#8221; th\u00eam m\u1ed9t l\u1ea7n n\u1eefa \u0111\u1ec3 \u0111\u01b0a thi\u1ebft b\u1ecb v\u1ec1 l\u1ea1i tr\u1ea1ng th\u00e1i ban \u0111\u1ea7u.<br \/>\nC\u1ea3nh b\u00e1o: Nhi\u1ec7t \u0111\u1ed9 c\u00e0i \u0111\u1eb7t cho m\u00e1y \u0111\u00e3 \u0111\u01b0\u1ee3c c\u00e2n ch\u1ec9nh c\u1ea9n th\u1eadn cho ph\u00f9 h\u1ee3p v\u1edbi c\u1ea5u t\u1ea1o m\u00e1y. Ng\u01b0\u1eddi d\u00f9ng kh\u00f4ng \u0111\u01b0\u1ee3c t\u1ef1 \u00fd \u0111i\u1ec1u ch\u1ec9nh nhi\u1ec7t \u0111\u1ed9 c\u1ee7a thi\u1ebft b\u1ecb. N\u1ebfu kh\u00f4ng s\u1ebd \u1ea3nh h\u01b0\u1edfng \u0111\u1ebfn t\u1ec9 l\u1ec7 n\u1edf v\u00e0 ch\u1ea5t l\u01b0\u1ee3ng con gi\u1ed1ng sau khi n\u1edf.<br \/>\ng.\u00a0<strong>C\u1ea3m bi\u1ebfn \u0111\u1ed9 \u1ea9m:<\/strong>\u00a0\u0110\u1ed9 \u1ea9m hi\u1ec3n th\u1ecb tr\u00ean m\u00e0ng h\u00ecnh thi\u1ebft b\u1ecb l\u00e0 \u0111\u1ed9 \u1ea9m hi\u1ec7n t\u1ea1i c\u1ee7a bu\u1ed3ng \u1ea5p.<br \/>\nTr\u00ean thi\u1ebft b\u1ecb c\u00f3 3 n\u00fat: M\u0169i t\u00ean l\u00ean, xu\u1ed1ng v\u00e0 n\u00fat &#8220;set&#8221; d\u00f9ng \u0111\u1ec3 c\u00e0i \u0111\u1eb7t \u0111\u1ed9 \u1ea9m. Khi b\u1ea5m v\u00e0o n\u00fat &#8220;set&#8221; m\u00e0ng h\u00ecnh s\u1ebd nh\u1ea5p nh\u00e1y hi\u1ec3n th\u1ecb \u0111\u1ed9 \u1ea9m c\u00e0i \u0111\u1eb7t cho m\u00e1y (\u0111\u1ed9 \u1ea9m c\u00e0i \u0111\u1eb7t ph\u1ee5 thu\u1ed9c v\u00e0o t\u1eebng lo\u1ea1i tr\u1ee9ng gia c\u1ea7m). Ng\u01b0\u1eddi d\u00f9ng mu\u1ed1n t\u1eb1ng hay gi\u1ea3m \u0111\u1ed9 \u1ea9m c\u00e0i \u0111\u1eb7t th\u00ec b\u1ea5m v\u00e0o m\u0169i t\u00ean l\u00ean ho\u1eb7c xu\u1ed1ng t\u01b0\u01a1ng \u01b0ng. Sau khi c\u00e0i \u0111\u1eb7t xong th\u00ec b\u1ea5m n\u00fat &#8220;set&#8221; th\u00eam m\u1ed9t l\u1ea7n n\u1eefa \u0111\u1ec3 \u0111\u01b0a thi\u1ebft b\u1ecb v\u1ec1 l\u1ea1i tr\u1ea1ng th\u00e1i ban \u0111\u1ea7u.<br \/>\nC\u1ea3nh b\u00e1o: \u0110\u1ed9 \u1ea9m c\u00e0i \u0111\u1eb7t cho m\u00e1y \u0111\u00e3 \u0111\u01b0\u1ee3c c\u00e2n ch\u1ec9nh c\u1ea9n th\u1eadn cho ph\u00f9 h\u1ee3p v\u1edbi c\u1ea5u t\u1ea1o m\u00e1y. Ng\u01b0\u1eddi d\u00f9ng kh\u00f4ng \u0111\u01b0\u1ee3c t\u1ef1 \u00fd \u0111i\u1ec1u ch\u1ec9nh \u0111\u1ed9 \u1ea9m c\u1ee7a thi\u1ebft b\u1ecb. N\u1ebfu kh\u00f4ng s\u1ebd \u1ea3nh h\u01b0\u1edfng \u0111\u1ebfn t\u1ec9 l\u1ec7 n\u1edf v\u00e0 ch\u1ea5t l\u01b0\u1ee3ng con gi\u1ed1ng sau khi n\u1edf.<\/p>\n<p>3.H\u1ec7 th\u1ed1ng t\u1ea1o \u1ea9m<br \/>\na.<strong>\u00a0M\u00e1y t\u1ea1o \u1ea9m:<\/strong><\/p>\n<div><a href=\"https:\/\/rongbay.com\/external_link.html?url_64=aHR0cDovLzQuYnAuYmxvZ3Nwb3QuY29tLy16RUZsa2VNRVJpay9WbVdCZXBESGpKSS9BQUFBQUFBQUpJRS82Vk9La3JBbkFCUS9zMTYwMC80LnBuZw==\" target=\"_blank\" rel=\"nofollow noopener\"><img decoding=\"async\" title=\"C\u00f4ng Ty TNHH M\u00e1y \u1ea4p Tr\u1ee9ng Hu\u1ebf - Cung c\u1ea5p m\u00e1y \u1ea5p tr\u1ee9ng ch\u1ea5t l\u01b0\u1ee3ng\" src=\"http:\/\/4.bp.blogspot.com\/-zEFlkeMERik\/VmWBepDHjJI\/AAAAAAAAJIE\/6VOKkrAnABQ\/s1600\/4.png\" alt=\"C\u00f4ng Ty TNHH M\u00e1y \u1ea4p Tr\u1ee9ng Hu\u1ebf - Cung c\u1ea5p m\u00e1y \u1ea5p tr\u1ee9ng ch\u1ea5t l\u01b0\u1ee3ng\" border=\"0\" \/><\/a><\/div>\n<div><a href=\"https:\/\/rongbay.com\/external_link.html?url_64=aHR0cDovLzIuYnAuYmxvZ3Nwb3QuY29tLy1OY2hVRVJ0bjBpdy9WbVdCZXFVSVNzSS9BQUFBQUFBQUpJQS9HbDFyWnkzUVlfdy9zMTYwMC81LnBuZw==\" target=\"_blank\" rel=\"nofollow noopener\"><img decoding=\"async\" title=\"C\u00f4ng Ty TNHH M\u00e1y \u1ea4p Tr\u1ee9ng Hu\u1ebf - Cung c\u1ea5p m\u00e1y \u1ea5p tr\u1ee9ng ch\u1ea5t l\u01b0\u1ee3ng\" src=\"http:\/\/2.bp.blogspot.com\/-NchUERtn0iw\/VmWBeqUISsI\/AAAAAAAAJIA\/Gl1rZy3QY_w\/s1600\/5.png\" alt=\"C\u00f4ng Ty TNHH M\u00e1y \u1ea4p Tr\u1ee9ng Hu\u1ebf - Cung c\u1ea5p m\u00e1y \u1ea5p tr\u1ee9ng ch\u1ea5t l\u01b0\u1ee3ng\" border=\"0\" \/><\/a><\/div>\n<p>+ C\u00f4ng t\u1eafc ngu\u1ed3n: D\u00f9ng \u0111\u1ec3 t\u1eaft, b\u1eadt m\u00e1y. B\u1eadt m\u00e1y trong su\u1ed1t qu\u00e1 tr\u00ecnh \u1ea5p.<br \/>\n+ Van IN (ho\u1eb7c INLET): L\u00e0 van c\u1eafm \u1ed1ng d\u1eabn \u0111\u01b0a n\u01b0\u1edbc b\u00ean ngo\u00e0i v\u00e0o m\u00e1y<br \/>\n+ Van OUT (ho\u1eb7c OUTLET): L\u00e0 van c\u1eafm \u1ed1ng d\u1eabn \u0111\u01b0a n\u01b0\u1edbc v\u00e0o bu\u1ed3ng \u1ea5p, t\u1ea1o \u1ea9m cho bu\u1ed3ng \u1ea5p.<br \/>\n+ B\u00e9t phun x\u01b0\u01a1ng v\u00e0 \u0111\u1ea7u cu\u1ed1i: \u0110\u1ea7u cu\u1ed1i d\u00f9ng \u0111\u1ec3 n\u1ed1i b\u00e9t phun x\u01b0\u01a1ng v\u1edbi \u1ed1ng d\u1eabn. S\u1eed d\u1ee5ng l\u00e2u ng\u00e0y b\u00e9t c\u00f3 th\u1ec3 b\u1ecb ngh\u1ebdn do c\u00e1c v\u1eadt l\u1ea1 b\u00edt m\u1ea5t l\u1ed7 b\u00e9t, ng\u01b0\u1eddi d\u00f9ng c\u00f3 th\u1ec3 m\u1edf b\u00e9t ra \u0111\u1ec3 v\u1ec7 sinh b\u00e9t, d\u00f9ng kim kh\u00e2u \u0111\u1ec3 th\u00f4ng l\u1ed7 b\u00e9t.<br \/>\nb.\u00a0<strong>Thi\u1ebft b\u1ecb h\u1ed7 tr\u1ee3 th\u00e1o \u1ed1ng d\u1eabn:<\/strong><\/p>\n<div><a href=\"https:\/\/rongbay.com\/external_link.html?url_64=aHR0cDovLzIuYnAuYmxvZ3Nwb3QuY29tLy1mTlNUR0J4WTBTdy9WbVdCd0ZMM2otSS9BQUFBQUFBQUpJUS8wb01NSDRTTmxVby9zMTYwMC82LnBuZw==\" target=\"_blank\" rel=\"nofollow noopener\"><img decoding=\"async\" title=\"C\u00f4ng Ty TNHH M\u00e1y \u1ea4p Tr\u1ee9ng Hu\u1ebf - Cung c\u1ea5p m\u00e1y \u1ea5p tr\u1ee9ng ch\u1ea5t l\u01b0\u1ee3ng\" src=\"http:\/\/2.bp.blogspot.com\/-fNSTGBxY0Sw\/VmWBwFL3j-I\/AAAAAAAAJIQ\/0oMMH4SNlUo\/s1600\/6.png\" alt=\"C\u00f4ng Ty TNHH M\u00e1y \u1ea4p Tr\u1ee9ng Hu\u1ebf - Cung c\u1ea5p m\u00e1y \u1ea5p tr\u1ee9ng ch\u1ea5t l\u01b0\u1ee3ng\" border=\"0\" \/><\/a><\/div>\n<p>4. V\u1ecf m\u00e1y<br \/>\n+ Qu\u1ea1t h\u00fat: D\u00f9ng \u0111\u1ec3 h\u00fat kh\u00ed n\u00f3ng<\/p>\n<div><a href=\"https:\/\/rongbay.com\/external_link.html?url_64=aHR0cDovLzMuYnAuYmxvZ3Nwb3QuY29tLy1ObXNlN0ZXTGE5MC9WbVdCX2NEZ1VPSS9BQUFBQUFBQUpJWS9BMkcxRWdsdFc2MC9zMTYwMC83LnBuZw==\" target=\"_blank\" rel=\"nofollow noopener\"><img decoding=\"async\" title=\"C\u00f4ng Ty TNHH M\u00e1y \u1ea4p Tr\u1ee9ng Hu\u1ebf - Cung c\u1ea5p m\u00e1y \u1ea5p tr\u1ee9ng ch\u1ea5t l\u01b0\u1ee3ng\" src=\"http:\/\/3.bp.blogspot.com\/-Nmse7FWLa90\/VmWB_cDgUOI\/AAAAAAAAJIY\/A2G1EgltW60\/s1600\/7.png\" alt=\"C\u00f4ng Ty TNHH M\u00e1y \u1ea4p Tr\u1ee9ng Hu\u1ebf - Cung c\u1ea5p m\u00e1y \u1ea5p tr\u1ee9ng ch\u1ea5t l\u01b0\u1ee3ng\" border=\"0\" \/><\/a><\/div>\n<p>+ L\u1ed5 th\u00f4ng h\u01a1i: D\u00f9ng \u0111\u1ec3 l\u1ea5y kh\u00f4ng kh\u00ed t\u1eeb b\u00ean ngo\u00e0i<br \/>\n+ C\u1eeda quan s\u00e1t<\/p>\n<div><a href=\"https:\/\/rongbay.com\/external_link.html?url_64=aHR0cDovLzIuYnAuYmxvZ3Nwb3QuY29tLy1qa245b29UbHZHby9WbVdDSGtkWUVmSS9BQUFBQUFBQUpJZy8waDlzVTlrZFE4OC9zMTYwMC84LnBuZw==\" target=\"_blank\" rel=\"nofollow noopener\"><img decoding=\"async\" title=\"C\u00f4ng Ty TNHH M\u00e1y \u1ea4p Tr\u1ee9ng Hu\u1ebf - Cung c\u1ea5p m\u00e1y \u1ea5p tr\u1ee9ng ch\u1ea5t l\u01b0\u1ee3ng\" src=\"http:\/\/2.bp.blogspot.com\/-jkn9ooTlvGo\/VmWCHkdYEfI\/AAAAAAAAJIg\/0h9sU9kdQ88\/s1600\/8.png\" alt=\"C\u00f4ng Ty TNHH M\u00e1y \u1ea4p Tr\u1ee9ng Hu\u1ebf - Cung c\u1ea5p m\u00e1y \u1ea5p tr\u1ee9ng ch\u1ea5t l\u01b0\u1ee3ng\" border=\"0\" \/><\/a><\/div>\n<p>+ V\u1ecf m\u00e1y: G\u1ed3m khung s\u1eaft v\u00e0 3 l\u1edbp c\u00f3 t\u00e1c d\u1ee5ng b\u1ea3o v\u1ec7 m\u00e1y v\u00e0 c\u00e1ch nhi\u1ec7t, l\u1edbp catton b\u00ean ngo\u00e0i c\u00f9ng, x\u1ed1p \u1edf gi\u1eefa v\u00e0 t\u00f4n k\u1ebdm b\u00ean trong c\u00f9ng.<\/p>\n<div><a href=\"https:\/\/rongbay.com\/external_link.html?url_64=aHR0cDovLzEuYnAuYmxvZ3Nwb3QuY29tLy1LM1kxekJfZjFUYy9WbVdDTzNrMnF2SS9BQUFBQUFBQUpJby9vQUZMbVNBeThpby9zMTYwMC85LnBuZw==\" target=\"_blank\" rel=\"nofollow noopener\"><img decoding=\"async\" title=\"C\u00f4ng Ty TNHH M\u00e1y \u1ea4p Tr\u1ee9ng Hu\u1ebf - Cung c\u1ea5p m\u00e1y \u1ea5p tr\u1ee9ng ch\u1ea5t l\u01b0\u1ee3ng\" src=\"http:\/\/1.bp.blogspot.com\/-K3Y1zB_f1Tc\/VmWCO3k2qvI\/AAAAAAAAJIo\/oAFLmSAy8io\/s1600\/9.png\" alt=\"C\u00f4ng Ty TNHH M\u00e1y \u1ea4p Tr\u1ee9ng Hu\u1ebf - Cung c\u1ea5p m\u00e1y \u1ea5p tr\u1ee9ng ch\u1ea5t l\u01b0\u1ee3ng\" border=\"0\" \/><\/a><\/div>\n<p>5. Ru\u1ed9t m\u00e1y<\/p>\n<div><a href=\"https:\/\/rongbay.com\/external_link.html?url_64=aHR0cDovLzIuYnAuYmxvZ3Nwb3QuY29tLy1rcHdYX3JPRDduVS9WbVdDYjNVSWJKSS9BQUFBQUFBQUpJdy9xVG5Lc3BLUVhJYy9zMTYwMC85LnBuZw==\" target=\"_blank\" rel=\"nofollow noopener\"><img decoding=\"async\" title=\"C\u00f4ng Ty TNHH M\u00e1y \u1ea4p Tr\u1ee9ng Hu\u1ebf - Cung c\u1ea5p m\u00e1y \u1ea5p tr\u1ee9ng ch\u1ea5t l\u01b0\u1ee3ng\" src=\"http:\/\/2.bp.blogspot.com\/-kpwX_rOD7nU\/VmWCb3UIbJI\/AAAAAAAAJIw\/qTnKspKQXIc\/s1600\/9.png\" alt=\"C\u00f4ng Ty TNHH M\u00e1y \u1ea4p Tr\u1ee9ng Hu\u1ebf - Cung c\u1ea5p m\u00e1y \u1ea5p tr\u1ee9ng ch\u1ea5t l\u01b0\u1ee3ng\" border=\"0\" \/><\/a><\/div>\n<p>+ Khay s\u1eaft: D\u00f9ng \u0111\u1ec3 \u0111\u1ee1 c\u00e1c khay g\u1ed7<br \/>\n+ Khay g\u1ed7: D\u00f9ng \u0111\u1ec3 \u0111\u1ef1ng tr\u1ee9ng. L\u01b0u \u00fd khi b\u1ecf tr\u1ee9ng v\u00e0o khay g\u1ed7 qu\u00fd v\u1ecb b\u1ecf \u0111\u1ea7u to l\u00ean tr\u00ean.<br \/>\n+ B\u1ed9 truy\u1ec1n \u0111\u1ed9ng<br \/>\n+ M\u00f4 t\u01a1 \u0111\u1ea3o: 12v \u0111\u1ed1i v\u1edbi nh\u1eefng d\u00f2ng m\u00e1y d\u01b0\u1edbi 1000 tr\u1ee9ng v\u00e0 24v \u0111\u1ed1i v\u1edbi nh\u1eefng d\u00f2ng m\u00e1y t\u1eeb 1000 tr\u1ee9ng tr\u1edf l\u00ean<br \/>\n+ Qu\u1ea1t l\u01b0u th\u00f4ng kh\u00ed: 220v<br \/>\n+ B\u00f3ng \u0111\u00e8n: 220v, 60w<\/p>\n<div><a href=\"https:\/\/rongbay.com\/external_link.html?url_64=aHR0cDovLzMuYnAuYmxvZ3Nwb3QuY29tLy1KVzBkbWtwZ2c4ay9WbVdDeXpxYjRuSS9BQUFBQUFBQUpJNC80TWVKb1R1d3pFUS9zMTYwMC8xMS5wbmc=\" target=\"_blank\" rel=\"nofollow noopener\"><img decoding=\"async\" title=\"C\u00f4ng Ty TNHH M\u00e1y \u1ea4p Tr\u1ee9ng Hu\u1ebf - Cung c\u1ea5p m\u00e1y \u1ea5p tr\u1ee9ng ch\u1ea5t l\u01b0\u1ee3ng\" src=\"http:\/\/3.bp.blogspot.com\/-JW0dmkpgg8k\/VmWCyzqb4nI\/AAAAAAAAJI4\/4MeJoTuwzEQ\/s1600\/11.png\" alt=\"C\u00f4ng Ty TNHH M\u00e1y \u1ea4p Tr\u1ee9ng Hu\u1ebf - Cung c\u1ea5p m\u00e1y \u1ea5p tr\u1ee9ng ch\u1ea5t l\u01b0\u1ee3ng\" border=\"0\" \/><\/a><\/div>\n<p>+ C\u00f4ng t\u1eafc gi\u1edbi h\u1ea1n.<\/p>\n<div><a href=\"https:\/\/rongbay.com\/external_link.html?url_64=aHR0cDovLzEuYnAuYmxvZ3Nwb3QuY29tLy02WGVmSTRWTHdqay9WbVdDNm5kOF9USS9BQUFBQUFBQUpKQS9oMFMzdjFfcUNGVS9zMTYwMC8xMi5wbmc=\" target=\"_blank\" rel=\"nofollow noopener\"><img decoding=\"async\" title=\"C\u00f4ng Ty TNHH M\u00e1y \u1ea4p Tr\u1ee9ng Hu\u1ebf - Cung c\u1ea5p m\u00e1y \u1ea5p tr\u1ee9ng ch\u1ea5t l\u01b0\u1ee3ng\" src=\"http:\/\/1.bp.blogspot.com\/-6XefI4VLwjk\/VmWC6nd8_TI\/AAAAAAAAJJA\/h0S3v1_qCFU\/s1600\/12.png\" alt=\"C\u00f4ng Ty TNHH M\u00e1y \u1ea4p Tr\u1ee9ng Hu\u1ebf - Cung c\u1ea5p m\u00e1y \u1ea5p tr\u1ee9ng ch\u1ea5t l\u01b0\u1ee3ng\" border=\"0\" \/><\/a><\/div>\n<p>N\u1eb1m tr\u00ean ru\u1ed9t m\u00e1y, ph\u00eda tr\u00ean b\u00ean tay tr\u00e1i<br \/>\nKhi h\u1ec7 th\u1ed1ng \u0111\u1ea3o \u0111\u1ebfn \u0111\u1ed9 nghi\u00ean c\u1ea7n thi\u1ebft, m\u1ed9t ph\u1ea7n c\u1ee7a khay s\u1eaft tr\u00ean c\u00f9ng ch\u1ea1m v\u00e0o c\u00f4ng t\u1eafc gi\u1edbi h\u1ea1n, \u0111\u1ea9y c\u1ea7n c\u1ee7a c\u00f4ng t\u1eafc gi\u1edbi h\u1ea1n l\u00ean tr\u00ean, c\u00f4ng t\u1eafc ho\u1ea1t \u0111\u1ed9ng \u0111\u1ec3 d\u1eebng h\u1ec7 th\u1ed1ng \u0111\u1ea3o \u1edf v\u1ecb tr\u00ed n\u00e0y.<br \/>\nKhi d\u00f9ng tay \u0111\u1ea9y nh\u1eb9 v\u00e0o c\u1ea7n c\u1ee7a c\u00f4ng t\u1eafc gi\u1edbi h\u1ea1n s\u1ebd nghe ti\u1ebfng &#8220;t\u00e1ch&#8221; l\u00e0 c\u00f4ng t\u1eafc ho\u1ea1t \u0111\u1ed9ng b\u00ecnh th\u01b0\u1eddng<\/p>","protected":false},"excerpt":{"rendered":"<p>GI\u1edaI THI\u1ec6U C\u00c1C B\u1ed8 PH\u1eacN C\u1ee6A M\u00c1Y 1. H\u1ed9p \u0111i\u1ec1u khi\u1ec3n H\u1ed9p \u0111i\u1ec1u khi\u1ec3n n\u1eb1m tr\u00ean \u0111\u1ec9nh m\u00e1y, c\u00f3 ch\u1ee9c<\/p>","protected":false},"featured_media":13744,"comment_status":"open","ping_status":"closed","template":"","meta":{"_acf_changed":false},"product_cat":[391,366,447,398,348],"product_tag":[],"class_list":{"0":"post-13734","1":"product","2":"type-product","3":"status-publish","4":"has-post-thumbnail","6":"product_cat-may-nong-nghiep","7":"product_cat-hang-cnnt-cap-qg","8":"product_cat-san-pham-cnnt-tb-cap-qg-2017","9":"product_cat-san-pham-cnnt-tb-cap-qg-2021","10":"product_cat-thiet-bi-co-khi","12":"first","13":"instock","14":"shipping-taxable","15":"product-type-simple"},"acf":[],"_links":{"self":[{"href":"https:\/\/b2c.fairs.vn\/en\/wp-json\/wp\/v2\/product\/13734","targetHints":{"allow":["GET"]}}],"collection":[{"href":"https:\/\/b2c.fairs.vn\/en\/wp-json\/wp\/v2\/product"}],"about":[{"href":"https:\/\/b2c.fairs.vn\/en\/wp-json\/wp\/v2\/types\/product"}],"replies":[{"embeddable":true,"href":"https:\/\/b2c.fairs.vn\/en\/wp-json\/wp\/v2\/comments?post=13734"}],"version-history":[{"count":0,"href":"https:\/\/b2c.fairs.vn\/en\/wp-json\/wp\/v2\/product\/13734\/revisions"}],"wp:featuredmedia":[{"embeddable":true,"href":"https:\/\/b2c.fairs.vn\/en\/wp-json\/wp\/v2\/media\/13744"}],"wp:attachment":[{"href":"https:\/\/b2c.fairs.vn\/en\/wp-json\/wp\/v2\/media?parent=13734"}],"wp:term":[{"taxonomy":"product_cat","embeddable":true,"href":"https:\/\/b2c.fairs.vn\/en\/wp-json\/wp\/v2\/product_cat?post=13734"},{"taxonomy":"product_tag","embeddable":true,"href":"https:\/\/b2c.fairs.vn\/en\/wp-json\/wp\/v2\/product_tag?post=13734"}],"curies":[{"name":"wp","href":"https:\/\/api.w.org\/{rel}","templated":true}]}}